{"id":11792,"date":"2017-04-28T06:50:45","date_gmt":"2017-04-28T06:50:45","guid":{"rendered":"http:\/\/www.karneval-dipperz.de\/?page_id=11792"},"modified":"2018-04-06T09:15:35","modified_gmt":"2018-04-06T09:15:35","slug":"hauptversammlung-2017","status":"publish","type":"page","link":"http:\/\/www.karneval-dipperz.de\/index.php\/hauptversammlung-2017\/","title":{"rendered":"Hauptversammlung 2017"},"content":{"rendered":"<p>Auch in diesem Jahr, am 27. April 2017, waren die Mitglieder des Karnevalverein Dipperz zur Hauptversammlung geladen. Die&nbsp;Vorsitzende Michelle Danh\u00e4user begr\u00fc\u00dfte 40 Mitglieder im B\u00fcrgerhaus Dipperz.<\/p>\n<p>Nach einer Gedenkminute f\u00fcr die verstorbenen Vereinsmitglieder gab Pr\u00e4sident Carsten Sch\u00fctz einen kurzen \u00dcberblick \u00fcber die vergangene Kampagne. Danach gab der 1. Schriftf\u00fchrer&nbsp;Sven Hampl&nbsp;einen kurzen R\u00fcckblick auf die Aktivit\u00e4ten des abgelaufenen Vereinsjahres. Der 1. Kassierer Stefan Matzunsky berichtete von einer guten Finanzlage des Vereins, was der Kassenpr\u00fcfer Frank Zentgraf best\u00e4tigen konnte. Er bescheinigte eine ordnungsgem\u00e4\u00dfe Kassenf\u00fchrung. Die 1. Vorsitzende Michelle Danh\u00e4user bedankte sich bei den Mitgliedern f\u00fcr die Einsatzbereitschaft in der zur\u00fcckliegenden Kampagne. Darauffolgend wurde der Gesamtvorstand, auf Antrag von Frank Zentgraf, von der Versammlung ohne Einw\u00e4nde entlastet. Anschlie\u00dfend gingen die Trainer der einzelnen Gruppen in&nbsp;ihren Ausf\u00fchrungen n\u00e4her auf ihre Aktivit\u00e4ten der Kampagne 2016\/2017 ein.<\/p>\n<p>Die sich anschlie\u00dfenden Neuwahlen brachten, nach z\u00fcgigem Verlauf, folgendes Ergebnis:<\/p>\n<ol>\n<li style=\"list-style-type: none;\">\n<ul>\n<li>Pr\u00e4sident \u2013 Carsten Sch\u00fctz<\/li>\n<li>2. Vorsitzender \u2013 Michael Bleuel<\/li>\n<li>1. Schriftf\u00fchrer \u2013 Sven Hampl<\/li>\n<li>2. Kassierer \u2013 Matthias Storch<\/li>\n<li>Kassenpr\u00fcfer \u2013 Frank Zentgraf<\/li>\n<\/ul>\n<\/li>\n<\/ol>\n<p>Im weiteren Verlauf der Versammlung wurden einige Mitglieder f\u00fcr ihre langj\u00e4hrige Mitgliedschaft geehrt. B\u00fcrgermeister Klaus-Dieter Vogler sprach einige Gru\u00dfworte zur Versammlung.<\/p>\n<p>Unter dem Punkt Verschiedenes wies der Vorstand auf kommende Veranstaltungen\/Termine hin.<\/p>\n<p>Anschlie\u00dfend wurde der offizielle Teil der Sitzung geschlossen und der Abend mit dem Tagesordnungspunkt \u201egem\u00fctliches Beisammensein\u201c beendet.<\/p>\n<p><a href=\"http:\/\/www.karneval-dipperz.de\/wp-content\/uploads\/2017\/04\/1.jpg\"><img loading=\"lazy\" decoding=\"async\" class=\"aligncenter size-large wp-image-11797\" src=\"http:\/\/www.karneval-dipperz.de\/wp-content\/uploads\/2017\/04\/1-1024x637.jpg\" alt=\"\" width=\"700\" height=\"435\" srcset=\"http:\/\/www.karneval-dipperz.de\/wp-content\/uploads\/2017\/04\/1-1024x637.jpg 1024w, http:\/\/www.karneval-dipperz.de\/wp-content\/uploads\/2017\/04\/1-300x187.jpg 300w, http:\/\/www.karneval-dipperz.de\/wp-content\/uploads\/2017\/04\/1-768x478.jpg 768w\" sizes=\"auto, (max-width: 700px) 100vw, 700px\" \/><\/a>&nbsp;<a href=\"http:\/\/www.karneval-dipperz.de\/wp-content\/uploads\/2017\/04\/20170427_204021.jpg\"><img loading=\"lazy\" decoding=\"async\" class=\"aligncenter size-large wp-image-11802\" src=\"http:\/\/www.karneval-dipperz.de\/wp-content\/uploads\/2017\/04\/20170427_204021-1024x768.jpg\" alt=\"\" width=\"700\" height=\"525\" srcset=\"http:\/\/www.karneval-dipperz.de\/wp-content\/uploads\/2017\/04\/20170427_204021-1024x768.jpg 1024w, http:\/\/www.karneval-dipperz.de\/wp-content\/uploads\/2017\/04\/20170427_204021-300x225.jpg 300w, http:\/\/www.karneval-dipperz.de\/wp-content\/uploads\/2017\/04\/20170427_204021-768x576.jpg 768w\" sizes=\"auto, (max-width: 700px) 100vw, 700px\" \/><\/a><\/p>\n<p><a href=\"http:\/\/www.karneval-dipperz.de\/wp-content\/uploads\/2017\/04\/20170427_200426.jpg\"><img loading=\"lazy\" decoding=\"async\" class=\"aligncenter size-large wp-image-11799\" src=\"http:\/\/www.karneval-dipperz.de\/wp-content\/uploads\/2017\/04\/20170427_200426-1024x768.jpg\" alt=\"\" width=\"700\" height=\"525\" srcset=\"http:\/\/www.karneval-dipperz.de\/wp-content\/uploads\/2017\/04\/20170427_200426-1024x768.jpg 1024w, http:\/\/www.karneval-dipperz.de\/wp-content\/uploads\/2017\/04\/20170427_200426-300x225.jpg 300w, http:\/\/www.karneval-dipperz.de\/wp-content\/uploads\/2017\/04\/20170427_200426-768x576.jpg 768w\" sizes=\"auto, (max-width: 700px) 100vw, 700px\" \/><\/a><\/p>\n<p><a href=\"http:\/\/www.karneval-dipperz.de\/wp-content\/uploads\/2017\/05\/jhv2017.jpg\"><img loading=\"lazy\" decoding=\"async\" class=\"aligncenter size-full wp-image-11807\" src=\"http:\/\/www.karneval-dipperz.de\/wp-content\/uploads\/2017\/05\/jhv2017.jpg\" alt=\"\" width=\"793\" height=\"929\" srcset=\"http:\/\/www.karneval-dipperz.de\/wp-content\/uploads\/2017\/05\/jhv2017.jpg 793w, http:\/\/www.karneval-dipperz.de\/wp-content\/uploads\/2017\/05\/jhv2017-256x300.jpg 256w, http:\/\/www.karneval-dipperz.de\/wp-content\/uploads\/2017\/05\/jhv2017-768x900.jpg 768w\" sizes=\"auto, (max-width: 793px) 100vw, 793px\" \/><\/a><\/p>\n<p>&nbsp;<\/p>\n<p>&nbsp;<\/p>\n","protected":false},"excerpt":{"rendered":"<p>Auch in diesem Jahr, am 27. April 2017, waren die Mitglieder des Karnevalverein Dipperz zur Hauptversammlung geladen. Die&nbsp;Vorsitzende Michelle Danh\u00e4user begr\u00fc\u00dfte 40 Mitglieder im B\u00fcrgerhaus Dipperz. Nach einer Gedenkminute f\u00fcr die verstorbenen Vereinsmitglieder gab Pr\u00e4sident Carsten Sch\u00fctz einen kurzen \u00dcberblick \u00fcber die vergangene Kampagne. Danach gab der 1. Schriftf\u00fchrer&nbsp;Sven Hampl&nbsp;einen kurzen R\u00fcckblick auf die Aktivit\u00e4ten [&hellip;]<\/p>\n","protected":false},"author":666667,"featured_media":0,"parent":0,"menu_order":0,"comment_status":"closed","ping_status":"closed","template":"","meta":{"ngg_post_thumbnail":0,"footnotes":""},"class_list":["post-11792","page","type-page","status-publish","hentry"],"_links":{"self":[{"href":"http:\/\/www.karneval-dipperz.de\/index.php\/wp-json\/wp\/v2\/pages\/11792","targetHints":{"allow":["GET"]}}],"collection":[{"href":"http:\/\/www.karneval-dipperz.de\/index.php\/wp-json\/wp\/v2\/pages"}],"about":[{"href":"http:\/\/www.karneval-dipperz.de\/index.php\/wp-json\/wp\/v2\/types\/page"}],"author":[{"embeddable":true,"href":"http:\/\/www.karneval-dipperz.de\/index.php\/wp-json\/wp\/v2\/users\/666667"}],"replies":[{"embeddable":true,"href":"http:\/\/www.karneval-dipperz.de\/index.php\/wp-json\/wp\/v2\/comments?post=11792"}],"version-history":[{"count":0,"href":"http:\/\/www.karneval-dipperz.de\/index.php\/wp-json\/wp\/v2\/pages\/11792\/revisions"}],"wp:attachment":[{"href":"http:\/\/www.karneval-dipperz.de\/index.php\/wp-json\/wp\/v2\/media?parent=11792"}],"curies":[{"name":"wp","href":"https:\/\/api.w.org\/{rel}","templated":true}]}}