{"id":11842,"date":"2017-11-02T09:35:19","date_gmt":"2017-11-02T09:35:19","guid":{"rendered":"http:\/\/www.karneval-dipperz.de\/?page_id=11842"},"modified":"2025-06-05T15:34:15","modified_gmt":"2025-06-05T15:34:15","slug":"turniere","status":"publish","type":"page","link":"http:\/\/www.karneval-dipperz.de\/index.php\/turniere\/","title":{"rendered":"Turniere"},"content":{"rendered":"<h1 style=\"text-align: center;\"><strong>2025<\/strong><\/h1>\n<div>\n<div>\n<div><a href=\"http:\/\/www.karneval-dipperz.de\/wp-content\/uploads\/2025\/05\/Artikel-Dipperzer-Nachrichten-Mai-2025.jpg\"><img loading=\"lazy\" decoding=\"async\" class=\"size-full wp-image-26420 aligncenter\" src=\"http:\/\/www.karneval-dipperz.de\/wp-content\/uploads\/2025\/05\/Artikel-Dipperzer-Nachrichten-Mai-2025.jpg\" alt=\"\" width=\"558\" height=\"568\" srcset=\"http:\/\/www.karneval-dipperz.de\/wp-content\/uploads\/2025\/05\/Artikel-Dipperzer-Nachrichten-Mai-2025.jpg 558w, http:\/\/www.karneval-dipperz.de\/wp-content\/uploads\/2025\/05\/Artikel-Dipperzer-Nachrichten-Mai-2025-295x300.jpg 295w\" sizes=\"auto, (max-width: 558px) 100vw, 558px\" \/><\/a><\/div>\n<\/div>\n<\/div>\n<p><a href=\"http:\/\/www.karneval-dipperz.de\/wp-content\/uploads\/2025\/03\/Artikel-Dipperzer-Nachrichten-Maerz-2025_1.jpg\"><img loading=\"lazy\" decoding=\"async\" class=\"size-full wp-image-26395 aligncenter\" src=\"http:\/\/www.karneval-dipperz.de\/wp-content\/uploads\/2025\/03\/Artikel-Dipperzer-Nachrichten-Maerz-2025_1.jpg\" alt=\"\" width=\"531\" height=\"774\" srcset=\"http:\/\/www.karneval-dipperz.de\/wp-content\/uploads\/2025\/03\/Artikel-Dipperzer-Nachrichten-Maerz-2025_1.jpg 531w, http:\/\/www.karneval-dipperz.de\/wp-content\/uploads\/2025\/03\/Artikel-Dipperzer-Nachrichten-Maerz-2025_1-206x300.jpg 206w\" sizes=\"auto, (max-width: 531px) 100vw, 531px\" \/><\/a><\/p>\n<h1 style=\"text-align: center;\"><span style=\"color: #000000;\"><strong>2024<\/strong><\/span><\/h1>\n<p style=\"text-align: center;\"><span style=\"color: #000000;\">Am <strong>27.10.2024<\/strong> konnte die Pr\u00e4sidentengarde erneut auf einem \u00fcberregionalen Turnier vom Bund Deutscher Karneval e.V. in der Rundsporthalle <strong>Baunatal<\/strong> bei den 43. Kurhessen Meisterschaften ihre t\u00e4nzerischen Leistungen beweisen. Mit einem guten Gardetanz in neuen Kost\u00fcmen konnten sich 14 T\u00e4nzerinnen einen Treppchenplatz ertanzen und sich \u00fcber den Trize-Kurhessenmeister Titel freuen. Trainerinnen Diana Mans &amp; Joselynn Hein.<\/span><\/p>\n<p style=\"text-align: center;\"><span style=\"color: #000000;\">Trotz des starken Teilnehmerfeldes aus Baunatal, Mannheim, Harsewinkel, Bocholt und Erfurt konnte auch in der Gesamtwertung des Turnieres ein guter Platz erreicht werden.<\/span><\/p>\n<p><a href=\"http:\/\/www.karneval-dipperz.de\/wp-content\/uploads\/2024\/10\/20241027_114225.jpg\"><img loading=\"lazy\" decoding=\"async\" class=\"size-large wp-image-24813 aligncenter\" src=\"http:\/\/www.karneval-dipperz.de\/wp-content\/uploads\/2024\/10\/20241027_114225-1024x560.jpg\" alt=\"\" width=\"700\" height=\"383\" srcset=\"http:\/\/www.karneval-dipperz.de\/wp-content\/uploads\/2024\/10\/20241027_114225-1024x560.jpg 1024w, http:\/\/www.karneval-dipperz.de\/wp-content\/uploads\/2024\/10\/20241027_114225-300x164.jpg 300w, http:\/\/www.karneval-dipperz.de\/wp-content\/uploads\/2024\/10\/20241027_114225-768x420.jpg 768w, http:\/\/www.karneval-dipperz.de\/wp-content\/uploads\/2024\/10\/20241027_114225-1536x840.jpg 1536w, http:\/\/www.karneval-dipperz.de\/wp-content\/uploads\/2024\/10\/20241027_114225-2048x1120.jpg 2048w\" sizes=\"auto, (max-width: 700px) 100vw, 700px\" \/><\/a><\/p>\n<p><a href=\"http:\/\/www.karneval-dipperz.de\/wp-content\/uploads\/2024\/10\/20241027_133313-scaled.jpg\"><img loading=\"lazy\" decoding=\"async\" class=\"size-large wp-image-24812 aligncenter\" src=\"http:\/\/www.karneval-dipperz.de\/wp-content\/uploads\/2024\/10\/20241027_133313-1024x629.jpg\" alt=\"\" width=\"700\" height=\"430\" srcset=\"http:\/\/www.karneval-dipperz.de\/wp-content\/uploads\/2024\/10\/20241027_133313-1024x629.jpg 1024w, http:\/\/www.karneval-dipperz.de\/wp-content\/uploads\/2024\/10\/20241027_133313-300x184.jpg 300w, http:\/\/www.karneval-dipperz.de\/wp-content\/uploads\/2024\/10\/20241027_133313-768x472.jpg 768w, http:\/\/www.karneval-dipperz.de\/wp-content\/uploads\/2024\/10\/20241027_133313-1536x943.jpg 1536w, http:\/\/www.karneval-dipperz.de\/wp-content\/uploads\/2024\/10\/20241027_133313-2048x1258.jpg 2048w\" sizes=\"auto, (max-width: 700px) 100vw, 700px\" \/><\/a><\/p>\n<hr>\n<p style=\"text-align: center;\"><span style=\"color: #000000;\">Am 20.04.2024 konnten die T\u00e4nzerinnen der Nachwuchsgarde \u201eTeenies\u201c vom Karnevalverein 1965 Dipperz e.V. bei dem Garde und Schautanzturnier in Gro\u00dfkrotzenburg ihre t\u00e4nzerischen Leistungen unter Beweis stellen. Mit einem sehr guten Gardetanz konnten sich 10 T\u00e4nzerinnen einen zweiten Platz in der Altersklasse Junioren ertanzen. Trainerin Lorena Weber.<\/span><\/p>\n<p><a href=\"http:\/\/www.karneval-dipperz.de\/wp-content\/uploads\/2024\/05\/Teenies-April-2024.jpeg\"><img loading=\"lazy\" decoding=\"async\" class=\"size-large wp-image-24686 aligncenter\" src=\"http:\/\/www.karneval-dipperz.de\/wp-content\/uploads\/2024\/05\/Teenies-April-2024-1024x971.jpeg\" alt=\"\" width=\"700\" height=\"664\" srcset=\"http:\/\/www.karneval-dipperz.de\/wp-content\/uploads\/2024\/05\/Teenies-April-2024-1024x971.jpeg 1024w, http:\/\/www.karneval-dipperz.de\/wp-content\/uploads\/2024\/05\/Teenies-April-2024-300x284.jpeg 300w, http:\/\/www.karneval-dipperz.de\/wp-content\/uploads\/2024\/05\/Teenies-April-2024-768x728.jpeg 768w, http:\/\/www.karneval-dipperz.de\/wp-content\/uploads\/2024\/05\/Teenies-April-2024.jpeg 1461w\" sizes=\"auto, (max-width: 700px) 100vw, 700px\" \/><\/a><\/p>\n<h1 style=\"text-align: center;\"><strong>2023<\/strong><\/h1>\n<p style=\"text-align: center;\"><span style=\"color: #000000;\">Am <strong>22.10.2023<\/strong> konnte die Pr\u00e4sidentengarde erneut auf einem \u00fcberregionalen Turnier vom Bund Deutscher Karneval e.V in der Rundsporthalle <strong>Baunatal<\/strong> bei der 42. Kurhessen Meisterschaften ihre t\u00e4nzerischen Leistungen beweisen. Mit einem guten Gardetanz konnten sich 12 T\u00e4nzerinnen einen Treppchenplatz ertanzen und sich \u00fcber den Vize-Kurhessenmeister Titel freuen. Trainerinnen Diana Mans &amp; Joselynn Hein<\/span><\/p>\n<p style=\"text-align: center;\"><span style=\"color: #000000;\">Trotz des starken Teilnehmerfeldes aus Baunatal, Erfurt, Freienseen, Attendorn und Neuenkirchen konnte auch in der Gesamtwertung des Turnieres ein guter Platz erreicht werden.<\/span><\/p>\n<p><a href=\"http:\/\/www.karneval-dipperz.de\/wp-content\/uploads\/2023\/10\/Praesi-Garde-scaled.jpeg\"><img loading=\"lazy\" decoding=\"async\" class=\"size-large wp-image-23231 aligncenter\" src=\"http:\/\/www.karneval-dipperz.de\/wp-content\/uploads\/2023\/10\/Praesi-Garde-1024x642.jpeg\" alt=\"\" width=\"700\" height=\"439\" srcset=\"http:\/\/www.karneval-dipperz.de\/wp-content\/uploads\/2023\/10\/Praesi-Garde-1024x642.jpeg 1024w, http:\/\/www.karneval-dipperz.de\/wp-content\/uploads\/2023\/10\/Praesi-Garde-300x188.jpeg 300w, http:\/\/www.karneval-dipperz.de\/wp-content\/uploads\/2023\/10\/Praesi-Garde-768x481.jpeg 768w, http:\/\/www.karneval-dipperz.de\/wp-content\/uploads\/2023\/10\/Praesi-Garde-1536x963.jpeg 1536w, http:\/\/www.karneval-dipperz.de\/wp-content\/uploads\/2023\/10\/Praesi-Garde-2048x1284.jpeg 2048w\" sizes=\"auto, (max-width: 700px) 100vw, 700px\" \/><\/a><\/p>\n<h1 style=\"text-align: center;\"><span style=\"color: #000000;\"><strong>2019<\/strong><\/span><\/h1>\n<p style=\"text-align: center;\"><span style=\"color: #000000;\">Am <strong>27.10.19<\/strong> konnten wir uns den 3. Platz an der Kurhessenmeisterschaft in <strong>Baunatal<\/strong> ertanzen<\/span><br \/>\n<span style=\"color: #000000;\">Somit haben wir das dritte Jahr in Folge unseren Titel verteidigt!<\/span><\/p>\n<p><span style=\"color: #000000;\"><a style=\"color: #000000;\" href=\"http:\/\/www.karneval-dipperz.de\/wp-content\/uploads\/2019\/10\/Baunatal-2019_2.jpg\"><img loading=\"lazy\" decoding=\"async\" class=\"aligncenter wp-image-18710 size-full\" src=\"http:\/\/www.karneval-dipperz.de\/wp-content\/uploads\/2019\/10\/Baunatal-2019_2.jpg\" alt=\"\" width=\"768\" height=\"768\" srcset=\"http:\/\/www.karneval-dipperz.de\/wp-content\/uploads\/2019\/10\/Baunatal-2019_2.jpg 768w, http:\/\/www.karneval-dipperz.de\/wp-content\/uploads\/2019\/10\/Baunatal-2019_2-150x150.jpg 150w, http:\/\/www.karneval-dipperz.de\/wp-content\/uploads\/2019\/10\/Baunatal-2019_2-300x300.jpg 300w\" sizes=\"auto, (max-width: 768px) 100vw, 768px\" \/><\/a><\/span><\/p>\n<p><span style=\"color: #000000;\"><a style=\"color: #000000;\" href=\"http:\/\/www.karneval-dipperz.de\/wp-content\/uploads\/2019\/10\/Baunatal-2019_1.jpg\"><img loading=\"lazy\" decoding=\"async\" class=\"aligncenter size-full wp-image-18712\" src=\"http:\/\/www.karneval-dipperz.de\/wp-content\/uploads\/2019\/10\/Baunatal-2019_1.jpg\" alt=\"\" width=\"960\" height=\"960\" srcset=\"http:\/\/www.karneval-dipperz.de\/wp-content\/uploads\/2019\/10\/Baunatal-2019_1.jpg 960w, http:\/\/www.karneval-dipperz.de\/wp-content\/uploads\/2019\/10\/Baunatal-2019_1-150x150.jpg 150w, http:\/\/www.karneval-dipperz.de\/wp-content\/uploads\/2019\/10\/Baunatal-2019_1-300x300.jpg 300w, http:\/\/www.karneval-dipperz.de\/wp-content\/uploads\/2019\/10\/Baunatal-2019_1-768x768.jpg 768w\" sizes=\"auto, (max-width: 960px) 100vw, 960px\" \/><\/a><\/span><\/p>\n<p><span style=\"color: #000000;\"><a style=\"color: #000000;\" href=\"http:\/\/www.karneval-dipperz.de\/wp-content\/uploads\/2019\/10\/Baunatal-2019_4.jpg\"><img loading=\"lazy\" decoding=\"async\" class=\"aligncenter size-full wp-image-18711\" src=\"http:\/\/www.karneval-dipperz.de\/wp-content\/uploads\/2019\/10\/Baunatal-2019_4.jpg\" alt=\"\" width=\"960\" height=\"720\" srcset=\"http:\/\/www.karneval-dipperz.de\/wp-content\/uploads\/2019\/10\/Baunatal-2019_4.jpg 960w, http:\/\/www.karneval-dipperz.de\/wp-content\/uploads\/2019\/10\/Baunatal-2019_4-300x225.jpg 300w, http:\/\/www.karneval-dipperz.de\/wp-content\/uploads\/2019\/10\/Baunatal-2019_4-768x576.jpg 768w\" sizes=\"auto, (max-width: 960px) 100vw, 960px\" \/><\/a><\/span><\/p>\n<p style=\"text-align: center;\"><span style=\"color: #000000;\">Am<strong> 29.09.2019 <\/strong>hat sich die Pr\u00e4sidentengarde auf den Weg nach <strong>Langg\u00f6ns<\/strong> zu ihrem 1. Turnier 2019 gemacht.<\/span><\/p>\n<div class=\"text_exposed_show\">\n<p style=\"text-align: center;\"><span style=\"color: #000000;\">Ergebnis: 4. Platz bei den Hessenmeisterschaften!<\/span><\/p>\n<p><span style=\"color: #000000;\"><a style=\"color: #000000;\" href=\"http:\/\/www.karneval-dipperz.de\/wp-content\/uploads\/2019\/09\/Pr\u00e4si-Langg\u00f6ns-2019.jpg\"><img loading=\"lazy\" decoding=\"async\" class=\"aligncenter wp-image-18699 size-large\" src=\"http:\/\/www.karneval-dipperz.de\/wp-content\/uploads\/2019\/09\/Pr\u00e4si-Langg\u00f6ns-2019-1024x517.jpg\" alt=\"\" width=\"700\" height=\"353\" srcset=\"http:\/\/www.karneval-dipperz.de\/wp-content\/uploads\/2019\/09\/Pr\u00e4si-Langg\u00f6ns-2019-1024x517.jpg 1024w, http:\/\/www.karneval-dipperz.de\/wp-content\/uploads\/2019\/09\/Pr\u00e4si-Langg\u00f6ns-2019-300x152.jpg 300w, http:\/\/www.karneval-dipperz.de\/wp-content\/uploads\/2019\/09\/Pr\u00e4si-Langg\u00f6ns-2019-768x388.jpg 768w\" sizes=\"auto, (max-width: 700px) 100vw, 700px\" \/><\/a><\/span><\/p>\n<p><span style=\"color: #000000;\"><a style=\"color: #000000;\" href=\"http:\/\/www.karneval-dipperz.de\/wp-content\/uploads\/2019\/09\/20190929_112247.jpg\"><img loading=\"lazy\" decoding=\"async\" class=\"aligncenter wp-image-18696 size-large\" src=\"http:\/\/www.karneval-dipperz.de\/wp-content\/uploads\/2019\/09\/20190929_112247-1024x576.jpg\" alt=\"\" width=\"700\" height=\"394\" srcset=\"http:\/\/www.karneval-dipperz.de\/wp-content\/uploads\/2019\/09\/20190929_112247-1024x576.jpg 1024w, http:\/\/www.karneval-dipperz.de\/wp-content\/uploads\/2019\/09\/20190929_112247-300x169.jpg 300w, http:\/\/www.karneval-dipperz.de\/wp-content\/uploads\/2019\/09\/20190929_112247-768x432.jpg 768w\" sizes=\"auto, (max-width: 700px) 100vw, 700px\" \/><\/a><\/span><\/p>\n<\/div>\n<hr>\n<p>&nbsp;<\/p>\n<p style=\"text-align: center;\"><span style=\"color: #000000;\">Am 10.03.19 nahm unser Nachwuchstanzgarde <strong>Teenies<\/strong> am Tanzmariechen- und Gardetanzturnier in Wargolshausen und belegte dort den zweiten Platz!<\/span><\/p>\n<p style=\"text-align: center;\"><span style=\"color: #000000;\">Hier der <a style=\"color: #000000;\" href=\"https:\/\/www.wa-ka-ge.de\/news\/gardeturnier2019\/\" target=\"_blank\" rel=\"noopener noreferrer\">Artikel<\/a> dazu!<\/span><\/p>\n<p><span style=\"color: #000000;\"><a style=\"color: #000000;\" href=\"http:\/\/www.karneval-dipperz.de\/wp-content\/uploads\/2019\/03\/J2.JSieger-Gardetanz-Junioren-KV-Dipperz.jpg\"><img loading=\"lazy\" decoding=\"async\" class=\"aligncenter wp-image-18164 size-medium\" src=\"http:\/\/www.karneval-dipperz.de\/wp-content\/uploads\/2019\/03\/J2.JSieger-Gardetanz-Junioren-KV-Dipperz-300x195.jpg\" alt=\"\" width=\"300\" height=\"195\" srcset=\"http:\/\/www.karneval-dipperz.de\/wp-content\/uploads\/2019\/03\/J2.JSieger-Gardetanz-Junioren-KV-Dipperz-300x195.jpg 300w, http:\/\/www.karneval-dipperz.de\/wp-content\/uploads\/2019\/03\/J2.JSieger-Gardetanz-Junioren-KV-Dipperz-768x499.jpg 768w, http:\/\/www.karneval-dipperz.de\/wp-content\/uploads\/2019\/03\/J2.JSieger-Gardetanz-Junioren-KV-Dipperz.jpg 1020w\" sizes=\"auto, (max-width: 300px) 100vw, 300px\" \/><\/a><\/span><\/p>\n<hr>\n<p>&nbsp;<\/p>\n<h1 style=\"text-align: center;\"><span style=\"color: #000000;\"><strong>Die Pr\u00e4sidentengarde nahm auch 2018 an \u00fcberregionalen Turnieren teil:<\/strong><\/span><\/h1>\n<p style=\"text-align: center;\"><span style=\"color: #000000;\">Am <strong>28.10.2018<\/strong> konnte die Pr\u00e4sidentengarde vom Karnevalverein Dipperz 1965 e.V. erneut auf einem \u00fcberregionalen Turnier vom Bund Deutscher Karneval in der Rundsporthalle <strong>Baunatal<\/strong> bei der 39. Kurhessen Meisterschaft ihre t\u00e4nzerischen Leistungen beweisen. Mit einem guten Gardetanz konnten sich die 14 T\u00e4nzerinnen einen Treppchenplatz ertanzen, den Titel \u201e<strong>Trize-Kurhessenmeister\u201c <\/strong>verteidigen und sie erlangten ihre pers\u00f6nliche H\u00f6chstwertung.<\/span><\/p>\n<p style=\"text-align: center;\"><span style=\"color: #000000;\"><a style=\"color: #000000;\" href=\"https:\/\/www.fuldaerzeitung.de\/regional\/fulda\/13-11-prasidentengarde-aus-dipperz-wieder-auf-dem-siegertreppchen-bei-kurhessen-meisterschaft-BN8395021\" target=\"_blank\" rel=\"noopener noreferrer\">Artikel Fuldaer Zeitung<\/a><\/span><\/p>\n<p><span style=\"color: #000000;\"><a style=\"color: #000000;\" href=\"http:\/\/www.karneval-dipperz.de\/wp-content\/uploads\/2018\/10\/45108057_2155267231380896_4082740815737126912_n.jpg\"><img loading=\"lazy\" decoding=\"async\" class=\"aligncenter wp-image-15841 size-medium\" src=\"http:\/\/www.karneval-dipperz.de\/wp-content\/uploads\/2018\/10\/45108057_2155267231380896_4082740815737126912_n-300x225.jpg\" alt=\"\" width=\"300\" height=\"225\" srcset=\"http:\/\/www.karneval-dipperz.de\/wp-content\/uploads\/2018\/10\/45108057_2155267231380896_4082740815737126912_n-300x225.jpg 300w, http:\/\/www.karneval-dipperz.de\/wp-content\/uploads\/2018\/10\/45108057_2155267231380896_4082740815737126912_n-768x576.jpg 768w, http:\/\/www.karneval-dipperz.de\/wp-content\/uploads\/2018\/10\/45108057_2155267231380896_4082740815737126912_n.jpg 960w\" sizes=\"auto, (max-width: 300px) 100vw, 300px\" \/><\/a><\/span><\/p>\n<p><span style=\"color: #000000;\"><a style=\"color: #000000;\" href=\"http:\/\/www.karneval-dipperz.de\/wp-content\/uploads\/2018\/10\/45006827_2155267254714227_3195951225845579776_n.jpg\"><img loading=\"lazy\" decoding=\"async\" class=\"aligncenter wp-image-15840 size-medium\" src=\"http:\/\/www.karneval-dipperz.de\/wp-content\/uploads\/2018\/10\/45006827_2155267254714227_3195951225845579776_n-300x225.jpg\" alt=\"\" width=\"300\" height=\"225\" srcset=\"http:\/\/www.karneval-dipperz.de\/wp-content\/uploads\/2018\/10\/45006827_2155267254714227_3195951225845579776_n-300x225.jpg 300w, http:\/\/www.karneval-dipperz.de\/wp-content\/uploads\/2018\/10\/45006827_2155267254714227_3195951225845579776_n-768x576.jpg 768w, http:\/\/www.karneval-dipperz.de\/wp-content\/uploads\/2018\/10\/45006827_2155267254714227_3195951225845579776_n.jpg 960w\" sizes=\"auto, (max-width: 300px) 100vw, 300px\" \/><\/a><\/span><\/p>\n<p>&nbsp;<\/p>\n<hr>\n<p style=\"text-align: center;\"><span style=\"color: #000000;\">Am <strong>30.09.2018 <\/strong>haben wir uns auf den Weg nach <strong>Langg\u00f6ns<\/strong> zu unserem 1. Turnier 2018 gemacht. Urlaubs- und krankheitsbedingt mussten wir am Freitag davor nochmal umstellen und konnten unseren neuen Tanz nur mit 10 M\u00e4dels pr\u00e4sentieren.<\/span><\/p>\n<div class=\"text_exposed_show\">\n<p style=\"text-align: center;\"><span style=\"color: #000000;\">Trotz ein paar kleinen Fehlerchen zeigten wir eine gute Leistung und konnten vor allem unser Tagesziel erreichen!<\/span><\/p>\n<\/div>\n<p>&nbsp;<\/p>\n<p><span style=\"color: #000000;\">&nbsp;<\/span><\/p>\n<h2 style=\"text-align: center;\"><span style=\"color: #000000;\"><strong>Turniere 2017<\/strong><\/span><\/h2>\n<p style=\"text-align: center;\"><span style=\"color: #000000;\">Am <strong>29.10.2017<\/strong> konnte die Pr\u00e4sidentengarde vom Karnevalverein Dipperz 1965 e.V. erneut auf einem \u00fcberregionalen Turnier vom Bund Deutscher Karneval in der Rundsporthalle <strong>Baunatal<\/strong> bei der 38. Kurhessen Meisterschaft ihre t\u00e4nzerischen Leistungen beweisen. Mit einem guten Gardetanz konnten sich die 12 T\u00e4nzerinnen einen Treppchenplatz ertanzen und sich \u00fcber den amtierenden <strong>Trize-Kurhessenmeister<\/strong> Titel freuen.<\/span><\/p>\n<p style=\"text-align: center;\"><span style=\"color: #000000;\">Trotz des starken Teilnehmerfeldes aus N\u00fcrnberg, Baunatal und Neukirchen konnte auch in der Gesamtwertung des Turnieres ein guter Platz in der oberen H\u00e4lfte erreicht werden.<\/span><\/p>\n<p style=\"text-align: center;\"><span style=\"color: #000000;\"><a style=\"color: #000000;\" href=\"https:\/\/osthessen-news.de\/naerrisch\/n11575397\/turniererfolg-fuer-die-prasidentengarde-des-karnevalverein-dipperz.html\" target=\"_blank\" rel=\"noopener noreferrer\">Artikel Osthessen-News<\/a><\/span><\/p>\n<p><span style=\"color: #000000;\"><a style=\"color: #000000;\" href=\"http:\/\/www.karneval-dipperz.de\/wp-content\/uploads\/2017\/11\/IMG-20171029-WA0086.jpg\"><img loading=\"lazy\" decoding=\"async\" class=\"aligncenter wp-image-11848 size-medium\" src=\"http:\/\/www.karneval-dipperz.de\/wp-content\/uploads\/2017\/11\/IMG-20171029-WA0086-300x225.jpg\" alt=\"\" width=\"300\" height=\"225\" srcset=\"http:\/\/www.karneval-dipperz.de\/wp-content\/uploads\/2017\/11\/IMG-20171029-WA0086-300x225.jpg 300w, http:\/\/www.karneval-dipperz.de\/wp-content\/uploads\/2017\/11\/IMG-20171029-WA0086-768x576.jpg 768w, http:\/\/www.karneval-dipperz.de\/wp-content\/uploads\/2017\/11\/IMG-20171029-WA0086-1024x768.jpg 1024w, http:\/\/www.karneval-dipperz.de\/wp-content\/uploads\/2017\/11\/IMG-20171029-WA0086.jpg 1280w\" sizes=\"auto, (max-width: 300px) 100vw, 300px\" \/><\/a><\/span><\/p>\n<p><span style=\"color: #000000;\"><a style=\"color: #000000;\" href=\"http:\/\/www.karneval-dipperz.de\/wp-content\/uploads\/2017\/11\/image1.jpg\"><img loading=\"lazy\" decoding=\"async\" class=\"aligncenter wp-image-12390 size-medium\" src=\"http:\/\/www.karneval-dipperz.de\/wp-content\/uploads\/2017\/11\/image1-300x169.jpg\" alt=\"\" width=\"300\" height=\"169\" srcset=\"http:\/\/www.karneval-dipperz.de\/wp-content\/uploads\/2017\/11\/image1-300x169.jpg 300w, http:\/\/www.karneval-dipperz.de\/wp-content\/uploads\/2017\/11\/image1-768x433.jpg 768w, http:\/\/www.karneval-dipperz.de\/wp-content\/uploads\/2017\/11\/image1-1024x578.jpg 1024w, http:\/\/www.karneval-dipperz.de\/wp-content\/uploads\/2017\/11\/image1.jpg 1280w\" sizes=\"auto, (max-width: 300px) 100vw, 300px\" \/><\/a><\/span><\/p>\n<p>&nbsp;<\/p>\n<hr>\n<p style=\"text-align: center;\"><span style=\"color: #000000;\"><strong>Am 15. Oktober 2017 in H\u00f6chberg (W\u00fcrzburg)<\/strong><\/span><\/p>\n<p style=\"text-align: center;\"><span style=\"color: #000000;\"><a style=\"color: #000000;\" href=\"http:\/\/www.karneval-dipperz.de\/wp-content\/uploads\/2017\/11\/P1010674.jpg\"><img loading=\"lazy\" decoding=\"async\" class=\"aligncenter wp-image-11846 size-medium\" src=\"http:\/\/www.karneval-dipperz.de\/wp-content\/uploads\/2017\/11\/P1010674-300x199.jpg\" alt=\"\" width=\"300\" height=\"199\" srcset=\"http:\/\/www.karneval-dipperz.de\/wp-content\/uploads\/2017\/11\/P1010674-300x199.jpg 300w, http:\/\/www.karneval-dipperz.de\/wp-content\/uploads\/2017\/11\/P1010674-768x510.jpg 768w, http:\/\/www.karneval-dipperz.de\/wp-content\/uploads\/2017\/11\/P1010674-1024x680.jpg 1024w, http:\/\/www.karneval-dipperz.de\/wp-content\/uploads\/2017\/11\/P1010674.jpg 2048w\" sizes=\"auto, (max-width: 300px) 100vw, 300px\" \/><\/a><\/span><\/p>\n<p style=\"text-align: center;\"><span style=\"color: #000000;\"><strong>&nbsp;<\/strong><\/span><\/p>\n","protected":false},"excerpt":{"rendered":"<p>2025 2024 Am 27.10.2024 konnte die Pr\u00e4sidentengarde erneut auf einem \u00fcberregionalen Turnier vom Bund Deutscher Karneval e.V. in der Rundsporthalle Baunatal bei den 43. Kurhessen Meisterschaften ihre t\u00e4nzerischen Leistungen beweisen. Mit einem guten Gardetanz in neuen Kost\u00fcmen konnten sich 14 T\u00e4nzerinnen einen Treppchenplatz ertanzen und sich \u00fcber den Trize-Kurhessenmeister Titel freuen. Trainerinnen Diana Mans &amp; [&hellip;]<\/p>\n","protected":false},"author":666667,"featured_media":0,"parent":0,"menu_order":0,"comment_status":"closed","ping_status":"closed","template":"","meta":{"ngg_post_thumbnail":0,"footnotes":""},"class_list":["post-11842","page","type-page","status-publish","hentry"],"_links":{"self":[{"href":"http:\/\/www.karneval-dipperz.de\/index.php\/wp-json\/wp\/v2\/pages\/11842","targetHints":{"allow":["GET"]}}],"collection":[{"href":"http:\/\/www.karneval-dipperz.de\/index.php\/wp-json\/wp\/v2\/pages"}],"about":[{"href":"http:\/\/www.karneval-dipperz.de\/index.php\/wp-json\/wp\/v2\/types\/page"}],"author":[{"embeddable":true,"href":"http:\/\/www.karneval-dipperz.de\/index.php\/wp-json\/wp\/v2\/users\/666667"}],"replies":[{"embeddable":true,"href":"http:\/\/www.karneval-dipperz.de\/index.php\/wp-json\/wp\/v2\/comments?post=11842"}],"version-history":[{"count":0,"href":"http:\/\/www.karneval-dipperz.de\/index.php\/wp-json\/wp\/v2\/pages\/11842\/revisions"}],"wp:attachment":[{"href":"http:\/\/www.karneval-dipperz.de\/index.php\/wp-json\/wp\/v2\/media?parent=11842"}],"curies":[{"name":"wp","href":"https:\/\/api.w.org\/{rel}","templated":true}]}}