{"id":11851,"date":"2017-11-02T09:55:58","date_gmt":"2017-11-02T09:55:58","guid":{"rendered":"http:\/\/www.karneval-dipperz.de\/?page_id=11851"},"modified":"2023-08-08T09:05:28","modified_gmt":"2023-08-08T09:05:28","slug":"11-11-2017","status":"publish","type":"page","link":"http:\/\/www.karneval-dipperz.de\/index.php\/11-11-2017\/","title":{"rendered":"11.11.2017"},"content":{"rendered":"<p style=\"text-align: center;\">Der Karnevalverein Dipperz er\u00f6ffnete die n\u00e4rrische Zeit am 11.11.2017 um 11:11 Uhr dieses Jahr wieder vor dem B\u00fcrgerhaus mit elf (zw\u00f6lf) B\u00f6llersch\u00fcssen und einem kr\u00e4ftigen \u201eDipperz Hoch!\u201c<\/p>\n<p style=\"text-align: center;\"><a title=\"11.11.2014 \u2013 Bilder\" href=\"http:\/\/www.karneval-dipperz.de\/index.php\/11-11-2017-bilder\/\">Hier gibt es noch weitere Bilder<\/a> \u2013 allerdings passwortgesch\u00fctzt! Das Passwort kann beim Vorstand erfragt werden!<\/p>\n<p style=\"text-align: center;\"><a href=\"https:\/\/osthessen-news.de\/naerrisch\/n11574801\/motto-der-kampagne-2017-2018-dipperz-ist-dicht.html\" target=\"_blank\" rel=\"noopener\">Artikel bei Osthessen n\u00e4rrisch<\/a><\/p>\n<p style=\"text-align: center;\"><a href=\"http:\/\/www.karneval-dipperz.de\/wp-content\/uploads\/2017\/11\/IMG-20171111-WA0023.jpg\"><img loading=\"lazy\" decoding=\"async\" class=\"aligncenter size-large wp-image-11858\" src=\"http:\/\/www.karneval-dipperz.de\/wp-content\/uploads\/2017\/11\/IMG-20171111-WA0023-1024x768.jpg\" alt=\"\" width=\"700\" height=\"525\" srcset=\"http:\/\/www.karneval-dipperz.de\/wp-content\/uploads\/2017\/11\/IMG-20171111-WA0023-1024x768.jpg 1024w, http:\/\/www.karneval-dipperz.de\/wp-content\/uploads\/2017\/11\/IMG-20171111-WA0023-300x225.jpg 300w, http:\/\/www.karneval-dipperz.de\/wp-content\/uploads\/2017\/11\/IMG-20171111-WA0023-768x576.jpg 768w, http:\/\/www.karneval-dipperz.de\/wp-content\/uploads\/2017\/11\/IMG-20171111-WA0023.jpg 1280w\" sizes=\"auto, (max-width: 700px) 100vw, 700px\" \/><\/a><\/p>\n<p style=\"text-align: center;\"><a href=\"http:\/\/www.karneval-dipperz.de\/wp-content\/uploads\/2017\/11\/20171111_115400.jpg\"><img loading=\"lazy\" decoding=\"async\" class=\"aligncenter size-large wp-image-11859\" src=\"http:\/\/www.karneval-dipperz.de\/wp-content\/uploads\/2017\/11\/20171111_115400-1024x576.jpg\" alt=\"\" width=\"700\" height=\"394\" srcset=\"http:\/\/www.karneval-dipperz.de\/wp-content\/uploads\/2017\/11\/20171111_115400-1024x576.jpg 1024w, http:\/\/www.karneval-dipperz.de\/wp-content\/uploads\/2017\/11\/20171111_115400-300x169.jpg 300w, http:\/\/www.karneval-dipperz.de\/wp-content\/uploads\/2017\/11\/20171111_115400-768x432.jpg 768w\" sizes=\"auto, (max-width: 700px) 100vw, 700px\" \/><\/a><\/p>\n<p style=\"text-align: center;\">&nbsp;<\/p>\n<p style=\"text-align: center;\">&nbsp;<\/p>\n","protected":false},"excerpt":{"rendered":"<p>Der Karnevalverein Dipperz er\u00f6ffnete die n\u00e4rrische Zeit am 11.11.2017 um 11:11 Uhr dieses Jahr wieder vor dem B\u00fcrgerhaus mit elf (zw\u00f6lf) B\u00f6llersch\u00fcssen und einem kr\u00e4ftigen \u201eDipperz Hoch!\u201c Hier gibt es noch weitere Bilder \u2013 allerdings passwortgesch\u00fctzt! Das Passwort kann beim Vorstand erfragt werden! Artikel bei Osthessen n\u00e4rrisch &nbsp; &nbsp;<\/p>\n","protected":false},"author":666667,"featured_media":0,"parent":0,"menu_order":0,"comment_status":"closed","ping_status":"closed","template":"","meta":{"ngg_post_thumbnail":0,"footnotes":""},"class_list":["post-11851","page","type-page","status-publish","hentry"],"_links":{"self":[{"href":"http:\/\/www.karneval-dipperz.de\/index.php\/wp-json\/wp\/v2\/pages\/11851","targetHints":{"allow":["GET"]}}],"collection":[{"href":"http:\/\/www.karneval-dipperz.de\/index.php\/wp-json\/wp\/v2\/pages"}],"about":[{"href":"http:\/\/www.karneval-dipperz.de\/index.php\/wp-json\/wp\/v2\/types\/page"}],"author":[{"embeddable":true,"href":"http:\/\/www.karneval-dipperz.de\/index.php\/wp-json\/wp\/v2\/users\/666667"}],"replies":[{"embeddable":true,"href":"http:\/\/www.karneval-dipperz.de\/index.php\/wp-json\/wp\/v2\/comments?post=11851"}],"version-history":[{"count":0,"href":"http:\/\/www.karneval-dipperz.de\/index.php\/wp-json\/wp\/v2\/pages\/11851\/revisions"}],"wp:attachment":[{"href":"http:\/\/www.karneval-dipperz.de\/index.php\/wp-json\/wp\/v2\/media?parent=11851"}],"curies":[{"name":"wp","href":"https:\/\/api.w.org\/{rel}","templated":true}]}}