{"id":12554,"date":"2017-12-21T18:47:56","date_gmt":"2017-12-21T18:47:56","guid":{"rendered":"http:\/\/www.karneval-dipperz.de\/?page_id=12554"},"modified":"2018-01-11T09:13:54","modified_gmt":"2018-01-11T09:13:54","slug":"kehraus-2014","status":"publish","type":"page","link":"http:\/\/www.karneval-dipperz.de\/index.php\/kehraus-2014\/","title":{"rendered":"Kehraus 2014"},"content":{"rendered":"<p style=\"text-align: center;\">Traditionell wurde am 5. M\u00e4rz 2014 die Fastnacht in Gestalt der Lady Karneval vom KVD im Dipperzer B\u00fcrgerhaus in w\u00fcrdiger Form mit viel Geheul zu Grabe getragen!<\/p>\n<p style=\"text-align: center;\">Weiterhin wurde an diesem Abend zum ersten Mal der Titel \u201eNarr der Kampagne\u201c vom KVD verliehen! In der Kampagne 2013\/ 2014 ging der Titel an <strong>Christoph Baier<\/strong>!<\/p>\n<p style=\"text-align: center;\"><a href=\"http:\/\/www.karneval-dipperz.de\/wp-content\/uploads\/2017\/12\/DSCF4513-2-e1513885211524.jpg\"><img loading=\"lazy\" decoding=\"async\" class=\"aligncenter wp-image-12568 size-medium\" src=\"http:\/\/www.karneval-dipperz.de\/wp-content\/uploads\/2017\/12\/DSCF4513-2-e1513885211524-200x300.jpg\" alt=\"\" height=\"300\" width=\"200\" srcset=\"http:\/\/www.karneval-dipperz.de\/wp-content\/uploads\/2017\/12\/DSCF4513-2-e1513885211524-200x300.jpg 200w, http:\/\/www.karneval-dipperz.de\/wp-content\/uploads\/2017\/12\/DSCF4513-2-e1513885211524-768x1152.jpg 768w, http:\/\/www.karneval-dipperz.de\/wp-content\/uploads\/2017\/12\/DSCF4513-2-e1513885211524-683x1024.jpg 683w\" sizes=\"auto, (max-width: 200px) 100vw, 200px\" \/><\/a><strong>NDK 2014 \u2013 Christoph Baier!<\/strong><\/p>\n<p style=\"text-align: center;\"><a href=\"http:\/\/www.karneval-dipperz.de\/wp-content\/uploads\/2018\/01\/Grabrede-Lady-Karneval-2014.pdf\" target=\"_blank\" rel=\"noopener\">Grabrede Kehraus 2014<\/a><\/p>\n<p style=\"text-align: center;\">&nbsp;<\/p>\n","protected":false},"excerpt":{"rendered":"<p>Traditionell wurde am 5. M\u00e4rz 2014 die Fastnacht in Gestalt der Lady Karneval vom KVD im Dipperzer B\u00fcrgerhaus in w\u00fcrdiger Form mit viel Geheul zu Grabe getragen! Weiterhin wurde an diesem Abend zum ersten Mal der Titel \u201eNarr der Kampagne\u201c vom KVD verliehen! In der Kampagne 2013\/ 2014 ging der Titel an Christoph Baier! NDK [&hellip;]<\/p>\n","protected":false},"author":666667,"featured_media":0,"parent":0,"menu_order":0,"comment_status":"closed","ping_status":"closed","template":"","meta":{"ngg_post_thumbnail":0,"footnotes":""},"class_list":["post-12554","page","type-page","status-publish","hentry"],"_links":{"self":[{"href":"http:\/\/www.karneval-dipperz.de\/index.php\/wp-json\/wp\/v2\/pages\/12554","targetHints":{"allow":["GET"]}}],"collection":[{"href":"http:\/\/www.karneval-dipperz.de\/index.php\/wp-json\/wp\/v2\/pages"}],"about":[{"href":"http:\/\/www.karneval-dipperz.de\/index.php\/wp-json\/wp\/v2\/types\/page"}],"author":[{"embeddable":true,"href":"http:\/\/www.karneval-dipperz.de\/index.php\/wp-json\/wp\/v2\/users\/666667"}],"replies":[{"embeddable":true,"href":"http:\/\/www.karneval-dipperz.de\/index.php\/wp-json\/wp\/v2\/comments?post=12554"}],"version-history":[{"count":0,"href":"http:\/\/www.karneval-dipperz.de\/index.php\/wp-json\/wp\/v2\/pages\/12554\/revisions"}],"wp:attachment":[{"href":"http:\/\/www.karneval-dipperz.de\/index.php\/wp-json\/wp\/v2\/media?parent=12554"}],"curies":[{"name":"wp","href":"https:\/\/api.w.org\/{rel}","templated":true}]}}