{"id":15302,"date":"2018-04-06T09:04:27","date_gmt":"2018-04-06T09:04:27","guid":{"rendered":"http:\/\/www.karneval-dipperz.de\/?page_id=15302"},"modified":"2018-05-12T15:26:40","modified_gmt":"2018-05-12T15:26:40","slug":"hauptversammlung-2018","status":"publish","type":"page","link":"http:\/\/www.karneval-dipperz.de\/index.php\/hauptversammlung-2018\/","title":{"rendered":"Hauptversammlung 2018"},"content":{"rendered":"<p style=\"text-align: center;\">Auch in diesem Jahr, am 26. April 2018, waren die Mitglieder des Karnevalverein Dipperz zur Hauptversammlung geladen. Die&nbsp;Vorsitzende Michelle Danh\u00e4user begr\u00fc\u00dfte 40 Mitglieder im B\u00fcrgerhaus Dipperz.<\/p>\n<p style=\"text-align: center;\"><a href=\"http:\/\/www.karneval-dipperz.de\/wp-content\/uploads\/2018\/04\/20180426_193351.jpg\"><img loading=\"lazy\" decoding=\"async\" class=\"aligncenter size-large wp-image-15502\" src=\"http:\/\/www.karneval-dipperz.de\/wp-content\/uploads\/2018\/04\/20180426_193351-1024x576.jpg\" alt=\"\" width=\"700\" height=\"394\" srcset=\"http:\/\/www.karneval-dipperz.de\/wp-content\/uploads\/2018\/04\/20180426_193351-1024x576.jpg 1024w, http:\/\/www.karneval-dipperz.de\/wp-content\/uploads\/2018\/04\/20180426_193351-300x169.jpg 300w, http:\/\/www.karneval-dipperz.de\/wp-content\/uploads\/2018\/04\/20180426_193351-768x432.jpg 768w\" sizes=\"auto, (max-width: 700px) 100vw, 700px\" \/><\/a><\/p>\n<p style=\"text-align: center;\"><a href=\"http:\/\/www.karneval-dipperz.de\/wp-content\/uploads\/2018\/04\/20180426_193438.jpg\"><img loading=\"lazy\" decoding=\"async\" class=\"aligncenter size-large wp-image-15505\" src=\"http:\/\/www.karneval-dipperz.de\/wp-content\/uploads\/2018\/04\/20180426_193438-1024x576.jpg\" alt=\"\" width=\"700\" height=\"394\" srcset=\"http:\/\/www.karneval-dipperz.de\/wp-content\/uploads\/2018\/04\/20180426_193438-1024x576.jpg 1024w, http:\/\/www.karneval-dipperz.de\/wp-content\/uploads\/2018\/04\/20180426_193438-300x169.jpg 300w, http:\/\/www.karneval-dipperz.de\/wp-content\/uploads\/2018\/04\/20180426_193438-768x432.jpg 768w\" sizes=\"auto, (max-width: 700px) 100vw, 700px\" \/><\/a><\/p>\n<p style=\"text-align: center;\">Nach einer Gedenkminute f\u00fcr die verstorbenen Vereinsmitglieder gab Pr\u00e4sident Carsten Sch\u00fctz einen kurzen \u00dcberblick \u00fcber die vergangene Kampagne. Danach gab der 1. Schriftf\u00fchrer&nbsp;Sven Hampl&nbsp;einen kurzen R\u00fcckblick auf die Aktivit\u00e4ten des abgelaufenen Vereinsjahres. Der 1. Kassierer Stefan Matzunsky berichtete von einer guten Finanzlage des Vereins, was der Kassenpr\u00fcfer Frank Zentgraf best\u00e4tigen konnte. Er bescheinigte eine ordnungsgem\u00e4\u00dfe Kassenf\u00fchrung. Die 1. Vorsitzende Michelle Danh\u00e4user bedankte sich bei den Mitgliedern f\u00fcr die Einsatzbereitschaft in der zur\u00fcckliegenden Kampagne.<\/p>\n<p style=\"text-align: center;\"><a href=\"http:\/\/www.karneval-dipperz.de\/wp-content\/uploads\/2018\/04\/20180426_193606.jpg\"><img loading=\"lazy\" decoding=\"async\" class=\"aligncenter size-large wp-image-15507\" src=\"http:\/\/www.karneval-dipperz.de\/wp-content\/uploads\/2018\/04\/20180426_193606-1024x576.jpg\" alt=\"\" width=\"700\" height=\"394\" srcset=\"http:\/\/www.karneval-dipperz.de\/wp-content\/uploads\/2018\/04\/20180426_193606-1024x576.jpg 1024w, http:\/\/www.karneval-dipperz.de\/wp-content\/uploads\/2018\/04\/20180426_193606-300x169.jpg 300w, http:\/\/www.karneval-dipperz.de\/wp-content\/uploads\/2018\/04\/20180426_193606-768x432.jpg 768w\" sizes=\"auto, (max-width: 700px) 100vw, 700px\" \/><\/a><\/p>\n<p style=\"text-align: center;\"><a href=\"http:\/\/www.karneval-dipperz.de\/wp-content\/uploads\/2018\/04\/20180426_193424.jpg\"><img loading=\"lazy\" decoding=\"async\" class=\"aligncenter size-large wp-image-15503\" src=\"http:\/\/www.karneval-dipperz.de\/wp-content\/uploads\/2018\/04\/20180426_193424-1024x576.jpg\" alt=\"\" width=\"700\" height=\"394\" srcset=\"http:\/\/www.karneval-dipperz.de\/wp-content\/uploads\/2018\/04\/20180426_193424-1024x576.jpg 1024w, http:\/\/www.karneval-dipperz.de\/wp-content\/uploads\/2018\/04\/20180426_193424-300x169.jpg 300w, http:\/\/www.karneval-dipperz.de\/wp-content\/uploads\/2018\/04\/20180426_193424-768x432.jpg 768w\" sizes=\"auto, (max-width: 700px) 100vw, 700px\" \/><\/a><\/p>\n<p style=\"text-align: center;\">Darauffolgend wurde der Gesamtvorstand, auf Antrag von Frank Zentgraf, von der Versammlung ohne Einw\u00e4nde entlastet. Anschlie\u00dfend gingen die Trainer der einzelnen Gruppen in&nbsp;ihren Ausf\u00fchrungen n\u00e4her auf ihre Aktivit\u00e4ten der Kampagne 2017\/2018 ein.<\/p>\n<p style=\"text-align: center;\">Weiterhin gab der 2. Vorsitzende Michael Bleuel einige Informationen zum letzten Vereinsschie\u00dfen.<\/p>\n<p style=\"text-align: center;\"><a href=\"http:\/\/www.karneval-dipperz.de\/wp-content\/uploads\/2018\/04\/20180426_193446.jpg\"><img loading=\"lazy\" decoding=\"async\" class=\"aligncenter size-large wp-image-15506\" src=\"http:\/\/www.karneval-dipperz.de\/wp-content\/uploads\/2018\/04\/20180426_193446-1024x576.jpg\" alt=\"\" width=\"700\" height=\"394\" srcset=\"http:\/\/www.karneval-dipperz.de\/wp-content\/uploads\/2018\/04\/20180426_193446-1024x576.jpg 1024w, http:\/\/www.karneval-dipperz.de\/wp-content\/uploads\/2018\/04\/20180426_193446-300x169.jpg 300w, http:\/\/www.karneval-dipperz.de\/wp-content\/uploads\/2018\/04\/20180426_193446-768x432.jpg 768w\" sizes=\"auto, (max-width: 700px) 100vw, 700px\" \/><\/a><\/p>\n<p style=\"text-align: center;\">Die sich anschlie\u00dfenden Neuwahlen, z\u00fcgig durchgef\u00fchrt von Carsten Sch\u00fctz, brachten folgendes Ergebnis:<\/p>\n<ul style=\"text-align: center;\">\n<li>1. Vorsitzende \u2013 Michelle Danh\u00e4user<\/li>\n<li>3. Vorsitzende \u2013 Elena Krick<\/li>\n<li>2. Schriftf\u00fchrerin \u2013 Claudia Wagner<\/li>\n<li>1. Kassierer \u2013 Stefan Matzunsky<\/li>\n<\/ul>\n<p style=\"text-align: center;\">Im weiteren Verlauf der Versammlung wurden einige Mitglieder f\u00fcr ihre langj\u00e4hrige Mitgliedschaft geehrt.<\/p>\n<p style=\"text-align: center;\"><a href=\"http:\/\/www.karneval-dipperz.de\/wp-content\/uploads\/2018\/04\/20180426_205127.jpg\"><img loading=\"lazy\" decoding=\"async\" class=\"aligncenter size-large wp-image-15509\" src=\"http:\/\/www.karneval-dipperz.de\/wp-content\/uploads\/2018\/04\/20180426_205127-1024x576.jpg\" alt=\"\" width=\"700\" height=\"394\" srcset=\"http:\/\/www.karneval-dipperz.de\/wp-content\/uploads\/2018\/04\/20180426_205127-1024x576.jpg 1024w, http:\/\/www.karneval-dipperz.de\/wp-content\/uploads\/2018\/04\/20180426_205127-300x169.jpg 300w, http:\/\/www.karneval-dipperz.de\/wp-content\/uploads\/2018\/04\/20180426_205127-768x432.jpg 768w\" sizes=\"auto, (max-width: 700px) 100vw, 700px\" \/><\/a><\/p>\n<p style=\"text-align: center;\">&nbsp;B\u00fcrgermeister Klaus-Dieter Vogler sprach einige Gru\u00dfworte zur Versammlung.<\/p>\n<p style=\"text-align: center;\">Unter dem Punkt &#8222;Verschiedenes&#8220; wies der Vorstand auf kommende Veranstaltungen\/Termine hin.<\/p>\n<p style=\"text-align: center;\">Anschlie\u00dfend wurde der offizielle Teil der Sitzung geschlossen und der Abend mit dem Tagesordnungspunkt \u201egem\u00fctliches Beisammensein\u201c beendet.<\/p>\n<p><a href=\"http:\/\/www.karneval-dipperz.de\/wp-content\/uploads\/2018\/05\/2018-JHV.jpg\"><img loading=\"lazy\" decoding=\"async\" class=\"aligncenter size-large wp-image-15518\" src=\"http:\/\/www.karneval-dipperz.de\/wp-content\/uploads\/2018\/05\/2018-JHV-1024x681.jpg\" alt=\"\" width=\"700\" height=\"466\" srcset=\"http:\/\/www.karneval-dipperz.de\/wp-content\/uploads\/2018\/05\/2018-JHV-1024x681.jpg 1024w, http:\/\/www.karneval-dipperz.de\/wp-content\/uploads\/2018\/05\/2018-JHV-300x200.jpg 300w, http:\/\/www.karneval-dipperz.de\/wp-content\/uploads\/2018\/05\/2018-JHV-768x511.jpg 768w\" sizes=\"auto, (max-width: 700px) 100vw, 700px\" \/><\/a><\/p>\n","protected":false},"excerpt":{"rendered":"<p>Auch in diesem Jahr, am 26. April 2018, waren die Mitglieder des Karnevalverein Dipperz zur Hauptversammlung geladen. Die&nbsp;Vorsitzende Michelle Danh\u00e4user begr\u00fc\u00dfte 40 Mitglieder im B\u00fcrgerhaus Dipperz. Nach einer Gedenkminute f\u00fcr die verstorbenen Vereinsmitglieder gab Pr\u00e4sident Carsten Sch\u00fctz einen kurzen \u00dcberblick \u00fcber die vergangene Kampagne. Danach gab der 1. Schriftf\u00fchrer&nbsp;Sven Hampl&nbsp;einen kurzen R\u00fcckblick auf die Aktivit\u00e4ten [&hellip;]<\/p>\n","protected":false},"author":666667,"featured_media":0,"parent":0,"menu_order":0,"comment_status":"closed","ping_status":"closed","template":"","meta":{"ngg_post_thumbnail":0,"footnotes":""},"class_list":["post-15302","page","type-page","status-publish","hentry"],"_links":{"self":[{"href":"http:\/\/www.karneval-dipperz.de\/index.php\/wp-json\/wp\/v2\/pages\/15302","targetHints":{"allow":["GET"]}}],"collection":[{"href":"http:\/\/www.karneval-dipperz.de\/index.php\/wp-json\/wp\/v2\/pages"}],"about":[{"href":"http:\/\/www.karneval-dipperz.de\/index.php\/wp-json\/wp\/v2\/types\/page"}],"author":[{"embeddable":true,"href":"http:\/\/www.karneval-dipperz.de\/index.php\/wp-json\/wp\/v2\/users\/666667"}],"replies":[{"embeddable":true,"href":"http:\/\/www.karneval-dipperz.de\/index.php\/wp-json\/wp\/v2\/comments?post=15302"}],"version-history":[{"count":0,"href":"http:\/\/www.karneval-dipperz.de\/index.php\/wp-json\/wp\/v2\/pages\/15302\/revisions"}],"wp:attachment":[{"href":"http:\/\/www.karneval-dipperz.de\/index.php\/wp-json\/wp\/v2\/media?parent=15302"}],"curies":[{"name":"wp","href":"https:\/\/api.w.org\/{rel}","templated":true}]}}