{"id":15816,"date":"2018-10-09T13:54:05","date_gmt":"2018-10-09T13:54:05","guid":{"rendered":"http:\/\/www.karneval-dipperz.de\/?page_id=15816"},"modified":"2023-08-08T07:38:43","modified_gmt":"2023-08-08T07:38:43","slug":"11-11-2018","status":"publish","type":"page","link":"http:\/\/www.karneval-dipperz.de\/index.php\/11-11-2018\/","title":{"rendered":"11.11.2018"},"content":{"rendered":"<p style=\"text-align: center;\">Der Karnevalverein Dipperz er\u00f6ffnete die n\u00e4rrische Zeit am 11.11.2018 um 11:11 Uhr mit 11 B\u00f6llersch\u00fcssen vor dem B\u00fcrgerhaus Dipperz!<\/p>\n<p style=\"text-align: center;\"><a href=\"https:\/\/osthessen-news.de\/naerrisch\/n11604123\/saint-tropez-am-wannestrand-das-neue-motto-der-kampagne.html\" target=\"_blank\" rel=\"noopener\">Artikel bei Osthessen n\u00e4rrisch<\/a><\/p>\n<p style=\"text-align: center;\"><a href=\"http:\/\/www.karneval-dipperz.de\/index.php\/11-11-2018-bilder\/\">Hier gibt es weitere Bilder<\/a> \u2013 allerdings passwortgesch\u00fctzt! Das Passwort kann beim Vorstand erfragt werden!<\/p>\n<p style=\"text-align: center;\"><a href=\"http:\/\/www.karneval-dipperz.de\/wp-content\/uploads\/2018\/11\/IMG-20181112-WA0004.jpg\"><img loading=\"lazy\" decoding=\"async\" class=\"aligncenter size-large wp-image-15898\" src=\"http:\/\/www.karneval-dipperz.de\/wp-content\/uploads\/2018\/11\/IMG-20181112-WA0004-1024x768.jpg\" alt=\"\" width=\"700\" height=\"525\" srcset=\"http:\/\/www.karneval-dipperz.de\/wp-content\/uploads\/2018\/11\/IMG-20181112-WA0004-1024x768.jpg 1024w, http:\/\/www.karneval-dipperz.de\/wp-content\/uploads\/2018\/11\/IMG-20181112-WA0004-300x225.jpg 300w, http:\/\/www.karneval-dipperz.de\/wp-content\/uploads\/2018\/11\/IMG-20181112-WA0004-768x576.jpg 768w, http:\/\/www.karneval-dipperz.de\/wp-content\/uploads\/2018\/11\/IMG-20181112-WA0004.jpg 1600w\" sizes=\"auto, (max-width: 700px) 100vw, 700px\" \/><\/a><\/p>\n<p style=\"text-align: center;\"><a href=\"http:\/\/www.karneval-dipperz.de\/wp-content\/uploads\/2018\/11\/2018_2019.jpg\"><img loading=\"lazy\" decoding=\"async\" class=\"aligncenter size-large wp-image-15900\" src=\"http:\/\/www.karneval-dipperz.de\/wp-content\/uploads\/2018\/11\/2018_2019-1024x576.jpg\" alt=\"\" width=\"700\" height=\"394\" srcset=\"http:\/\/www.karneval-dipperz.de\/wp-content\/uploads\/2018\/11\/2018_2019-1024x576.jpg 1024w, http:\/\/www.karneval-dipperz.de\/wp-content\/uploads\/2018\/11\/2018_2019-300x169.jpg 300w, http:\/\/www.karneval-dipperz.de\/wp-content\/uploads\/2018\/11\/2018_2019-768x432.jpg 768w\" sizes=\"auto, (max-width: 700px) 100vw, 700px\" \/><\/a><\/p>\n<p style=\"text-align: center;\">&nbsp;<\/p>\n<p style=\"text-align: center;\">&nbsp;<\/p>\n","protected":false},"excerpt":{"rendered":"<p>Der Karnevalverein Dipperz er\u00f6ffnete die n\u00e4rrische Zeit am 11.11.2018 um 11:11 Uhr mit 11 B\u00f6llersch\u00fcssen vor dem B\u00fcrgerhaus Dipperz! Artikel bei Osthessen n\u00e4rrisch Hier gibt es weitere Bilder \u2013 allerdings passwortgesch\u00fctzt! Das Passwort kann beim Vorstand erfragt werden! &nbsp; &nbsp;<\/p>\n","protected":false},"author":666667,"featured_media":0,"parent":0,"menu_order":0,"comment_status":"closed","ping_status":"closed","template":"","meta":{"ngg_post_thumbnail":0,"footnotes":""},"class_list":["post-15816","page","type-page","status-publish","hentry"],"_links":{"self":[{"href":"http:\/\/www.karneval-dipperz.de\/index.php\/wp-json\/wp\/v2\/pages\/15816","targetHints":{"allow":["GET"]}}],"collection":[{"href":"http:\/\/www.karneval-dipperz.de\/index.php\/wp-json\/wp\/v2\/pages"}],"about":[{"href":"http:\/\/www.karneval-dipperz.de\/index.php\/wp-json\/wp\/v2\/types\/page"}],"author":[{"embeddable":true,"href":"http:\/\/www.karneval-dipperz.de\/index.php\/wp-json\/wp\/v2\/users\/666667"}],"replies":[{"embeddable":true,"href":"http:\/\/www.karneval-dipperz.de\/index.php\/wp-json\/wp\/v2\/comments?post=15816"}],"version-history":[{"count":0,"href":"http:\/\/www.karneval-dipperz.de\/index.php\/wp-json\/wp\/v2\/pages\/15816\/revisions"}],"wp:attachment":[{"href":"http:\/\/www.karneval-dipperz.de\/index.php\/wp-json\/wp\/v2\/media?parent=15816"}],"curies":[{"name":"wp","href":"https:\/\/api.w.org\/{rel}","templated":true}]}}