{"id":15849,"date":"2018-10-30T08:33:54","date_gmt":"2018-10-30T08:33:54","guid":{"rendered":"http:\/\/www.karneval-dipperz.de\/?page_id=15849"},"modified":"2018-10-30T08:59:44","modified_gmt":"2018-10-30T08:59:44","slug":"nordhessen-feiert-karneval-2018","status":"publish","type":"page","link":"http:\/\/www.karneval-dipperz.de\/index.php\/nordhessen-feiert-karneval-2018\/","title":{"rendered":"Nordhessen feiert Karneval 2018"},"content":{"rendered":"<p style=\"text-align: center;\">Am 13. Januar 2018 fand die Aufzeichung der Sendung &#8222;Nordhessen feiert Karneval 2018&#8220; statt.<\/p>\n<p style=\"text-align: center;\">Unsere Pr\u00e4sidentengarde war live dabei. Unterst\u00fctzt wurde sie dabei von 35 Fans!!!<\/p>\n<p style=\"text-align: center;\"><a href=\"https:\/\/www.youtube.com\/watch?v=JMWKYA-NO1A\" target=\"_blank\" rel=\"noopener\">Auftritt Pr\u00e4sidentengarde bei &#8222;Nordhessen feiert Karneval 2018&#8220;<\/a><\/p>\n<p style=\"text-align: center;\">Ausgestrahlt wurde die Sendung am 02. Februar 2018.<\/p>\n<p style=\"text-align: center;\"><a href=\"http:\/\/www.karneval-dipperz.de\/wp-content\/uploads\/2018\/10\/Natalie-Wingenfeld-20180119_130259.jpg\"><img loading=\"lazy\" decoding=\"async\" class=\"aligncenter wp-image-15855 size-full\" src=\"http:\/\/www.karneval-dipperz.de\/wp-content\/uploads\/2018\/10\/Natalie-Wingenfeld-20180119_130259.jpg\" alt=\"\" width=\"640\" height=\"640\" srcset=\"http:\/\/www.karneval-dipperz.de\/wp-content\/uploads\/2018\/10\/Natalie-Wingenfeld-20180119_130259.jpg 640w, http:\/\/www.karneval-dipperz.de\/wp-content\/uploads\/2018\/10\/Natalie-Wingenfeld-20180119_130259-150x150.jpg 150w, http:\/\/www.karneval-dipperz.de\/wp-content\/uploads\/2018\/10\/Natalie-Wingenfeld-20180119_130259-300x300.jpg 300w\" sizes=\"auto, (max-width: 640px) 100vw, 640px\" \/><\/a><\/p>\n<p style=\"text-align: center;\"><a href=\"http:\/\/www.karneval-dipperz.de\/wp-content\/uploads\/2018\/10\/IMG-20180114-WA0015.jpg\"><img loading=\"lazy\" decoding=\"async\" class=\"aligncenter size-large wp-image-15857\" src=\"http:\/\/www.karneval-dipperz.de\/wp-content\/uploads\/2018\/10\/IMG-20180114-WA0015-768x1024.jpg\" alt=\"\" width=\"700\" height=\"933\" srcset=\"http:\/\/www.karneval-dipperz.de\/wp-content\/uploads\/2018\/10\/IMG-20180114-WA0015-768x1024.jpg 768w, http:\/\/www.karneval-dipperz.de\/wp-content\/uploads\/2018\/10\/IMG-20180114-WA0015-225x300.jpg 225w, http:\/\/www.karneval-dipperz.de\/wp-content\/uploads\/2018\/10\/IMG-20180114-WA0015.jpg 960w\" sizes=\"auto, (max-width: 700px) 100vw, 700px\" \/><\/a><\/p>\n","protected":false},"excerpt":{"rendered":"<p>Am 13. Januar 2018 fand die Aufzeichung der Sendung &#8222;Nordhessen feiert Karneval 2018&#8220; statt. Unsere Pr\u00e4sidentengarde war live dabei. Unterst\u00fctzt wurde sie dabei von 35 Fans!!! Auftritt Pr\u00e4sidentengarde bei &#8222;Nordhessen feiert Karneval 2018&#8220; Ausgestrahlt wurde die Sendung am 02. Februar 2018.<\/p>\n","protected":false},"author":666667,"featured_media":0,"parent":0,"menu_order":0,"comment_status":"closed","ping_status":"closed","template":"","meta":{"ngg_post_thumbnail":0,"footnotes":""},"class_list":["post-15849","page","type-page","status-publish","hentry"],"_links":{"self":[{"href":"http:\/\/www.karneval-dipperz.de\/index.php\/wp-json\/wp\/v2\/pages\/15849","targetHints":{"allow":["GET"]}}],"collection":[{"href":"http:\/\/www.karneval-dipperz.de\/index.php\/wp-json\/wp\/v2\/pages"}],"about":[{"href":"http:\/\/www.karneval-dipperz.de\/index.php\/wp-json\/wp\/v2\/types\/page"}],"author":[{"embeddable":true,"href":"http:\/\/www.karneval-dipperz.de\/index.php\/wp-json\/wp\/v2\/users\/666667"}],"replies":[{"embeddable":true,"href":"http:\/\/www.karneval-dipperz.de\/index.php\/wp-json\/wp\/v2\/comments?post=15849"}],"version-history":[{"count":0,"href":"http:\/\/www.karneval-dipperz.de\/index.php\/wp-json\/wp\/v2\/pages\/15849\/revisions"}],"wp:attachment":[{"href":"http:\/\/www.karneval-dipperz.de\/index.php\/wp-json\/wp\/v2\/media?parent=15849"}],"curies":[{"name":"wp","href":"https:\/\/api.w.org\/{rel}","templated":true}]}}