{"id":16,"date":"2012-05-18T09:57:04","date_gmt":"2012-05-18T09:57:04","guid":{"rendered":"http:\/\/Karneval-Dipperz.de\/?page_id=16"},"modified":"2025-10-10T09:47:01","modified_gmt":"2025-10-10T09:47:01","slug":"impressum","status":"publish","type":"page","link":"http:\/\/www.karneval-dipperz.de\/index.php\/impressum\/","title":{"rendered":"Impressum"},"content":{"rendered":"<p><span style=\"color: #000000;\">Angaben gem\u00e4\u00df \u00a7 5 TMG:<\/span><\/p>\n<h3><span style=\"color: #000000;\">Karnevalverein 1965 Dipperz e.V.<\/span><\/h3>\n<p><span style=\"color: #000000;\">Dipperzer Str. 1, 36160 Dipperz<\/span><\/p>\n<p>&nbsp;<\/p>\n<h2><span style=\"color: #000000;\"><b>Gemeinschaftlich vertretungsberechtigt<\/b>:<\/span><\/h2>\n<p><span style=\"color: #000000;\"><strong>1. Vorsitzende:<\/strong><\/span><\/p>\n<p><span style=\"color: #000000;\">Michelle Danh\u00e4user<\/span><\/p>\n<p><span style=\"color: #000000;\">Dipperzer Str. 1, 36160 Dipperz<\/span><\/p>\n<p>&nbsp;<\/p>\n<p><strong><span style=\"color: #000000;\">Pr\u00e4sident:<\/span><\/strong><\/p>\n<p><span style=\"color: #000000;\">Ren\u00e9 Klemenz<\/span><\/p>\n<p><span style=\"color: #000000;\">Eichbergstra\u00dfe 48, 36160 Dipperz<\/span><\/p>\n<p>&nbsp;<\/p>\n<h2><span style=\"color: #000000;\">Registergericht:<\/span><\/h2>\n<p><span style=\"color: #000000;\">Amtsgericht&nbsp;Fulda<\/span><\/p>\n<p>&nbsp;<\/p>\n<h2><span style=\"color: #000000;\">Vereinsregister\u00adnummer:<\/span><\/h2>\n<p><span style=\"color: #000000;\">Aktenzeichen\/Vereinsnummer 55VR 1004<\/span><\/p>\n<p>&nbsp;<\/p>\n<h2><span style=\"color: #000000;\">Umsatzsteuer-Identifikationsnummer:<\/span><\/h2>\n<p><span style=\"color: #000000;\">18 250 57539<\/span><\/p>\n<p>&nbsp;<\/p>\n<h2><span style=\"color: #000000;\">V.i.S.d \u00a7 55 Abs. 2 RStV:<\/span><\/h2>\n<p><span style=\"color: #000000;\">Stephan Schulz<\/span><\/p>\n<p><span style=\"color: #000000;\">Am Gassenfeld 8, 36160 Dipperz<\/span><\/p>\n<p>&nbsp;<\/p>\n<h3><span style=\"color: #000000;\">Haftungsbeschr\u00e4nkung<\/span><\/h3>\n<p><span style=\"color: #000000;\">Die Inhalte dieser Website werden mit gr\u00f6\u00dftm\u00f6glicher Sorgfalt erstellt. Der Anbieter \u00fcbernimmt jedoch keine Gew\u00e4hr f\u00fcr die Richtigkeit, Vollst\u00e4ndigkeit und Aktualit\u00e4t der bereitgestellten Inhalte. Die Nutzung der Inhalte der Website erfolgt auf eigene Gefahr des Nutzers.<\/span><\/p>\n<p><span style=\"color: #000000;\">Namentlich gekennzeichnete Beitr\u00e4ge geben die Meinung des jeweiligen Autors und nicht immer die Meinung des Anbieters wieder. Mit der reinen Nutzung der Website des Anbieters kommt keinerlei Vertragsverh\u00e4ltnis zwischen dem Nutzer und dem Anbieter zustande.<\/span><\/p>\n<p>&nbsp;<\/p>\n<h3><span style=\"color: #000000;\"><strong>Externe Links<\/strong><\/span><\/h3>\n<p><span style=\"color: #000000;\">Diese Website enth\u00e4lt Verkn\u00fcpfungen zu Websites Dritter (&#8222;externe Links&#8220;). Diese Websites unterliegen der Haftung der jeweiligen Betreiber. Der Anbieter hat bei der erstmaligen Verkn\u00fcpfung der externen Links die fremden Inhalte daraufhin \u00fcberpr\u00fcft, ob etwaige Rechtsverst\u00f6\u00dfe bestehen. Zu dem Zeitpunkt waren keine Rechtsverst\u00f6\u00dfe ersichtlich. Der Anbieter hat keinerlei Einfluss auf die aktuelle und zuk\u00fcnftige Gestaltung und auf die Inhalte der verkn\u00fcpften Seiten. Das Setzen von externen Links bedeutet nicht, dass sich der Anbieter die hinter dem Verweis oder Link liegenden Inhalte zu Eigen macht. Eine st\u00e4ndige Kontrolle der externen Links ist f\u00fcr den Anbieter ohne konkrete Hinweise auf Rechtsverst\u00f6\u00dfe nicht zumutbar. Bei Kenntnis von Rechtsverst\u00f6\u00dfen werden jedoch derartige externe Links unverz\u00fcglich gel\u00f6scht.<\/span><\/p>\n<p>&nbsp;<\/p>\n<h3><span style=\"color: #000000;\"><strong><b>Urheber- und Leistungsschutzrechte<\/b><\/strong><\/span><\/h3>\n<p><span style=\"color: #000000;\">Die auf dieser Website ver\u00f6ffentlichten Inhalte unterliegen dem deutschen Urheber- und Leistungsschutzrecht. Jede vom deutschen Urheber- und Leistungsschutzrecht nicht zugelassene Verwertung bedarf der vorherigen schriftlichen Zustimmung des Anbieters oder jeweiligen Rechteinhabers. Dies gilt insbesondere f\u00fcr Vervielf\u00e4ltigung, Bearbeitung, \u00dcbersetzung, Einspeicherung, Verarbeitung bzw. Wiedergabe von Inhalten in Datenbanken oder anderen elektronischen Medien und Systemen. Inhalte und Rechte Dritter sind dabei als solche gekennzeichnet. Die unerlaubte Vervielf\u00e4ltigung oder Weitergabe einzelner Inhalte oder kompletter Seiten ist nicht gestattet und strafbar. Lediglich die Herstellung von Kopien und Downloads f\u00fcr den pers\u00f6nlichen, privaten und nicht kommerziellen Gebrauch ist erlaubt. Die Darstellung dieser Website in fremden Frames ist nur mit schriftlicher Erlaubnis zul\u00e4ssig.<\/span><\/p>\n","protected":false},"excerpt":{"rendered":"<p>Angaben gem\u00e4\u00df \u00a7 5 TMG: Karnevalverein 1965 Dipperz e.V. Dipperzer Str. 1, 36160 Dipperz &nbsp; Gemeinschaftlich vertretungsberechtigt: 1. Vorsitzende: Michelle Danh\u00e4user Dipperzer Str. 1, 36160 Dipperz &nbsp; Pr\u00e4sident: Ren\u00e9 Klemenz Eichbergstra\u00dfe 48, 36160 Dipperz &nbsp; Registergericht: Amtsgericht&nbsp;Fulda &nbsp; Vereinsregister\u00adnummer: Aktenzeichen\/Vereinsnummer 55VR 1004 &nbsp; Umsatzsteuer-Identifikationsnummer: 18 250 57539 &nbsp; V.i.S.d \u00a7 55 Abs. 2 RStV: Stephan [&hellip;]<\/p>\n","protected":false},"author":666667,"featured_media":0,"parent":0,"menu_order":0,"comment_status":"closed","ping_status":"closed","template":"","meta":{"ngg_post_thumbnail":0,"footnotes":""},"class_list":["post-16","page","type-page","status-publish","hentry"],"_links":{"self":[{"href":"http:\/\/www.karneval-dipperz.de\/index.php\/wp-json\/wp\/v2\/pages\/16","targetHints":{"allow":["GET"]}}],"collection":[{"href":"http:\/\/www.karneval-dipperz.de\/index.php\/wp-json\/wp\/v2\/pages"}],"about":[{"href":"http:\/\/www.karneval-dipperz.de\/index.php\/wp-json\/wp\/v2\/types\/page"}],"author":[{"embeddable":true,"href":"http:\/\/www.karneval-dipperz.de\/index.php\/wp-json\/wp\/v2\/users\/666667"}],"replies":[{"embeddable":true,"href":"http:\/\/www.karneval-dipperz.de\/index.php\/wp-json\/wp\/v2\/comments?post=16"}],"version-history":[{"count":0,"href":"http:\/\/www.karneval-dipperz.de\/index.php\/wp-json\/wp\/v2\/pages\/16\/revisions"}],"wp:attachment":[{"href":"http:\/\/www.karneval-dipperz.de\/index.php\/wp-json\/wp\/v2\/media?parent=16"}],"curies":[{"name":"wp","href":"https:\/\/api.w.org\/{rel}","templated":true}]}}