{"id":16005,"date":"2018-12-20T10:10:27","date_gmt":"2018-12-20T10:10:27","guid":{"rendered":"http:\/\/www.karneval-dipperz.de\/?page_id=16005"},"modified":"2020-12-19T13:13:05","modified_gmt":"2020-12-19T13:13:05","slug":"emikwano-spende","status":"publish","type":"page","link":"http:\/\/www.karneval-dipperz.de\/index.php\/emikwano-spende\/","title":{"rendered":"Spende EMIKWANO"},"content":{"rendered":"<p style=\"text-align: center;\"><span style=\"color: #000000;\">Am 24.11.18 konnte der Verein <a href=\"https:\/\/emikwano.de\/\" target=\"_blank\" rel=\"noopener\">EMIKWANO<\/a> eine Spende vom Karnevalverein Dipperz entgegennehmen! Die Vorstandsmitglieder Michelle Danh\u00e4user, Sven Hampl und Dr. Carsten Sch\u00fctz \u00fcberreichten einen Scheck in H\u00f6he von 2.000 Euro an den EMIKWANO-Vorstand.<\/span><\/p>\n<p style=\"text-align: center;\"><span style=\"color: #000000;\"><a style=\"color: #000000;\" href=\"http:\/\/emikwano.de\/2-000-euro-spende\/\" target=\"_blank\" rel=\"noopener noreferrer\"><strong>Karnevalverein spendet 2.000 Euro<\/strong><\/a><\/span><\/p>\n<p><img decoding=\"async\" class=\"wp-image-1145 aligncenter\" src=\"http:\/\/emikwano.de\/wp-content\/uploads\/2018\/12\/DSC_0772_mittel_bearbeitet-1024x678.jpg\" sizes=\"(max-width: 1024px) 100vw, 1024px\" srcset=\"http:\/\/emikwano.de\/wp-content\/uploads\/2018\/12\/DSC_0772_mittel_bearbeitet-1024x678.jpg 1024w, http:\/\/emikwano.de\/wp-content\/uploads\/2018\/12\/DSC_0772_mittel_bearbeitet-300x199.jpg 300w, http:\/\/emikwano.de\/wp-content\/uploads\/2018\/12\/DSC_0772_mittel_bearbeitet-768x509.jpg 768w, http:\/\/emikwano.de\/wp-content\/uploads\/2018\/12\/DSC_0772_mittel_bearbeitet-830x550.jpg 830w, http:\/\/emikwano.de\/wp-content\/uploads\/2018\/12\/DSC_0772_mittel_bearbeitet-230x152.jpg 230w, http:\/\/emikwano.de\/wp-content\/uploads\/2018\/12\/DSC_0772_mittel_bearbeitet-350x232.jpg 350w, http:\/\/emikwano.de\/wp-content\/uploads\/2018\/12\/DSC_0772_mittel_bearbeitet-480x318.jpg 480w\" alt=\"\"><\/p>\n","protected":false},"excerpt":{"rendered":"<p>Am 24.11.18 konnte der Verein EMIKWANO eine Spende vom Karnevalverein Dipperz entgegennehmen! Die Vorstandsmitglieder Michelle Danh\u00e4user, Sven Hampl und Dr. Carsten Sch\u00fctz \u00fcberreichten einen Scheck in H\u00f6he von 2.000 Euro an den EMIKWANO-Vorstand. Karnevalverein spendet 2.000 Euro<\/p>\n","protected":false},"author":666667,"featured_media":0,"parent":0,"menu_order":0,"comment_status":"closed","ping_status":"closed","template":"","meta":{"ngg_post_thumbnail":0,"footnotes":""},"class_list":["post-16005","page","type-page","status-publish","hentry"],"_links":{"self":[{"href":"http:\/\/www.karneval-dipperz.de\/index.php\/wp-json\/wp\/v2\/pages\/16005","targetHints":{"allow":["GET"]}}],"collection":[{"href":"http:\/\/www.karneval-dipperz.de\/index.php\/wp-json\/wp\/v2\/pages"}],"about":[{"href":"http:\/\/www.karneval-dipperz.de\/index.php\/wp-json\/wp\/v2\/types\/page"}],"author":[{"embeddable":true,"href":"http:\/\/www.karneval-dipperz.de\/index.php\/wp-json\/wp\/v2\/users\/666667"}],"replies":[{"embeddable":true,"href":"http:\/\/www.karneval-dipperz.de\/index.php\/wp-json\/wp\/v2\/comments?post=16005"}],"version-history":[{"count":0,"href":"http:\/\/www.karneval-dipperz.de\/index.php\/wp-json\/wp\/v2\/pages\/16005\/revisions"}],"wp:attachment":[{"href":"http:\/\/www.karneval-dipperz.de\/index.php\/wp-json\/wp\/v2\/media?parent=16005"}],"curies":[{"name":"wp","href":"https:\/\/api.w.org\/{rel}","templated":true}]}}