{"id":17202,"date":"2019-02-08T16:33:44","date_gmt":"2019-02-08T16:33:44","guid":{"rendered":"http:\/\/www.karneval-dipperz.de\/?page_id=17202"},"modified":"2023-08-08T07:31:24","modified_gmt":"2023-08-08T07:31:24","slug":"sitzung-2019","status":"publish","type":"page","link":"http:\/\/www.karneval-dipperz.de\/index.php\/sitzung-2019\/","title":{"rendered":"Sitzung 2019"},"content":{"rendered":"\r\n<p style=\"text-align: center;\">Am Samstag, 09.02.2019 fand unsere 1. Fremdensitzung im Dipperzer B\u00fcrgerhaus statt. <br>Stimmung und gute Laune herrschte bei der ersten Sitzung. Die G\u00e4ste erlebten im B\u00fcrgerhaus einen kurzweiligen Abend mit tollen T\u00e4nzen, farbenfrohe Kost\u00fcmen und humorvollen Beitr\u00e4gen.<\/p>\r\n\r\n\r\n\r\n<p style=\"text-align: center;\"><a href=\"https:\/\/osthessen-news.de\/naerrisch\/n11610697\/mit-frohsinn-und-humor-feiert-der-karnevalverein-dipperz-seine-erste-sitzung.html?fbclid=IwAR3NdeNund2QxvSweu12Yrluzo4SYIZEV5u_RuKi5Ge3BLqpy7kd1C2cJOI\" target=\"_blank\" rel=\"noreferrer noopener\" aria-label=\" (\u00f6ffnet in neuem Tab)\">Artikel Osthessen N\u00e4rrisch<\/a><\/p>\r\n\r\n\r\n\r\n<p style=\"text-align: center;\"><a href=\"http:\/\/www.karneval-dipperz.de\/index.php\/sitzung-2019-bilder\/\">Hier gibt es mehr Bilder von der Sitzung<\/a> \u2013 allerdings passwortgesch\u00fctzt! Das Passwort kann beim Vorstand erfragt werden!<\/p>\r\n\r\n\r\n\r\n<div class=\"wp-block-image\">\r\n<figure class=\"aligncenter is-resized\"><img loading=\"lazy\" decoding=\"async\" class=\"wp-image-17336\" src=\"http:\/\/www.karneval-dipperz.de\/wp-content\/uploads\/2019\/02\/Anfang-1024x411.jpg\" alt=\"\" width=\"512\" height=\"206\" srcset=\"http:\/\/www.karneval-dipperz.de\/wp-content\/uploads\/2019\/02\/Anfang-1024x411.jpg 1024w, http:\/\/www.karneval-dipperz.de\/wp-content\/uploads\/2019\/02\/Anfang-300x120.jpg 300w, http:\/\/www.karneval-dipperz.de\/wp-content\/uploads\/2019\/02\/Anfang-768x308.jpg 768w, http:\/\/www.karneval-dipperz.de\/wp-content\/uploads\/2019\/02\/Anfang.jpg 1443w\" sizes=\"auto, (max-width: 512px) 100vw, 512px\" \/><\/figure>\r\n<\/div>\r\n\r\n\r\n\r\n<div class=\"wp-block-image\">\r\n<figure class=\"aligncenter is-resized\"><img loading=\"lazy\" decoding=\"async\" class=\"wp-image-17981\" src=\"http:\/\/www.karneval-dipperz.de\/wp-content\/uploads\/2019\/03\/IMG-20190223-WA0011-1024x682.jpg\" alt=\"\" width=\"512\" height=\"341\" srcset=\"http:\/\/www.karneval-dipperz.de\/wp-content\/uploads\/2019\/03\/IMG-20190223-WA0011-1024x682.jpg 1024w, http:\/\/www.karneval-dipperz.de\/wp-content\/uploads\/2019\/03\/IMG-20190223-WA0011-300x200.jpg 300w, http:\/\/www.karneval-dipperz.de\/wp-content\/uploads\/2019\/03\/IMG-20190223-WA0011-768x512.jpg 768w, http:\/\/www.karneval-dipperz.de\/wp-content\/uploads\/2019\/03\/IMG-20190223-WA0011.jpg 1600w\" sizes=\"auto, (max-width: 512px) 100vw, 512px\" \/><\/figure>\r\n<\/div>\r\n\r\n\r\n\r\n<div class=\"wp-block-image\">\r\n<figure class=\"aligncenter is-resized\"><img loading=\"lazy\" decoding=\"async\" class=\"wp-image-18056\" src=\"http:\/\/www.karneval-dipperz.de\/wp-content\/uploads\/2019\/03\/DSC_0003-1024x681.jpg\" alt=\"\" width=\"512\" height=\"341\" srcset=\"http:\/\/www.karneval-dipperz.de\/wp-content\/uploads\/2019\/03\/DSC_0003-1024x681.jpg 1024w, http:\/\/www.karneval-dipperz.de\/wp-content\/uploads\/2019\/03\/DSC_0003-300x199.jpg 300w, http:\/\/www.karneval-dipperz.de\/wp-content\/uploads\/2019\/03\/DSC_0003-768x511.jpg 768w\" sizes=\"auto, (max-width: 512px) 100vw, 512px\" \/><\/figure>\r\n<\/div>\r\n\r\n\r\n\r\n<div class=\"wp-block-image\">\r\n<figure class=\"aligncenter is-resized\"><img loading=\"lazy\" decoding=\"async\" class=\"wp-image-17363\" src=\"http:\/\/www.karneval-dipperz.de\/wp-content\/uploads\/2019\/03\/Youngstars-1024x498.jpg\" alt=\"\" width=\"512\" height=\"249\" srcset=\"http:\/\/www.karneval-dipperz.de\/wp-content\/uploads\/2019\/03\/Youngstars-1024x498.jpg 1024w, http:\/\/www.karneval-dipperz.de\/wp-content\/uploads\/2019\/03\/Youngstars-300x146.jpg 300w, http:\/\/www.karneval-dipperz.de\/wp-content\/uploads\/2019\/03\/Youngstars-768x373.jpg 768w, http:\/\/www.karneval-dipperz.de\/wp-content\/uploads\/2019\/03\/Youngstars.jpg 1187w\" sizes=\"auto, (max-width: 512px) 100vw, 512px\" \/><\/figure>\r\n<\/div>\r\n\r\n\r\n\r\n<div class=\"wp-block-image\">\r\n<figure class=\"aligncenter is-resized\"><img loading=\"lazy\" decoding=\"async\" class=\"wp-image-17230\" src=\"http:\/\/www.karneval-dipperz.de\/wp-content\/uploads\/2019\/02\/Timo-Mark.jpg\" alt=\"\" width=\"443\" height=\"318\" srcset=\"http:\/\/www.karneval-dipperz.de\/wp-content\/uploads\/2019\/02\/Timo-Mark.jpg 885w, http:\/\/www.karneval-dipperz.de\/wp-content\/uploads\/2019\/02\/Timo-Mark-300x215.jpg 300w, http:\/\/www.karneval-dipperz.de\/wp-content\/uploads\/2019\/02\/Timo-Mark-768x551.jpg 768w\" sizes=\"auto, (max-width: 443px) 100vw, 443px\" \/><\/figure>\r\n<\/div>\r\n\r\n\r\n\r\n<div class=\"wp-block-image\">\r\n<figure class=\"aligncenter is-resized\"><img loading=\"lazy\" decoding=\"async\" class=\"wp-image-17292\" src=\"http:\/\/www.karneval-dipperz.de\/wp-content\/uploads\/2019\/02\/IMG-20190218-WA0030-1-1024x682.jpg\" alt=\"\" width=\"512\" height=\"341\" srcset=\"http:\/\/www.karneval-dipperz.de\/wp-content\/uploads\/2019\/02\/IMG-20190218-WA0030-1-1024x682.jpg 1024w, http:\/\/www.karneval-dipperz.de\/wp-content\/uploads\/2019\/02\/IMG-20190218-WA0030-1-300x200.jpg 300w, http:\/\/www.karneval-dipperz.de\/wp-content\/uploads\/2019\/02\/IMG-20190218-WA0030-1-768x512.jpg 768w, http:\/\/www.karneval-dipperz.de\/wp-content\/uploads\/2019\/02\/IMG-20190218-WA0030-1.jpg 1600w\" sizes=\"auto, (max-width: 512px) 100vw, 512px\" \/><\/figure>\r\n<\/div>\r\n\r\n\r\n\r\n<div class=\"wp-block-image\">\r\n<figure class=\"aligncenter is-resized\"><img loading=\"lazy\" decoding=\"async\" class=\"wp-image-17233\" src=\"http:\/\/www.karneval-dipperz.de\/wp-content\/uploads\/2019\/02\/Alex-und-Cathi.jpg\" alt=\"\" width=\"383\" height=\"294\" srcset=\"http:\/\/www.karneval-dipperz.de\/wp-content\/uploads\/2019\/02\/Alex-und-Cathi.jpg 765w, http:\/\/www.karneval-dipperz.de\/wp-content\/uploads\/2019\/02\/Alex-und-Cathi-300x231.jpg 300w\" sizes=\"auto, (max-width: 383px) 100vw, 383px\" \/><\/figure>\r\n<\/div>\r\n\r\n\r\n\r\n<div class=\"wp-block-image\">\r\n<figure class=\"aligncenter is-resized\"><img loading=\"lazy\" decoding=\"async\" class=\"wp-image-17237\" src=\"http:\/\/www.karneval-dipperz.de\/wp-content\/uploads\/2019\/02\/Haarsalon.jpg\" alt=\"\" width=\"480\" height=\"354\" srcset=\"http:\/\/www.karneval-dipperz.de\/wp-content\/uploads\/2019\/02\/Haarsalon.jpg 960w, http:\/\/www.karneval-dipperz.de\/wp-content\/uploads\/2019\/02\/Haarsalon-300x221.jpg 300w, http:\/\/www.karneval-dipperz.de\/wp-content\/uploads\/2019\/02\/Haarsalon-768x566.jpg 768w\" sizes=\"auto, (max-width: 480px) 100vw, 480px\" \/><\/figure>\r\n<\/div>\r\n\r\n\r\n\r\n<div class=\"wp-block-image\">\r\n<figure class=\"aligncenter is-resized\"><img loading=\"lazy\" decoding=\"async\" class=\"wp-image-17289\" src=\"http:\/\/www.karneval-dipperz.de\/wp-content\/uploads\/2019\/02\/IMG-20190218-WA0052-1024x682.jpg\" alt=\"\" width=\"512\" height=\"341\" srcset=\"http:\/\/www.karneval-dipperz.de\/wp-content\/uploads\/2019\/02\/IMG-20190218-WA0052-1024x682.jpg 1024w, http:\/\/www.karneval-dipperz.de\/wp-content\/uploads\/2019\/02\/IMG-20190218-WA0052-300x200.jpg 300w, http:\/\/www.karneval-dipperz.de\/wp-content\/uploads\/2019\/02\/IMG-20190218-WA0052-768x512.jpg 768w, http:\/\/www.karneval-dipperz.de\/wp-content\/uploads\/2019\/02\/IMG-20190218-WA0052.jpg 1600w\" sizes=\"auto, (max-width: 512px) 100vw, 512px\" \/><\/figure>\r\n<\/div>\r\n\r\n\r\n\r\n<div class=\"wp-block-image\">\r\n<figure class=\"aligncenter is-resized\"><img loading=\"lazy\" decoding=\"async\" class=\"wp-image-17959\" src=\"http:\/\/www.karneval-dipperz.de\/wp-content\/uploads\/2019\/03\/DSC_0166-1024x681.jpg\" alt=\"\" width=\"512\" height=\"341\" srcset=\"http:\/\/www.karneval-dipperz.de\/wp-content\/uploads\/2019\/03\/DSC_0166-1024x681.jpg 1024w, http:\/\/www.karneval-dipperz.de\/wp-content\/uploads\/2019\/03\/DSC_0166-300x199.jpg 300w, http:\/\/www.karneval-dipperz.de\/wp-content\/uploads\/2019\/03\/DSC_0166-768x511.jpg 768w\" sizes=\"auto, (max-width: 512px) 100vw, 512px\" \/><\/figure>\r\n<\/div>\r\n\r\n\r\n\r\n<div class=\"wp-block-image\">\r\n<figure class=\"aligncenter is-resized\"><img loading=\"lazy\" decoding=\"async\" class=\"wp-image-17236\" src=\"http:\/\/www.karneval-dipperz.de\/wp-content\/uploads\/2019\/02\/Brillant-1024x711.jpg\" alt=\"\" width=\"512\" height=\"356\" srcset=\"http:\/\/www.karneval-dipperz.de\/wp-content\/uploads\/2019\/02\/Brillant-1024x711.jpg 1024w, http:\/\/www.karneval-dipperz.de\/wp-content\/uploads\/2019\/02\/Brillant-300x208.jpg 300w, http:\/\/www.karneval-dipperz.de\/wp-content\/uploads\/2019\/02\/Brillant-768x533.jpg 768w, http:\/\/www.karneval-dipperz.de\/wp-content\/uploads\/2019\/02\/Brillant.jpg 1072w\" sizes=\"auto, (max-width: 512px) 100vw, 512px\" \/><\/figure>\r\n<\/div>\r\n\r\n\r\n\r\n<div class=\"wp-block-image\">\r\n<figure class=\"aligncenter is-resized\"><img loading=\"lazy\" decoding=\"async\" class=\"wp-image-18061\" src=\"http:\/\/www.karneval-dipperz.de\/wp-content\/uploads\/2019\/03\/DSC_0194-1024x681.jpg\" alt=\"\" width=\"512\" height=\"341\" srcset=\"http:\/\/www.karneval-dipperz.de\/wp-content\/uploads\/2019\/03\/DSC_0194-1024x681.jpg 1024w, http:\/\/www.karneval-dipperz.de\/wp-content\/uploads\/2019\/03\/DSC_0194-300x199.jpg 300w, http:\/\/www.karneval-dipperz.de\/wp-content\/uploads\/2019\/03\/DSC_0194-768x511.jpg 768w\" sizes=\"auto, (max-width: 512px) 100vw, 512px\" \/><\/figure>\r\n<\/div>\r\n\r\n\r\n\r\n<div class=\"wp-block-image\">\r\n<figure class=\"aligncenter is-resized\"><img loading=\"lazy\" decoding=\"async\" class=\"wp-image-17246\" src=\"http:\/\/www.karneval-dipperz.de\/wp-content\/uploads\/2019\/02\/11610697-dsc02331-1024x681.jpg\" alt=\"\" width=\"512\" height=\"341\" srcset=\"http:\/\/www.karneval-dipperz.de\/wp-content\/uploads\/2019\/02\/11610697-dsc02331-1024x681.jpg 1024w, http:\/\/www.karneval-dipperz.de\/wp-content\/uploads\/2019\/02\/11610697-dsc02331-300x199.jpg 300w, http:\/\/www.karneval-dipperz.de\/wp-content\/uploads\/2019\/02\/11610697-dsc02331-768x511.jpg 768w, http:\/\/www.karneval-dipperz.de\/wp-content\/uploads\/2019\/02\/11610697-dsc02331.jpg 1280w\" sizes=\"auto, (max-width: 512px) 100vw, 512px\" \/><\/figure>\r\n<\/div>\r\n\r\n\r\n\r\n<div class=\"wp-block-image\">\r\n<figure class=\"aligncenter is-resized\"><img loading=\"lazy\" decoding=\"async\" class=\"wp-image-17252\" src=\"http:\/\/www.karneval-dipperz.de\/wp-content\/uploads\/2019\/02\/11610697-dsc02283-1024x681.jpg\" alt=\"\" width=\"512\" height=\"341\" srcset=\"http:\/\/www.karneval-dipperz.de\/wp-content\/uploads\/2019\/02\/11610697-dsc02283-1024x681.jpg 1024w, http:\/\/www.karneval-dipperz.de\/wp-content\/uploads\/2019\/02\/11610697-dsc02283-300x199.jpg 300w, http:\/\/www.karneval-dipperz.de\/wp-content\/uploads\/2019\/02\/11610697-dsc02283-768x511.jpg 768w, http:\/\/www.karneval-dipperz.de\/wp-content\/uploads\/2019\/02\/11610697-dsc02283.jpg 1280w\" sizes=\"auto, (max-width: 512px) 100vw, 512px\" \/><\/figure>\r\n<\/div>\r\n\r\n\r\n\r\n<div class=\"wp-block-image\">\r\n<figure class=\"aligncenter is-resized\"><img loading=\"lazy\" decoding=\"async\" class=\"wp-image-17251\" src=\"http:\/\/www.karneval-dipperz.de\/wp-content\/uploads\/2019\/02\/11610697-dsc02332-1024x681.jpg\" alt=\"\" width=\"512\" height=\"341\" srcset=\"http:\/\/www.karneval-dipperz.de\/wp-content\/uploads\/2019\/02\/11610697-dsc02332-1024x681.jpg 1024w, http:\/\/www.karneval-dipperz.de\/wp-content\/uploads\/2019\/02\/11610697-dsc02332-300x199.jpg 300w, http:\/\/www.karneval-dipperz.de\/wp-content\/uploads\/2019\/02\/11610697-dsc02332-768x511.jpg 768w, http:\/\/www.karneval-dipperz.de\/wp-content\/uploads\/2019\/02\/11610697-dsc02332.jpg 1280w\" sizes=\"auto, (max-width: 512px) 100vw, 512px\" \/><\/figure>\r\n<\/div>\r\n\r\n\r\n\r\n<div class=\"wp-block-image\">\r\n<figure class=\"aligncenter is-resized\"><img loading=\"lazy\" decoding=\"async\" class=\"wp-image-17254\" src=\"http:\/\/www.karneval-dipperz.de\/wp-content\/uploads\/2019\/02\/11610697-dsc02311-1024x681.jpg\" alt=\"\" width=\"512\" height=\"341\" srcset=\"http:\/\/www.karneval-dipperz.de\/wp-content\/uploads\/2019\/02\/11610697-dsc02311-1024x681.jpg 1024w, http:\/\/www.karneval-dipperz.de\/wp-content\/uploads\/2019\/02\/11610697-dsc02311-300x199.jpg 300w, http:\/\/www.karneval-dipperz.de\/wp-content\/uploads\/2019\/02\/11610697-dsc02311-768x511.jpg 768w, http:\/\/www.karneval-dipperz.de\/wp-content\/uploads\/2019\/02\/11610697-dsc02311.jpg 1280w\" sizes=\"auto, (max-width: 512px) 100vw, 512px\" \/><\/figure>\r\n<\/div>\r\n\r\n\r\n\r\n<div class=\"wp-block-image\">\r\n<figure class=\"aligncenter is-resized\"><img loading=\"lazy\" decoding=\"async\" class=\"wp-image-18050\" src=\"http:\/\/www.karneval-dipperz.de\/wp-content\/uploads\/2019\/03\/DSC_0428-1024x681.jpg\" alt=\"\" width=\"512\" height=\"341\" srcset=\"http:\/\/www.karneval-dipperz.de\/wp-content\/uploads\/2019\/03\/DSC_0428-1024x681.jpg 1024w, http:\/\/www.karneval-dipperz.de\/wp-content\/uploads\/2019\/03\/DSC_0428-300x199.jpg 300w, http:\/\/www.karneval-dipperz.de\/wp-content\/uploads\/2019\/03\/DSC_0428-768x511.jpg 768w\" sizes=\"auto, (max-width: 512px) 100vw, 512px\" \/><\/figure>\r\n<\/div>\r\n\r\n\r\n\r\n<div class=\"wp-block-image\">\r\n<figure class=\"aligncenter is-resized\"><img loading=\"lazy\" decoding=\"async\" class=\"wp-image-17287\" src=\"http:\/\/www.karneval-dipperz.de\/wp-content\/uploads\/2019\/02\/IMG-20190218-WA0017-1024x682.jpg\" alt=\"\" width=\"512\" height=\"341\" srcset=\"http:\/\/www.karneval-dipperz.de\/wp-content\/uploads\/2019\/02\/IMG-20190218-WA0017-1024x682.jpg 1024w, http:\/\/www.karneval-dipperz.de\/wp-content\/uploads\/2019\/02\/IMG-20190218-WA0017-300x200.jpg 300w, http:\/\/www.karneval-dipperz.de\/wp-content\/uploads\/2019\/02\/IMG-20190218-WA0017-768x512.jpg 768w, http:\/\/www.karneval-dipperz.de\/wp-content\/uploads\/2019\/02\/IMG-20190218-WA0017.jpg 1600w\" sizes=\"auto, (max-width: 512px) 100vw, 512px\" \/><\/figure>\r\n<\/div>\r\n\r\n\r\n\r\n<div class=\"wp-block-image\">\r\n<figure class=\"aligncenter is-resized\"><img loading=\"lazy\" decoding=\"async\" class=\"wp-image-18065\" src=\"http:\/\/www.karneval-dipperz.de\/wp-content\/uploads\/2019\/03\/DSC_0447-1024x681.jpg\" alt=\"\" width=\"512\" height=\"341\" srcset=\"http:\/\/www.karneval-dipperz.de\/wp-content\/uploads\/2019\/03\/DSC_0447-1024x681.jpg 1024w, http:\/\/www.karneval-dipperz.de\/wp-content\/uploads\/2019\/03\/DSC_0447-300x199.jpg 300w, http:\/\/www.karneval-dipperz.de\/wp-content\/uploads\/2019\/03\/DSC_0447-768x511.jpg 768w\" sizes=\"auto, (max-width: 512px) 100vw, 512px\" \/><\/figure>\r\n<\/div>\r\n","protected":false},"excerpt":{"rendered":"<p>Am Samstag, 09.02.2019 fand unsere 1. Fremdensitzung im Dipperzer B\u00fcrgerhaus statt. Stimmung und gute Laune herrschte bei der ersten Sitzung. Die G\u00e4ste erlebten im B\u00fcrgerhaus einen kurzweiligen Abend mit tollen T\u00e4nzen, farbenfrohe Kost\u00fcmen und humorvollen Beitr\u00e4gen. Artikel Osthessen N\u00e4rrisch Hier gibt es mehr Bilder von der Sitzung \u2013 allerdings passwortgesch\u00fctzt! Das Passwort kann beim Vorstand [&hellip;]<\/p>\n","protected":false},"author":666667,"featured_media":0,"parent":0,"menu_order":0,"comment_status":"closed","ping_status":"closed","template":"","meta":{"ngg_post_thumbnail":0,"footnotes":""},"class_list":["post-17202","page","type-page","status-publish","hentry"],"_links":{"self":[{"href":"http:\/\/www.karneval-dipperz.de\/index.php\/wp-json\/wp\/v2\/pages\/17202","targetHints":{"allow":["GET"]}}],"collection":[{"href":"http:\/\/www.karneval-dipperz.de\/index.php\/wp-json\/wp\/v2\/pages"}],"about":[{"href":"http:\/\/www.karneval-dipperz.de\/index.php\/wp-json\/wp\/v2\/types\/page"}],"author":[{"embeddable":true,"href":"http:\/\/www.karneval-dipperz.de\/index.php\/wp-json\/wp\/v2\/users\/666667"}],"replies":[{"embeddable":true,"href":"http:\/\/www.karneval-dipperz.de\/index.php\/wp-json\/wp\/v2\/comments?post=17202"}],"version-history":[{"count":0,"href":"http:\/\/www.karneval-dipperz.de\/index.php\/wp-json\/wp\/v2\/pages\/17202\/revisions"}],"wp:attachment":[{"href":"http:\/\/www.karneval-dipperz.de\/index.php\/wp-json\/wp\/v2\/media?parent=17202"}],"curies":[{"name":"wp","href":"https:\/\/api.w.org\/{rel}","templated":true}]}}