{"id":19493,"date":"2020-01-30T07:54:22","date_gmt":"2020-01-30T07:54:22","guid":{"rendered":"http:\/\/www.karneval-dipperz.de\/?page_id=19493"},"modified":"2026-05-08T06:32:46","modified_gmt":"2026-05-08T06:32:46","slug":"vorstand","status":"publish","type":"page","link":"http:\/\/www.karneval-dipperz.de\/index.php\/vorstand\/","title":{"rendered":"Vorstand"},"content":{"rendered":"<p><a href=\"http:\/\/www.karneval-dipperz.de\/wp-content\/uploads\/2025\/06\/Neuer-Vorstand-scaled.jpg\"><img loading=\"lazy\" decoding=\"async\" class=\"aligncenter wp-image-26478\" src=\"http:\/\/www.karneval-dipperz.de\/wp-content\/uploads\/2025\/06\/Neuer-Vorstand-938x1024.jpg\" alt=\"\" width=\"400\" height=\"437\" srcset=\"http:\/\/www.karneval-dipperz.de\/wp-content\/uploads\/2025\/06\/Neuer-Vorstand-938x1024.jpg 938w, http:\/\/www.karneval-dipperz.de\/wp-content\/uploads\/2025\/06\/Neuer-Vorstand-275x300.jpg 275w, http:\/\/www.karneval-dipperz.de\/wp-content\/uploads\/2025\/06\/Neuer-Vorstand-768x839.jpg 768w, http:\/\/www.karneval-dipperz.de\/wp-content\/uploads\/2025\/06\/Neuer-Vorstand-1407x1536.jpg 1407w, http:\/\/www.karneval-dipperz.de\/wp-content\/uploads\/2025\/06\/Neuer-Vorstand-1876x2048.jpg 1876w\" sizes=\"auto, (max-width: 400px) 100vw, 400px\" \/><\/a><\/p>\n<p style=\"text-align: center;\"><span style=\"color: #000000;\">1. Pr\u00e4sident: Ren\u00e9 Klemenz<\/span><\/p>\n<p style=\"text-align: center;\"><span style=\"color: #000000;\">2. Pr\u00e4sident: Steffen Leibold<\/span><\/p>\n<p style=\"text-align: center;\"><span style=\"color: #000000;\">1. Vorsitzende: Michelle Danh\u00e4user &#8211;&nbsp; <a href=\"mailto:vorsitzende@karneval-dipperz.de\" target=\"_blank\" rel=\"noopener\">vorsitzende@karneval-dipperz.de<\/a><\/span><\/p>\n<p style=\"text-align: center;\"><span style=\"color: #000000;\">2. Vorsitzender: Kai Binder<\/span><\/p>\n<p style=\"text-align: center;\"><span style=\"color: #000000;\">3. Vorsitzende: unbesetzt<\/span><\/p>\n<p style=\"text-align: center;\"><span style=\"color: #000000;\">1. Schriftf\u00fchrer: Philipp Henkel &#8211;&nbsp;<\/span><a href=\"mailto:schriftfuehrer@karneval-dipperz.de\" target=\"_blank\" rel=\"noopener\">schriftfuehrer@karneval-dipperz.de<\/a><\/p>\n<p style=\"text-align: center;\"><span style=\"color: #000000;\">2. Schriftf\u00fchrerin: Elena Krick<\/span><\/p>\n<p style=\"text-align: center;\"><span style=\"color: #000000;\">1. Kassierer: Steffen Schleicher<br \/>\n<\/span><\/p>\n<p style=\"text-align: center;\"><span style=\"color: #000000;\">2. Kassierer: Vanessa Klemenz<\/span><\/p>\n<p style=\"text-align: center;\"><span style=\"color: #000000;\">1. Kassenp\u00fcfer: Martin K\u00f6nig<\/span><\/p>\n<p style=\"text-align: center;\"><span style=\"color: #000000;\">2. Kassenpr\u00fcfer: Lou-Pascal Hau<\/span><\/p>\n<p style=\"text-align: center;\"><span style=\"color: #000000;\">Pflege Homepage: Stephan Schulz &#8211;&nbsp;<\/span><a href=\"mailto:Webmaster@karneval-dipperz.de\" target=\"_blank\" rel=\"noopener\"><span style=\"color: #000000;\"> Webmaster@karneval-dipperz.de<\/span><\/a><\/p>\n","protected":false},"excerpt":{"rendered":"<p>1. Pr\u00e4sident: Ren\u00e9 Klemenz 2. Pr\u00e4sident: Steffen Leibold 1. Vorsitzende: Michelle Danh\u00e4user &#8211;&nbsp; vorsitzende@karneval-dipperz.de 2. Vorsitzender: Kai Binder 3. Vorsitzende: unbesetzt 1. Schriftf\u00fchrer: Philipp Henkel &#8211;&nbsp;schriftfuehrer@karneval-dipperz.de 2. Schriftf\u00fchrerin: Elena Krick 1. Kassierer: Steffen Schleicher 2. Kassierer: Vanessa Klemenz 1. Kassenp\u00fcfer: Martin K\u00f6nig 2. Kassenpr\u00fcfer: Lou-Pascal Hau Pflege Homepage: Stephan Schulz &#8211;&nbsp; Webmaster@karneval-dipperz.de<\/p>\n","protected":false},"author":666667,"featured_media":0,"parent":0,"menu_order":0,"comment_status":"closed","ping_status":"closed","template":"","meta":{"ngg_post_thumbnail":0,"footnotes":""},"class_list":["post-19493","page","type-page","status-publish","hentry"],"_links":{"self":[{"href":"http:\/\/www.karneval-dipperz.de\/index.php\/wp-json\/wp\/v2\/pages\/19493","targetHints":{"allow":["GET"]}}],"collection":[{"href":"http:\/\/www.karneval-dipperz.de\/index.php\/wp-json\/wp\/v2\/pages"}],"about":[{"href":"http:\/\/www.karneval-dipperz.de\/index.php\/wp-json\/wp\/v2\/types\/page"}],"author":[{"embeddable":true,"href":"http:\/\/www.karneval-dipperz.de\/index.php\/wp-json\/wp\/v2\/users\/666667"}],"replies":[{"embeddable":true,"href":"http:\/\/www.karneval-dipperz.de\/index.php\/wp-json\/wp\/v2\/comments?post=19493"}],"version-history":[{"count":1,"href":"http:\/\/www.karneval-dipperz.de\/index.php\/wp-json\/wp\/v2\/pages\/19493\/revisions"}],"predecessor-version":[{"id":27024,"href":"http:\/\/www.karneval-dipperz.de\/index.php\/wp-json\/wp\/v2\/pages\/19493\/revisions\/27024"}],"wp:attachment":[{"href":"http:\/\/www.karneval-dipperz.de\/index.php\/wp-json\/wp\/v2\/media?parent=19493"}],"curies":[{"name":"wp","href":"https:\/\/api.w.org\/{rel}","templated":true}]}}