{"id":19550,"date":"2020-02-02T14:43:31","date_gmt":"2020-02-02T14:43:31","guid":{"rendered":"http:\/\/www.karneval-dipperz.de\/?page_id=19550"},"modified":"2023-08-08T07:20:30","modified_gmt":"2023-08-08T07:20:30","slug":"sitzung-2020","status":"publish","type":"page","link":"http:\/\/www.karneval-dipperz.de\/index.php\/sitzung-2020\/","title":{"rendered":"Sitzung 2020"},"content":{"rendered":"<p style=\"text-align: center;\"><span style=\"color: #000000;\">Am Samstag, 01.02.2020 fand unsere 1. Fremdensitzung im Dipperzer B\u00fcrgerhaus statt. Stimmung und gute Laune herrschte bei der ersten Sitzung im Jubil\u00e4umsjahr. Die G\u00e4ste erlebten im B\u00fcrgerhaus einen kurzweiligen Abend mit tollen T\u00e4nzen, farbenfrohe Kost\u00fcmen und humorvollen Beitr\u00e4gen.<\/span><\/p>\r\n<p style=\"text-align: center;\"><a href=\"https:\/\/osthessen-news.de\/naerrisch\/n11630395\/fremdensitzung-in-dippers-155-aktive-starten-in-55-kampagne.html\" target=\"_blank\" rel=\"noopener noreferrer\"><span style=\"color: #000000;\">Artikel Osthessen N\u00e4rrisch<\/span><\/a><\/p>\r\n<p style=\"text-align: center;\"><span style=\"color: #000000;\"><!-- \/wp:post-content -->\r\n\r\n<!-- wp:paragraph {\"align\":\"center\"} --><\/span><\/p>\r\n<p style=\"text-align: center;\"><span style=\"color: #000000;\"><!-- \/wp:paragraph -->\r\n\r\n<!-- wp:paragraph {\"align\":\"center\"} --><\/span><\/p>\r\n<p style=\"text-align: center;\"><span style=\"color: #000000;\"><a style=\"color: #000000;\" href=\"http:\/\/www.karneval-dipperz.de\/index.php\/sitzung-2020-bilder\/\">Hier gibt es mehr Bilder von der Sitzung<\/a> \u2013 allerdings passwortgesch\u00fctzt! Das Passwort kann beim Vorstand erfragt werden!<\/span><\/p>\r\n<p><span style=\"color: #000000;\"><a style=\"color: #000000;\" href=\"http:\/\/www.karneval-dipperz.de\/wp-content\/uploads\/2020\/02\/DSC03538-scaled.jpg\"><img loading=\"lazy\" decoding=\"async\" class=\"aligncenter wp-image-19559 size-large\" src=\"http:\/\/www.karneval-dipperz.de\/wp-content\/uploads\/2020\/02\/DSC03538-1024x681.jpg\" alt=\"\" width=\"700\" height=\"466\" srcset=\"http:\/\/www.karneval-dipperz.de\/wp-content\/uploads\/2020\/02\/DSC03538-1024x681.jpg 1024w, http:\/\/www.karneval-dipperz.de\/wp-content\/uploads\/2020\/02\/DSC03538-300x200.jpg 300w, http:\/\/www.karneval-dipperz.de\/wp-content\/uploads\/2020\/02\/DSC03538-768x511.jpg 768w, http:\/\/www.karneval-dipperz.de\/wp-content\/uploads\/2020\/02\/DSC03538-1536x1022.jpg 1536w, http:\/\/www.karneval-dipperz.de\/wp-content\/uploads\/2020\/02\/DSC03538-2048x1363.jpg 2048w\" sizes=\"auto, (max-width: 700px) 100vw, 700px\" \/><\/a><\/span><\/p>\r\n<p><span style=\"color: #000000;\"><a style=\"color: #000000;\" href=\"http:\/\/www.karneval-dipperz.de\/wp-content\/uploads\/2020\/02\/DSC03551-scaled.jpg\"><img loading=\"lazy\" decoding=\"async\" class=\"aligncenter wp-image-19562 size-large\" src=\"http:\/\/www.karneval-dipperz.de\/wp-content\/uploads\/2020\/02\/DSC03551-1024x681.jpg\" alt=\"\" width=\"700\" height=\"466\" srcset=\"http:\/\/www.karneval-dipperz.de\/wp-content\/uploads\/2020\/02\/DSC03551-1024x681.jpg 1024w, http:\/\/www.karneval-dipperz.de\/wp-content\/uploads\/2020\/02\/DSC03551-300x200.jpg 300w, http:\/\/www.karneval-dipperz.de\/wp-content\/uploads\/2020\/02\/DSC03551-768x511.jpg 768w, http:\/\/www.karneval-dipperz.de\/wp-content\/uploads\/2020\/02\/DSC03551-1536x1022.jpg 1536w, http:\/\/www.karneval-dipperz.de\/wp-content\/uploads\/2020\/02\/DSC03551-2048x1363.jpg 2048w\" sizes=\"auto, (max-width: 700px) 100vw, 700px\" \/><\/a><\/span><\/p>\r\n<p><span style=\"color: #000000;\"><a style=\"color: #000000;\" href=\"http:\/\/www.karneval-dipperz.de\/wp-content\/uploads\/2020\/02\/DSC03557-scaled.jpg\"><img loading=\"lazy\" decoding=\"async\" class=\"aligncenter wp-image-19564 size-large\" src=\"http:\/\/www.karneval-dipperz.de\/wp-content\/uploads\/2020\/02\/DSC03557-681x1024.jpg\" alt=\"\" width=\"681\" height=\"1024\" srcset=\"http:\/\/www.karneval-dipperz.de\/wp-content\/uploads\/2020\/02\/DSC03557-681x1024.jpg 681w, http:\/\/www.karneval-dipperz.de\/wp-content\/uploads\/2020\/02\/DSC03557-200x300.jpg 200w, http:\/\/www.karneval-dipperz.de\/wp-content\/uploads\/2020\/02\/DSC03557-768x1154.jpg 768w, http:\/\/www.karneval-dipperz.de\/wp-content\/uploads\/2020\/02\/DSC03557-1022x1536.jpg 1022w, http:\/\/www.karneval-dipperz.de\/wp-content\/uploads\/2020\/02\/DSC03557-1363x2048.jpg 1363w, http:\/\/www.karneval-dipperz.de\/wp-content\/uploads\/2020\/02\/DSC03557-scaled.jpg 1704w\" sizes=\"auto, (max-width: 681px) 100vw, 681px\" \/><\/a><\/span><\/p>\r\n<p><span style=\"color: #000000;\"><a style=\"color: #000000;\" href=\"http:\/\/www.karneval-dipperz.de\/wp-content\/uploads\/2020\/02\/DSC03594-scaled.jpg\"><img loading=\"lazy\" decoding=\"async\" class=\"aligncenter size-large wp-image-19566\" src=\"http:\/\/www.karneval-dipperz.de\/wp-content\/uploads\/2020\/02\/DSC03594-1024x681.jpg\" alt=\"\" width=\"700\" height=\"466\" srcset=\"http:\/\/www.karneval-dipperz.de\/wp-content\/uploads\/2020\/02\/DSC03594-1024x681.jpg 1024w, http:\/\/www.karneval-dipperz.de\/wp-content\/uploads\/2020\/02\/DSC03594-300x200.jpg 300w, http:\/\/www.karneval-dipperz.de\/wp-content\/uploads\/2020\/02\/DSC03594-768x511.jpg 768w, http:\/\/www.karneval-dipperz.de\/wp-content\/uploads\/2020\/02\/DSC03594-1536x1022.jpg 1536w, http:\/\/www.karneval-dipperz.de\/wp-content\/uploads\/2020\/02\/DSC03594-2048x1363.jpg 2048w\" sizes=\"auto, (max-width: 700px) 100vw, 700px\" \/><\/a><\/span><\/p>\r\n<p><span style=\"color: #000000;\"><a style=\"color: #000000;\" href=\"http:\/\/www.karneval-dipperz.de\/wp-content\/uploads\/2020\/02\/DSC03604-scaled.jpg\"><img loading=\"lazy\" decoding=\"async\" class=\"aligncenter wp-image-19568 size-large\" src=\"http:\/\/www.karneval-dipperz.de\/wp-content\/uploads\/2020\/02\/DSC03604-1024x681.jpg\" alt=\"\" width=\"700\" height=\"466\" srcset=\"http:\/\/www.karneval-dipperz.de\/wp-content\/uploads\/2020\/02\/DSC03604-1024x681.jpg 1024w, http:\/\/www.karneval-dipperz.de\/wp-content\/uploads\/2020\/02\/DSC03604-300x200.jpg 300w, http:\/\/www.karneval-dipperz.de\/wp-content\/uploads\/2020\/02\/DSC03604-768x511.jpg 768w, http:\/\/www.karneval-dipperz.de\/wp-content\/uploads\/2020\/02\/DSC03604-1536x1022.jpg 1536w, http:\/\/www.karneval-dipperz.de\/wp-content\/uploads\/2020\/02\/DSC03604-2048x1363.jpg 2048w\" sizes=\"auto, (max-width: 700px) 100vw, 700px\" \/><\/a><\/span><\/p>\r\n<p><span style=\"color: #000000;\"><a style=\"color: #000000;\" href=\"http:\/\/www.karneval-dipperz.de\/wp-content\/uploads\/2020\/02\/DSC03621-scaled.jpg\"><img loading=\"lazy\" decoding=\"async\" class=\"aligncenter wp-image-19569 size-large\" src=\"http:\/\/www.karneval-dipperz.de\/wp-content\/uploads\/2020\/02\/DSC03621-1024x681.jpg\" alt=\"\" width=\"700\" height=\"466\" srcset=\"http:\/\/www.karneval-dipperz.de\/wp-content\/uploads\/2020\/02\/DSC03621-1024x681.jpg 1024w, http:\/\/www.karneval-dipperz.de\/wp-content\/uploads\/2020\/02\/DSC03621-300x200.jpg 300w, http:\/\/www.karneval-dipperz.de\/wp-content\/uploads\/2020\/02\/DSC03621-768x511.jpg 768w, http:\/\/www.karneval-dipperz.de\/wp-content\/uploads\/2020\/02\/DSC03621-1536x1022.jpg 1536w, http:\/\/www.karneval-dipperz.de\/wp-content\/uploads\/2020\/02\/DSC03621-2048x1363.jpg 2048w\" sizes=\"auto, (max-width: 700px) 100vw, 700px\" \/><\/a><\/span><\/p>\r\n<p><span style=\"color: #000000;\"><a style=\"color: #000000;\" href=\"http:\/\/www.karneval-dipperz.de\/wp-content\/uploads\/2020\/02\/DSC03635a-scaled.jpg\"><img loading=\"lazy\" decoding=\"async\" class=\"aligncenter size-large wp-image-19570\" src=\"http:\/\/www.karneval-dipperz.de\/wp-content\/uploads\/2020\/02\/DSC03635a-1024x723.jpg\" alt=\"\" width=\"700\" height=\"494\" srcset=\"http:\/\/www.karneval-dipperz.de\/wp-content\/uploads\/2020\/02\/DSC03635a-1024x723.jpg 1024w, http:\/\/www.karneval-dipperz.de\/wp-content\/uploads\/2020\/02\/DSC03635a-300x212.jpg 300w, http:\/\/www.karneval-dipperz.de\/wp-content\/uploads\/2020\/02\/DSC03635a-768x542.jpg 768w, http:\/\/www.karneval-dipperz.de\/wp-content\/uploads\/2020\/02\/DSC03635a-1536x1084.jpg 1536w, http:\/\/www.karneval-dipperz.de\/wp-content\/uploads\/2020\/02\/DSC03635a-2048x1445.jpg 2048w\" sizes=\"auto, (max-width: 700px) 100vw, 700px\" \/><\/a><\/span><\/p>\r\n<p><span style=\"color: #000000;\"><a style=\"color: #000000;\" href=\"http:\/\/www.karneval-dipperz.de\/wp-content\/uploads\/2020\/02\/DSC03643-scaled.jpg\"><img loading=\"lazy\" decoding=\"async\" class=\"aligncenter size-large wp-image-19571\" src=\"http:\/\/www.karneval-dipperz.de\/wp-content\/uploads\/2020\/02\/DSC03643-1024x681.jpg\" alt=\"\" width=\"700\" height=\"466\" srcset=\"http:\/\/www.karneval-dipperz.de\/wp-content\/uploads\/2020\/02\/DSC03643-1024x681.jpg 1024w, http:\/\/www.karneval-dipperz.de\/wp-content\/uploads\/2020\/02\/DSC03643-300x200.jpg 300w, http:\/\/www.karneval-dipperz.de\/wp-content\/uploads\/2020\/02\/DSC03643-768x511.jpg 768w, http:\/\/www.karneval-dipperz.de\/wp-content\/uploads\/2020\/02\/DSC03643-1536x1022.jpg 1536w, http:\/\/www.karneval-dipperz.de\/wp-content\/uploads\/2020\/02\/DSC03643-2048x1363.jpg 2048w\" sizes=\"auto, (max-width: 700px) 100vw, 700px\" \/><\/a><\/span><\/p>\r\n<p><span style=\"color: #000000;\"><a style=\"color: #000000;\" href=\"http:\/\/www.karneval-dipperz.de\/wp-content\/uploads\/2020\/02\/DSC03651-scaled.jpg\"><img loading=\"lazy\" decoding=\"async\" class=\"aligncenter size-large wp-image-19572\" src=\"http:\/\/www.karneval-dipperz.de\/wp-content\/uploads\/2020\/02\/DSC03651-1024x681.jpg\" alt=\"\" width=\"700\" height=\"466\" srcset=\"http:\/\/www.karneval-dipperz.de\/wp-content\/uploads\/2020\/02\/DSC03651-1024x681.jpg 1024w, http:\/\/www.karneval-dipperz.de\/wp-content\/uploads\/2020\/02\/DSC03651-300x200.jpg 300w, http:\/\/www.karneval-dipperz.de\/wp-content\/uploads\/2020\/02\/DSC03651-768x511.jpg 768w, http:\/\/www.karneval-dipperz.de\/wp-content\/uploads\/2020\/02\/DSC03651-1536x1022.jpg 1536w, http:\/\/www.karneval-dipperz.de\/wp-content\/uploads\/2020\/02\/DSC03651-2048x1363.jpg 2048w\" sizes=\"auto, (max-width: 700px) 100vw, 700px\" \/><\/a><\/span><\/p>\r\n<p><span style=\"color: #000000;\"><a style=\"color: #000000;\" href=\"http:\/\/www.karneval-dipperz.de\/wp-content\/uploads\/2020\/02\/DSC03671-scaled.jpg\"><img loading=\"lazy\" decoding=\"async\" class=\"aligncenter size-large wp-image-19574\" src=\"http:\/\/www.karneval-dipperz.de\/wp-content\/uploads\/2020\/02\/DSC03671-1024x681.jpg\" alt=\"\" width=\"700\" height=\"466\" srcset=\"http:\/\/www.karneval-dipperz.de\/wp-content\/uploads\/2020\/02\/DSC03671-1024x681.jpg 1024w, http:\/\/www.karneval-dipperz.de\/wp-content\/uploads\/2020\/02\/DSC03671-300x200.jpg 300w, http:\/\/www.karneval-dipperz.de\/wp-content\/uploads\/2020\/02\/DSC03671-768x511.jpg 768w, http:\/\/www.karneval-dipperz.de\/wp-content\/uploads\/2020\/02\/DSC03671-1536x1022.jpg 1536w, http:\/\/www.karneval-dipperz.de\/wp-content\/uploads\/2020\/02\/DSC03671-2048x1363.jpg 2048w\" sizes=\"auto, (max-width: 700px) 100vw, 700px\" \/><\/a><\/span><\/p>\r\n<p><a href=\"http:\/\/www.karneval-dipperz.de\/wp-content\/uploads\/2020\/02\/DSC03687-scaled.jpg\"><img loading=\"lazy\" decoding=\"async\" class=\"aligncenter size-large wp-image-20020\" src=\"http:\/\/www.karneval-dipperz.de\/wp-content\/uploads\/2020\/02\/DSC03687-681x1024.jpg\" alt=\"\" width=\"681\" height=\"1024\" srcset=\"http:\/\/www.karneval-dipperz.de\/wp-content\/uploads\/2020\/02\/DSC03687-681x1024.jpg 681w, http:\/\/www.karneval-dipperz.de\/wp-content\/uploads\/2020\/02\/DSC03687-200x300.jpg 200w, http:\/\/www.karneval-dipperz.de\/wp-content\/uploads\/2020\/02\/DSC03687-768x1154.jpg 768w, http:\/\/www.karneval-dipperz.de\/wp-content\/uploads\/2020\/02\/DSC03687-1022x1536.jpg 1022w, http:\/\/www.karneval-dipperz.de\/wp-content\/uploads\/2020\/02\/DSC03687-1363x2048.jpg 1363w, http:\/\/www.karneval-dipperz.de\/wp-content\/uploads\/2020\/02\/DSC03687-scaled.jpg 1704w\" sizes=\"auto, (max-width: 681px) 100vw, 681px\" \/><\/a><\/p>\r\n<p><span style=\"color: #000000;\"><a style=\"color: #000000;\" href=\"http:\/\/www.karneval-dipperz.de\/wp-content\/uploads\/2020\/02\/DSC03704-scaled.jpg\"><img loading=\"lazy\" decoding=\"async\" class=\"aligncenter size-large wp-image-19575\" src=\"http:\/\/www.karneval-dipperz.de\/wp-content\/uploads\/2020\/02\/DSC03704-1024x681.jpg\" alt=\"\" width=\"700\" height=\"466\" srcset=\"http:\/\/www.karneval-dipperz.de\/wp-content\/uploads\/2020\/02\/DSC03704-1024x681.jpg 1024w, http:\/\/www.karneval-dipperz.de\/wp-content\/uploads\/2020\/02\/DSC03704-300x200.jpg 300w, http:\/\/www.karneval-dipperz.de\/wp-content\/uploads\/2020\/02\/DSC03704-768x511.jpg 768w, http:\/\/www.karneval-dipperz.de\/wp-content\/uploads\/2020\/02\/DSC03704-1536x1022.jpg 1536w, http:\/\/www.karneval-dipperz.de\/wp-content\/uploads\/2020\/02\/DSC03704-2048x1363.jpg 2048w\" sizes=\"auto, (max-width: 700px) 100vw, 700px\" \/><\/a><\/span><\/p>\r\n<p><span style=\"color: #000000;\"><a style=\"color: #000000;\" href=\"http:\/\/www.karneval-dipperz.de\/wp-content\/uploads\/2020\/02\/DSC03718-scaled.jpg\"><img loading=\"lazy\" decoding=\"async\" class=\"aligncenter wp-image-19577 size-large\" src=\"http:\/\/www.karneval-dipperz.de\/wp-content\/uploads\/2020\/02\/DSC03718-1024x681.jpg\" alt=\"\" width=\"700\" height=\"466\" srcset=\"http:\/\/www.karneval-dipperz.de\/wp-content\/uploads\/2020\/02\/DSC03718-1024x681.jpg 1024w, http:\/\/www.karneval-dipperz.de\/wp-content\/uploads\/2020\/02\/DSC03718-300x200.jpg 300w, http:\/\/www.karneval-dipperz.de\/wp-content\/uploads\/2020\/02\/DSC03718-768x511.jpg 768w, http:\/\/www.karneval-dipperz.de\/wp-content\/uploads\/2020\/02\/DSC03718-1536x1022.jpg 1536w, http:\/\/www.karneval-dipperz.de\/wp-content\/uploads\/2020\/02\/DSC03718-2048x1363.jpg 2048w\" sizes=\"auto, (max-width: 700px) 100vw, 700px\" \/><\/a><\/span><\/p>\r\n<p><span style=\"color: #000000;\"><a style=\"color: #000000;\" href=\"http:\/\/www.karneval-dipperz.de\/wp-content\/uploads\/2020\/02\/DSC03752-scaled.jpg\"><img loading=\"lazy\" decoding=\"async\" class=\"aligncenter wp-image-19578 size-large\" src=\"http:\/\/www.karneval-dipperz.de\/wp-content\/uploads\/2020\/02\/DSC03752-1024x681.jpg\" alt=\"\" width=\"700\" height=\"466\" srcset=\"http:\/\/www.karneval-dipperz.de\/wp-content\/uploads\/2020\/02\/DSC03752-1024x681.jpg 1024w, http:\/\/www.karneval-dipperz.de\/wp-content\/uploads\/2020\/02\/DSC03752-300x200.jpg 300w, http:\/\/www.karneval-dipperz.de\/wp-content\/uploads\/2020\/02\/DSC03752-768x511.jpg 768w, http:\/\/www.karneval-dipperz.de\/wp-content\/uploads\/2020\/02\/DSC03752-1536x1022.jpg 1536w, http:\/\/www.karneval-dipperz.de\/wp-content\/uploads\/2020\/02\/DSC03752-2048x1363.jpg 2048w\" sizes=\"auto, (max-width: 700px) 100vw, 700px\" \/><\/a><\/span><\/p>\r\n<p><span style=\"color: #000000;\"><a style=\"color: #000000;\" href=\"http:\/\/www.karneval-dipperz.de\/wp-content\/uploads\/2020\/02\/DSC03759-scaled.jpg\"><img loading=\"lazy\" decoding=\"async\" class=\"aligncenter wp-image-19579 size-large\" src=\"http:\/\/www.karneval-dipperz.de\/wp-content\/uploads\/2020\/02\/DSC03759-1024x681.jpg\" alt=\"\" width=\"700\" height=\"466\" srcset=\"http:\/\/www.karneval-dipperz.de\/wp-content\/uploads\/2020\/02\/DSC03759-1024x681.jpg 1024w, http:\/\/www.karneval-dipperz.de\/wp-content\/uploads\/2020\/02\/DSC03759-300x200.jpg 300w, http:\/\/www.karneval-dipperz.de\/wp-content\/uploads\/2020\/02\/DSC03759-768x511.jpg 768w, http:\/\/www.karneval-dipperz.de\/wp-content\/uploads\/2020\/02\/DSC03759-1536x1022.jpg 1536w, http:\/\/www.karneval-dipperz.de\/wp-content\/uploads\/2020\/02\/DSC03759-2048x1363.jpg 2048w\" sizes=\"auto, (max-width: 700px) 100vw, 700px\" \/><\/a><\/span><\/p>\r\n<p><span style=\"color: #000000;\"><a style=\"color: #000000;\" href=\"http:\/\/www.karneval-dipperz.de\/wp-content\/uploads\/2020\/02\/DSC03773-scaled.jpg\"><img loading=\"lazy\" decoding=\"async\" class=\"aligncenter wp-image-19581 size-large\" src=\"http:\/\/www.karneval-dipperz.de\/wp-content\/uploads\/2020\/02\/DSC03773-1024x681.jpg\" alt=\"\" width=\"700\" height=\"466\" srcset=\"http:\/\/www.karneval-dipperz.de\/wp-content\/uploads\/2020\/02\/DSC03773-1024x681.jpg 1024w, http:\/\/www.karneval-dipperz.de\/wp-content\/uploads\/2020\/02\/DSC03773-300x200.jpg 300w, http:\/\/www.karneval-dipperz.de\/wp-content\/uploads\/2020\/02\/DSC03773-768x511.jpg 768w, http:\/\/www.karneval-dipperz.de\/wp-content\/uploads\/2020\/02\/DSC03773-1536x1022.jpg 1536w, http:\/\/www.karneval-dipperz.de\/wp-content\/uploads\/2020\/02\/DSC03773-2048x1363.jpg 2048w\" sizes=\"auto, (max-width: 700px) 100vw, 700px\" \/><\/a><\/span><\/p>\r\n<p><span style=\"color: #000000;\"><a style=\"color: #000000;\" href=\"http:\/\/www.karneval-dipperz.de\/wp-content\/uploads\/2020\/02\/DSC03799-scaled.jpg\"><img loading=\"lazy\" decoding=\"async\" class=\"aligncenter wp-image-19583 size-large\" src=\"http:\/\/www.karneval-dipperz.de\/wp-content\/uploads\/2020\/02\/DSC03799-1024x681.jpg\" alt=\"\" width=\"700\" height=\"466\" srcset=\"http:\/\/www.karneval-dipperz.de\/wp-content\/uploads\/2020\/02\/DSC03799-1024x681.jpg 1024w, http:\/\/www.karneval-dipperz.de\/wp-content\/uploads\/2020\/02\/DSC03799-300x200.jpg 300w, http:\/\/www.karneval-dipperz.de\/wp-content\/uploads\/2020\/02\/DSC03799-768x511.jpg 768w, http:\/\/www.karneval-dipperz.de\/wp-content\/uploads\/2020\/02\/DSC03799-1536x1022.jpg 1536w, http:\/\/www.karneval-dipperz.de\/wp-content\/uploads\/2020\/02\/DSC03799-2048x1363.jpg 2048w\" sizes=\"auto, (max-width: 700px) 100vw, 700px\" \/><\/a><\/span><\/p>\r\n<p><span style=\"color: #000000;\"><a style=\"color: #000000;\" href=\"http:\/\/www.karneval-dipperz.de\/wp-content\/uploads\/2020\/02\/DSC03820-scaled.jpg\"><img loading=\"lazy\" decoding=\"async\" class=\"aligncenter wp-image-19584 size-large\" src=\"http:\/\/www.karneval-dipperz.de\/wp-content\/uploads\/2020\/02\/DSC03820-1024x681.jpg\" alt=\"\" width=\"700\" height=\"466\" srcset=\"http:\/\/www.karneval-dipperz.de\/wp-content\/uploads\/2020\/02\/DSC03820-1024x681.jpg 1024w, http:\/\/www.karneval-dipperz.de\/wp-content\/uploads\/2020\/02\/DSC03820-300x200.jpg 300w, http:\/\/www.karneval-dipperz.de\/wp-content\/uploads\/2020\/02\/DSC03820-768x511.jpg 768w, http:\/\/www.karneval-dipperz.de\/wp-content\/uploads\/2020\/02\/DSC03820-1536x1022.jpg 1536w, http:\/\/www.karneval-dipperz.de\/wp-content\/uploads\/2020\/02\/DSC03820-2048x1363.jpg 2048w\" sizes=\"auto, (max-width: 700px) 100vw, 700px\" \/><\/a><\/span><\/p>\r\n<p><span style=\"color: #000000;\"><a style=\"color: #000000;\" href=\"http:\/\/www.karneval-dipperz.de\/wp-content\/uploads\/2020\/02\/DSC03853-scaled.jpg\"><img loading=\"lazy\" decoding=\"async\" class=\"aligncenter size-large wp-image-19586\" src=\"http:\/\/www.karneval-dipperz.de\/wp-content\/uploads\/2020\/02\/DSC03853-1024x681.jpg\" alt=\"\" width=\"700\" height=\"466\" srcset=\"http:\/\/www.karneval-dipperz.de\/wp-content\/uploads\/2020\/02\/DSC03853-1024x681.jpg 1024w, http:\/\/www.karneval-dipperz.de\/wp-content\/uploads\/2020\/02\/DSC03853-300x200.jpg 300w, http:\/\/www.karneval-dipperz.de\/wp-content\/uploads\/2020\/02\/DSC03853-768x511.jpg 768w, http:\/\/www.karneval-dipperz.de\/wp-content\/uploads\/2020\/02\/DSC03853-1536x1022.jpg 1536w, http:\/\/www.karneval-dipperz.de\/wp-content\/uploads\/2020\/02\/DSC03853-2048x1363.jpg 2048w\" sizes=\"auto, (max-width: 700px) 100vw, 700px\" \/><\/a><\/span><\/p>\r\n<p><span style=\"color: #000000;\"><a style=\"color: #000000;\" href=\"http:\/\/www.karneval-dipperz.de\/wp-content\/uploads\/2020\/02\/DSC03885-scaled.jpg\"><img loading=\"lazy\" decoding=\"async\" class=\"aligncenter size-large wp-image-19587\" src=\"http:\/\/www.karneval-dipperz.de\/wp-content\/uploads\/2020\/02\/DSC03885-1024x681.jpg\" alt=\"\" width=\"700\" height=\"466\" srcset=\"http:\/\/www.karneval-dipperz.de\/wp-content\/uploads\/2020\/02\/DSC03885-1024x681.jpg 1024w, http:\/\/www.karneval-dipperz.de\/wp-content\/uploads\/2020\/02\/DSC03885-300x200.jpg 300w, http:\/\/www.karneval-dipperz.de\/wp-content\/uploads\/2020\/02\/DSC03885-768x511.jpg 768w, http:\/\/www.karneval-dipperz.de\/wp-content\/uploads\/2020\/02\/DSC03885-1536x1022.jpg 1536w, http:\/\/www.karneval-dipperz.de\/wp-content\/uploads\/2020\/02\/DSC03885-2048x1363.jpg 2048w\" sizes=\"auto, (max-width: 700px) 100vw, 700px\" \/><\/a><\/span><\/p>\r\n<p><span style=\"color: #000000;\"><a style=\"color: #000000;\" href=\"http:\/\/www.karneval-dipperz.de\/wp-content\/uploads\/2020\/02\/DSC03916-scaled.jpg\"><img loading=\"lazy\" decoding=\"async\" class=\"aligncenter size-large wp-image-19588\" src=\"http:\/\/www.karneval-dipperz.de\/wp-content\/uploads\/2020\/02\/DSC03916-1024x681.jpg\" alt=\"\" width=\"700\" height=\"466\" srcset=\"http:\/\/www.karneval-dipperz.de\/wp-content\/uploads\/2020\/02\/DSC03916-1024x681.jpg 1024w, http:\/\/www.karneval-dipperz.de\/wp-content\/uploads\/2020\/02\/DSC03916-300x200.jpg 300w, http:\/\/www.karneval-dipperz.de\/wp-content\/uploads\/2020\/02\/DSC03916-768x511.jpg 768w, http:\/\/www.karneval-dipperz.de\/wp-content\/uploads\/2020\/02\/DSC03916-1536x1022.jpg 1536w, http:\/\/www.karneval-dipperz.de\/wp-content\/uploads\/2020\/02\/DSC03916-2048x1363.jpg 2048w\" sizes=\"auto, (max-width: 700px) 100vw, 700px\" \/><\/a><\/span><\/p>\r\n<p><span style=\"color: #000000;\"><a style=\"color: #000000;\" href=\"http:\/\/www.karneval-dipperz.de\/wp-content\/uploads\/2020\/02\/DSC03934-scaled.jpg\"><img loading=\"lazy\" decoding=\"async\" class=\"aligncenter wp-image-19589 size-large\" src=\"http:\/\/www.karneval-dipperz.de\/wp-content\/uploads\/2020\/02\/DSC03934-1024x681.jpg\" alt=\"\" width=\"700\" height=\"466\" srcset=\"http:\/\/www.karneval-dipperz.de\/wp-content\/uploads\/2020\/02\/DSC03934-1024x681.jpg 1024w, http:\/\/www.karneval-dipperz.de\/wp-content\/uploads\/2020\/02\/DSC03934-300x200.jpg 300w, http:\/\/www.karneval-dipperz.de\/wp-content\/uploads\/2020\/02\/DSC03934-768x511.jpg 768w, http:\/\/www.karneval-dipperz.de\/wp-content\/uploads\/2020\/02\/DSC03934-1536x1022.jpg 1536w, http:\/\/www.karneval-dipperz.de\/wp-content\/uploads\/2020\/02\/DSC03934-2048x1363.jpg 2048w\" sizes=\"auto, (max-width: 700px) 100vw, 700px\" \/><\/a><\/span><\/p>\r\n<p><span style=\"color: #000000;\"><a style=\"color: #000000;\" href=\"http:\/\/www.karneval-dipperz.de\/wp-content\/uploads\/2020\/02\/DSC03936-scaled.jpg\"><img loading=\"lazy\" decoding=\"async\" class=\"aligncenter wp-image-19590 size-large\" src=\"http:\/\/www.karneval-dipperz.de\/wp-content\/uploads\/2020\/02\/DSC03936-1024x681.jpg\" alt=\"\" width=\"700\" height=\"466\" srcset=\"http:\/\/www.karneval-dipperz.de\/wp-content\/uploads\/2020\/02\/DSC03936-1024x681.jpg 1024w, http:\/\/www.karneval-dipperz.de\/wp-content\/uploads\/2020\/02\/DSC03936-300x200.jpg 300w, http:\/\/www.karneval-dipperz.de\/wp-content\/uploads\/2020\/02\/DSC03936-768x511.jpg 768w, http:\/\/www.karneval-dipperz.de\/wp-content\/uploads\/2020\/02\/DSC03936-1536x1022.jpg 1536w, http:\/\/www.karneval-dipperz.de\/wp-content\/uploads\/2020\/02\/DSC03936-2048x1363.jpg 2048w\" sizes=\"auto, (max-width: 700px) 100vw, 700px\" \/><\/a><\/span><\/p>","protected":false},"excerpt":{"rendered":"<p>Am Samstag, 01.02.2020 fand unsere 1. Fremdensitzung im Dipperzer B\u00fcrgerhaus statt. Stimmung und gute Laune herrschte bei der ersten Sitzung im Jubil\u00e4umsjahr. Die G\u00e4ste erlebten im B\u00fcrgerhaus einen kurzweiligen Abend mit tollen T\u00e4nzen, farbenfrohe Kost\u00fcmen und humorvollen Beitr\u00e4gen. Artikel Osthessen N\u00e4rrisch Hier gibt es mehr Bilder von der Sitzung \u2013 allerdings passwortgesch\u00fctzt! Das Passwort kann [&hellip;]<\/p>\n","protected":false},"author":666667,"featured_media":0,"parent":0,"menu_order":0,"comment_status":"closed","ping_status":"closed","template":"","meta":{"ngg_post_thumbnail":0,"footnotes":""},"class_list":["post-19550","page","type-page","status-publish","hentry"],"_links":{"self":[{"href":"http:\/\/www.karneval-dipperz.de\/index.php\/wp-json\/wp\/v2\/pages\/19550","targetHints":{"allow":["GET"]}}],"collection":[{"href":"http:\/\/www.karneval-dipperz.de\/index.php\/wp-json\/wp\/v2\/pages"}],"about":[{"href":"http:\/\/www.karneval-dipperz.de\/index.php\/wp-json\/wp\/v2\/types\/page"}],"author":[{"embeddable":true,"href":"http:\/\/www.karneval-dipperz.de\/index.php\/wp-json\/wp\/v2\/users\/666667"}],"replies":[{"embeddable":true,"href":"http:\/\/www.karneval-dipperz.de\/index.php\/wp-json\/wp\/v2\/comments?post=19550"}],"version-history":[{"count":0,"href":"http:\/\/www.karneval-dipperz.de\/index.php\/wp-json\/wp\/v2\/pages\/19550\/revisions"}],"wp:attachment":[{"href":"http:\/\/www.karneval-dipperz.de\/index.php\/wp-json\/wp\/v2\/media?parent=19550"}],"curies":[{"name":"wp","href":"https:\/\/api.w.org\/{rel}","templated":true}]}}