{"id":21250,"date":"2020-05-26T11:14:44","date_gmt":"2020-05-26T11:14:44","guid":{"rendered":"http:\/\/www.karneval-dipperz.de\/?page_id=21250"},"modified":"2023-08-08T07:22:05","modified_gmt":"2023-08-08T07:22:05","slug":"romo-umzug-fulda-2020","status":"publish","type":"page","link":"http:\/\/www.karneval-dipperz.de\/index.php\/romo-umzug-fulda-2020\/","title":{"rendered":"RoMo-Umzug Fulda 2020"},"content":{"rendered":"<p style=\"text-align: center;\"><span style=\"color: #000000;\">Am 24.02.2020 nahm der KVD anl\u00e4sslich seines 55j\u00e4hrigen Jubil\u00e4ums erstmals am Rosenmontagsumzug in Fulda teil!<\/span><\/p>\n<p style=\"text-align: center;\"><span style=\"color: #000000;\"><a style=\"color: #000000;\" href=\"http:\/\/www.karneval-dipperz.de\/index.php\/romo-umzug-fulda-2020-bilder\/\">Hier gibt es noch weitere Bilder<\/a> \u2013 allerdings passwortgesch\u00fctzt! Das Passwort kann beim Vorstand erfragt werden!<\/span><\/p>\n<p><a href=\"http:\/\/www.karneval-dipperz.de\/wp-content\/uploads\/2020\/05\/2-RoMo-Umzug-40.jpg\"><img loading=\"lazy\" decoding=\"async\" class=\"aligncenter size-large wp-image-21253\" src=\"http:\/\/www.karneval-dipperz.de\/wp-content\/uploads\/2020\/05\/2-RoMo-Umzug-40-1024x658.jpg\" alt=\"\" width=\"700\" height=\"450\" srcset=\"http:\/\/www.karneval-dipperz.de\/wp-content\/uploads\/2020\/05\/2-RoMo-Umzug-40-1024x658.jpg 1024w, http:\/\/www.karneval-dipperz.de\/wp-content\/uploads\/2020\/05\/2-RoMo-Umzug-40-300x193.jpg 300w, http:\/\/www.karneval-dipperz.de\/wp-content\/uploads\/2020\/05\/2-RoMo-Umzug-40-768x494.jpg 768w, http:\/\/www.karneval-dipperz.de\/wp-content\/uploads\/2020\/05\/2-RoMo-Umzug-40.jpg 1061w\" sizes=\"auto, (max-width: 700px) 100vw, 700px\" \/><\/a><\/p>\n<p>&nbsp;<\/p>\n<p><a href=\"http:\/\/www.karneval-dipperz.de\/wp-content\/uploads\/2020\/05\/2-RoMo-Umzug-15.jpg\"><img loading=\"lazy\" decoding=\"async\" class=\"aligncenter size-large wp-image-21325\" src=\"http:\/\/www.karneval-dipperz.de\/wp-content\/uploads\/2020\/05\/2-RoMo-Umzug-15-1024x587.jpg\" alt=\"\" width=\"700\" height=\"401\" srcset=\"http:\/\/www.karneval-dipperz.de\/wp-content\/uploads\/2020\/05\/2-RoMo-Umzug-15-1024x587.jpg 1024w, http:\/\/www.karneval-dipperz.de\/wp-content\/uploads\/2020\/05\/2-RoMo-Umzug-15-300x172.jpg 300w, http:\/\/www.karneval-dipperz.de\/wp-content\/uploads\/2020\/05\/2-RoMo-Umzug-15-768x440.jpg 768w, http:\/\/www.karneval-dipperz.de\/wp-content\/uploads\/2020\/05\/2-RoMo-Umzug-15.jpg 1036w\" sizes=\"auto, (max-width: 700px) 100vw, 700px\" \/><\/a><\/p>\n<p>&nbsp;<\/p>\n<p><a href=\"http:\/\/www.karneval-dipperz.de\/wp-content\/uploads\/2020\/05\/2-RoMo-Umzug-14.jpg\"><img loading=\"lazy\" decoding=\"async\" class=\"aligncenter size-full wp-image-21324\" src=\"http:\/\/www.karneval-dipperz.de\/wp-content\/uploads\/2020\/05\/2-RoMo-Umzug-14.jpg\" alt=\"\" width=\"926\" height=\"582\" srcset=\"http:\/\/www.karneval-dipperz.de\/wp-content\/uploads\/2020\/05\/2-RoMo-Umzug-14.jpg 926w, http:\/\/www.karneval-dipperz.de\/wp-content\/uploads\/2020\/05\/2-RoMo-Umzug-14-300x189.jpg 300w, http:\/\/www.karneval-dipperz.de\/wp-content\/uploads\/2020\/05\/2-RoMo-Umzug-14-768x483.jpg 768w\" sizes=\"auto, (max-width: 926px) 100vw, 926px\" \/><\/a><\/p>\n<p>&nbsp;<\/p>\n<p><a href=\"http:\/\/www.karneval-dipperz.de\/wp-content\/uploads\/2020\/05\/2-RoMo-Umzug-13.jpg\"><img loading=\"lazy\" decoding=\"async\" class=\"aligncenter size-full wp-image-21323\" src=\"http:\/\/www.karneval-dipperz.de\/wp-content\/uploads\/2020\/05\/2-RoMo-Umzug-13.jpg\" alt=\"\" width=\"919\" height=\"594\" srcset=\"http:\/\/www.karneval-dipperz.de\/wp-content\/uploads\/2020\/05\/2-RoMo-Umzug-13.jpg 919w, http:\/\/www.karneval-dipperz.de\/wp-content\/uploads\/2020\/05\/2-RoMo-Umzug-13-300x194.jpg 300w, http:\/\/www.karneval-dipperz.de\/wp-content\/uploads\/2020\/05\/2-RoMo-Umzug-13-768x496.jpg 768w\" sizes=\"auto, (max-width: 919px) 100vw, 919px\" \/><\/a><\/p>\n<p>&nbsp;<\/p>\n<p><a href=\"http:\/\/www.karneval-dipperz.de\/wp-content\/uploads\/2020\/05\/2-RoMo-Umzug-12.jpg\"><img loading=\"lazy\" decoding=\"async\" class=\"aligncenter size-large wp-image-21322\" src=\"http:\/\/www.karneval-dipperz.de\/wp-content\/uploads\/2020\/05\/2-RoMo-Umzug-12-1024x609.jpg\" alt=\"\" width=\"700\" height=\"416\" srcset=\"http:\/\/www.karneval-dipperz.de\/wp-content\/uploads\/2020\/05\/2-RoMo-Umzug-12-1024x609.jpg 1024w, http:\/\/www.karneval-dipperz.de\/wp-content\/uploads\/2020\/05\/2-RoMo-Umzug-12-300x178.jpg 300w, http:\/\/www.karneval-dipperz.de\/wp-content\/uploads\/2020\/05\/2-RoMo-Umzug-12-768x456.jpg 768w, http:\/\/www.karneval-dipperz.de\/wp-content\/uploads\/2020\/05\/2-RoMo-Umzug-12.jpg 1050w\" sizes=\"auto, (max-width: 700px) 100vw, 700px\" \/><\/a><\/p>\n","protected":false},"excerpt":{"rendered":"<p>Am 24.02.2020 nahm der KVD anl\u00e4sslich seines 55j\u00e4hrigen Jubil\u00e4ums erstmals am Rosenmontagsumzug in Fulda teil! Hier gibt es noch weitere Bilder \u2013 allerdings passwortgesch\u00fctzt! Das Passwort kann beim Vorstand erfragt werden! &nbsp; &nbsp; &nbsp; &nbsp;<\/p>\n","protected":false},"author":666667,"featured_media":0,"parent":0,"menu_order":0,"comment_status":"closed","ping_status":"closed","template":"","meta":{"ngg_post_thumbnail":0,"footnotes":""},"class_list":["post-21250","page","type-page","status-publish","hentry"],"_links":{"self":[{"href":"http:\/\/www.karneval-dipperz.de\/index.php\/wp-json\/wp\/v2\/pages\/21250","targetHints":{"allow":["GET"]}}],"collection":[{"href":"http:\/\/www.karneval-dipperz.de\/index.php\/wp-json\/wp\/v2\/pages"}],"about":[{"href":"http:\/\/www.karneval-dipperz.de\/index.php\/wp-json\/wp\/v2\/types\/page"}],"author":[{"embeddable":true,"href":"http:\/\/www.karneval-dipperz.de\/index.php\/wp-json\/wp\/v2\/users\/666667"}],"replies":[{"embeddable":true,"href":"http:\/\/www.karneval-dipperz.de\/index.php\/wp-json\/wp\/v2\/comments?post=21250"}],"version-history":[{"count":0,"href":"http:\/\/www.karneval-dipperz.de\/index.php\/wp-json\/wp\/v2\/pages\/21250\/revisions"}],"wp:attachment":[{"href":"http:\/\/www.karneval-dipperz.de\/index.php\/wp-json\/wp\/v2\/media?parent=21250"}],"curies":[{"name":"wp","href":"https:\/\/api.w.org\/{rel}","templated":true}]}}