{"id":21520,"date":"2020-10-01T07:24:04","date_gmt":"2020-10-01T07:24:04","guid":{"rendered":"http:\/\/www.karneval-dipperz.de\/?page_id=21520"},"modified":"2020-10-01T09:14:38","modified_gmt":"2020-10-01T09:14:38","slug":"hauptversammlung-2020","status":"publish","type":"page","link":"http:\/\/www.karneval-dipperz.de\/index.php\/hauptversammlung-2020\/","title":{"rendered":"Hauptversammlung 2020"},"content":{"rendered":"<p style=\"text-align: center;\"><span style=\"color: #000000;\">Coronabedingt waren die Mitglieder des Karnevalverein Dipperz in diesem Jahr anstatt im Fr\u00fchjahr erst am 30. September 2020 zur Hauptversammlung geladen. Die Vorsitzende Michelle Danh\u00e4user begr\u00fc\u00dfte \u00fcber 50 Mitglieder im Saal des B\u00fcrgerhaus Dipperz.<\/span><\/p>\n<p style=\"text-align: center;\"><a href=\"http:\/\/www.karneval-dipperz.de\/wp-content\/uploads\/2020\/10\/20200930_193739-scaled.jpg\"><img loading=\"lazy\" decoding=\"async\" class=\"aligncenter size-large wp-image-21535\" src=\"http:\/\/www.karneval-dipperz.de\/wp-content\/uploads\/2020\/10\/20200930_193739-1024x768.jpg\" alt=\"\" width=\"700\" height=\"525\" srcset=\"http:\/\/www.karneval-dipperz.de\/wp-content\/uploads\/2020\/10\/20200930_193739-1024x768.jpg 1024w, http:\/\/www.karneval-dipperz.de\/wp-content\/uploads\/2020\/10\/20200930_193739-300x225.jpg 300w, http:\/\/www.karneval-dipperz.de\/wp-content\/uploads\/2020\/10\/20200930_193739-768x576.jpg 768w, http:\/\/www.karneval-dipperz.de\/wp-content\/uploads\/2020\/10\/20200930_193739-1536x1152.jpg 1536w, http:\/\/www.karneval-dipperz.de\/wp-content\/uploads\/2020\/10\/20200930_193739-2048x1536.jpg 2048w\" sizes=\"auto, (max-width: 700px) 100vw, 700px\" \/><\/a><\/p>\n<p style=\"text-align: center;\"><span style=\"color: #000000;\">Nach einer Gedenkminute f\u00fcr die verstorbenen Vereinsmitglieder gab Pr\u00e4sident Carsten Sch\u00fctz einen kurzen \u00dcberblick \u00fcber die vergangene, sehr gelungene Jubli\u00e4umskampagne. Der 1. Schriftf\u00fchrer&nbsp;Sven Hampl&nbsp;gab daraufhin einen kurzen R\u00fcckblick auf die Aktivit\u00e4ten des abgelaufenen Vereinsjahres. Der 1. Kassierer Stefan Matzunsky berichtete von einer guten Finanzlage des Vereins, was der Kassenpr\u00fcfer Steffen Leibold best\u00e4tigen konnte. Er bescheinigte eine ordnungsgem\u00e4\u00dfe Kassenf\u00fchrung. Die 1. Vorsitzende Michelle Danh\u00e4user bedankte sich bei den Mitgliedern f\u00fcr die Einsatzbereitschaft in der zur\u00fcckliegenden Kampagne.<\/span><\/p>\n<p style=\"text-align: center;\"><a href=\"http:\/\/www.karneval-dipperz.de\/wp-content\/uploads\/2020\/10\/20200930_202930-scaled.jpg\"><img loading=\"lazy\" decoding=\"async\" class=\"aligncenter size-large wp-image-21537\" src=\"http:\/\/www.karneval-dipperz.de\/wp-content\/uploads\/2020\/10\/20200930_202930-1024x768.jpg\" alt=\"\" width=\"700\" height=\"525\" srcset=\"http:\/\/www.karneval-dipperz.de\/wp-content\/uploads\/2020\/10\/20200930_202930-1024x768.jpg 1024w, http:\/\/www.karneval-dipperz.de\/wp-content\/uploads\/2020\/10\/20200930_202930-300x225.jpg 300w, http:\/\/www.karneval-dipperz.de\/wp-content\/uploads\/2020\/10\/20200930_202930-768x576.jpg 768w, http:\/\/www.karneval-dipperz.de\/wp-content\/uploads\/2020\/10\/20200930_202930-1536x1152.jpg 1536w, http:\/\/www.karneval-dipperz.de\/wp-content\/uploads\/2020\/10\/20200930_202930-2048x1536.jpg 2048w\" sizes=\"auto, (max-width: 700px) 100vw, 700px\" \/><\/a><\/p>\n<p style=\"text-align: center;\"><span style=\"color: #000000;\">Der Karnevalverein Dipperz hat zur Zeit 343 Mitglieder, von denen sich 200 aktiv an der Gestaltung der Dipperzer Fastnacht beteiligen!<\/span><\/p>\n<p style=\"text-align: center;\"><span style=\"color: #000000;\">Darauffolgend wurde der Gesamtvorstand, auf Antrag von Steffen Leibold, von der Versammlung ohne Einw\u00e4nde entlastet. Anschlie\u00dfend gingen die Trainer der einzelnen Gruppen in&nbsp;ihren Ausf\u00fchrungen n\u00e4her auf ihre Aktivit\u00e4ten der Kampagne 2019\/2020 ein.<\/span><\/p>\n<p style=\"text-align: center;\"><span style=\"color: #000000;\">Die sich anschlie\u00dfenden Neuwahlen, z\u00fcgig durchgef\u00fchrt von Carsten Sch\u00fctz, brachten folgendes Ergebnis:<\/span><\/p>\n<ul style=\"text-align: center;\">\n<li><span style=\"color: #000000;\">1. Vorsitzende \u2013 Michelle Danh\u00e4user<\/span><\/li>\n<li><span style=\"color: #000000;\">3. Vorsitzende \u2013 Elena Krick<\/span><\/li>\n<li><span style=\"color: #000000;\">2. Schriftf\u00fchrerin \u2013 Claudia Wagner<\/span><\/li>\n<li><span style=\"color: #000000;\">1. Kassierer \u2013 Stefan Matzunsky<\/span><\/li>\n<li><span style=\"color: #000000;\">1. Kassenpr\u00fcfer \u2013 Martin K\u00f6nig<\/span><\/li>\n<\/ul>\n<p style=\"text-align: center;\"><span style=\"color: #000000;\">Im weiteren Verlauf der Versammlung wurden einige Mitglieder f\u00fcr ihre langj\u00e4hrige Mitgliedschaft geehrt.<\/span><\/p>\n<p style=\"text-align: center;\"><span style=\"color: #000000;\">ngg_shortcode_0_placeholder<\/span><\/p>\n<p style=\"text-align: center;\"><span style=\"color: #000000;\">Unter dem Punkt \u201cVerschiedenes\u201d wies der Vorstand darauf hin, dass in der kommenden Kampagne lediglich der 11.11.20 als Veranstaltung stattfinden werde. Alle weiteren geplanten Veranstaltungen (Silvesterparty, Sitzungen, Kinderfasching) sind abgesagt. Es werden aber Alternativen gep\u00fcft. W\u00e4hrend der Versammlung kamen dazu auch Vorschl\u00e4ge von den Mitgliedern.<\/span><\/p>\n<p style=\"text-align: center;\"><a href=\"http:\/\/www.karneval-dipperz.de\/wp-content\/uploads\/2020\/10\/20200930_202926-scaled.jpg\"><img loading=\"lazy\" decoding=\"async\" class=\"aligncenter size-large wp-image-21536\" src=\"http:\/\/www.karneval-dipperz.de\/wp-content\/uploads\/2020\/10\/20200930_202926-1024x768.jpg\" alt=\"\" width=\"700\" height=\"525\" srcset=\"http:\/\/www.karneval-dipperz.de\/wp-content\/uploads\/2020\/10\/20200930_202926-1024x768.jpg 1024w, http:\/\/www.karneval-dipperz.de\/wp-content\/uploads\/2020\/10\/20200930_202926-300x225.jpg 300w, http:\/\/www.karneval-dipperz.de\/wp-content\/uploads\/2020\/10\/20200930_202926-768x576.jpg 768w, http:\/\/www.karneval-dipperz.de\/wp-content\/uploads\/2020\/10\/20200930_202926-1536x1152.jpg 1536w, http:\/\/www.karneval-dipperz.de\/wp-content\/uploads\/2020\/10\/20200930_202926-2048x1536.jpg 2048w\" sizes=\"auto, (max-width: 700px) 100vw, 700px\" \/><\/a><\/p>\n<p style=\"text-align: center;\"><span style=\"color: #000000;\">Anschlie\u00dfend wurde der offizielle Teil der Sitzung geschlossen und der Abend mit dem Tagesordnungspunkt \u201egem\u00fctliches Beisammensein\u201c beendet!<\/span><\/p>\n<p><a href=\"http:\/\/www.karneval-dipperz.de\/wp-content\/uploads\/2020\/09\/JHV-2020.jpg\"><img loading=\"lazy\" decoding=\"async\" class=\"aligncenter wp-image-21512 size-medium\" src=\"http:\/\/www.karneval-dipperz.de\/wp-content\/uploads\/2020\/09\/JHV-2020-212x300.jpg\" alt=\"\" width=\"212\" height=\"300\" srcset=\"http:\/\/www.karneval-dipperz.de\/wp-content\/uploads\/2020\/09\/JHV-2020-212x300.jpg 212w, http:\/\/www.karneval-dipperz.de\/wp-content\/uploads\/2020\/09\/JHV-2020.jpg 695w\" sizes=\"auto, (max-width: 212px) 100vw, 212px\" \/><\/a><\/p>\n","protected":false},"excerpt":{"rendered":"<p>Coronabedingt waren die Mitglieder des Karnevalverein Dipperz in diesem Jahr anstatt im Fr\u00fchjahr erst am 30. September 2020 zur Hauptversammlung geladen. Die Vorsitzende Michelle Danh\u00e4user begr\u00fc\u00dfte \u00fcber 50 Mitglieder im Saal des B\u00fcrgerhaus Dipperz. Nach einer Gedenkminute f\u00fcr die verstorbenen Vereinsmitglieder gab Pr\u00e4sident Carsten Sch\u00fctz einen kurzen \u00dcberblick \u00fcber die vergangene, sehr gelungene Jubli\u00e4umskampagne. Der [&hellip;]<\/p>\n","protected":false},"author":666667,"featured_media":0,"parent":0,"menu_order":0,"comment_status":"closed","ping_status":"closed","template":"","meta":{"ngg_post_thumbnail":0,"footnotes":""},"class_list":["post-21520","page","type-page","status-publish","hentry"],"_links":{"self":[{"href":"http:\/\/www.karneval-dipperz.de\/index.php\/wp-json\/wp\/v2\/pages\/21520","targetHints":{"allow":["GET"]}}],"collection":[{"href":"http:\/\/www.karneval-dipperz.de\/index.php\/wp-json\/wp\/v2\/pages"}],"about":[{"href":"http:\/\/www.karneval-dipperz.de\/index.php\/wp-json\/wp\/v2\/types\/page"}],"author":[{"embeddable":true,"href":"http:\/\/www.karneval-dipperz.de\/index.php\/wp-json\/wp\/v2\/users\/666667"}],"replies":[{"embeddable":true,"href":"http:\/\/www.karneval-dipperz.de\/index.php\/wp-json\/wp\/v2\/comments?post=21520"}],"version-history":[{"count":0,"href":"http:\/\/www.karneval-dipperz.de\/index.php\/wp-json\/wp\/v2\/pages\/21520\/revisions"}],"wp:attachment":[{"href":"http:\/\/www.karneval-dipperz.de\/index.php\/wp-json\/wp\/v2\/media?parent=21520"}],"curies":[{"name":"wp","href":"https:\/\/api.w.org\/{rel}","templated":true}]}}