{"id":21731,"date":"2021-10-06T10:56:46","date_gmt":"2021-10-06T10:56:46","guid":{"rendered":"http:\/\/www.karneval-dipperz.de\/?page_id=21731"},"modified":"2021-10-06T15:01:02","modified_gmt":"2021-10-06T15:01:02","slug":"hauptversammlung-2021","status":"publish","type":"page","link":"http:\/\/www.karneval-dipperz.de\/index.php\/hauptversammlung-2021\/","title":{"rendered":"Hauptversammlung 2021"},"content":{"rendered":"<p><span style=\"color: #000000;\">Bei der am 30.09.21 stattgefundenen Jahreshauptversammlung des Karnevalverein Dipperz, blickte der Vorstand auf das Vorjahr 2020\/2021 zur\u00fcck. Nach der Mitgliederbegr\u00fc\u00dfung, und Totenehrung durch die 1. Vorsitzende Michelle Danh\u00e4user, gab es einen kurzen Jahresr\u00fcckblick, da durch Covid 19 alle geplanten Veranstaltungen ausgefallen waren. Ein kleiner H\u00f6hepunkt der Kampagne war der Fastnachtsonntag mit dem spontanen KV Konvoi. Besonders positiv hervorgehoben wurden die Treue der Mitglieder zum Verein und die Motivation der Tanzgruppen die trotz der Ungewissheit an ihrem Training f\u00fcr den Karneval 2021\/2022 festhalten. Die Mitgliederanzahl blieb konstant bei 336.<\/span><\/p>\n<p><span style=\"color: #000000;\">Die Gruppenleiter sprachen \u00fcber die derzeitigen Aktivit\u00e4ten, inkl. der Zug\u00e4nge \/ Abg\u00e4nge der Aktiven. Alle Tanzgarden und Showtanzgruppen blicken auf die neue Kampagne.<\/span><\/p>\n<p><span style=\"color: #000000;\">Unter der Wahlleitung von der ersten Vorsitzenden Michelle Danh\u00e4user wurde Carsten Sch\u00fctz als Pr\u00e4sident, die \u00c4mter des ersten Schriftf\u00fchrers, zweiten Vorsitzenden, zweiten Kassierers und des zweiten Kassenpr\u00fcfers von den teilnehmenden Mitgliedern einstimmig f\u00fcr weitere 2 Jahre wiedergew\u00e4hlt und in den jeweiligen \u00c4mtern best\u00e4tigt.<\/span><\/p>\n<p><span style=\"color: #000000;\">Kassierer Stefan Matzunsky erl\u00e4uterte Einnahmen und Ausgaben des Vereins.<\/span><\/p>\n<p><span style=\"color: #000000;\">Pr\u00e4sident Carsten Sch\u00fctz ehrte f\u00fcr ihr langj\u00e4hriges Engagement Anja &amp; Fabian Ranft, Matthias Storch, Luisa Weber, Alina Weigelt und Natalie Wingenfeld mit der bronzenen Vereinsehrennadel (15 Jahre Mitgliedschaft) und Annette Heum\u00fcller und Marianne Matzunsky f\u00fcr 25 Jahre Mitgliedschaft mit der silbernen Vereinsehrennadel.<\/span><\/p>\n<p><span style=\"color: #000000;\"><a style=\"color: #000000;\" href=\"http:\/\/www.karneval-dipperz.de\/wp-content\/uploads\/2021\/10\/Geehrte-2021.jpg\"><img loading=\"lazy\" decoding=\"async\" class=\"aligncenter wp-image-21740 size-full\" src=\"http:\/\/www.karneval-dipperz.de\/wp-content\/uploads\/2021\/10\/Geehrte-2021.jpg\" alt=\"\" width=\"653\" height=\"550\" srcset=\"http:\/\/www.karneval-dipperz.de\/wp-content\/uploads\/2021\/10\/Geehrte-2021.jpg 653w, http:\/\/www.karneval-dipperz.de\/wp-content\/uploads\/2021\/10\/Geehrte-2021-300x253.jpg 300w\" sizes=\"auto, (max-width: 653px) 100vw, 653px\" \/><\/a><\/span><\/p>\n<p><span style=\"color: #000000;\">Eine besondere Auszeichnung wurde den Trainerinnen Anna Goldbach, Sophia Heindl, Carolin Schulz, Lorena Weber, Cara Weigelt, Selina Wingenfeld mit dem BDK Treue-Abzeichen Bronze, Selina Brill, Carina Goldbach, Lena Jelinek, Diana Mans, Alina Weigelt mit dem BDK Treue-Abzeichen Silber und Jasmin Brill mit dem BDK Treue-Abzeichen Gold vom Pr\u00e4sidenten Carsten Sch\u00fctz \u00fcberreicht.<\/span><\/p>\n<p><span style=\"color: #000000;\"><a style=\"color: #000000;\" href=\"http:\/\/www.karneval-dipperz.de\/wp-content\/uploads\/2021\/10\/Geehrte-Trainerinnen-2021.jpg\"><img loading=\"lazy\" decoding=\"async\" class=\"aligncenter wp-image-21738 size-full\" src=\"http:\/\/www.karneval-dipperz.de\/wp-content\/uploads\/2021\/10\/Geehrte-Trainerinnen-2021.jpg\" alt=\"\" width=\"873\" height=\"623\" srcset=\"http:\/\/www.karneval-dipperz.de\/wp-content\/uploads\/2021\/10\/Geehrte-Trainerinnen-2021.jpg 873w, http:\/\/www.karneval-dipperz.de\/wp-content\/uploads\/2021\/10\/Geehrte-Trainerinnen-2021-300x214.jpg 300w, http:\/\/www.karneval-dipperz.de\/wp-content\/uploads\/2021\/10\/Geehrte-Trainerinnen-2021-768x548.jpg 768w\" sizes=\"auto, (max-width: 873px) 100vw, 873px\" \/><\/a><\/span><\/p>\n<p><span style=\"color: #000000;\">B\u00fcrgermeister Klaus Dieter Vogler (parteilos), bedankte sich f\u00fcr die Einladung und sprach seine Dankesworte an Vorstand und Betreuerinnen aus Er hoffe, dass das B\u00fcrgerhaus in der neuen Kampagne wieder mit karnevalistischen Leben gef\u00fcllt werde.<\/span><\/p>\n<p><span style=\"color: #000000;\">Unter dem Thema Kampagne 2021\u20132022 erkl\u00e4rten Michelle Danh\u00e4user und Carsten Sch\u00fctz den anwesenden Mitgliedern, dass der 11.11.2021 auf jeden Fall am BGH gestartet wird und man sich viele Gedanken mache, wie die neue Kampagne mit Einbindung der Innnenraum bzw. Aussenveranstaltung stattfinden k\u00f6nne. Hierzu wurden viele Vorschl\u00e4ge gesammelt, die man bei einem weiteren Termin mit den Trainerinnen besprechen werde.<\/span><\/p>\n<p><span style=\"color: #000000;\">Das aber Karneval in diesem Jahr anders werde, ist allen Teilnehmern bewusst.<\/span><\/p>\n<p><span style=\"color: #000000;\">Anschlie\u00dfend wurde der offizielle Teil der Sitzung geschlossen und der Abend mit dem Tagesordnungspunkt \u201egem\u00fctliches Beisammensein\u201c beendet!<\/span><\/p>\n","protected":false},"excerpt":{"rendered":"<p>Bei der am 30.09.21 stattgefundenen Jahreshauptversammlung des Karnevalverein Dipperz, blickte der Vorstand auf das Vorjahr 2020\/2021 zur\u00fcck. Nach der Mitgliederbegr\u00fc\u00dfung, und Totenehrung durch die 1. Vorsitzende Michelle Danh\u00e4user, gab es einen kurzen Jahresr\u00fcckblick, da durch Covid 19 alle geplanten Veranstaltungen ausgefallen waren. Ein kleiner H\u00f6hepunkt der Kampagne war der Fastnachtsonntag mit dem spontanen KV Konvoi. [&hellip;]<\/p>\n","protected":false},"author":666667,"featured_media":0,"parent":0,"menu_order":0,"comment_status":"closed","ping_status":"closed","template":"","meta":{"ngg_post_thumbnail":0,"footnotes":""},"class_list":["post-21731","page","type-page","status-publish","hentry"],"_links":{"self":[{"href":"http:\/\/www.karneval-dipperz.de\/index.php\/wp-json\/wp\/v2\/pages\/21731","targetHints":{"allow":["GET"]}}],"collection":[{"href":"http:\/\/www.karneval-dipperz.de\/index.php\/wp-json\/wp\/v2\/pages"}],"about":[{"href":"http:\/\/www.karneval-dipperz.de\/index.php\/wp-json\/wp\/v2\/types\/page"}],"author":[{"embeddable":true,"href":"http:\/\/www.karneval-dipperz.de\/index.php\/wp-json\/wp\/v2\/users\/666667"}],"replies":[{"embeddable":true,"href":"http:\/\/www.karneval-dipperz.de\/index.php\/wp-json\/wp\/v2\/comments?post=21731"}],"version-history":[{"count":0,"href":"http:\/\/www.karneval-dipperz.de\/index.php\/wp-json\/wp\/v2\/pages\/21731\/revisions"}],"wp:attachment":[{"href":"http:\/\/www.karneval-dipperz.de\/index.php\/wp-json\/wp\/v2\/media?parent=21731"}],"curies":[{"name":"wp","href":"https:\/\/api.w.org\/{rel}","templated":true}]}}