{"id":21807,"date":"2021-11-12T10:57:51","date_gmt":"2021-11-12T10:57:51","guid":{"rendered":"http:\/\/www.karneval-dipperz.de\/?page_id=21807"},"modified":"2023-08-08T07:15:30","modified_gmt":"2023-08-08T07:15:30","slug":"11-11-2021","status":"publish","type":"page","link":"http:\/\/www.karneval-dipperz.de\/index.php\/11-11-2021\/","title":{"rendered":"11.11.2021"},"content":{"rendered":"<p style=\"text-align: center;\" align=\"center\"><span style=\"color: #000000;\">Nach einem Jahr Pause er\u00f6ffnete der Karnevalverein Dipperz&nbsp;die n\u00e4rrische Zeit am 11.11.21 um 11:11 Uhr am Dorfbrunnen vor dem Dipperzer B\u00fcrgerhaus mit elf B\u00f6llersch\u00fcssen und einem kr\u00e4ftigen \u201eDipperz Hoch!\u201c.<\/span><\/p>\n<p style=\"text-align: center;\" align=\"center\"><span style=\"color: #000000;\"><a style=\"color: #000000;\" title=\"11.11.2014 \u2013 Bilder\" href=\"http:\/\/www.karneval-dipperz.de\/index.php\/11-11-2021-bilder\/\">Hier gibt es noch weitere Bilder<\/a> \u2013 allerdings passwortgesch\u00fctzt! Das Passwort kann beim Vorstand erfragt werden!<\/span><\/p>\n<p align=\"center\"><a href=\"http:\/\/www.karneval-dipperz.de\/wp-content\/uploads\/2021\/11\/IMG-20211112-WA0034.jpg\"><img loading=\"lazy\" decoding=\"async\" class=\"aligncenter wp-image-21810 size-large\" src=\"http:\/\/www.karneval-dipperz.de\/wp-content\/uploads\/2021\/11\/IMG-20211112-WA0034-1024x498.jpg\" alt=\"\" width=\"700\" height=\"340\" srcset=\"http:\/\/www.karneval-dipperz.de\/wp-content\/uploads\/2021\/11\/IMG-20211112-WA0034-1024x498.jpg 1024w, http:\/\/www.karneval-dipperz.de\/wp-content\/uploads\/2021\/11\/IMG-20211112-WA0034-300x146.jpg 300w, http:\/\/www.karneval-dipperz.de\/wp-content\/uploads\/2021\/11\/IMG-20211112-WA0034-768x373.jpg 768w, http:\/\/www.karneval-dipperz.de\/wp-content\/uploads\/2021\/11\/IMG-20211112-WA0034.jpg 1416w\" sizes=\"auto, (max-width: 700px) 100vw, 700px\" \/><\/a><\/p>\n<p align=\"center\"><a href=\"http:\/\/www.karneval-dipperz.de\/wp-content\/uploads\/2021\/11\/20211115_153755-scaled.jpg\"><img loading=\"lazy\" decoding=\"async\" class=\"aligncenter wp-image-21832 size-large\" src=\"http:\/\/www.karneval-dipperz.de\/wp-content\/uploads\/2021\/11\/20211115_153755-1024x768.jpg\" alt=\"\" width=\"700\" height=\"525\" srcset=\"http:\/\/www.karneval-dipperz.de\/wp-content\/uploads\/2021\/11\/20211115_153755-1024x768.jpg 1024w, http:\/\/www.karneval-dipperz.de\/wp-content\/uploads\/2021\/11\/20211115_153755-300x225.jpg 300w, http:\/\/www.karneval-dipperz.de\/wp-content\/uploads\/2021\/11\/20211115_153755-768x576.jpg 768w, http:\/\/www.karneval-dipperz.de\/wp-content\/uploads\/2021\/11\/20211115_153755-1536x1152.jpg 1536w, http:\/\/www.karneval-dipperz.de\/wp-content\/uploads\/2021\/11\/20211115_153755-2048x1536.jpg 2048w\" sizes=\"auto, (max-width: 700px) 100vw, 700px\" \/><\/a><\/p>\n<p align=\"center\">&nbsp;<\/p>\n","protected":false},"excerpt":{"rendered":"<p>Nach einem Jahr Pause er\u00f6ffnete der Karnevalverein Dipperz&nbsp;die n\u00e4rrische Zeit am 11.11.21 um 11:11 Uhr am Dorfbrunnen vor dem Dipperzer B\u00fcrgerhaus mit elf B\u00f6llersch\u00fcssen und einem kr\u00e4ftigen \u201eDipperz Hoch!\u201c. Hier gibt es noch weitere Bilder \u2013 allerdings passwortgesch\u00fctzt! Das Passwort kann beim Vorstand erfragt werden! &nbsp;<\/p>\n","protected":false},"author":666667,"featured_media":0,"parent":0,"menu_order":0,"comment_status":"closed","ping_status":"closed","template":"","meta":{"ngg_post_thumbnail":0,"footnotes":""},"class_list":["post-21807","page","type-page","status-publish","hentry"],"_links":{"self":[{"href":"http:\/\/www.karneval-dipperz.de\/index.php\/wp-json\/wp\/v2\/pages\/21807","targetHints":{"allow":["GET"]}}],"collection":[{"href":"http:\/\/www.karneval-dipperz.de\/index.php\/wp-json\/wp\/v2\/pages"}],"about":[{"href":"http:\/\/www.karneval-dipperz.de\/index.php\/wp-json\/wp\/v2\/types\/page"}],"author":[{"embeddable":true,"href":"http:\/\/www.karneval-dipperz.de\/index.php\/wp-json\/wp\/v2\/users\/666667"}],"replies":[{"embeddable":true,"href":"http:\/\/www.karneval-dipperz.de\/index.php\/wp-json\/wp\/v2\/comments?post=21807"}],"version-history":[{"count":0,"href":"http:\/\/www.karneval-dipperz.de\/index.php\/wp-json\/wp\/v2\/pages\/21807\/revisions"}],"wp:attachment":[{"href":"http:\/\/www.karneval-dipperz.de\/index.php\/wp-json\/wp\/v2\/media?parent=21807"}],"curies":[{"name":"wp","href":"https:\/\/api.w.org\/{rel}","templated":true}]}}