{"id":22139,"date":"2022-11-12T12:56:13","date_gmt":"2022-11-12T12:56:13","guid":{"rendered":"http:\/\/www.karneval-dipperz.de\/?page_id=22139"},"modified":"2023-08-08T07:11:48","modified_gmt":"2023-08-08T07:11:48","slug":"11-11-2022","status":"publish","type":"page","link":"http:\/\/www.karneval-dipperz.de\/index.php\/11-11-2022\/","title":{"rendered":"11.11.2022"},"content":{"rendered":"<p style=\"text-align: center;\"><span style=\"color: #000000;\">Der Karnevalverein Dipperz er\u00f6ffnete die n\u00e4rrische Kampagne 2022\/2023 am 11.11.2022<\/span><\/p>\n<p style=\"text-align: center;\"><span style=\"color: #000000;\">um 11 Uhr 11 mit 11 B\u00f6llersch\u00fcssen vor dem B\u00fcrgerhaus Dipperz!<\/span><\/p>\n<p style=\"text-align: center;\"><span style=\"color: #000000;\"><a href=\"http:\/\/www.karneval-dipperz.de\/index.php\/11-11-2022-bilder\/\">Hier gibt es weitere Bilder<\/a> \u2013 allerdings passwortgesch\u00fctzt! Das Passwort kann beim Vorstand erfragt werden!<\/span><\/p>\n<p style=\"text-align: center;\"><a href=\"https:\/\/www.osthessen-zeitung.de\/einzelansicht\/news\/2022\/november\/naerrische-stimmung-in-dipperz-kampagnenstart-mit-boellerschuessen-1.html\" target=\"_blank\" rel=\"noopener\"><span style=\"color: #000000;\">Artikel Osthessen-Zeitung<\/span><\/a><\/p>\n<p style=\"text-align: center;\"><a href=\"https:\/\/www.youtube.com\/watch?v=JMLS2bRiQcM\" target=\"_blank\" rel=\"noopener\"><span style=\"color: #000000;\">Video zum Kampagnen-Start in der Region<\/span><\/a><\/p>\n<p><a href=\"http:\/\/www.karneval-dipperz.de\/wp-content\/uploads\/2022\/11\/20221111_123216-scaled.jpg\"><img loading=\"lazy\" decoding=\"async\" class=\"size-large wp-image-22151 aligncenter\" src=\"http:\/\/www.karneval-dipperz.de\/wp-content\/uploads\/2022\/11\/20221111_123216-1024x473.jpg\" alt=\"\" width=\"700\" height=\"323\" srcset=\"http:\/\/www.karneval-dipperz.de\/wp-content\/uploads\/2022\/11\/20221111_123216-1024x473.jpg 1024w, http:\/\/www.karneval-dipperz.de\/wp-content\/uploads\/2022\/11\/20221111_123216-300x139.jpg 300w, http:\/\/www.karneval-dipperz.de\/wp-content\/uploads\/2022\/11\/20221111_123216-768x355.jpg 768w, http:\/\/www.karneval-dipperz.de\/wp-content\/uploads\/2022\/11\/20221111_123216-1536x710.jpg 1536w, http:\/\/www.karneval-dipperz.de\/wp-content\/uploads\/2022\/11\/20221111_123216-2048x946.jpg 2048w\" sizes=\"auto, (max-width: 700px) 100vw, 700px\" \/><\/a><\/p>\n<p><a href=\"http:\/\/www.karneval-dipperz.de\/wp-content\/uploads\/2022\/11\/20221111_111603-scaled.jpg\"><img loading=\"lazy\" decoding=\"async\" class=\"size-large wp-image-22149 aligncenter\" src=\"http:\/\/www.karneval-dipperz.de\/wp-content\/uploads\/2022\/11\/20221111_111603-1024x473.jpg\" alt=\"\" width=\"700\" height=\"323\" srcset=\"http:\/\/www.karneval-dipperz.de\/wp-content\/uploads\/2022\/11\/20221111_111603-1024x473.jpg 1024w, http:\/\/www.karneval-dipperz.de\/wp-content\/uploads\/2022\/11\/20221111_111603-300x139.jpg 300w, http:\/\/www.karneval-dipperz.de\/wp-content\/uploads\/2022\/11\/20221111_111603-768x355.jpg 768w, http:\/\/www.karneval-dipperz.de\/wp-content\/uploads\/2022\/11\/20221111_111603-1536x710.jpg 1536w, http:\/\/www.karneval-dipperz.de\/wp-content\/uploads\/2022\/11\/20221111_111603-2048x946.jpg 2048w\" sizes=\"auto, (max-width: 700px) 100vw, 700px\" \/><\/a><\/p>\n<p><a href=\"http:\/\/www.karneval-dipperz.de\/wp-content\/uploads\/2022\/11\/20221111_115900-scaled.jpg\"><img loading=\"lazy\" decoding=\"async\" class=\"size-large wp-image-22153 aligncenter\" src=\"http:\/\/www.karneval-dipperz.de\/wp-content\/uploads\/2022\/11\/20221111_115900-1024x473.jpg\" alt=\"\" width=\"700\" height=\"323\" srcset=\"http:\/\/www.karneval-dipperz.de\/wp-content\/uploads\/2022\/11\/20221111_115900-1024x473.jpg 1024w, http:\/\/www.karneval-dipperz.de\/wp-content\/uploads\/2022\/11\/20221111_115900-300x139.jpg 300w, http:\/\/www.karneval-dipperz.de\/wp-content\/uploads\/2022\/11\/20221111_115900-768x355.jpg 768w, http:\/\/www.karneval-dipperz.de\/wp-content\/uploads\/2022\/11\/20221111_115900-1536x710.jpg 1536w, http:\/\/www.karneval-dipperz.de\/wp-content\/uploads\/2022\/11\/20221111_115900-2048x946.jpg 2048w\" sizes=\"auto, (max-width: 700px) 100vw, 700px\" \/><\/a><\/p>\n<p><a href=\"http:\/\/www.karneval-dipperz.de\/wp-content\/uploads\/2022\/11\/20221112_131813-scaled.jpg\"><img loading=\"lazy\" decoding=\"async\" class=\"size-large wp-image-22147 aligncenter\" src=\"http:\/\/www.karneval-dipperz.de\/wp-content\/uploads\/2022\/11\/20221112_131813-1024x768.jpg\" alt=\"\" width=\"700\" height=\"525\" srcset=\"http:\/\/www.karneval-dipperz.de\/wp-content\/uploads\/2022\/11\/20221112_131813-1024x768.jpg 1024w, http:\/\/www.karneval-dipperz.de\/wp-content\/uploads\/2022\/11\/20221112_131813-300x225.jpg 300w, http:\/\/www.karneval-dipperz.de\/wp-content\/uploads\/2022\/11\/20221112_131813-768x576.jpg 768w, http:\/\/www.karneval-dipperz.de\/wp-content\/uploads\/2022\/11\/20221112_131813-1536x1152.jpg 1536w, http:\/\/www.karneval-dipperz.de\/wp-content\/uploads\/2022\/11\/20221112_131813-2048x1536.jpg 2048w\" sizes=\"auto, (max-width: 700px) 100vw, 700px\" \/><\/a><\/p>\n","protected":false},"excerpt":{"rendered":"<p>Der Karnevalverein Dipperz er\u00f6ffnete die n\u00e4rrische Kampagne 2022\/2023 am 11.11.2022 um 11 Uhr 11 mit 11 B\u00f6llersch\u00fcssen vor dem B\u00fcrgerhaus Dipperz! Hier gibt es weitere Bilder \u2013 allerdings passwortgesch\u00fctzt! Das Passwort kann beim Vorstand erfragt werden! Artikel Osthessen-Zeitung Video zum Kampagnen-Start in der Region<\/p>\n","protected":false},"author":666667,"featured_media":0,"parent":0,"menu_order":0,"comment_status":"closed","ping_status":"closed","template":"","meta":{"ngg_post_thumbnail":0,"footnotes":""},"class_list":["post-22139","page","type-page","status-publish","hentry"],"_links":{"self":[{"href":"http:\/\/www.karneval-dipperz.de\/index.php\/wp-json\/wp\/v2\/pages\/22139","targetHints":{"allow":["GET"]}}],"collection":[{"href":"http:\/\/www.karneval-dipperz.de\/index.php\/wp-json\/wp\/v2\/pages"}],"about":[{"href":"http:\/\/www.karneval-dipperz.de\/index.php\/wp-json\/wp\/v2\/types\/page"}],"author":[{"embeddable":true,"href":"http:\/\/www.karneval-dipperz.de\/index.php\/wp-json\/wp\/v2\/users\/666667"}],"replies":[{"embeddable":true,"href":"http:\/\/www.karneval-dipperz.de\/index.php\/wp-json\/wp\/v2\/comments?post=22139"}],"version-history":[{"count":0,"href":"http:\/\/www.karneval-dipperz.de\/index.php\/wp-json\/wp\/v2\/pages\/22139\/revisions"}],"wp:attachment":[{"href":"http:\/\/www.karneval-dipperz.de\/index.php\/wp-json\/wp\/v2\/media?parent=22139"}],"curies":[{"name":"wp","href":"https:\/\/api.w.org\/{rel}","templated":true}]}}