{"id":23262,"date":"2023-11-12T14:13:03","date_gmt":"2023-11-12T14:13:03","guid":{"rendered":"http:\/\/www.karneval-dipperz.de\/?page_id=23262"},"modified":"2023-11-15T07:20:23","modified_gmt":"2023-11-15T07:20:23","slug":"11-11-2023","status":"publish","type":"page","link":"http:\/\/www.karneval-dipperz.de\/index.php\/11-11-2023\/","title":{"rendered":"11.11.2023"},"content":{"rendered":"<p style=\"text-align: center;\" align=\"center\"><span style=\"color: black;\">Der Karnevalverein Dipperz er\u00f6ffnete die n\u00e4rrische Kampagne 2023\/2024 am 11.11.2023<\/span><\/p>\n<p style=\"text-align: center;\" align=\"center\"><span style=\"color: black;\">um 11 Uhr 11 mit 11 B\u00f6llersch\u00fcssen vor dem B\u00fcrgerhaus Dipperz und einem kr\u00e4ftigen \u201eDipperz Hoch!\u201c.<\/span><\/p>\n<p style=\"text-align: center;\" align=\"center\"><span style=\"color: black;\"><a href=\"http:\/\/www.karneval-dipperz.de\/index.php\/11-11-23-bilder\/\">Hier gibt es weitere Bilder<\/a> \u2013 allerdings passwortgesch\u00fctzt! Das Passwort kann beim Vorstand erfragt werden!<\/span><\/p>\n<p align=\"center\"><a href=\"https:\/\/osthessen-news.de\/naerrisch\/n11752759\/mit-elf-boellerschuessen-karnevalsverein-startet-in-die-fuenfte-jahreszeit.html\" target=\"_blank\" rel=\"noopener\"><span style=\"color: #000000;\">Artikel Osthessen-News<\/span><\/a><\/p>\n<p align=\"center\"><a href=\"http:\/\/www.karneval-dipperz.de\/wp-content\/uploads\/2023\/11\/20231111_111129b.jpg\"><img loading=\"lazy\" decoding=\"async\" class=\"size-large wp-image-23266 aligncenter\" src=\"http:\/\/www.karneval-dipperz.de\/wp-content\/uploads\/2023\/11\/20231111_111129b-1024x543.jpg\" alt=\"\" width=\"700\" height=\"371\" srcset=\"http:\/\/www.karneval-dipperz.de\/wp-content\/uploads\/2023\/11\/20231111_111129b-1024x543.jpg 1024w, http:\/\/www.karneval-dipperz.de\/wp-content\/uploads\/2023\/11\/20231111_111129b-300x159.jpg 300w, http:\/\/www.karneval-dipperz.de\/wp-content\/uploads\/2023\/11\/20231111_111129b-768x408.jpg 768w, http:\/\/www.karneval-dipperz.de\/wp-content\/uploads\/2023\/11\/20231111_111129b-1536x815.jpg 1536w, http:\/\/www.karneval-dipperz.de\/wp-content\/uploads\/2023\/11\/20231111_111129b-2048x1087.jpg 2048w\" sizes=\"auto, (max-width: 700px) 100vw, 700px\" \/><\/a><\/p>\n<p align=\"center\"><a href=\"http:\/\/www.karneval-dipperz.de\/wp-content\/uploads\/2023\/11\/20231111_111108b.jpg\"><img loading=\"lazy\" decoding=\"async\" class=\"size-large wp-image-23268 aligncenter\" src=\"http:\/\/www.karneval-dipperz.de\/wp-content\/uploads\/2023\/11\/20231111_111108b-1024x903.jpg\" alt=\"\" width=\"700\" height=\"617\" srcset=\"http:\/\/www.karneval-dipperz.de\/wp-content\/uploads\/2023\/11\/20231111_111108b-1024x903.jpg 1024w, http:\/\/www.karneval-dipperz.de\/wp-content\/uploads\/2023\/11\/20231111_111108b-300x264.jpg 300w, http:\/\/www.karneval-dipperz.de\/wp-content\/uploads\/2023\/11\/20231111_111108b-768x677.jpg 768w, http:\/\/www.karneval-dipperz.de\/wp-content\/uploads\/2023\/11\/20231111_111108b-1536x1354.jpg 1536w, http:\/\/www.karneval-dipperz.de\/wp-content\/uploads\/2023\/11\/20231111_111108b.jpg 1553w\" sizes=\"auto, (max-width: 700px) 100vw, 700px\" \/><\/a><\/p>\n<p align=\"center\"><a href=\"http:\/\/www.karneval-dipperz.de\/wp-content\/uploads\/2023\/11\/20231111_113555b.jpg\"><img loading=\"lazy\" decoding=\"async\" class=\"size-large wp-image-23269 aligncenter\" src=\"http:\/\/www.karneval-dipperz.de\/wp-content\/uploads\/2023\/11\/20231111_113555b-831x1024.jpg\" alt=\"\" width=\"700\" height=\"863\" srcset=\"http:\/\/www.karneval-dipperz.de\/wp-content\/uploads\/2023\/11\/20231111_113555b-831x1024.jpg 831w, http:\/\/www.karneval-dipperz.de\/wp-content\/uploads\/2023\/11\/20231111_113555b-243x300.jpg 243w, http:\/\/www.karneval-dipperz.de\/wp-content\/uploads\/2023\/11\/20231111_113555b-768x946.jpg 768w, http:\/\/www.karneval-dipperz.de\/wp-content\/uploads\/2023\/11\/20231111_113555b.jpg 1080w\" sizes=\"auto, (max-width: 700px) 100vw, 700px\" \/><\/a><\/p>\n<p align=\"center\"><a href=\"http:\/\/www.karneval-dipperz.de\/wp-content\/uploads\/2023\/11\/20231111_120041-scaled.jpg\"><img loading=\"lazy\" decoding=\"async\" class=\"aligncenter wp-image-23816 size-medium\" src=\"http:\/\/www.karneval-dipperz.de\/wp-content\/uploads\/2023\/11\/20231111_120041-225x300.jpg\" alt=\"\" width=\"225\" height=\"300\" srcset=\"http:\/\/www.karneval-dipperz.de\/wp-content\/uploads\/2023\/11\/20231111_120041-225x300.jpg 225w, http:\/\/www.karneval-dipperz.de\/wp-content\/uploads\/2023\/11\/20231111_120041-768x1024.jpg 768w, http:\/\/www.karneval-dipperz.de\/wp-content\/uploads\/2023\/11\/20231111_120041-1152x1536.jpg 1152w, http:\/\/www.karneval-dipperz.de\/wp-content\/uploads\/2023\/11\/20231111_120041-1536x2048.jpg 1536w, http:\/\/www.karneval-dipperz.de\/wp-content\/uploads\/2023\/11\/20231111_120041-scaled.jpg 1920w\" sizes=\"auto, (max-width: 225px) 100vw, 225px\" \/><\/a><\/p>\n<p align=\"center\">&nbsp;<\/p>\n<p align=\"center\">&nbsp;<\/p>\n<p align=\"center\">&nbsp;<\/p>\n","protected":false},"excerpt":{"rendered":"<p>Der Karnevalverein Dipperz er\u00f6ffnete die n\u00e4rrische Kampagne 2023\/2024 am 11.11.2023 um 11 Uhr 11 mit 11 B\u00f6llersch\u00fcssen vor dem B\u00fcrgerhaus Dipperz und einem kr\u00e4ftigen \u201eDipperz Hoch!\u201c. Hier gibt es weitere Bilder \u2013 allerdings passwortgesch\u00fctzt! Das Passwort kann beim Vorstand erfragt werden! Artikel Osthessen-News &nbsp; &nbsp; &nbsp;<\/p>\n","protected":false},"author":666667,"featured_media":0,"parent":0,"menu_order":0,"comment_status":"closed","ping_status":"closed","template":"","meta":{"ngg_post_thumbnail":0,"footnotes":""},"class_list":["post-23262","page","type-page","status-publish","hentry"],"_links":{"self":[{"href":"http:\/\/www.karneval-dipperz.de\/index.php\/wp-json\/wp\/v2\/pages\/23262","targetHints":{"allow":["GET"]}}],"collection":[{"href":"http:\/\/www.karneval-dipperz.de\/index.php\/wp-json\/wp\/v2\/pages"}],"about":[{"href":"http:\/\/www.karneval-dipperz.de\/index.php\/wp-json\/wp\/v2\/types\/page"}],"author":[{"embeddable":true,"href":"http:\/\/www.karneval-dipperz.de\/index.php\/wp-json\/wp\/v2\/users\/666667"}],"replies":[{"embeddable":true,"href":"http:\/\/www.karneval-dipperz.de\/index.php\/wp-json\/wp\/v2\/comments?post=23262"}],"version-history":[{"count":0,"href":"http:\/\/www.karneval-dipperz.de\/index.php\/wp-json\/wp\/v2\/pages\/23262\/revisions"}],"wp:attachment":[{"href":"http:\/\/www.karneval-dipperz.de\/index.php\/wp-json\/wp\/v2\/media?parent=23262"}],"curies":[{"name":"wp","href":"https:\/\/api.w.org\/{rel}","templated":true}]}}