{"id":24515,"date":"2024-01-22T08:55:50","date_gmt":"2024-01-22T08:55:50","guid":{"rendered":"http:\/\/www.karneval-dipperz.de\/?page_id=24515"},"modified":"2025-02-11T09:03:26","modified_gmt":"2025-02-11T09:03:26","slug":"sitzungen-2024","status":"publish","type":"page","link":"http:\/\/www.karneval-dipperz.de\/index.php\/sitzungen-2024\/","title":{"rendered":"Sitzungen 2024"},"content":{"rendered":"<p style=\"text-align: center;\"><span style=\"color: #000000;\">Am Samstag, 20.01.2024 fand unsere 1. Fremdensitzung im Dipperzer B\u00fcrgerhaus statt. Stimmung und gute Laune herrschten bei der ersten Sitzung. Die G\u00e4ste erlebten im B\u00fcrgerhaus einen kurzweiligen Abend mit tollen T\u00e4nzen, farbenfrohe Kost\u00fcmen und humorvollen Beitr\u00e4gen.<\/span><\/p>\n<p style=\"text-align: center;\"><span style=\"color: #000000;\"><a style=\"color: #000000;\" href=\"https:\/\/www.osthessen-fasching.de\/detailansicht\/news\/2024\/januar\/dipperz-hoch-und-schuetz-nie-beste-stimmung-bei-zweiter-sitzung-1.html\" target=\"_blank\" rel=\"noopener\">Artikel Osthessen Fasching<\/a><\/span><\/p>\n<p style=\"text-align: center;\"><a href=\"http:\/\/www.karneval-dipperz.de\/wp-content\/uploads\/2024\/01\/1-Begruessung.jpg\"><img loading=\"lazy\" decoding=\"async\" class=\"size-full wp-image-24519 aligncenter\" src=\"http:\/\/www.karneval-dipperz.de\/wp-content\/uploads\/2024\/01\/1-Begruessung.jpg\" alt=\"\" width=\"739\" height=\"379\" srcset=\"http:\/\/www.karneval-dipperz.de\/wp-content\/uploads\/2024\/01\/1-Begruessung.jpg 739w, http:\/\/www.karneval-dipperz.de\/wp-content\/uploads\/2024\/01\/1-Begruessung-300x154.jpg 300w\" sizes=\"auto, (max-width: 739px) 100vw, 739px\" \/><\/a><\/p>\n<p style=\"text-align: center;\"><a href=\"http:\/\/www.karneval-dipperz.de\/wp-content\/uploads\/2024\/01\/2.-Minis.jpg\"><img loading=\"lazy\" decoding=\"async\" class=\"size-large wp-image-24524 aligncenter\" src=\"http:\/\/www.karneval-dipperz.de\/wp-content\/uploads\/2024\/01\/2.-Minis-1024x409.jpg\" alt=\"\" width=\"700\" height=\"280\" srcset=\"http:\/\/www.karneval-dipperz.de\/wp-content\/uploads\/2024\/01\/2.-Minis-1024x409.jpg 1024w, http:\/\/www.karneval-dipperz.de\/wp-content\/uploads\/2024\/01\/2.-Minis-300x120.jpg 300w, http:\/\/www.karneval-dipperz.de\/wp-content\/uploads\/2024\/01\/2.-Minis-768x307.jpg 768w, http:\/\/www.karneval-dipperz.de\/wp-content\/uploads\/2024\/01\/2.-Minis-1536x613.jpg 1536w, http:\/\/www.karneval-dipperz.de\/wp-content\/uploads\/2024\/01\/2.-Minis.jpg 1600w\" sizes=\"auto, (max-width: 700px) 100vw, 700px\" \/><\/a><\/p>\n<p style=\"text-align: center;\"><a href=\"http:\/\/www.karneval-dipperz.de\/wp-content\/uploads\/2024\/02\/Brunnenchor-5.9-scaled.jpg\"><img loading=\"lazy\" decoding=\"async\" class=\"alignnone size-large wp-image-24585\" src=\"http:\/\/www.karneval-dipperz.de\/wp-content\/uploads\/2024\/02\/Brunnenchor-5.9-1024x467.jpg\" alt=\"\" width=\"700\" height=\"319\" srcset=\"http:\/\/www.karneval-dipperz.de\/wp-content\/uploads\/2024\/02\/Brunnenchor-5.9-1024x467.jpg 1024w, http:\/\/www.karneval-dipperz.de\/wp-content\/uploads\/2024\/02\/Brunnenchor-5.9-300x137.jpg 300w, http:\/\/www.karneval-dipperz.de\/wp-content\/uploads\/2024\/02\/Brunnenchor-5.9-768x350.jpg 768w, http:\/\/www.karneval-dipperz.de\/wp-content\/uploads\/2024\/02\/Brunnenchor-5.9-1536x701.jpg 1536w, http:\/\/www.karneval-dipperz.de\/wp-content\/uploads\/2024\/02\/Brunnenchor-5.9-2048x934.jpg 2048w\" sizes=\"auto, (max-width: 700px) 100vw, 700px\" \/><\/a><\/p>\n<p style=\"text-align: center;\"><a href=\"http:\/\/www.karneval-dipperz.de\/wp-content\/uploads\/2024\/02\/Emilche-uis-de-Rhoe.jpg\"><img loading=\"lazy\" decoding=\"async\" class=\"alignnone size-large wp-image-24586\" src=\"http:\/\/www.karneval-dipperz.de\/wp-content\/uploads\/2024\/02\/Emilche-uis-de-Rhoe.jpg\" alt=\"\" width=\"275\" height=\"531\" srcset=\"http:\/\/www.karneval-dipperz.de\/wp-content\/uploads\/2024\/02\/Emilche-uis-de-Rhoe.jpg 275w, http:\/\/www.karneval-dipperz.de\/wp-content\/uploads\/2024\/02\/Emilche-uis-de-Rhoe-155x300.jpg 155w\" sizes=\"auto, (max-width: 275px) 100vw, 275px\" \/><\/a><\/p>\n<p style=\"text-align: center;\"><a href=\"http:\/\/www.karneval-dipperz.de\/wp-content\/uploads\/2024\/02\/IMG-20240204-WA0009-scaled.jpg\"><img loading=\"lazy\" decoding=\"async\" class=\"alignnone size-large wp-image-24587\" src=\"http:\/\/www.karneval-dipperz.de\/wp-content\/uploads\/2024\/02\/IMG-20240204-WA0009-1024x768.jpg\" alt=\"\" width=\"700\" height=\"525\" srcset=\"http:\/\/www.karneval-dipperz.de\/wp-content\/uploads\/2024\/02\/IMG-20240204-WA0009-1024x768.jpg 1024w, http:\/\/www.karneval-dipperz.de\/wp-content\/uploads\/2024\/02\/IMG-20240204-WA0009-300x225.jpg 300w, http:\/\/www.karneval-dipperz.de\/wp-content\/uploads\/2024\/02\/IMG-20240204-WA0009-768x576.jpg 768w, http:\/\/www.karneval-dipperz.de\/wp-content\/uploads\/2024\/02\/IMG-20240204-WA0009-1536x1152.jpg 1536w, http:\/\/www.karneval-dipperz.de\/wp-content\/uploads\/2024\/02\/IMG-20240204-WA0009-2048x1536.jpg 2048w\" sizes=\"auto, (max-width: 700px) 100vw, 700px\" \/><\/a><\/p>\n<p style=\"text-align: center;\"><a href=\"http:\/\/www.karneval-dipperz.de\/wp-content\/uploads\/2024\/02\/Engel-Hallojulia.jpg\"><img loading=\"lazy\" decoding=\"async\" class=\"alignnone size-full wp-image-24594\" src=\"http:\/\/www.karneval-dipperz.de\/wp-content\/uploads\/2024\/02\/Engel-Hallojulia.jpg\" alt=\"\" width=\"556\" height=\"305\" srcset=\"http:\/\/www.karneval-dipperz.de\/wp-content\/uploads\/2024\/02\/Engel-Hallojulia.jpg 556w, http:\/\/www.karneval-dipperz.de\/wp-content\/uploads\/2024\/02\/Engel-Hallojulia-300x165.jpg 300w\" sizes=\"auto, (max-width: 556px) 100vw, 556px\" \/><\/a><\/p>\n<p style=\"text-align: center;\"><a href=\"http:\/\/www.karneval-dipperz.de\/wp-content\/uploads\/2024\/02\/OBBA.jpg\"><img loading=\"lazy\" decoding=\"async\" class=\"alignnone size-large wp-image-24588\" src=\"http:\/\/www.karneval-dipperz.de\/wp-content\/uploads\/2024\/02\/OBBA-1024x418.jpg\" alt=\"\" width=\"700\" height=\"286\" srcset=\"http:\/\/www.karneval-dipperz.de\/wp-content\/uploads\/2024\/02\/OBBA-1024x418.jpg 1024w, http:\/\/www.karneval-dipperz.de\/wp-content\/uploads\/2024\/02\/OBBA-300x122.jpg 300w, http:\/\/www.karneval-dipperz.de\/wp-content\/uploads\/2024\/02\/OBBA-768x313.jpg 768w, http:\/\/www.karneval-dipperz.de\/wp-content\/uploads\/2024\/02\/OBBA.jpg 1385w\" sizes=\"auto, (max-width: 700px) 100vw, 700px\" \/><\/a><\/p>\n<p style=\"text-align: center;\"><a href=\"http:\/\/www.karneval-dipperz.de\/wp-content\/uploads\/2024\/02\/Ortsbuettel.jpg\"><img loading=\"lazy\" decoding=\"async\" class=\"alignnone size-large wp-image-24589\" src=\"http:\/\/www.karneval-dipperz.de\/wp-content\/uploads\/2024\/02\/Ortsbuettel.jpg\" alt=\"\" width=\"395\" height=\"413\" srcset=\"http:\/\/www.karneval-dipperz.de\/wp-content\/uploads\/2024\/02\/Ortsbuettel.jpg 395w, http:\/\/www.karneval-dipperz.de\/wp-content\/uploads\/2024\/02\/Ortsbuettel-287x300.jpg 287w\" sizes=\"auto, (max-width: 395px) 100vw, 395px\" \/><\/a><\/p>\n<p style=\"text-align: center;\"><a href=\"http:\/\/www.karneval-dipperz.de\/wp-content\/uploads\/2024\/02\/Teenies.jpg\"><img loading=\"lazy\" decoding=\"async\" class=\"alignnone size-large wp-image-24590\" src=\"http:\/\/www.karneval-dipperz.de\/wp-content\/uploads\/2024\/02\/Teenies-1024x359.jpg\" alt=\"\" width=\"700\" height=\"245\" srcset=\"http:\/\/www.karneval-dipperz.de\/wp-content\/uploads\/2024\/02\/Teenies-1024x359.jpg 1024w, http:\/\/www.karneval-dipperz.de\/wp-content\/uploads\/2024\/02\/Teenies-300x105.jpg 300w, http:\/\/www.karneval-dipperz.de\/wp-content\/uploads\/2024\/02\/Teenies-768x269.jpg 768w, http:\/\/www.karneval-dipperz.de\/wp-content\/uploads\/2024\/02\/Teenies-1536x538.jpg 1536w, http:\/\/www.karneval-dipperz.de\/wp-content\/uploads\/2024\/02\/Teenies.jpg 2013w\" sizes=\"auto, (max-width: 700px) 100vw, 700px\" \/><\/a><\/p>\n<p style=\"text-align: center;\"><a href=\"http:\/\/www.karneval-dipperz.de\/wp-content\/uploads\/2024\/02\/Zwee-Dommschwaetzer.jpg\"><img loading=\"lazy\" decoding=\"async\" class=\"alignnone size-large wp-image-24591\" src=\"http:\/\/www.karneval-dipperz.de\/wp-content\/uploads\/2024\/02\/Zwee-Dommschwaetzer.jpg\" alt=\"\" width=\"561\" height=\"481\" srcset=\"http:\/\/www.karneval-dipperz.de\/wp-content\/uploads\/2024\/02\/Zwee-Dommschwaetzer.jpg 561w, http:\/\/www.karneval-dipperz.de\/wp-content\/uploads\/2024\/02\/Zwee-Dommschwaetzer-300x257.jpg 300w\" sizes=\"auto, (max-width: 561px) 100vw, 561px\" \/><\/a><\/p>\n<p style=\"text-align: center;\">&nbsp;<\/p>\n<p style=\"text-align: center;\">&nbsp;<\/p>\n<p style=\"text-align: center;\">&nbsp;<\/p>\n<p style=\"text-align: center;\">&nbsp;<\/p>\n<p style=\"text-align: center;\">&nbsp;<\/p>\n","protected":false},"excerpt":{"rendered":"<p>Am Samstag, 20.01.2024 fand unsere 1. Fremdensitzung im Dipperzer B\u00fcrgerhaus statt. Stimmung und gute Laune herrschten bei der ersten Sitzung. Die G\u00e4ste erlebten im B\u00fcrgerhaus einen kurzweiligen Abend mit tollen T\u00e4nzen, farbenfrohe Kost\u00fcmen und humorvollen Beitr\u00e4gen. Artikel Osthessen Fasching &nbsp; &nbsp; &nbsp; &nbsp; &nbsp;<\/p>\n","protected":false},"author":666667,"featured_media":0,"parent":0,"menu_order":0,"comment_status":"closed","ping_status":"closed","template":"","meta":{"ngg_post_thumbnail":0,"footnotes":""},"class_list":["post-24515","page","type-page","status-publish","hentry"],"_links":{"self":[{"href":"http:\/\/www.karneval-dipperz.de\/index.php\/wp-json\/wp\/v2\/pages\/24515","targetHints":{"allow":["GET"]}}],"collection":[{"href":"http:\/\/www.karneval-dipperz.de\/index.php\/wp-json\/wp\/v2\/pages"}],"about":[{"href":"http:\/\/www.karneval-dipperz.de\/index.php\/wp-json\/wp\/v2\/types\/page"}],"author":[{"embeddable":true,"href":"http:\/\/www.karneval-dipperz.de\/index.php\/wp-json\/wp\/v2\/users\/666667"}],"replies":[{"embeddable":true,"href":"http:\/\/www.karneval-dipperz.de\/index.php\/wp-json\/wp\/v2\/comments?post=24515"}],"version-history":[{"count":0,"href":"http:\/\/www.karneval-dipperz.de\/index.php\/wp-json\/wp\/v2\/pages\/24515\/revisions"}],"wp:attachment":[{"href":"http:\/\/www.karneval-dipperz.de\/index.php\/wp-json\/wp\/v2\/media?parent=24515"}],"curies":[{"name":"wp","href":"https:\/\/api.w.org\/{rel}","templated":true}]}}