{"id":24824,"date":"2024-11-12T09:05:46","date_gmt":"2024-11-12T09:05:46","guid":{"rendered":"http:\/\/www.karneval-dipperz.de\/?page_id=24824"},"modified":"2025-01-20T10:39:53","modified_gmt":"2025-01-20T10:39:53","slug":"11-11-2024","status":"publish","type":"page","link":"http:\/\/www.karneval-dipperz.de\/index.php\/11-11-2024\/","title":{"rendered":"11.11.2024"},"content":{"rendered":"<p style=\"text-align: center;\"><span style=\"color: #000000;\">Der Karnevalverein Dipperz er\u00f6ffnete die n\u00e4rrische Kampagne 2024\/2025 am 11.11.2024<\/span><\/p>\n<p style=\"text-align: center;\"><span style=\"color: #000000;\">um 11 Uhr 11 mit 11 B\u00f6llersch\u00fcssen vor dem B\u00fcrgerhaus Dipperz und einem kr\u00e4ftigen \u201eDipperz Hoch!\u201c.<\/span><\/p>\n<p style=\"text-align: center;\"><a href=\"https:\/\/osthessen-news.de\/naerrisch\/n11768904\/dipperzer-karnevalverein-feiert-60-jahre-mit-neuem-zweiten-prasidenten.html.html\" target=\"_blank\" rel=\"noopener\"><span style=\"color: #000000;\">Artikel Osthessen-News<\/span><\/a><\/p>\n<p style=\"text-align: center;\"><span style=\"color: #000000;\"><a href=\"http:\/\/www.karneval-dipperz.de\/index.php\/11-11-2024-bilder\/\">Hier gibt es weitere Bilder<\/a> \u2013 allerdings passwortgesch\u00fctzt! Das Passwort kann beim Vorstand erfragt werden!<\/span><\/p>\n<p><a href=\"http:\/\/www.karneval-dipperz.de\/wp-content\/uploads\/2024\/11\/11.11.24-10b.jpg\"><img loading=\"lazy\" decoding=\"async\" class=\"size-large wp-image-24830 aligncenter\" src=\"http:\/\/www.karneval-dipperz.de\/wp-content\/uploads\/2024\/11\/11.11.24-10b-1024x745.jpg\" alt=\"\" width=\"700\" height=\"509\" srcset=\"http:\/\/www.karneval-dipperz.de\/wp-content\/uploads\/2024\/11\/11.11.24-10b-1024x745.jpg 1024w, http:\/\/www.karneval-dipperz.de\/wp-content\/uploads\/2024\/11\/11.11.24-10b-300x218.jpg 300w, http:\/\/www.karneval-dipperz.de\/wp-content\/uploads\/2024\/11\/11.11.24-10b-768x559.jpg 768w, http:\/\/www.karneval-dipperz.de\/wp-content\/uploads\/2024\/11\/11.11.24-10b.jpg 1078w\" sizes=\"auto, (max-width: 700px) 100vw, 700px\" \/><\/a><\/p>\n<p><a href=\"http:\/\/www.karneval-dipperz.de\/wp-content\/uploads\/2024\/11\/11.11.24-0a.jpg\"><img loading=\"lazy\" decoding=\"async\" class=\"size-large wp-image-24832 aligncenter\" src=\"http:\/\/www.karneval-dipperz.de\/wp-content\/uploads\/2024\/11\/11.11.24-0a-802x1024.jpg\" alt=\"\" width=\"700\" height=\"894\" srcset=\"http:\/\/www.karneval-dipperz.de\/wp-content\/uploads\/2024\/11\/11.11.24-0a-802x1024.jpg 802w, http:\/\/www.karneval-dipperz.de\/wp-content\/uploads\/2024\/11\/11.11.24-0a-235x300.jpg 235w, http:\/\/www.karneval-dipperz.de\/wp-content\/uploads\/2024\/11\/11.11.24-0a-768x981.jpg 768w, http:\/\/www.karneval-dipperz.de\/wp-content\/uploads\/2024\/11\/11.11.24-0a.jpg 1080w\" sizes=\"auto, (max-width: 700px) 100vw, 700px\" \/><\/a><\/p>\n<p><a href=\"http:\/\/www.karneval-dipperz.de\/wp-content\/uploads\/2024\/11\/11.11.24-16.jpg\"><img loading=\"lazy\" decoding=\"async\" class=\"size-large wp-image-24833 aligncenter\" src=\"http:\/\/www.karneval-dipperz.de\/wp-content\/uploads\/2024\/11\/11.11.24-16-1024x768.jpg\" alt=\"\" width=\"700\" height=\"525\" srcset=\"http:\/\/www.karneval-dipperz.de\/wp-content\/uploads\/2024\/11\/11.11.24-16-1024x768.jpg 1024w, http:\/\/www.karneval-dipperz.de\/wp-content\/uploads\/2024\/11\/11.11.24-16-300x225.jpg 300w, http:\/\/www.karneval-dipperz.de\/wp-content\/uploads\/2024\/11\/11.11.24-16-768x576.jpg 768w, http:\/\/www.karneval-dipperz.de\/wp-content\/uploads\/2024\/11\/11.11.24-16-1536x1152.jpg 1536w, http:\/\/www.karneval-dipperz.de\/wp-content\/uploads\/2024\/11\/11.11.24-16.jpg 2048w\" sizes=\"auto, (max-width: 700px) 100vw, 700px\" \/><\/a><\/p>\n<p><a href=\"http:\/\/www.karneval-dipperz.de\/wp-content\/uploads\/2024\/11\/Screenshot_20241111_155942_Samsung-Internet.jpg\"><img loading=\"lazy\" decoding=\"async\" class=\"size-large wp-image-24834 aligncenter\" src=\"http:\/\/www.karneval-dipperz.de\/wp-content\/uploads\/2024\/11\/Screenshot_20241111_155942_Samsung-Internet-1024x821.jpg\" alt=\"\" width=\"700\" height=\"561\" srcset=\"http:\/\/www.karneval-dipperz.de\/wp-content\/uploads\/2024\/11\/Screenshot_20241111_155942_Samsung-Internet-1024x821.jpg 1024w, http:\/\/www.karneval-dipperz.de\/wp-content\/uploads\/2024\/11\/Screenshot_20241111_155942_Samsung-Internet-300x241.jpg 300w, http:\/\/www.karneval-dipperz.de\/wp-content\/uploads\/2024\/11\/Screenshot_20241111_155942_Samsung-Internet-768x616.jpg 768w, http:\/\/www.karneval-dipperz.de\/wp-content\/uploads\/2024\/11\/Screenshot_20241111_155942_Samsung-Internet.jpg 1074w\" sizes=\"auto, (max-width: 700px) 100vw, 700px\" \/><\/a><\/p>\n","protected":false},"excerpt":{"rendered":"<p>Der Karnevalverein Dipperz er\u00f6ffnete die n\u00e4rrische Kampagne 2024\/2025 am 11.11.2024 um 11 Uhr 11 mit 11 B\u00f6llersch\u00fcssen vor dem B\u00fcrgerhaus Dipperz und einem kr\u00e4ftigen \u201eDipperz Hoch!\u201c. Artikel Osthessen-News Hier gibt es weitere Bilder \u2013 allerdings passwortgesch\u00fctzt! Das Passwort kann beim Vorstand erfragt werden!<\/p>\n","protected":false},"author":666667,"featured_media":0,"parent":0,"menu_order":0,"comment_status":"closed","ping_status":"closed","template":"","meta":{"ngg_post_thumbnail":0,"footnotes":""},"class_list":["post-24824","page","type-page","status-publish","hentry"],"_links":{"self":[{"href":"http:\/\/www.karneval-dipperz.de\/index.php\/wp-json\/wp\/v2\/pages\/24824","targetHints":{"allow":["GET"]}}],"collection":[{"href":"http:\/\/www.karneval-dipperz.de\/index.php\/wp-json\/wp\/v2\/pages"}],"about":[{"href":"http:\/\/www.karneval-dipperz.de\/index.php\/wp-json\/wp\/v2\/types\/page"}],"author":[{"embeddable":true,"href":"http:\/\/www.karneval-dipperz.de\/index.php\/wp-json\/wp\/v2\/users\/666667"}],"replies":[{"embeddable":true,"href":"http:\/\/www.karneval-dipperz.de\/index.php\/wp-json\/wp\/v2\/comments?post=24824"}],"version-history":[{"count":0,"href":"http:\/\/www.karneval-dipperz.de\/index.php\/wp-json\/wp\/v2\/pages\/24824\/revisions"}],"wp:attachment":[{"href":"http:\/\/www.karneval-dipperz.de\/index.php\/wp-json\/wp\/v2\/media?parent=24824"}],"curies":[{"name":"wp","href":"https:\/\/api.w.org\/{rel}","templated":true}]}}