{"id":25553,"date":"2025-01-26T12:43:13","date_gmt":"2025-01-26T12:43:13","guid":{"rendered":"http:\/\/www.karneval-dipperz.de\/?page_id=25553"},"modified":"2025-01-30T08:08:48","modified_gmt":"2025-01-30T08:08:48","slug":"maskenball-2025","status":"publish","type":"page","link":"http:\/\/www.karneval-dipperz.de\/index.php\/maskenball-2025\/","title":{"rendered":"Maskenball 2025"},"content":{"rendered":"<p style=\"text-align: center;\"><span style=\"color: #000000;\">Am 25. Januar 2025 war der Maskenball im Rahmen des 60. Vereinsjahres vom KVD ein voller Erfolg und sorgte f\u00fcr gro\u00dfartige Stimmung bei allen Anwesenden. Die Veranstaltung unter dem Motto \u201eBlack &amp; White\u201c fand im festlich dekorierten B\u00fcrgerhaus statt und bot eine beeindruckende Kulisse f\u00fcr die zahlreichen Kost\u00fcmierten.<\/span><\/p>\n<p style=\"text-align: center;\"><span style=\"color: #000000;\">Die G\u00e4ste pr\u00e4sentierten eine Vielzahl von wundersch\u00f6nen Kost\u00fcmen, die von traditionell bis extravagant reichten. Die kreativen Verkleidungen trugen ma\u00dfgeblich zur besonderen Atmosph\u00e4re des Abends bei. Eine gro\u00dfe Abwechslung bot die Partyband \u201eRh\u00f6nRabattz\u201c, die bis in die fr\u00fchen Morgenstunden f\u00fcr ausgelassene Stimmung sorgte und zum Tanzen einlud.<\/span><\/p>\n<p style=\"text-align: center;\"><span style=\"color: #000000;\">Ein Highlight des Abends war die Demaskierung unter den G\u00e4sten. Die Gewinner der besten Kost\u00fcme erhielten Preise und wurden mit viel Beifall geehrt. Die Veranstaltung war ein bedeutungsvoller H\u00f6hepunkt im Dipperzer Karnevalskalender und hinterl\u00e4sst bei den Teilnehmern unvergessliche Erinnerungen.<\/span><\/p>\n<p style=\"text-align: center;\"><span style=\"color: #000000;\"><a style=\"color: #000000;\" href=\"http:\/\/www.karneval-dipperz.de\/index.php\/maskenball-2025-bilder\/\">Hier gibt es noch weitere Bilder<\/a> \u2013 allerdings passwortgesch\u00fctzt! Das Passwort kann beim Vorstand erfragt werden!<\/span><\/p>\n<p><a href=\"http:\/\/www.karneval-dipperz.de\/wp-content\/uploads\/2025\/01\/Maskenball-2025-1.jpg\"><img loading=\"lazy\" decoding=\"async\" class=\"size-large wp-image-25686 aligncenter\" src=\"http:\/\/www.karneval-dipperz.de\/wp-content\/uploads\/2025\/01\/Maskenball-2025-1-1024x817.jpg\" alt=\"\" width=\"700\" height=\"558\" srcset=\"http:\/\/www.karneval-dipperz.de\/wp-content\/uploads\/2025\/01\/Maskenball-2025-1-1024x817.jpg 1024w, http:\/\/www.karneval-dipperz.de\/wp-content\/uploads\/2025\/01\/Maskenball-2025-1-300x239.jpg 300w, http:\/\/www.karneval-dipperz.de\/wp-content\/uploads\/2025\/01\/Maskenball-2025-1-768x613.jpg 768w, http:\/\/www.karneval-dipperz.de\/wp-content\/uploads\/2025\/01\/Maskenball-2025-1.jpg 1500w\" sizes=\"auto, (max-width: 700px) 100vw, 700px\" \/><\/a><\/p>\n<p><a href=\"http:\/\/www.karneval-dipperz.de\/wp-content\/uploads\/2025\/01\/Maskenball-2025-2.jpg\"><img loading=\"lazy\" decoding=\"async\" class=\"size-large wp-image-25694 aligncenter\" src=\"http:\/\/www.karneval-dipperz.de\/wp-content\/uploads\/2025\/01\/Maskenball-2025-2-1024x583.jpg\" alt=\"\" width=\"700\" height=\"399\" srcset=\"http:\/\/www.karneval-dipperz.de\/wp-content\/uploads\/2025\/01\/Maskenball-2025-2-1024x583.jpg 1024w, http:\/\/www.karneval-dipperz.de\/wp-content\/uploads\/2025\/01\/Maskenball-2025-2-300x171.jpg 300w, http:\/\/www.karneval-dipperz.de\/wp-content\/uploads\/2025\/01\/Maskenball-2025-2-768x437.jpg 768w, http:\/\/www.karneval-dipperz.de\/wp-content\/uploads\/2025\/01\/Maskenball-2025-2.jpg 1467w\" sizes=\"auto, (max-width: 700px) 100vw, 700px\" \/><\/a><\/p>\n<p><a href=\"http:\/\/www.karneval-dipperz.de\/wp-content\/uploads\/2025\/01\/Maskenball-2025-3-scaled.jpg\"><img loading=\"lazy\" decoding=\"async\" class=\"size-large wp-image-25695 aligncenter\" src=\"http:\/\/www.karneval-dipperz.de\/wp-content\/uploads\/2025\/01\/Maskenball-2025-3-1024x432.jpg\" alt=\"\" width=\"700\" height=\"295\" srcset=\"http:\/\/www.karneval-dipperz.de\/wp-content\/uploads\/2025\/01\/Maskenball-2025-3-1024x432.jpg 1024w, http:\/\/www.karneval-dipperz.de\/wp-content\/uploads\/2025\/01\/Maskenball-2025-3-300x127.jpg 300w, http:\/\/www.karneval-dipperz.de\/wp-content\/uploads\/2025\/01\/Maskenball-2025-3-768x324.jpg 768w, http:\/\/www.karneval-dipperz.de\/wp-content\/uploads\/2025\/01\/Maskenball-2025-3-1536x648.jpg 1536w, http:\/\/www.karneval-dipperz.de\/wp-content\/uploads\/2025\/01\/Maskenball-2025-3-2048x864.jpg 2048w\" sizes=\"auto, (max-width: 700px) 100vw, 700px\" \/><\/a><\/p>\n<p><a href=\"http:\/\/www.karneval-dipperz.de\/wp-content\/uploads\/2025\/01\/IMG-20250125-WA0044.jpg\"><img loading=\"lazy\" decoding=\"async\" class=\"size-large wp-image-25688 aligncenter\" src=\"http:\/\/www.karneval-dipperz.de\/wp-content\/uploads\/2025\/01\/IMG-20250125-WA0044-1024x648.jpg\" alt=\"\" width=\"700\" height=\"443\" srcset=\"http:\/\/www.karneval-dipperz.de\/wp-content\/uploads\/2025\/01\/IMG-20250125-WA0044-1024x648.jpg 1024w, http:\/\/www.karneval-dipperz.de\/wp-content\/uploads\/2025\/01\/IMG-20250125-WA0044-300x190.jpg 300w, http:\/\/www.karneval-dipperz.de\/wp-content\/uploads\/2025\/01\/IMG-20250125-WA0044-768x486.jpg 768w, http:\/\/www.karneval-dipperz.de\/wp-content\/uploads\/2025\/01\/IMG-20250125-WA0044.jpg 1501w\" sizes=\"auto, (max-width: 700px) 100vw, 700px\" \/><\/a><\/p>\n<p><a href=\"http:\/\/www.karneval-dipperz.de\/wp-content\/uploads\/2025\/01\/20250126_002950-scaled.jpg\"><img loading=\"lazy\" decoding=\"async\" class=\"size-large wp-image-25683 aligncenter\" src=\"http:\/\/www.karneval-dipperz.de\/wp-content\/uploads\/2025\/01\/20250126_002950-1024x768.jpg\" alt=\"\" width=\"700\" height=\"525\" srcset=\"http:\/\/www.karneval-dipperz.de\/wp-content\/uploads\/2025\/01\/20250126_002950-1024x768.jpg 1024w, http:\/\/www.karneval-dipperz.de\/wp-content\/uploads\/2025\/01\/20250126_002950-300x225.jpg 300w, http:\/\/www.karneval-dipperz.de\/wp-content\/uploads\/2025\/01\/20250126_002950-768x576.jpg 768w, http:\/\/www.karneval-dipperz.de\/wp-content\/uploads\/2025\/01\/20250126_002950-1536x1152.jpg 1536w, http:\/\/www.karneval-dipperz.de\/wp-content\/uploads\/2025\/01\/20250126_002950-2048x1536.jpg 2048w\" sizes=\"auto, (max-width: 700px) 100vw, 700px\" \/><\/a><\/p>\n<p style=\"text-align: center;\"><span style=\"color: #000000;\">&nbsp;<\/span><\/p>\n<p>&nbsp;<\/p>\n","protected":false},"excerpt":{"rendered":"<p>Am 25. Januar 2025 war der Maskenball im Rahmen des 60. Vereinsjahres vom KVD ein voller Erfolg und sorgte f\u00fcr gro\u00dfartige Stimmung bei allen Anwesenden. Die Veranstaltung unter dem Motto \u201eBlack &amp; White\u201c fand im festlich dekorierten B\u00fcrgerhaus statt und bot eine beeindruckende Kulisse f\u00fcr die zahlreichen Kost\u00fcmierten. Die G\u00e4ste pr\u00e4sentierten eine Vielzahl von wundersch\u00f6nen [&hellip;]<\/p>\n","protected":false},"author":666667,"featured_media":0,"parent":0,"menu_order":0,"comment_status":"closed","ping_status":"closed","template":"","meta":{"ngg_post_thumbnail":0,"footnotes":""},"class_list":["post-25553","page","type-page","status-publish","hentry"],"_links":{"self":[{"href":"http:\/\/www.karneval-dipperz.de\/index.php\/wp-json\/wp\/v2\/pages\/25553","targetHints":{"allow":["GET"]}}],"collection":[{"href":"http:\/\/www.karneval-dipperz.de\/index.php\/wp-json\/wp\/v2\/pages"}],"about":[{"href":"http:\/\/www.karneval-dipperz.de\/index.php\/wp-json\/wp\/v2\/types\/page"}],"author":[{"embeddable":true,"href":"http:\/\/www.karneval-dipperz.de\/index.php\/wp-json\/wp\/v2\/users\/666667"}],"replies":[{"embeddable":true,"href":"http:\/\/www.karneval-dipperz.de\/index.php\/wp-json\/wp\/v2\/comments?post=25553"}],"version-history":[{"count":0,"href":"http:\/\/www.karneval-dipperz.de\/index.php\/wp-json\/wp\/v2\/pages\/25553\/revisions"}],"wp:attachment":[{"href":"http:\/\/www.karneval-dipperz.de\/index.php\/wp-json\/wp\/v2\/media?parent=25553"}],"curies":[{"name":"wp","href":"https:\/\/api.w.org\/{rel}","templated":true}]}}