{"id":25708,"date":"2025-02-06T10:53:48","date_gmt":"2025-02-06T10:53:48","guid":{"rendered":"http:\/\/www.karneval-dipperz.de\/?page_id=25708"},"modified":"2025-02-17T08:10:22","modified_gmt":"2025-02-17T08:10:22","slug":"sitzung-2025","status":"publish","type":"page","link":"http:\/\/www.karneval-dipperz.de\/index.php\/sitzung-2025\/","title":{"rendered":"Sitzungen 2025"},"content":{"rendered":"<p style=\"text-align: center;\"><span style=\"color: #000000;\">Am Samstag, 08.02.2025 fand unsere 1. Fremdensitzung im Dipperzer B\u00fcrgerhaus statt. Stimmung und gute Laune herrschte bei der ersten Sitzung im Jubil\u00e4umsjahr &#8211; 60 Jahre KVD. Die G\u00e4ste erlebten im B\u00fcrgerhaus einen kurzweiligen Abend mit tollen T\u00e4nzen, farbenfrohe Kost\u00fcmen und humorvollen Beitr\u00e4gen.<\/span><\/p>\n<p style=\"text-align: center;\"><a href=\"https:\/\/osthessen-news.de\/n11772003\/beste-stimmung-bei-der-ersten-sitzung-des-karnevalverein-dipperz.html\" target=\"_blank\" rel=\"noopener\"><span style=\"color: #000000;\">Artikel Osthessen News<\/span><\/a><\/p>\n<p style=\"text-align: center;\"><span style=\"color: #000000;\"><a style=\"color: #000000;\" href=\"http:\/\/www.karneval-dipperz.de\/index.php\/sitzung-2024-bilder\/\">Hier gibt es mehr Bilder von der 1. Sitzung<\/a> \u2013 allerdings passwortgesch\u00fctzt! Das Passwort kann beim Vorstand erfragt werden!<\/span><\/p>\n<p style=\"text-align: center;\"><span style=\"color: #000000;\">Hier geht es zu Bildern der <a href=\"http:\/\/www.karneval-dipperz.de\/index.php\/sitzung-2025-nr-2-bilder\/\">2. Fremdensitzung<\/a> am 15.02.25.<\/span><\/p>\n<p style=\"text-align: center;\"><a href=\"http:\/\/www.karneval-dipperz.de\/wp-content\/uploads\/2025\/02\/20250208_200333-scaled.jpg\"><img loading=\"lazy\" decoding=\"async\" class=\"size-large wp-image-25781 aligncenter\" src=\"http:\/\/www.karneval-dipperz.de\/wp-content\/uploads\/2025\/02\/20250208_200333-1024x306.jpg\" alt=\"\" width=\"700\" height=\"209\" srcset=\"http:\/\/www.karneval-dipperz.de\/wp-content\/uploads\/2025\/02\/20250208_200333-1024x306.jpg 1024w, http:\/\/www.karneval-dipperz.de\/wp-content\/uploads\/2025\/02\/20250208_200333-300x90.jpg 300w, http:\/\/www.karneval-dipperz.de\/wp-content\/uploads\/2025\/02\/20250208_200333-768x229.jpg 768w, http:\/\/www.karneval-dipperz.de\/wp-content\/uploads\/2025\/02\/20250208_200333-1536x459.jpg 1536w, http:\/\/www.karneval-dipperz.de\/wp-content\/uploads\/2025\/02\/20250208_200333-2048x611.jpg 2048w\" sizes=\"auto, (max-width: 700px) 100vw, 700px\" \/><\/a><\/p>\n<p style=\"text-align: center;\"><a href=\"http:\/\/www.karneval-dipperz.de\/wp-content\/uploads\/2025\/02\/20250208_201506-scaled.jpg\"><img loading=\"lazy\" decoding=\"async\" class=\"size-large wp-image-25784 aligncenter\" src=\"http:\/\/www.karneval-dipperz.de\/wp-content\/uploads\/2025\/02\/20250208_201506-1024x291.jpg\" alt=\"\" width=\"700\" height=\"199\" srcset=\"http:\/\/www.karneval-dipperz.de\/wp-content\/uploads\/2025\/02\/20250208_201506-1024x291.jpg 1024w, http:\/\/www.karneval-dipperz.de\/wp-content\/uploads\/2025\/02\/20250208_201506-300x85.jpg 300w, http:\/\/www.karneval-dipperz.de\/wp-content\/uploads\/2025\/02\/20250208_201506-768x218.jpg 768w, http:\/\/www.karneval-dipperz.de\/wp-content\/uploads\/2025\/02\/20250208_201506-1536x436.jpg 1536w, http:\/\/www.karneval-dipperz.de\/wp-content\/uploads\/2025\/02\/20250208_201506-2048x582.jpg 2048w\" sizes=\"auto, (max-width: 700px) 100vw, 700px\" \/><\/a><\/p>\n<p style=\"text-align: center;\"><a href=\"http:\/\/www.karneval-dipperz.de\/wp-content\/uploads\/2025\/02\/11.jpg\"><img loading=\"lazy\" decoding=\"async\" class=\"aligncenter wp-image-25777\" src=\"http:\/\/www.karneval-dipperz.de\/wp-content\/uploads\/2025\/02\/11-300x250.jpg\" alt=\"\" width=\"400\" height=\"333\" srcset=\"http:\/\/www.karneval-dipperz.de\/wp-content\/uploads\/2025\/02\/11-300x250.jpg 300w, http:\/\/www.karneval-dipperz.de\/wp-content\/uploads\/2025\/02\/11-768x640.jpg 768w, http:\/\/www.karneval-dipperz.de\/wp-content\/uploads\/2025\/02\/11.jpg 784w\" sizes=\"auto, (max-width: 400px) 100vw, 400px\" \/><\/a><\/p>\n<p style=\"text-align: center;\"><a href=\"http:\/\/www.karneval-dipperz.de\/wp-content\/uploads\/2025\/02\/20250208_202714.jpg\"><img loading=\"lazy\" decoding=\"async\" class=\"aligncenter wp-image-25786\" src=\"http:\/\/www.karneval-dipperz.de\/wp-content\/uploads\/2025\/02\/20250208_202714-662x1024.jpg\" alt=\"\" width=\"400\" height=\"619\" srcset=\"http:\/\/www.karneval-dipperz.de\/wp-content\/uploads\/2025\/02\/20250208_202714-662x1024.jpg 662w, http:\/\/www.karneval-dipperz.de\/wp-content\/uploads\/2025\/02\/20250208_202714-194x300.jpg 194w, http:\/\/www.karneval-dipperz.de\/wp-content\/uploads\/2025\/02\/20250208_202714-768x1188.jpg 768w, http:\/\/www.karneval-dipperz.de\/wp-content\/uploads\/2025\/02\/20250208_202714-993x1536.jpg 993w, http:\/\/www.karneval-dipperz.de\/wp-content\/uploads\/2025\/02\/20250208_202714-1324x2048.jpg 1324w, http:\/\/www.karneval-dipperz.de\/wp-content\/uploads\/2025\/02\/20250208_202714.jpg 1391w\" sizes=\"auto, (max-width: 400px) 100vw, 400px\" \/><\/a><\/p>\n<p style=\"text-align: center;\"><a href=\"http:\/\/www.karneval-dipperz.de\/wp-content\/uploads\/2025\/02\/20250208_204219-scaled.jpg\"><img loading=\"lazy\" decoding=\"async\" class=\"size-large wp-image-25787 aligncenter\" src=\"http:\/\/www.karneval-dipperz.de\/wp-content\/uploads\/2025\/02\/20250208_204219-1024x376.jpg\" alt=\"\" width=\"700\" height=\"257\" srcset=\"http:\/\/www.karneval-dipperz.de\/wp-content\/uploads\/2025\/02\/20250208_204219-1024x376.jpg 1024w, http:\/\/www.karneval-dipperz.de\/wp-content\/uploads\/2025\/02\/20250208_204219-300x110.jpg 300w, http:\/\/www.karneval-dipperz.de\/wp-content\/uploads\/2025\/02\/20250208_204219-768x282.jpg 768w, http:\/\/www.karneval-dipperz.de\/wp-content\/uploads\/2025\/02\/20250208_204219-1536x565.jpg 1536w, http:\/\/www.karneval-dipperz.de\/wp-content\/uploads\/2025\/02\/20250208_204219-2048x753.jpg 2048w\" sizes=\"auto, (max-width: 700px) 100vw, 700px\" \/><\/a><\/p>\n<p style=\"text-align: center;\"><a href=\"http:\/\/www.karneval-dipperz.de\/wp-content\/uploads\/2025\/02\/8.jpg\"><img loading=\"lazy\" decoding=\"async\" class=\"size-full wp-image-25744 aligncenter\" src=\"http:\/\/www.karneval-dipperz.de\/wp-content\/uploads\/2025\/02\/8.jpg\" alt=\"\" width=\"776\" height=\"466\" srcset=\"http:\/\/www.karneval-dipperz.de\/wp-content\/uploads\/2025\/02\/8.jpg 776w, http:\/\/www.karneval-dipperz.de\/wp-content\/uploads\/2025\/02\/8-300x180.jpg 300w, http:\/\/www.karneval-dipperz.de\/wp-content\/uploads\/2025\/02\/8-768x461.jpg 768w\" sizes=\"auto, (max-width: 776px) 100vw, 776px\" \/><\/a><\/p>\n<p style=\"text-align: center;\"><a href=\"http:\/\/www.karneval-dipperz.de\/wp-content\/uploads\/2025\/02\/20250208_211749-scaled.jpg\"><img loading=\"lazy\" decoding=\"async\" class=\"size-large wp-image-25789 aligncenter\" src=\"http:\/\/www.karneval-dipperz.de\/wp-content\/uploads\/2025\/02\/20250208_211749-1024x259.jpg\" alt=\"\" width=\"700\" height=\"177\" srcset=\"http:\/\/www.karneval-dipperz.de\/wp-content\/uploads\/2025\/02\/20250208_211749-1024x259.jpg 1024w, http:\/\/www.karneval-dipperz.de\/wp-content\/uploads\/2025\/02\/20250208_211749-300x76.jpg 300w, http:\/\/www.karneval-dipperz.de\/wp-content\/uploads\/2025\/02\/20250208_211749-768x194.jpg 768w, http:\/\/www.karneval-dipperz.de\/wp-content\/uploads\/2025\/02\/20250208_211749-1536x389.jpg 1536w, http:\/\/www.karneval-dipperz.de\/wp-content\/uploads\/2025\/02\/20250208_211749-2048x518.jpg 2048w\" sizes=\"auto, (max-width: 700px) 100vw, 700px\" \/><\/a><\/p>\n<p style=\"text-align: center;\"><a href=\"http:\/\/www.karneval-dipperz.de\/wp-content\/uploads\/2025\/02\/12.jpg\"><img loading=\"lazy\" decoding=\"async\" class=\"size-full wp-image-25778 aligncenter\" src=\"http:\/\/www.karneval-dipperz.de\/wp-content\/uploads\/2025\/02\/12.jpg\" alt=\"\" width=\"745\" height=\"407\" srcset=\"http:\/\/www.karneval-dipperz.de\/wp-content\/uploads\/2025\/02\/12.jpg 745w, http:\/\/www.karneval-dipperz.de\/wp-content\/uploads\/2025\/02\/12-300x164.jpg 300w\" sizes=\"auto, (max-width: 745px) 100vw, 745px\" \/><\/a><\/p>\n<p style=\"text-align: center;\"><a href=\"http:\/\/www.karneval-dipperz.de\/wp-content\/uploads\/2025\/02\/IMG-20250209-WA0012.jpg\"><img loading=\"lazy\" decoding=\"async\" class=\"size-large wp-image-25747 aligncenter\" src=\"http:\/\/www.karneval-dipperz.de\/wp-content\/uploads\/2025\/02\/IMG-20250209-WA0012-1024x497.jpg\" alt=\"\" width=\"700\" height=\"340\" srcset=\"http:\/\/www.karneval-dipperz.de\/wp-content\/uploads\/2025\/02\/IMG-20250209-WA0012-1024x497.jpg 1024w, http:\/\/www.karneval-dipperz.de\/wp-content\/uploads\/2025\/02\/IMG-20250209-WA0012-300x146.jpg 300w, http:\/\/www.karneval-dipperz.de\/wp-content\/uploads\/2025\/02\/IMG-20250209-WA0012-768x373.jpg 768w, http:\/\/www.karneval-dipperz.de\/wp-content\/uploads\/2025\/02\/IMG-20250209-WA0012-1536x746.jpg 1536w, http:\/\/www.karneval-dipperz.de\/wp-content\/uploads\/2025\/02\/IMG-20250209-WA0012.jpg 2000w\" sizes=\"auto, (max-width: 700px) 100vw, 700px\" \/><\/a><\/p>\n<p style=\"text-align: center;\"><a href=\"http:\/\/www.karneval-dipperz.de\/wp-content\/uploads\/2025\/02\/40.jpg\"><img loading=\"lazy\" decoding=\"async\" class=\"size-full wp-image-25749 aligncenter\" src=\"http:\/\/www.karneval-dipperz.de\/wp-content\/uploads\/2025\/02\/40.jpg\" alt=\"\" width=\"779\" height=\"285\" srcset=\"http:\/\/www.karneval-dipperz.de\/wp-content\/uploads\/2025\/02\/40.jpg 779w, http:\/\/www.karneval-dipperz.de\/wp-content\/uploads\/2025\/02\/40-300x110.jpg 300w, http:\/\/www.karneval-dipperz.de\/wp-content\/uploads\/2025\/02\/40-768x281.jpg 768w\" sizes=\"auto, (max-width: 779px) 100vw, 779px\" \/><\/a><\/p>\n<p style=\"text-align: center;\"><a href=\"http:\/\/www.karneval-dipperz.de\/wp-content\/uploads\/2025\/02\/20250208_220538.jpg\"><img loading=\"lazy\" decoding=\"async\" class=\"aligncenter wp-image-25792\" src=\"http:\/\/www.karneval-dipperz.de\/wp-content\/uploads\/2025\/02\/20250208_220538-711x1024.jpg\" alt=\"\" width=\"400\" height=\"576\" srcset=\"http:\/\/www.karneval-dipperz.de\/wp-content\/uploads\/2025\/02\/20250208_220538-711x1024.jpg 711w, http:\/\/www.karneval-dipperz.de\/wp-content\/uploads\/2025\/02\/20250208_220538-208x300.jpg 208w, http:\/\/www.karneval-dipperz.de\/wp-content\/uploads\/2025\/02\/20250208_220538-768x1106.jpg 768w, http:\/\/www.karneval-dipperz.de\/wp-content\/uploads\/2025\/02\/20250208_220538-1066x1536.jpg 1066w, http:\/\/www.karneval-dipperz.de\/wp-content\/uploads\/2025\/02\/20250208_220538.jpg 1117w\" sizes=\"auto, (max-width: 400px) 100vw, 400px\" \/><\/a><\/p>\n<p style=\"text-align: center;\"><a href=\"http:\/\/www.karneval-dipperz.de\/wp-content\/uploads\/2025\/02\/20250208_222333.jpg\"><img loading=\"lazy\" decoding=\"async\" class=\"aligncenter wp-image-25794\" src=\"http:\/\/www.karneval-dipperz.de\/wp-content\/uploads\/2025\/02\/20250208_222333-446x1024.jpg\" alt=\"\" width=\"400\" height=\"919\" srcset=\"http:\/\/www.karneval-dipperz.de\/wp-content\/uploads\/2025\/02\/20250208_222333-446x1024.jpg 446w, http:\/\/www.karneval-dipperz.de\/wp-content\/uploads\/2025\/02\/20250208_222333-131x300.jpg 131w, http:\/\/www.karneval-dipperz.de\/wp-content\/uploads\/2025\/02\/20250208_222333-768x1765.jpg 768w, http:\/\/www.karneval-dipperz.de\/wp-content\/uploads\/2025\/02\/20250208_222333-669x1536.jpg 669w, http:\/\/www.karneval-dipperz.de\/wp-content\/uploads\/2025\/02\/20250208_222333-891x2048.jpg 891w, http:\/\/www.karneval-dipperz.de\/wp-content\/uploads\/2025\/02\/20250208_222333.jpg 971w\" sizes=\"auto, (max-width: 400px) 100vw, 400px\" \/><\/a><\/p>\n<p style=\"text-align: center;\"><a href=\"http:\/\/www.karneval-dipperz.de\/wp-content\/uploads\/2025\/02\/20250208_223116.jpg\"><img loading=\"lazy\" decoding=\"async\" class=\"aligncenter wp-image-25795\" src=\"http:\/\/www.karneval-dipperz.de\/wp-content\/uploads\/2025\/02\/20250208_223116-646x1024.jpg\" alt=\"\" width=\"400\" height=\"634\" srcset=\"http:\/\/www.karneval-dipperz.de\/wp-content\/uploads\/2025\/02\/20250208_223116-646x1024.jpg 646w, http:\/\/www.karneval-dipperz.de\/wp-content\/uploads\/2025\/02\/20250208_223116-189x300.jpg 189w, http:\/\/www.karneval-dipperz.de\/wp-content\/uploads\/2025\/02\/20250208_223116-768x1217.jpg 768w, http:\/\/www.karneval-dipperz.de\/wp-content\/uploads\/2025\/02\/20250208_223116-969x1536.jpg 969w, http:\/\/www.karneval-dipperz.de\/wp-content\/uploads\/2025\/02\/20250208_223116.jpg 1073w\" sizes=\"auto, (max-width: 400px) 100vw, 400px\" \/><\/a><\/p>\n<p style=\"text-align: center;\"><a href=\"http:\/\/www.karneval-dipperz.de\/wp-content\/uploads\/2025\/02\/BC-scaled.jpg\"><img loading=\"lazy\" decoding=\"async\" class=\"size-large wp-image-25756 aligncenter\" src=\"http:\/\/www.karneval-dipperz.de\/wp-content\/uploads\/2025\/02\/BC-1024x491.jpg\" alt=\"\" width=\"700\" height=\"336\" srcset=\"http:\/\/www.karneval-dipperz.de\/wp-content\/uploads\/2025\/02\/BC-1024x491.jpg 1024w, http:\/\/www.karneval-dipperz.de\/wp-content\/uploads\/2025\/02\/BC-300x144.jpg 300w, http:\/\/www.karneval-dipperz.de\/wp-content\/uploads\/2025\/02\/BC-768x369.jpg 768w, http:\/\/www.karneval-dipperz.de\/wp-content\/uploads\/2025\/02\/BC-1536x737.jpg 1536w, http:\/\/www.karneval-dipperz.de\/wp-content\/uploads\/2025\/02\/BC-2048x983.jpg 2048w\" sizes=\"auto, (max-width: 700px) 100vw, 700px\" \/><\/a><\/p>\n<p style=\"text-align: center;\"><a href=\"http:\/\/www.karneval-dipperz.de\/wp-content\/uploads\/2025\/02\/34.jpg\"><img loading=\"lazy\" decoding=\"async\" class=\"size-full wp-image-25757 aligncenter\" src=\"http:\/\/www.karneval-dipperz.de\/wp-content\/uploads\/2025\/02\/34.jpg\" alt=\"\" width=\"679\" height=\"383\" srcset=\"http:\/\/www.karneval-dipperz.de\/wp-content\/uploads\/2025\/02\/34.jpg 679w, http:\/\/www.karneval-dipperz.de\/wp-content\/uploads\/2025\/02\/34-300x169.jpg 300w\" sizes=\"auto, (max-width: 679px) 100vw, 679px\" \/><\/a><\/p>\n<p style=\"text-align: center;\"><a href=\"http:\/\/www.karneval-dipperz.de\/wp-content\/uploads\/2025\/02\/20250208_234016-scaled.jpg\"><img loading=\"lazy\" decoding=\"async\" class=\"aligncenter wp-image-25797\" src=\"http:\/\/www.karneval-dipperz.de\/wp-content\/uploads\/2025\/02\/20250208_234016-663x1024.jpg\" alt=\"\" width=\"400\" height=\"618\" srcset=\"http:\/\/www.karneval-dipperz.de\/wp-content\/uploads\/2025\/02\/20250208_234016-663x1024.jpg 663w, http:\/\/www.karneval-dipperz.de\/wp-content\/uploads\/2025\/02\/20250208_234016-194x300.jpg 194w, http:\/\/www.karneval-dipperz.de\/wp-content\/uploads\/2025\/02\/20250208_234016-768x1186.jpg 768w, http:\/\/www.karneval-dipperz.de\/wp-content\/uploads\/2025\/02\/20250208_234016-995x1536.jpg 995w, http:\/\/www.karneval-dipperz.de\/wp-content\/uploads\/2025\/02\/20250208_234016-1326x2048.jpg 1326w, http:\/\/www.karneval-dipperz.de\/wp-content\/uploads\/2025\/02\/20250208_234016-scaled.jpg 1658w\" sizes=\"auto, (max-width: 400px) 100vw, 400px\" \/><\/a><\/p>\n<p style=\"text-align: center;\"><a href=\"http:\/\/www.karneval-dipperz.de\/wp-content\/uploads\/2025\/02\/20250209_000325-scaled.jpg\"><img loading=\"lazy\" decoding=\"async\" class=\"size-large wp-image-25798 aligncenter\" src=\"http:\/\/www.karneval-dipperz.de\/wp-content\/uploads\/2025\/02\/20250209_000325-1024x375.jpg\" alt=\"\" width=\"700\" height=\"256\" srcset=\"http:\/\/www.karneval-dipperz.de\/wp-content\/uploads\/2025\/02\/20250209_000325-1024x375.jpg 1024w, http:\/\/www.karneval-dipperz.de\/wp-content\/uploads\/2025\/02\/20250209_000325-300x110.jpg 300w, http:\/\/www.karneval-dipperz.de\/wp-content\/uploads\/2025\/02\/20250209_000325-768x281.jpg 768w, http:\/\/www.karneval-dipperz.de\/wp-content\/uploads\/2025\/02\/20250209_000325-1536x563.jpg 1536w, http:\/\/www.karneval-dipperz.de\/wp-content\/uploads\/2025\/02\/20250209_000325-2048x751.jpg 2048w\" sizes=\"auto, (max-width: 700px) 100vw, 700px\" \/><\/a><\/p>\n<p style=\"text-align: center;\"><a href=\"http:\/\/www.karneval-dipperz.de\/wp-content\/uploads\/2025\/02\/20250209_001335.jpg\"><img loading=\"lazy\" decoding=\"async\" class=\"size-large wp-image-25800 aligncenter\" src=\"http:\/\/www.karneval-dipperz.de\/wp-content\/uploads\/2025\/02\/20250209_001335-1024x657.jpg\" alt=\"\" width=\"700\" height=\"449\" srcset=\"http:\/\/www.karneval-dipperz.de\/wp-content\/uploads\/2025\/02\/20250209_001335-1024x657.jpg 1024w, http:\/\/www.karneval-dipperz.de\/wp-content\/uploads\/2025\/02\/20250209_001335-300x192.jpg 300w, http:\/\/www.karneval-dipperz.de\/wp-content\/uploads\/2025\/02\/20250209_001335-768x493.jpg 768w, http:\/\/www.karneval-dipperz.de\/wp-content\/uploads\/2025\/02\/20250209_001335-1536x986.jpg 1536w, http:\/\/www.karneval-dipperz.de\/wp-content\/uploads\/2025\/02\/20250209_001335-2048x1314.jpg 2048w\" sizes=\"auto, (max-width: 700px) 100vw, 700px\" \/><\/a><\/p>\n<p style=\"text-align: center;\"><a href=\"http:\/\/www.karneval-dipperz.de\/wp-content\/uploads\/2025\/02\/11772003-dee-zwo-vo.jpg\"><img loading=\"lazy\" decoding=\"async\" class=\"size-large wp-image-25762 aligncenter\" src=\"http:\/\/www.karneval-dipperz.de\/wp-content\/uploads\/2025\/02\/11772003-dee-zwo-vo-1024x768.jpg\" alt=\"\" width=\"700\" height=\"525\" srcset=\"http:\/\/www.karneval-dipperz.de\/wp-content\/uploads\/2025\/02\/11772003-dee-zwo-vo-1024x768.jpg 1024w, http:\/\/www.karneval-dipperz.de\/wp-content\/uploads\/2025\/02\/11772003-dee-zwo-vo-300x225.jpg 300w, http:\/\/www.karneval-dipperz.de\/wp-content\/uploads\/2025\/02\/11772003-dee-zwo-vo-768x576.jpg 768w, http:\/\/www.karneval-dipperz.de\/wp-content\/uploads\/2025\/02\/11772003-dee-zwo-vo.jpg 1280w\" sizes=\"auto, (max-width: 700px) 100vw, 700px\" \/><\/a><\/p>\n<p style=\"text-align: center;\"><a href=\"http:\/\/www.karneval-dipperz.de\/wp-content\/uploads\/2025\/02\/20250209_004840-scaled.jpg\"><img loading=\"lazy\" decoding=\"async\" class=\"size-large wp-image-25801 aligncenter\" src=\"http:\/\/www.karneval-dipperz.de\/wp-content\/uploads\/2025\/02\/20250209_004840-1024x463.jpg\" alt=\"\" width=\"700\" height=\"317\" srcset=\"http:\/\/www.karneval-dipperz.de\/wp-content\/uploads\/2025\/02\/20250209_004840-1024x463.jpg 1024w, http:\/\/www.karneval-dipperz.de\/wp-content\/uploads\/2025\/02\/20250209_004840-300x136.jpg 300w, http:\/\/www.karneval-dipperz.de\/wp-content\/uploads\/2025\/02\/20250209_004840-768x348.jpg 768w, http:\/\/www.karneval-dipperz.de\/wp-content\/uploads\/2025\/02\/20250209_004840-1536x695.jpg 1536w, http:\/\/www.karneval-dipperz.de\/wp-content\/uploads\/2025\/02\/20250209_004840-2048x927.jpg 2048w\" sizes=\"auto, (max-width: 700px) 100vw, 700px\" \/><\/a><\/p>\n<p style=\"text-align: center;\"><a href=\"http:\/\/www.karneval-dipperz.de\/wp-content\/uploads\/2025\/02\/20250209_010643-scaled.jpg\"><img loading=\"lazy\" decoding=\"async\" class=\"size-large wp-image-25802 aligncenter\" src=\"http:\/\/www.karneval-dipperz.de\/wp-content\/uploads\/2025\/02\/20250209_010643-1024x705.jpg\" alt=\"\" width=\"700\" height=\"482\" srcset=\"http:\/\/www.karneval-dipperz.de\/wp-content\/uploads\/2025\/02\/20250209_010643-1024x705.jpg 1024w, http:\/\/www.karneval-dipperz.de\/wp-content\/uploads\/2025\/02\/20250209_010643-300x207.jpg 300w, http:\/\/www.karneval-dipperz.de\/wp-content\/uploads\/2025\/02\/20250209_010643-768x529.jpg 768w, http:\/\/www.karneval-dipperz.de\/wp-content\/uploads\/2025\/02\/20250209_010643-1536x1057.jpg 1536w, http:\/\/www.karneval-dipperz.de\/wp-content\/uploads\/2025\/02\/20250209_010643-2048x1410.jpg 2048w\" sizes=\"auto, (max-width: 700px) 100vw, 700px\" \/><\/a><\/p>\n<p style=\"text-align: center;\"><a href=\"http:\/\/www.karneval-dipperz.de\/wp-content\/uploads\/2025\/02\/20250209_011624-scaled.jpg\"><img loading=\"lazy\" decoding=\"async\" class=\"size-large wp-image-25803 aligncenter\" src=\"http:\/\/www.karneval-dipperz.de\/wp-content\/uploads\/2025\/02\/20250209_011624-1024x386.jpg\" alt=\"\" width=\"700\" height=\"264\" srcset=\"http:\/\/www.karneval-dipperz.de\/wp-content\/uploads\/2025\/02\/20250209_011624-1024x386.jpg 1024w, http:\/\/www.karneval-dipperz.de\/wp-content\/uploads\/2025\/02\/20250209_011624-300x113.jpg 300w, http:\/\/www.karneval-dipperz.de\/wp-content\/uploads\/2025\/02\/20250209_011624-768x289.jpg 768w, http:\/\/www.karneval-dipperz.de\/wp-content\/uploads\/2025\/02\/20250209_011624-1536x579.jpg 1536w, http:\/\/www.karneval-dipperz.de\/wp-content\/uploads\/2025\/02\/20250209_011624-2048x771.jpg 2048w\" sizes=\"auto, (max-width: 700px) 100vw, 700px\" \/><\/a><\/p>\n","protected":false},"excerpt":{"rendered":"<p>Am Samstag, 08.02.2025 fand unsere 1. Fremdensitzung im Dipperzer B\u00fcrgerhaus statt. Stimmung und gute Laune herrschte bei der ersten Sitzung im Jubil\u00e4umsjahr &#8211; 60 Jahre KVD. Die G\u00e4ste erlebten im B\u00fcrgerhaus einen kurzweiligen Abend mit tollen T\u00e4nzen, farbenfrohe Kost\u00fcmen und humorvollen Beitr\u00e4gen. Artikel Osthessen News Hier gibt es mehr Bilder von der 1. Sitzung \u2013 [&hellip;]<\/p>\n","protected":false},"author":666667,"featured_media":0,"parent":0,"menu_order":0,"comment_status":"closed","ping_status":"closed","template":"","meta":{"ngg_post_thumbnail":0,"footnotes":""},"class_list":["post-25708","page","type-page","status-publish","hentry"],"_links":{"self":[{"href":"http:\/\/www.karneval-dipperz.de\/index.php\/wp-json\/wp\/v2\/pages\/25708","targetHints":{"allow":["GET"]}}],"collection":[{"href":"http:\/\/www.karneval-dipperz.de\/index.php\/wp-json\/wp\/v2\/pages"}],"about":[{"href":"http:\/\/www.karneval-dipperz.de\/index.php\/wp-json\/wp\/v2\/types\/page"}],"author":[{"embeddable":true,"href":"http:\/\/www.karneval-dipperz.de\/index.php\/wp-json\/wp\/v2\/users\/666667"}],"replies":[{"embeddable":true,"href":"http:\/\/www.karneval-dipperz.de\/index.php\/wp-json\/wp\/v2\/comments?post=25708"}],"version-history":[{"count":0,"href":"http:\/\/www.karneval-dipperz.de\/index.php\/wp-json\/wp\/v2\/pages\/25708\/revisions"}],"wp:attachment":[{"href":"http:\/\/www.karneval-dipperz.de\/index.php\/wp-json\/wp\/v2\/media?parent=25708"}],"curies":[{"name":"wp","href":"https:\/\/api.w.org\/{rel}","templated":true}]}}