{"id":26427,"date":"2025-06-05T15:30:49","date_gmt":"2025-06-05T15:30:49","guid":{"rendered":"http:\/\/www.karneval-dipperz.de\/?page_id=26427"},"modified":"2025-06-07T08:13:58","modified_gmt":"2025-06-07T08:13:58","slug":"hauptversammlung-2025","status":"publish","type":"page","link":"http:\/\/www.karneval-dipperz.de\/index.php\/hauptversammlung-2025\/","title":{"rendered":"Hauptversammlung 2025"},"content":{"rendered":"<p><span style=\"color: #000000;\">Auch in diesem Jahr, am 05. Juni 2025, waren die Mitglieder des Karnevalverein Dipperz zur Hauptversammlung geladen. Die 1. Vorsitzende Michelle Danh\u00e4user begr\u00fc\u00dfte ca. 60 Mitglieder im B\u00fcrgerhaus Dipperz.<\/span><\/p>\n<p><a href=\"http:\/\/www.karneval-dipperz.de\/wp-content\/uploads\/2025\/06\/20250605_191523-scaled.jpg\"><img loading=\"lazy\" decoding=\"async\" class=\"size-large wp-image-26439 aligncenter\" src=\"http:\/\/www.karneval-dipperz.de\/wp-content\/uploads\/2025\/06\/20250605_191523-1024x768.jpg\" alt=\"\" width=\"700\" height=\"525\" srcset=\"http:\/\/www.karneval-dipperz.de\/wp-content\/uploads\/2025\/06\/20250605_191523-1024x768.jpg 1024w, http:\/\/www.karneval-dipperz.de\/wp-content\/uploads\/2025\/06\/20250605_191523-300x225.jpg 300w, http:\/\/www.karneval-dipperz.de\/wp-content\/uploads\/2025\/06\/20250605_191523-768x576.jpg 768w, http:\/\/www.karneval-dipperz.de\/wp-content\/uploads\/2025\/06\/20250605_191523-1536x1152.jpg 1536w, http:\/\/www.karneval-dipperz.de\/wp-content\/uploads\/2025\/06\/20250605_191523-2048x1536.jpg 2048w\" sizes=\"auto, (max-width: 700px) 100vw, 700px\" \/><\/a><\/p>\n<p><span style=\"color: #000000;\">Nach einer Gedenkminute f\u00fcr die verstorbenen Vereinsmitglieder gaben unsere Pr\u00e4sidenten Carsten Sch\u00fctz und Steffen Leibold einen \u00dcberblick \u00fcber die vergangene Jubil\u00e4ums-Kampagne. Danach gab der 1. Schriftf\u00fchrer Sven Hampl einen kurzen R\u00fcckblick auf die Aktivit\u00e4ten des abgelaufenen Vereinsjahres. Der 1. Kassierer Steffen Schleicher berichtete von einer guten Finanzlage des Vereins, was der Kassenpr\u00fcfer Martin K\u00f6nig best\u00e4tigen konnte. Er bescheinigte eine ordnungsgem\u00e4\u00dfe Kassenf\u00fchrung.<\/span><\/p>\n<p><a href=\"http:\/\/www.karneval-dipperz.de\/wp-content\/uploads\/2025\/06\/20250605_191511-scaled.jpg\"><img loading=\"lazy\" decoding=\"async\" class=\"size-large wp-image-26440 aligncenter\" src=\"http:\/\/www.karneval-dipperz.de\/wp-content\/uploads\/2025\/06\/20250605_191511-1024x768.jpg\" alt=\"\" width=\"700\" height=\"525\" srcset=\"http:\/\/www.karneval-dipperz.de\/wp-content\/uploads\/2025\/06\/20250605_191511-1024x768.jpg 1024w, http:\/\/www.karneval-dipperz.de\/wp-content\/uploads\/2025\/06\/20250605_191511-300x225.jpg 300w, http:\/\/www.karneval-dipperz.de\/wp-content\/uploads\/2025\/06\/20250605_191511-768x576.jpg 768w, http:\/\/www.karneval-dipperz.de\/wp-content\/uploads\/2025\/06\/20250605_191511-1536x1152.jpg 1536w, http:\/\/www.karneval-dipperz.de\/wp-content\/uploads\/2025\/06\/20250605_191511-2048x1536.jpg 2048w\" sizes=\"auto, (max-width: 700px) 100vw, 700px\" \/><\/a><\/p>\n<p><span style=\"color: #000000;\">Darauffolgend wurde der Gesamtvorstand, auf Antrag von Martin K\u00f6nig, von der Versammlung ohne Einw\u00e4nde entlastet.<\/span><\/p>\n<p><span style=\"color: #000000;\">Die 1. Vorsitzende Michelle Danh\u00e4user bedankte sich bei den Mitgliedern f\u00fcr die Einsatzbereitschaft in der zur\u00fcckliegenden Kampagne.<\/span><\/p>\n<p><span style=\"color: #000000;\">Anschlie\u00dfend gingen die Trainerinnen der einzelnen Gruppen in ihren Ausf\u00fchrungen n\u00e4her auf ihre Aktivit\u00e4ten der Kampagne 2024\/2025 ein.<\/span><\/p>\n<p><span style=\"color: #000000;\">Die sich anschlie\u00dfenden Neuwahlen, durchgef\u00fchrt von Michelle Danh\u00e4user, brachten folgendes Ergebnis:<\/span><\/p>\n<ol>\n<li><span style=\"color: #000000;\">Pr\u00e4sident: Ren\u00e9 Klemenz<\/span><\/li>\n<li><span style=\"color: #000000;\">Vorsitzender: Kai Binder<\/span><\/li>\n<li><span style=\"color: #000000;\">Schriftf\u00fchrer: Philipp Henkel<\/span><\/li>\n<li><span style=\"color: #000000;\">Kassierer: Vanessa Trott<\/span><\/li>\n<li><span style=\"color: #000000;\">Kassenpr\u00fcfer: Lou-Pascal Hau<\/span><\/li>\n<\/ol>\n<p><span style=\"color: #000000;\">Im weiteren Verlauf der Versammlung wurden einige Mitglieder f\u00fcr ihre langj\u00e4hrige Mitgliedschaft geehrt.<\/span><\/p>\n<p><span style=\"color: #000000;\">B\u00fcrgermeister Klaus Dieter Vogler (parteilos), bedankte sich f\u00fcr die Einladung und sprach seine Dankesworte an den Vorstand aus. Er hoffe, dass das B\u00fcrgerhaus in der neuen Kampagne wieder mit karnevalistischem Leben gef\u00fcllt werde.<\/span><\/p>\n<p><a href=\"http:\/\/www.karneval-dipperz.de\/wp-content\/uploads\/2025\/06\/20250605_202948-scaled.jpg\"><img loading=\"lazy\" decoding=\"async\" class=\"size-large wp-image-26441 aligncenter\" src=\"http:\/\/www.karneval-dipperz.de\/wp-content\/uploads\/2025\/06\/20250605_202948-1024x768.jpg\" alt=\"\" width=\"700\" height=\"525\" srcset=\"http:\/\/www.karneval-dipperz.de\/wp-content\/uploads\/2025\/06\/20250605_202948-1024x768.jpg 1024w, http:\/\/www.karneval-dipperz.de\/wp-content\/uploads\/2025\/06\/20250605_202948-300x225.jpg 300w, http:\/\/www.karneval-dipperz.de\/wp-content\/uploads\/2025\/06\/20250605_202948-768x576.jpg 768w, http:\/\/www.karneval-dipperz.de\/wp-content\/uploads\/2025\/06\/20250605_202948-1536x1152.jpg 1536w, http:\/\/www.karneval-dipperz.de\/wp-content\/uploads\/2025\/06\/20250605_202948-2048x1536.jpg 2048w\" sizes=\"auto, (max-width: 700px) 100vw, 700px\" \/><\/a><\/p>\n<p><span style=\"color: #000000;\">Unter den Punkten \u201eKampagne 2025\/2026\u201c und \u201cVerschiedenes\u201d wies der Vorstand auf kommende Veranstaltungen\/ Termine hin.<\/span><\/p>\n<p><span style=\"color: #000000;\">Anschlie\u00dfend wurde der offizielle Teil der Sitzung geschlossen und der Abend mit dem Tagesordnungspunkt \u201egem\u00fctliches Beisammensein\u201c beendet.<\/span><\/p>\n<p><span style=\"color: #000000;\">Anzahl Mitglieder am 05.06.2025: 377<\/span><\/p>\n<p><span style=\"color: #000000;\">ngg_shortcode_0_placeholder<\/span><\/p>\n","protected":false},"excerpt":{"rendered":"<p>Auch in diesem Jahr, am 05. Juni 2025, waren die Mitglieder des Karnevalverein Dipperz zur Hauptversammlung geladen. Die 1. Vorsitzende Michelle Danh\u00e4user begr\u00fc\u00dfte ca. 60 Mitglieder im B\u00fcrgerhaus Dipperz. Nach einer Gedenkminute f\u00fcr die verstorbenen Vereinsmitglieder gaben unsere Pr\u00e4sidenten Carsten Sch\u00fctz und Steffen Leibold einen \u00dcberblick \u00fcber die vergangene Jubil\u00e4ums-Kampagne. Danach gab der 1. Schriftf\u00fchrer [&hellip;]<\/p>\n","protected":false},"author":666667,"featured_media":0,"parent":0,"menu_order":0,"comment_status":"closed","ping_status":"closed","template":"","meta":{"ngg_post_thumbnail":0,"footnotes":""},"class_list":["post-26427","page","type-page","status-publish","hentry"],"_links":{"self":[{"href":"http:\/\/www.karneval-dipperz.de\/index.php\/wp-json\/wp\/v2\/pages\/26427","targetHints":{"allow":["GET"]}}],"collection":[{"href":"http:\/\/www.karneval-dipperz.de\/index.php\/wp-json\/wp\/v2\/pages"}],"about":[{"href":"http:\/\/www.karneval-dipperz.de\/index.php\/wp-json\/wp\/v2\/types\/page"}],"author":[{"embeddable":true,"href":"http:\/\/www.karneval-dipperz.de\/index.php\/wp-json\/wp\/v2\/users\/666667"}],"replies":[{"embeddable":true,"href":"http:\/\/www.karneval-dipperz.de\/index.php\/wp-json\/wp\/v2\/comments?post=26427"}],"version-history":[{"count":0,"href":"http:\/\/www.karneval-dipperz.de\/index.php\/wp-json\/wp\/v2\/pages\/26427\/revisions"}],"wp:attachment":[{"href":"http:\/\/www.karneval-dipperz.de\/index.php\/wp-json\/wp\/v2\/media?parent=26427"}],"curies":[{"name":"wp","href":"https:\/\/api.w.org\/{rel}","templated":true}]}}