{"id":26566,"date":"2025-11-13T10:43:03","date_gmt":"2025-11-13T10:43:03","guid":{"rendered":"http:\/\/www.karneval-dipperz.de\/?page_id=26566"},"modified":"2025-11-13T11:19:54","modified_gmt":"2025-11-13T11:19:54","slug":"11-11-2025","status":"publish","type":"page","link":"http:\/\/www.karneval-dipperz.de\/index.php\/11-11-2025\/","title":{"rendered":"11.11.2025"},"content":{"rendered":"<p style=\"text-align: center;\"><span style=\"color: #000000;\">Der Karnevalverein Dipperz er\u00f6ffnete die n\u00e4rrische Kampagne 2025\/2026 am 11.11.2025<\/span><\/p>\n<p style=\"text-align: center;\"><span style=\"color: #000000;\">um 11 Uhr 11 mit 11 B\u00f6llersch\u00fcssen vor dem B\u00fcrgerhaus Dipperz und einem kr\u00e4ftigen \u201eDipperz Hoch!\u201c.<\/span><\/p>\n<p style=\"text-align: center;\"><span style=\"color: #000000;\">Anschlie\u00dfend zogen die Elferr\u00e4te zur flie\u00dfenden Wanne. Unterst\u00fctzt von den anwesenden Karnevalisten fand die traditionelle Fu\u00dfwaschung statt. Im Anschluss feierten die Aktiven und Besucher im B\u00fcrgerhaus den Beginn der neuen Kamapgne.<\/span><\/p>\n<p style=\"text-align: center;\"><span style=\"color: #000000;\"><a style=\"color: #000000;\" title=\"11.11.2014 \u2013 Bilder\" href=\"http:\/\/www.karneval-dipperz.de\/index.php\/11-11-25-bilder\/\">Hier gibt es noch weitere Bilder<\/a> \u2013 allerdings passwortgesch\u00fctzt! Das Passwort kann beim Vorstand erfragt werden!<\/span><\/p>\n<p style=\"text-align: center;\"><span style=\"color: #000000;\"><a style=\"color: #000000;\" href=\"https:\/\/www.osthessen-zeitung.de\/einzelansicht\/news\/2025\/november\/traditionelle-fusswaschung-kampagnenstart-in-dipperz-fotos.html\" target=\"_blank\" rel=\"noopener\">Artikel Osthessen-Zeitung<\/a><\/span><\/p>\n<p style=\"text-align: center;\"><span style=\"color: #000000;\"><a style=\"color: #000000;\" href=\"https:\/\/osthessen-news.de\/naerrisch\/n11784188\/besondere-faschingstradition-der-elferrat-wascht-sich-die-fuesse.html\" target=\"_blank\" rel=\"noopener\">Osthessen N\u00e4rrisch<\/a><\/span><\/p>\n<p><a href=\"http:\/\/www.karneval-dipperz.de\/wp-content\/uploads\/2025\/11\/1-1.jpg\"><img loading=\"lazy\" decoding=\"async\" class=\"aligncenter wp-image-26573\" src=\"http:\/\/www.karneval-dipperz.de\/wp-content\/uploads\/2025\/11\/1-1-300x210.jpg\" alt=\"\" width=\"487\" height=\"341\" srcset=\"http:\/\/www.karneval-dipperz.de\/wp-content\/uploads\/2025\/11\/1-1-300x210.jpg 300w, http:\/\/www.karneval-dipperz.de\/wp-content\/uploads\/2025\/11\/1-1-768x537.jpg 768w, http:\/\/www.karneval-dipperz.de\/wp-content\/uploads\/2025\/11\/1-1.jpg 792w\" sizes=\"auto, (max-width: 487px) 100vw, 487px\" \/><\/a><\/p>\n<p><a href=\"http:\/\/www.karneval-dipperz.de\/wp-content\/uploads\/2025\/11\/Orden-2025_2026.jpg\"><img loading=\"lazy\" decoding=\"async\" class=\"aligncenter wp-image-26572\" src=\"http:\/\/www.karneval-dipperz.de\/wp-content\/uploads\/2025\/11\/Orden-2025_2026.jpg\" alt=\"\" width=\"349\" height=\"435\" srcset=\"http:\/\/www.karneval-dipperz.de\/wp-content\/uploads\/2025\/11\/Orden-2025_2026.jpg 293w, http:\/\/www.karneval-dipperz.de\/wp-content\/uploads\/2025\/11\/Orden-2025_2026-241x300.jpg 241w\" sizes=\"auto, (max-width: 349px) 100vw, 349px\" \/><\/a><\/p>\n<p>&nbsp;<\/p>\n","protected":false},"excerpt":{"rendered":"<p>Der Karnevalverein Dipperz er\u00f6ffnete die n\u00e4rrische Kampagne 2025\/2026 am 11.11.2025 um 11 Uhr 11 mit 11 B\u00f6llersch\u00fcssen vor dem B\u00fcrgerhaus Dipperz und einem kr\u00e4ftigen \u201eDipperz Hoch!\u201c. Anschlie\u00dfend zogen die Elferr\u00e4te zur flie\u00dfenden Wanne. Unterst\u00fctzt von den anwesenden Karnevalisten fand die traditionelle Fu\u00dfwaschung statt. Im Anschluss feierten die Aktiven und Besucher im B\u00fcrgerhaus den Beginn der [&hellip;]<\/p>\n","protected":false},"author":666668,"featured_media":0,"parent":0,"menu_order":0,"comment_status":"closed","ping_status":"closed","template":"","meta":{"ngg_post_thumbnail":0,"footnotes":""},"class_list":["post-26566","page","type-page","status-publish","hentry"],"_links":{"self":[{"href":"http:\/\/www.karneval-dipperz.de\/index.php\/wp-json\/wp\/v2\/pages\/26566","targetHints":{"allow":["GET"]}}],"collection":[{"href":"http:\/\/www.karneval-dipperz.de\/index.php\/wp-json\/wp\/v2\/pages"}],"about":[{"href":"http:\/\/www.karneval-dipperz.de\/index.php\/wp-json\/wp\/v2\/types\/page"}],"author":[{"embeddable":true,"href":"http:\/\/www.karneval-dipperz.de\/index.php\/wp-json\/wp\/v2\/users\/666668"}],"replies":[{"embeddable":true,"href":"http:\/\/www.karneval-dipperz.de\/index.php\/wp-json\/wp\/v2\/comments?post=26566"}],"version-history":[{"count":0,"href":"http:\/\/www.karneval-dipperz.de\/index.php\/wp-json\/wp\/v2\/pages\/26566\/revisions"}],"wp:attachment":[{"href":"http:\/\/www.karneval-dipperz.de\/index.php\/wp-json\/wp\/v2\/media?parent=26566"}],"curies":[{"name":"wp","href":"https:\/\/api.w.org\/{rel}","templated":true}]}}