{"id":26651,"date":"2026-02-02T16:05:03","date_gmt":"2026-02-02T16:05:03","guid":{"rendered":"http:\/\/www.karneval-dipperz.de\/?page_id=26651"},"modified":"2026-02-02T16:31:37","modified_gmt":"2026-02-02T16:31:37","slug":"sitzungen-2025","status":"publish","type":"page","link":"http:\/\/www.karneval-dipperz.de\/index.php\/sitzungen-2025\/","title":{"rendered":"Sitzungen 2026"},"content":{"rendered":"<p style=\"text-align: center;\"><span style=\"color: #000000;\">Am Samstag, 24.01.2026 fand unsere 1. Fremdensitzung im Dipperzer B\u00fcrgerhaus statt. Stimmung und gute Laune herrschte bei der ersten Sitzung. Die G\u00e4ste erlebten im B\u00fcrgerhaus einen kurzweiligen Abend mit tollen T\u00e4nzen, farbenfrohe Kost\u00fcmen und humorvollen Beitr\u00e4gen.<\/span><\/p>\n<p style=\"text-align: center;\"><span style=\"color: #000000;\"><a href=\"http:\/\/www.karneval-dipperz.de\/index.php\/sitzung-2026-bilder\/\">Hier gibt es mehr Bilder von der 2. Sitzung<\/a> vom 31.01.26 \u2013 allerdings passwortgesch\u00fctzt! Das Passwort kann beim Vorstand erfragt werden!<\/span><\/p>\n<p style=\"text-align: center;\"><a href=\"http:\/\/www.karneval-dipperz.de\/wp-content\/uploads\/2026\/02\/260131_2002_028-scaled.jpg\"><img loading=\"lazy\" decoding=\"async\" class=\"size-large wp-image-26657 aligncenter\" src=\"http:\/\/www.karneval-dipperz.de\/wp-content\/uploads\/2026\/02\/260131_2002_028-1024x330.jpg\" alt=\"\" width=\"700\" height=\"226\" srcset=\"http:\/\/www.karneval-dipperz.de\/wp-content\/uploads\/2026\/02\/260131_2002_028-1024x330.jpg 1024w, http:\/\/www.karneval-dipperz.de\/wp-content\/uploads\/2026\/02\/260131_2002_028-300x97.jpg 300w, http:\/\/www.karneval-dipperz.de\/wp-content\/uploads\/2026\/02\/260131_2002_028-768x248.jpg 768w, http:\/\/www.karneval-dipperz.de\/wp-content\/uploads\/2026\/02\/260131_2002_028-1536x496.jpg 1536w, http:\/\/www.karneval-dipperz.de\/wp-content\/uploads\/2026\/02\/260131_2002_028-2048x661.jpg 2048w\" sizes=\"auto, (max-width: 700px) 100vw, 700px\" \/><\/a><\/p>\n<p style=\"text-align: center;\"><a href=\"http:\/\/www.karneval-dipperz.de\/wp-content\/uploads\/2026\/02\/260131_2006_033.jpg\"><img loading=\"lazy\" decoding=\"async\" class=\"size-large wp-image-26658 aligncenter\" src=\"http:\/\/www.karneval-dipperz.de\/wp-content\/uploads\/2026\/02\/260131_2006_033-996x1024.jpg\" alt=\"\" width=\"700\" height=\"720\" srcset=\"http:\/\/www.karneval-dipperz.de\/wp-content\/uploads\/2026\/02\/260131_2006_033-996x1024.jpg 996w, http:\/\/www.karneval-dipperz.de\/wp-content\/uploads\/2026\/02\/260131_2006_033-292x300.jpg 292w, http:\/\/www.karneval-dipperz.de\/wp-content\/uploads\/2026\/02\/260131_2006_033-768x790.jpg 768w, http:\/\/www.karneval-dipperz.de\/wp-content\/uploads\/2026\/02\/260131_2006_033-1494x1536.jpg 1494w, http:\/\/www.karneval-dipperz.de\/wp-content\/uploads\/2026\/02\/260131_2006_033-1992x2048.jpg 1992w\" sizes=\"auto, (max-width: 700px) 100vw, 700px\" \/><\/a><\/p>\n<p style=\"text-align: center;\"><a href=\"http:\/\/www.karneval-dipperz.de\/wp-content\/uploads\/2026\/02\/260131_2013_048-scaled.jpg\"><img loading=\"lazy\" decoding=\"async\" class=\"size-large wp-image-26659 aligncenter\" src=\"http:\/\/www.karneval-dipperz.de\/wp-content\/uploads\/2026\/02\/260131_2013_048-1024x683.jpg\" alt=\"\" width=\"700\" height=\"467\" srcset=\"http:\/\/www.karneval-dipperz.de\/wp-content\/uploads\/2026\/02\/260131_2013_048-1024x683.jpg 1024w, http:\/\/www.karneval-dipperz.de\/wp-content\/uploads\/2026\/02\/260131_2013_048-300x200.jpg 300w, http:\/\/www.karneval-dipperz.de\/wp-content\/uploads\/2026\/02\/260131_2013_048-768x512.jpg 768w, http:\/\/www.karneval-dipperz.de\/wp-content\/uploads\/2026\/02\/260131_2013_048-1536x1024.jpg 1536w, http:\/\/www.karneval-dipperz.de\/wp-content\/uploads\/2026\/02\/260131_2013_048-2048x1365.jpg 2048w\" sizes=\"auto, (max-width: 700px) 100vw, 700px\" \/><\/a><\/p>\n<p style=\"text-align: center;\"><a href=\"http:\/\/www.karneval-dipperz.de\/wp-content\/uploads\/2026\/02\/260131_2019_060-scaled.jpg\"><img loading=\"lazy\" decoding=\"async\" class=\"size-large wp-image-26660 aligncenter\" src=\"http:\/\/www.karneval-dipperz.de\/wp-content\/uploads\/2026\/02\/260131_2019_060-1024x683.jpg\" alt=\"\" width=\"700\" height=\"467\" srcset=\"http:\/\/www.karneval-dipperz.de\/wp-content\/uploads\/2026\/02\/260131_2019_060-1024x683.jpg 1024w, http:\/\/www.karneval-dipperz.de\/wp-content\/uploads\/2026\/02\/260131_2019_060-300x200.jpg 300w, http:\/\/www.karneval-dipperz.de\/wp-content\/uploads\/2026\/02\/260131_2019_060-768x512.jpg 768w, http:\/\/www.karneval-dipperz.de\/wp-content\/uploads\/2026\/02\/260131_2019_060-1536x1024.jpg 1536w, http:\/\/www.karneval-dipperz.de\/wp-content\/uploads\/2026\/02\/260131_2019_060-2048x1365.jpg 2048w\" sizes=\"auto, (max-width: 700px) 100vw, 700px\" \/><\/a><\/p>\n<p style=\"text-align: center;\"><a href=\"http:\/\/www.karneval-dipperz.de\/wp-content\/uploads\/2026\/02\/260131_2032_086-scaled.jpg\"><img loading=\"lazy\" decoding=\"async\" class=\"size-large wp-image-26661 aligncenter\" src=\"http:\/\/www.karneval-dipperz.de\/wp-content\/uploads\/2026\/02\/260131_2032_086-1024x683.jpg\" alt=\"\" width=\"700\" height=\"467\" srcset=\"http:\/\/www.karneval-dipperz.de\/wp-content\/uploads\/2026\/02\/260131_2032_086-1024x683.jpg 1024w, http:\/\/www.karneval-dipperz.de\/wp-content\/uploads\/2026\/02\/260131_2032_086-300x200.jpg 300w, http:\/\/www.karneval-dipperz.de\/wp-content\/uploads\/2026\/02\/260131_2032_086-768x512.jpg 768w, http:\/\/www.karneval-dipperz.de\/wp-content\/uploads\/2026\/02\/260131_2032_086-1536x1024.jpg 1536w, http:\/\/www.karneval-dipperz.de\/wp-content\/uploads\/2026\/02\/260131_2032_086-2048x1365.jpg 2048w\" sizes=\"auto, (max-width: 700px) 100vw, 700px\" \/><\/a><\/p>\n<p style=\"text-align: center;\"><a href=\"http:\/\/www.karneval-dipperz.de\/wp-content\/uploads\/2026\/02\/260131_2036_103-scaled.jpg\"><img loading=\"lazy\" decoding=\"async\" class=\"size-large wp-image-26662 aligncenter\" src=\"http:\/\/www.karneval-dipperz.de\/wp-content\/uploads\/2026\/02\/260131_2036_103-1024x683.jpg\" alt=\"\" width=\"700\" height=\"467\" srcset=\"http:\/\/www.karneval-dipperz.de\/wp-content\/uploads\/2026\/02\/260131_2036_103-1024x683.jpg 1024w, http:\/\/www.karneval-dipperz.de\/wp-content\/uploads\/2026\/02\/260131_2036_103-300x200.jpg 300w, http:\/\/www.karneval-dipperz.de\/wp-content\/uploads\/2026\/02\/260131_2036_103-768x512.jpg 768w, http:\/\/www.karneval-dipperz.de\/wp-content\/uploads\/2026\/02\/260131_2036_103-1536x1024.jpg 1536w, http:\/\/www.karneval-dipperz.de\/wp-content\/uploads\/2026\/02\/260131_2036_103-2048x1365.jpg 2048w\" sizes=\"auto, (max-width: 700px) 100vw, 700px\" \/><\/a><\/p>\n<p style=\"text-align: center;\"><a href=\"http:\/\/www.karneval-dipperz.de\/wp-content\/uploads\/2026\/02\/260131_2049_133-scaled.jpg\"><img loading=\"lazy\" decoding=\"async\" class=\"size-large wp-image-26663 aligncenter\" src=\"http:\/\/www.karneval-dipperz.de\/wp-content\/uploads\/2026\/02\/260131_2049_133-1024x683.jpg\" alt=\"\" width=\"700\" height=\"467\" srcset=\"http:\/\/www.karneval-dipperz.de\/wp-content\/uploads\/2026\/02\/260131_2049_133-1024x683.jpg 1024w, http:\/\/www.karneval-dipperz.de\/wp-content\/uploads\/2026\/02\/260131_2049_133-300x200.jpg 300w, http:\/\/www.karneval-dipperz.de\/wp-content\/uploads\/2026\/02\/260131_2049_133-768x512.jpg 768w, http:\/\/www.karneval-dipperz.de\/wp-content\/uploads\/2026\/02\/260131_2049_133-1536x1024.jpg 1536w, http:\/\/www.karneval-dipperz.de\/wp-content\/uploads\/2026\/02\/260131_2049_133-2048x1365.jpg 2048w\" sizes=\"auto, (max-width: 700px) 100vw, 700px\" \/><\/a><\/p>\n<p style=\"text-align: center;\"><a href=\"http:\/\/www.karneval-dipperz.de\/wp-content\/uploads\/2026\/02\/260131_2054_150-scaled.jpg\"><img loading=\"lazy\" decoding=\"async\" class=\"size-large wp-image-26664 aligncenter\" src=\"http:\/\/www.karneval-dipperz.de\/wp-content\/uploads\/2026\/02\/260131_2054_150-1024x683.jpg\" alt=\"\" width=\"700\" height=\"467\" srcset=\"http:\/\/www.karneval-dipperz.de\/wp-content\/uploads\/2026\/02\/260131_2054_150-1024x683.jpg 1024w, http:\/\/www.karneval-dipperz.de\/wp-content\/uploads\/2026\/02\/260131_2054_150-300x200.jpg 300w, http:\/\/www.karneval-dipperz.de\/wp-content\/uploads\/2026\/02\/260131_2054_150-768x512.jpg 768w, http:\/\/www.karneval-dipperz.de\/wp-content\/uploads\/2026\/02\/260131_2054_150-1536x1024.jpg 1536w, http:\/\/www.karneval-dipperz.de\/wp-content\/uploads\/2026\/02\/260131_2054_150-2048x1365.jpg 2048w\" sizes=\"auto, (max-width: 700px) 100vw, 700px\" \/><\/a><\/p>\n<p style=\"text-align: center;\"><a href=\"http:\/\/www.karneval-dipperz.de\/wp-content\/uploads\/2026\/02\/260131_2133_200-scaled.jpg\"><img loading=\"lazy\" decoding=\"async\" class=\"size-large wp-image-26665 aligncenter\" src=\"http:\/\/www.karneval-dipperz.de\/wp-content\/uploads\/2026\/02\/260131_2133_200-1024x683.jpg\" alt=\"\" width=\"700\" height=\"467\" srcset=\"http:\/\/www.karneval-dipperz.de\/wp-content\/uploads\/2026\/02\/260131_2133_200-1024x683.jpg 1024w, http:\/\/www.karneval-dipperz.de\/wp-content\/uploads\/2026\/02\/260131_2133_200-300x200.jpg 300w, http:\/\/www.karneval-dipperz.de\/wp-content\/uploads\/2026\/02\/260131_2133_200-768x512.jpg 768w, http:\/\/www.karneval-dipperz.de\/wp-content\/uploads\/2026\/02\/260131_2133_200-1536x1024.jpg 1536w, http:\/\/www.karneval-dipperz.de\/wp-content\/uploads\/2026\/02\/260131_2133_200-2048x1365.jpg 2048w\" sizes=\"auto, (max-width: 700px) 100vw, 700px\" \/><\/a><\/p>\n<p style=\"text-align: center;\"><a href=\"http:\/\/www.karneval-dipperz.de\/wp-content\/uploads\/2026\/02\/260131_2135_205-scaled.jpg\"><img loading=\"lazy\" decoding=\"async\" class=\"size-large wp-image-26666 aligncenter\" src=\"http:\/\/www.karneval-dipperz.de\/wp-content\/uploads\/2026\/02\/260131_2135_205-1024x683.jpg\" alt=\"\" width=\"700\" height=\"467\" srcset=\"http:\/\/www.karneval-dipperz.de\/wp-content\/uploads\/2026\/02\/260131_2135_205-1024x683.jpg 1024w, http:\/\/www.karneval-dipperz.de\/wp-content\/uploads\/2026\/02\/260131_2135_205-300x200.jpg 300w, http:\/\/www.karneval-dipperz.de\/wp-content\/uploads\/2026\/02\/260131_2135_205-768x512.jpg 768w, http:\/\/www.karneval-dipperz.de\/wp-content\/uploads\/2026\/02\/260131_2135_205-1536x1024.jpg 1536w, http:\/\/www.karneval-dipperz.de\/wp-content\/uploads\/2026\/02\/260131_2135_205-2048x1365.jpg 2048w\" sizes=\"auto, (max-width: 700px) 100vw, 700px\" \/><\/a><\/p>\n<p style=\"text-align: center;\"><a href=\"http:\/\/www.karneval-dipperz.de\/wp-content\/uploads\/2026\/02\/260131_2155_226-scaled.jpg\"><img loading=\"lazy\" decoding=\"async\" class=\"size-large wp-image-26667 aligncenter\" src=\"http:\/\/www.karneval-dipperz.de\/wp-content\/uploads\/2026\/02\/260131_2155_226-1024x683.jpg\" alt=\"\" width=\"700\" height=\"467\" srcset=\"http:\/\/www.karneval-dipperz.de\/wp-content\/uploads\/2026\/02\/260131_2155_226-1024x683.jpg 1024w, http:\/\/www.karneval-dipperz.de\/wp-content\/uploads\/2026\/02\/260131_2155_226-300x200.jpg 300w, http:\/\/www.karneval-dipperz.de\/wp-content\/uploads\/2026\/02\/260131_2155_226-768x512.jpg 768w, http:\/\/www.karneval-dipperz.de\/wp-content\/uploads\/2026\/02\/260131_2155_226-1536x1024.jpg 1536w, http:\/\/www.karneval-dipperz.de\/wp-content\/uploads\/2026\/02\/260131_2155_226-2048x1365.jpg 2048w\" sizes=\"auto, (max-width: 700px) 100vw, 700px\" \/><\/a><\/p>\n<p style=\"text-align: center;\"><a href=\"http:\/\/www.karneval-dipperz.de\/wp-content\/uploads\/2026\/02\/260131_2202_242-scaled.jpg\"><img loading=\"lazy\" decoding=\"async\" class=\"size-large wp-image-26668 aligncenter\" src=\"http:\/\/www.karneval-dipperz.de\/wp-content\/uploads\/2026\/02\/260131_2202_242-1024x683.jpg\" alt=\"\" width=\"700\" height=\"467\" srcset=\"http:\/\/www.karneval-dipperz.de\/wp-content\/uploads\/2026\/02\/260131_2202_242-1024x683.jpg 1024w, http:\/\/www.karneval-dipperz.de\/wp-content\/uploads\/2026\/02\/260131_2202_242-300x200.jpg 300w, http:\/\/www.karneval-dipperz.de\/wp-content\/uploads\/2026\/02\/260131_2202_242-768x512.jpg 768w, http:\/\/www.karneval-dipperz.de\/wp-content\/uploads\/2026\/02\/260131_2202_242-1536x1024.jpg 1536w, http:\/\/www.karneval-dipperz.de\/wp-content\/uploads\/2026\/02\/260131_2202_242-2048x1365.jpg 2048w\" sizes=\"auto, (max-width: 700px) 100vw, 700px\" \/><\/a><\/p>\n<p style=\"text-align: center;\"><a href=\"http:\/\/www.karneval-dipperz.de\/wp-content\/uploads\/2026\/02\/260131_2235_331-scaled.jpg\"><img loading=\"lazy\" decoding=\"async\" class=\"size-large wp-image-26669 aligncenter\" src=\"http:\/\/www.karneval-dipperz.de\/wp-content\/uploads\/2026\/02\/260131_2235_331-1024x683.jpg\" alt=\"\" width=\"700\" height=\"467\" srcset=\"http:\/\/www.karneval-dipperz.de\/wp-content\/uploads\/2026\/02\/260131_2235_331-1024x683.jpg 1024w, http:\/\/www.karneval-dipperz.de\/wp-content\/uploads\/2026\/02\/260131_2235_331-300x200.jpg 300w, http:\/\/www.karneval-dipperz.de\/wp-content\/uploads\/2026\/02\/260131_2235_331-768x512.jpg 768w, http:\/\/www.karneval-dipperz.de\/wp-content\/uploads\/2026\/02\/260131_2235_331-1536x1024.jpg 1536w, http:\/\/www.karneval-dipperz.de\/wp-content\/uploads\/2026\/02\/260131_2235_331-2048x1365.jpg 2048w\" sizes=\"auto, (max-width: 700px) 100vw, 700px\" \/><\/a><\/p>\n<p style=\"text-align: center;\"><a href=\"http:\/\/www.karneval-dipperz.de\/wp-content\/uploads\/2026\/02\/260131_2241_355-scaled.jpg\"><img loading=\"lazy\" decoding=\"async\" class=\"size-large wp-image-26670 aligncenter\" src=\"http:\/\/www.karneval-dipperz.de\/wp-content\/uploads\/2026\/02\/260131_2241_355-1024x683.jpg\" alt=\"\" width=\"700\" height=\"467\" srcset=\"http:\/\/www.karneval-dipperz.de\/wp-content\/uploads\/2026\/02\/260131_2241_355-1024x683.jpg 1024w, http:\/\/www.karneval-dipperz.de\/wp-content\/uploads\/2026\/02\/260131_2241_355-300x200.jpg 300w, http:\/\/www.karneval-dipperz.de\/wp-content\/uploads\/2026\/02\/260131_2241_355-768x512.jpg 768w, http:\/\/www.karneval-dipperz.de\/wp-content\/uploads\/2026\/02\/260131_2241_355-1536x1024.jpg 1536w, http:\/\/www.karneval-dipperz.de\/wp-content\/uploads\/2026\/02\/260131_2241_355-2048x1365.jpg 2048w\" sizes=\"auto, (max-width: 700px) 100vw, 700px\" \/><\/a><\/p>\n<p style=\"text-align: center;\"><a href=\"http:\/\/www.karneval-dipperz.de\/wp-content\/uploads\/2026\/02\/260131_2316_430-scaled.jpg\"><img loading=\"lazy\" decoding=\"async\" class=\"size-large wp-image-26671 aligncenter\" src=\"http:\/\/www.karneval-dipperz.de\/wp-content\/uploads\/2026\/02\/260131_2316_430-1024x683.jpg\" alt=\"\" width=\"700\" height=\"467\" srcset=\"http:\/\/www.karneval-dipperz.de\/wp-content\/uploads\/2026\/02\/260131_2316_430-1024x683.jpg 1024w, http:\/\/www.karneval-dipperz.de\/wp-content\/uploads\/2026\/02\/260131_2316_430-300x200.jpg 300w, http:\/\/www.karneval-dipperz.de\/wp-content\/uploads\/2026\/02\/260131_2316_430-768x512.jpg 768w, http:\/\/www.karneval-dipperz.de\/wp-content\/uploads\/2026\/02\/260131_2316_430-1536x1024.jpg 1536w, http:\/\/www.karneval-dipperz.de\/wp-content\/uploads\/2026\/02\/260131_2316_430-2048x1365.jpg 2048w\" sizes=\"auto, (max-width: 700px) 100vw, 700px\" \/><\/a><\/p>\n<p style=\"text-align: center;\"><a href=\"http:\/\/www.karneval-dipperz.de\/wp-content\/uploads\/2026\/02\/260131_2333_460-scaled.jpg\"><img loading=\"lazy\" decoding=\"async\" class=\"size-large wp-image-26672 aligncenter\" src=\"http:\/\/www.karneval-dipperz.de\/wp-content\/uploads\/2026\/02\/260131_2333_460-1024x683.jpg\" alt=\"\" width=\"700\" height=\"467\" srcset=\"http:\/\/www.karneval-dipperz.de\/wp-content\/uploads\/2026\/02\/260131_2333_460-1024x683.jpg 1024w, http:\/\/www.karneval-dipperz.de\/wp-content\/uploads\/2026\/02\/260131_2333_460-300x200.jpg 300w, http:\/\/www.karneval-dipperz.de\/wp-content\/uploads\/2026\/02\/260131_2333_460-768x512.jpg 768w, http:\/\/www.karneval-dipperz.de\/wp-content\/uploads\/2026\/02\/260131_2333_460-1536x1024.jpg 1536w, http:\/\/www.karneval-dipperz.de\/wp-content\/uploads\/2026\/02\/260131_2333_460-2048x1365.jpg 2048w\" sizes=\"auto, (max-width: 700px) 100vw, 700px\" \/><\/a><\/p>\n<p style=\"text-align: center;\"><a href=\"http:\/\/www.karneval-dipperz.de\/wp-content\/uploads\/2026\/02\/260131_2352_541-1-scaled.jpg\"><img loading=\"lazy\" decoding=\"async\" class=\"size-large wp-image-26676 aligncenter\" src=\"http:\/\/www.karneval-dipperz.de\/wp-content\/uploads\/2026\/02\/260131_2352_541-1-1024x683.jpg\" alt=\"\" width=\"700\" height=\"467\" srcset=\"http:\/\/www.karneval-dipperz.de\/wp-content\/uploads\/2026\/02\/260131_2352_541-1-1024x683.jpg 1024w, http:\/\/www.karneval-dipperz.de\/wp-content\/uploads\/2026\/02\/260131_2352_541-1-300x200.jpg 300w, http:\/\/www.karneval-dipperz.de\/wp-content\/uploads\/2026\/02\/260131_2352_541-1-768x512.jpg 768w, http:\/\/www.karneval-dipperz.de\/wp-content\/uploads\/2026\/02\/260131_2352_541-1-1536x1024.jpg 1536w, http:\/\/www.karneval-dipperz.de\/wp-content\/uploads\/2026\/02\/260131_2352_541-1-2048x1365.jpg 2048w\" sizes=\"auto, (max-width: 700px) 100vw, 700px\" \/><\/a><\/p>\n<p style=\"text-align: center;\"><a href=\"http:\/\/www.karneval-dipperz.de\/wp-content\/uploads\/2026\/02\/260201_0006_619-1-scaled.jpg\"><img loading=\"lazy\" decoding=\"async\" class=\"size-large wp-image-26677 aligncenter\" src=\"http:\/\/www.karneval-dipperz.de\/wp-content\/uploads\/2026\/02\/260201_0006_619-1-1024x683.jpg\" alt=\"\" width=\"700\" height=\"467\" srcset=\"http:\/\/www.karneval-dipperz.de\/wp-content\/uploads\/2026\/02\/260201_0006_619-1-1024x683.jpg 1024w, http:\/\/www.karneval-dipperz.de\/wp-content\/uploads\/2026\/02\/260201_0006_619-1-300x200.jpg 300w, http:\/\/www.karneval-dipperz.de\/wp-content\/uploads\/2026\/02\/260201_0006_619-1-768x512.jpg 768w, http:\/\/www.karneval-dipperz.de\/wp-content\/uploads\/2026\/02\/260201_0006_619-1-1536x1024.jpg 1536w, http:\/\/www.karneval-dipperz.de\/wp-content\/uploads\/2026\/02\/260201_0006_619-1-2048x1365.jpg 2048w\" sizes=\"auto, (max-width: 700px) 100vw, 700px\" \/><\/a><\/p>\n<p style=\"text-align: center;\"><a href=\"http:\/\/www.karneval-dipperz.de\/wp-content\/uploads\/2026\/02\/260201_0015_638-scaled.jpg\"><img loading=\"lazy\" decoding=\"async\" class=\"size-large wp-image-26679 aligncenter\" src=\"http:\/\/www.karneval-dipperz.de\/wp-content\/uploads\/2026\/02\/260201_0015_638-1024x375.jpg\" alt=\"\" width=\"700\" height=\"256\" srcset=\"http:\/\/www.karneval-dipperz.de\/wp-content\/uploads\/2026\/02\/260201_0015_638-1024x375.jpg 1024w, http:\/\/www.karneval-dipperz.de\/wp-content\/uploads\/2026\/02\/260201_0015_638-300x110.jpg 300w, http:\/\/www.karneval-dipperz.de\/wp-content\/uploads\/2026\/02\/260201_0015_638-768x281.jpg 768w, http:\/\/www.karneval-dipperz.de\/wp-content\/uploads\/2026\/02\/260201_0015_638-1536x563.jpg 1536w, http:\/\/www.karneval-dipperz.de\/wp-content\/uploads\/2026\/02\/260201_0015_638-2048x750.jpg 2048w\" sizes=\"auto, (max-width: 700px) 100vw, 700px\" \/><\/a><\/p>\n<p style=\"text-align: center;\">&nbsp;<\/p>\n","protected":false},"excerpt":{"rendered":"<p>Am Samstag, 24.01.2026 fand unsere 1. Fremdensitzung im Dipperzer B\u00fcrgerhaus statt. Stimmung und gute Laune herrschte bei der ersten Sitzung. Die G\u00e4ste erlebten im B\u00fcrgerhaus einen kurzweiligen Abend mit tollen T\u00e4nzen, farbenfrohe Kost\u00fcmen und humorvollen Beitr\u00e4gen. Hier gibt es mehr Bilder von der 2. Sitzung vom 31.01.26 \u2013 allerdings passwortgesch\u00fctzt! Das Passwort kann beim Vorstand [&hellip;]<\/p>\n","protected":false},"author":666667,"featured_media":0,"parent":0,"menu_order":0,"comment_status":"closed","ping_status":"closed","template":"","meta":{"ngg_post_thumbnail":0,"footnotes":""},"class_list":["post-26651","page","type-page","status-publish","hentry"],"_links":{"self":[{"href":"http:\/\/www.karneval-dipperz.de\/index.php\/wp-json\/wp\/v2\/pages\/26651","targetHints":{"allow":["GET"]}}],"collection":[{"href":"http:\/\/www.karneval-dipperz.de\/index.php\/wp-json\/wp\/v2\/pages"}],"about":[{"href":"http:\/\/www.karneval-dipperz.de\/index.php\/wp-json\/wp\/v2\/types\/page"}],"author":[{"embeddable":true,"href":"http:\/\/www.karneval-dipperz.de\/index.php\/wp-json\/wp\/v2\/users\/666667"}],"replies":[{"embeddable":true,"href":"http:\/\/www.karneval-dipperz.de\/index.php\/wp-json\/wp\/v2\/comments?post=26651"}],"version-history":[{"count":0,"href":"http:\/\/www.karneval-dipperz.de\/index.php\/wp-json\/wp\/v2\/pages\/26651\/revisions"}],"wp:attachment":[{"href":"http:\/\/www.karneval-dipperz.de\/index.php\/wp-json\/wp\/v2\/media?parent=26651"}],"curies":[{"name":"wp","href":"https:\/\/api.w.org\/{rel}","templated":true}]}}