{"id":27002,"date":"2026-05-07T06:34:12","date_gmt":"2026-05-07T06:34:12","guid":{"rendered":"http:\/\/www.karneval-dipperz.de\/?page_id=27002"},"modified":"2026-05-08T08:10:40","modified_gmt":"2026-05-08T08:10:40","slug":"hauptversammlung-2026","status":"publish","type":"page","link":"http:\/\/www.karneval-dipperz.de\/index.php\/hauptversammlung-2026\/","title":{"rendered":"Hauptversammlung 2026"},"content":{"rendered":"<p style=\"text-align: center;\"><span style=\"color: #000000;\">Auch in diesem Jahr, am 07. Mai 2026, waren die Mitglieder des Karnevalverein Dipperz zur Hauptversammlung geladen. Die 1. Vorsitzende Michelle Danh\u00e4user begr\u00fc\u00dfte ca. <strong>60<\/strong> Mitglieder im B\u00fcrgerhaus Dipperz.<\/span><\/p>\n<p style=\"text-align: center;\"><a href=\"http:\/\/www.karneval-dipperz.de\/wp-content\/uploads\/2026\/05\/JHV-KVD-2026-7-scaled.jpg\"><img loading=\"lazy\" decoding=\"async\" class=\"size-large wp-image-27030 aligncenter\" src=\"http:\/\/www.karneval-dipperz.de\/wp-content\/uploads\/2026\/05\/JHV-KVD-2026-7-1024x469.jpg\" alt=\"\" width=\"700\" height=\"321\" srcset=\"http:\/\/www.karneval-dipperz.de\/wp-content\/uploads\/2026\/05\/JHV-KVD-2026-7-1024x469.jpg 1024w, http:\/\/www.karneval-dipperz.de\/wp-content\/uploads\/2026\/05\/JHV-KVD-2026-7-300x137.jpg 300w, http:\/\/www.karneval-dipperz.de\/wp-content\/uploads\/2026\/05\/JHV-KVD-2026-7-768x352.jpg 768w, http:\/\/www.karneval-dipperz.de\/wp-content\/uploads\/2026\/05\/JHV-KVD-2026-7-1536x704.jpg 1536w, http:\/\/www.karneval-dipperz.de\/wp-content\/uploads\/2026\/05\/JHV-KVD-2026-7-2048x938.jpg 2048w\" sizes=\"auto, (max-width: 700px) 100vw, 700px\" \/><\/a><\/p>\n<p style=\"text-align: center;\"><span style=\"color: #000000;\">Nach einer Gedenkminute f\u00fcr die verstorbenen Vereinsmitglieder gaben unsere Pr\u00e4sidenten Ren\u00e9 Klemenz und Steffen Leibold einen \u00dcberblick \u00fcber die vergangene Kampagne 2025\/2026.<\/span><\/p>\n<p style=\"text-align: center;\"><a href=\"http:\/\/www.karneval-dipperz.de\/wp-content\/uploads\/2026\/05\/JHV-KVD-2026-6-scaled.jpg\"><img loading=\"lazy\" decoding=\"async\" class=\"size-large wp-image-27032 aligncenter\" src=\"http:\/\/www.karneval-dipperz.de\/wp-content\/uploads\/2026\/05\/JHV-KVD-2026-6-1024x576.jpg\" alt=\"\" width=\"700\" height=\"394\" srcset=\"http:\/\/www.karneval-dipperz.de\/wp-content\/uploads\/2026\/05\/JHV-KVD-2026-6-1024x576.jpg 1024w, http:\/\/www.karneval-dipperz.de\/wp-content\/uploads\/2026\/05\/JHV-KVD-2026-6-300x169.jpg 300w, http:\/\/www.karneval-dipperz.de\/wp-content\/uploads\/2026\/05\/JHV-KVD-2026-6-768x432.jpg 768w, http:\/\/www.karneval-dipperz.de\/wp-content\/uploads\/2026\/05\/JHV-KVD-2026-6-1536x864.jpg 1536w, http:\/\/www.karneval-dipperz.de\/wp-content\/uploads\/2026\/05\/JHV-KVD-2026-6-2048x1152.jpg 2048w\" sizes=\"auto, (max-width: 700px) 100vw, 700px\" \/><\/a><\/p>\n<p style=\"text-align: center;\"><span style=\"color: #000000;\">Danach gab der 1. Schriftf\u00fchrer Philipp Henkel einen kurzen R\u00fcckblick auf die Aktivit\u00e4ten des abgelaufenen Vereinsjahres.<\/span><\/p>\n<p style=\"text-align: center;\"><a href=\"http:\/\/www.karneval-dipperz.de\/wp-content\/uploads\/2026\/05\/JHV-KVD-2026-9a-scaled.jpg\"><img loading=\"lazy\" decoding=\"async\" class=\"size-large wp-image-27033 aligncenter\" src=\"http:\/\/www.karneval-dipperz.de\/wp-content\/uploads\/2026\/05\/JHV-KVD-2026-9a-1024x595.jpg\" alt=\"\" width=\"700\" height=\"407\" srcset=\"http:\/\/www.karneval-dipperz.de\/wp-content\/uploads\/2026\/05\/JHV-KVD-2026-9a-1024x595.jpg 1024w, http:\/\/www.karneval-dipperz.de\/wp-content\/uploads\/2026\/05\/JHV-KVD-2026-9a-300x174.jpg 300w, http:\/\/www.karneval-dipperz.de\/wp-content\/uploads\/2026\/05\/JHV-KVD-2026-9a-768x446.jpg 768w, http:\/\/www.karneval-dipperz.de\/wp-content\/uploads\/2026\/05\/JHV-KVD-2026-9a-1536x892.jpg 1536w, http:\/\/www.karneval-dipperz.de\/wp-content\/uploads\/2026\/05\/JHV-KVD-2026-9a-2048x1190.jpg 2048w\" sizes=\"auto, (max-width: 700px) 100vw, 700px\" \/><\/a><\/p>\n<p style=\"text-align: center;\"><span style=\"color: #000000;\">Der 1. Kassierer Steffen Schleicher berichtete von einer guten Finanzlage des Vereins, was der Kassenpr\u00fcfer Martin K\u00f6nig best\u00e4tigen konnte. Er bescheinigte eine ordnungsgem\u00e4\u00dfe Kassenf\u00fchrung.<\/span><\/p>\n<p style=\"text-align: center;\"><span style=\"color: #000000;\">Darauffolgend wurde der Gesamtvorstand auf Antrag von Martin K\u00f6nig von der Versammlung ohne Einw\u00e4nde entlastet.<\/span><\/p>\n<p style=\"text-align: center;\"><span style=\"color: #000000;\">Die 1. Vorsitzende Michelle Danh\u00e4user bedankte sich bei den Mitgliedern f\u00fcr die Einsatzbereitschaft in der zur\u00fcckliegenden Kampagne.<\/span><\/p>\n<p style=\"text-align: center;\"><span style=\"color: #000000;\">Anschlie\u00dfend gingen die Trainerinnen der einzelnen Gruppen in ihren Ausf\u00fchrungen n\u00e4her auf ihre Aktivit\u00e4ten der Kampagne 2025\/2026 ein.<\/span><\/p>\n<p style=\"text-align: center;\"><span style=\"color: #000000;\">Die sich anschlie\u00dfenden Neuwahlen, durchgef\u00fchrt von Michelle Danh\u00e4user, brachten folgendes Ergebnis:<\/span><\/p>\n<ul style=\"text-align: center;\">\n<li><span style=\"color: #000000;\">Vorsitzende: Michelle Danh\u00e4user<\/span><\/li>\n<li><span style=\"color: #000000;\">Pr\u00e4sident: Steffen Leibold<\/span><\/li>\n<li><span style=\"color: #000000;\">Kassierer: Steffen Schleicher<\/span><\/li>\n<li><span style=\"color: #000000;\">Schriftf\u00fchrer: Elena Krick<\/span><\/li>\n<li><span style=\"color: #000000;\">1. Kassenpr\u00fcfer: Martin K\u00f6nig<\/span><\/li>\n<\/ul>\n<p style=\"text-align: center;\"><span style=\"color: #000000;\">Im weiteren Verlauf der Versammlung wurden einige Mitglieder f\u00fcr ihre langj\u00e4hrige Mitgliedschaft geehrt.<\/span><\/p>\n<p style=\"text-align: center;\"><a href=\"http:\/\/www.karneval-dipperz.de\/wp-content\/uploads\/2026\/05\/JHV-KVD-2026-100.png\"><img loading=\"lazy\" decoding=\"async\" class=\"alignnone size-large wp-image-27071\" src=\"http:\/\/www.karneval-dipperz.de\/wp-content\/uploads\/2026\/05\/JHV-KVD-2026-100-1024x576.png\" alt=\"\" width=\"700\" height=\"394\" srcset=\"http:\/\/www.karneval-dipperz.de\/wp-content\/uploads\/2026\/05\/JHV-KVD-2026-100-1024x576.png 1024w, http:\/\/www.karneval-dipperz.de\/wp-content\/uploads\/2026\/05\/JHV-KVD-2026-100-300x169.png 300w, http:\/\/www.karneval-dipperz.de\/wp-content\/uploads\/2026\/05\/JHV-KVD-2026-100-768x432.png 768w, http:\/\/www.karneval-dipperz.de\/wp-content\/uploads\/2026\/05\/JHV-KVD-2026-100-1536x864.png 1536w, http:\/\/www.karneval-dipperz.de\/wp-content\/uploads\/2026\/05\/JHV-KVD-2026-100.png 1672w\" sizes=\"auto, (max-width: 700px) 100vw, 700px\" \/><\/a><\/p>\n<p style=\"text-align: center;\"><a href=\"http:\/\/www.karneval-dipperz.de\/wp-content\/uploads\/2026\/05\/JHV-KVD-2026-101.png\"><img loading=\"lazy\" decoding=\"async\" class=\"alignnone size-large wp-image-27072\" src=\"http:\/\/www.karneval-dipperz.de\/wp-content\/uploads\/2026\/05\/JHV-KVD-2026-101-1024x576.png\" alt=\"\" width=\"700\" height=\"394\" srcset=\"http:\/\/www.karneval-dipperz.de\/wp-content\/uploads\/2026\/05\/JHV-KVD-2026-101-1024x576.png 1024w, http:\/\/www.karneval-dipperz.de\/wp-content\/uploads\/2026\/05\/JHV-KVD-2026-101-300x169.png 300w, http:\/\/www.karneval-dipperz.de\/wp-content\/uploads\/2026\/05\/JHV-KVD-2026-101-768x432.png 768w, http:\/\/www.karneval-dipperz.de\/wp-content\/uploads\/2026\/05\/JHV-KVD-2026-101-1536x864.png 1536w, http:\/\/www.karneval-dipperz.de\/wp-content\/uploads\/2026\/05\/JHV-KVD-2026-101.png 1672w\" sizes=\"auto, (max-width: 700px) 100vw, 700px\" \/><\/a><\/p>\n<p style=\"text-align: center;\"><span style=\"color: #000000;\">Unter den Punkten \u201eKampagne 2026\/2027\u201c und \u201cVerschiedenes\u201d wies der Vorstand auf kommende Veranstaltungen\/ Termine hin.<\/span><\/p>\n<p style=\"text-align: center;\"><a href=\"http:\/\/www.karneval-dipperz.de\/wp-content\/uploads\/2026\/05\/JHV-KVD-2026-20-scaled.jpg\"><img loading=\"lazy\" decoding=\"async\" class=\"size-large wp-image-27035 aligncenter\" src=\"http:\/\/www.karneval-dipperz.de\/wp-content\/uploads\/2026\/05\/JHV-KVD-2026-20-1024x576.jpg\" alt=\"\" width=\"700\" height=\"394\" srcset=\"http:\/\/www.karneval-dipperz.de\/wp-content\/uploads\/2026\/05\/JHV-KVD-2026-20-1024x576.jpg 1024w, http:\/\/www.karneval-dipperz.de\/wp-content\/uploads\/2026\/05\/JHV-KVD-2026-20-300x169.jpg 300w, http:\/\/www.karneval-dipperz.de\/wp-content\/uploads\/2026\/05\/JHV-KVD-2026-20-768x432.jpg 768w, http:\/\/www.karneval-dipperz.de\/wp-content\/uploads\/2026\/05\/JHV-KVD-2026-20-1536x864.jpg 1536w, http:\/\/www.karneval-dipperz.de\/wp-content\/uploads\/2026\/05\/JHV-KVD-2026-20-2048x1152.jpg 2048w\" sizes=\"auto, (max-width: 700px) 100vw, 700px\" \/><\/a><\/p>\n<p style=\"text-align: center;\"><span style=\"color: #000000;\">Anschlie\u00dfend wurde der offizielle Teil der Sitzung geschlossen und der Abend mit dem Tagesordnungspunkt \u201egem\u00fctliches Beisammensein\u201c beendet.<\/span><\/p>\n<p style=\"text-align: center;\"><span style=\"color: #000000;\">Anzahl Mitglieder am 07.05.2026: 386<\/span><\/p>\n<p style=\"text-align: center;\">ngg_shortcode_0_placeholder<\/p>\n<p style=\"text-align: center;\">&nbsp;<\/p>\n","protected":false},"excerpt":{"rendered":"<p>Auch in diesem Jahr, am 07. Mai 2026, waren die Mitglieder des Karnevalverein Dipperz zur Hauptversammlung geladen. Die 1. Vorsitzende Michelle Danh\u00e4user begr\u00fc\u00dfte ca. 60 Mitglieder im B\u00fcrgerhaus Dipperz. Nach einer Gedenkminute f\u00fcr die verstorbenen Vereinsmitglieder gaben unsere Pr\u00e4sidenten Ren\u00e9 Klemenz und Steffen Leibold einen \u00dcberblick \u00fcber die vergangene Kampagne 2025\/2026. Danach gab der 1. [&hellip;]<\/p>\n","protected":false},"author":666668,"featured_media":0,"parent":0,"menu_order":0,"comment_status":"closed","ping_status":"closed","template":"","meta":{"ngg_post_thumbnail":0,"footnotes":""},"class_list":["post-27002","page","type-page","status-publish","hentry"],"_links":{"self":[{"href":"http:\/\/www.karneval-dipperz.de\/index.php\/wp-json\/wp\/v2\/pages\/27002","targetHints":{"allow":["GET"]}}],"collection":[{"href":"http:\/\/www.karneval-dipperz.de\/index.php\/wp-json\/wp\/v2\/pages"}],"about":[{"href":"http:\/\/www.karneval-dipperz.de\/index.php\/wp-json\/wp\/v2\/types\/page"}],"author":[{"embeddable":true,"href":"http:\/\/www.karneval-dipperz.de\/index.php\/wp-json\/wp\/v2\/users\/666668"}],"replies":[{"embeddable":true,"href":"http:\/\/www.karneval-dipperz.de\/index.php\/wp-json\/wp\/v2\/comments?post=27002"}],"version-history":[{"count":13,"href":"http:\/\/www.karneval-dipperz.de\/index.php\/wp-json\/wp\/v2\/pages\/27002\/revisions"}],"predecessor-version":[{"id":27073,"href":"http:\/\/www.karneval-dipperz.de\/index.php\/wp-json\/wp\/v2\/pages\/27002\/revisions\/27073"}],"wp:attachment":[{"href":"http:\/\/www.karneval-dipperz.de\/index.php\/wp-json\/wp\/v2\/media?parent=27002"}],"curies":[{"name":"wp","href":"https:\/\/api.w.org\/{rel}","templated":true}]}}