{"id":288,"date":"2014-06-10T17:04:39","date_gmt":"2014-06-10T17:04:39","guid":{"rendered":"http:\/\/www.karneval-dipperz.de\/?page_id=288"},"modified":"2026-05-08T06:31:18","modified_gmt":"2026-05-08T06:31:18","slug":"termine","status":"publish","type":"page","link":"http:\/\/www.karneval-dipperz.de\/index.php\/termine\/","title":{"rendered":"Termine"},"content":{"rendered":"<ul>\r\n \t<li><span style=\"color: #000000;\">11.11.2026 &#8211; Karnevalser\u00f6ffnung um 11:11 Uhr vor dem BGH Dipperz<\/span><\/li>\r\n \t<li><span style=\"color: #000000;\">03.01.2027 &#8211; N\u00e4rrischer St. Floriansfr\u00fchschoppen im BGH Dipperz<\/span><\/li>\r\n \t<li><span style=\"color: #000000;\">16.01.2027 &#8211; 1. Fremdensitzung um 20.00 Uhr im BGH Dipperz<\/span><\/li>\r\n \t<li><span style=\"color: #000000;\">23.01.2027 &#8211; 2. Fremdensitzung um 20.00 Uhr im BGH Dipperz<\/span><\/li>\r\n \t<li><span style=\"color: #000000;\">24.01.2027 &#8211; Kinderfasching um 13.30 Uhr im BGH Dipperz<\/span><\/li>\r\n \t<li><span style=\"color: #000000;\">30.01.2027 &#8211; 3. Fremdensitzung um 20.00 Uhr im BGH Dipperz<\/span><\/li>\r\n \t<li><span style=\"color: #000000;\">08.02.2027 &#8211; Rosenmontag &#8211; Teilnahme am Umzug in Kleinsassen<\/span><\/li>\r\n<\/ul>\r\n<figure class=\"wp-block-image is-resized\"><span style=\"color: #000000;\"><img loading=\"lazy\" decoding=\"async\" class=\"wp-image-11642\" src=\"http:\/\/www.karneval-dipperz.de\/wp-content\/uploads\/2014\/06\/rosenmontag-1014x1024.jpg\" alt=\"\" width=\"410\" height=\"414\" srcset=\"http:\/\/www.karneval-dipperz.de\/wp-content\/uploads\/2014\/06\/rosenmontag-1014x1024.jpg 1014w, http:\/\/www.karneval-dipperz.de\/wp-content\/uploads\/2014\/06\/rosenmontag-150x150.jpg 150w, http:\/\/www.karneval-dipperz.de\/wp-content\/uploads\/2014\/06\/rosenmontag-297x300.jpg 297w, http:\/\/www.karneval-dipperz.de\/wp-content\/uploads\/2014\/06\/rosenmontag-768x775.jpg 768w, http:\/\/www.karneval-dipperz.de\/wp-content\/uploads\/2014\/06\/rosenmontag.jpg 1966w\" sizes=\"auto, (max-width: 410px) 100vw, 410px\" \/><\/span><\/figure>\r\n<span style=\"color: #333333;\"><\/span><!-- \/wp:post-content -->","protected":false},"excerpt":{"rendered":"<p>11.11.2026 &#8211; Karnevalser\u00f6ffnung um 11:11 Uhr vor dem BGH Dipperz 03.01.2027 &#8211; N\u00e4rrischer St. Floriansfr\u00fchschoppen im BGH Dipperz 16.01.2027 &#8211; 1. Fremdensitzung um 20.00 Uhr im BGH Dipperz 23.01.2027 &#8211; 2. Fremdensitzung um 20.00 Uhr im BGH Dipperz 24.01.2027 &#8211; Kinderfasching um 13.30 Uhr im BGH Dipperz 30.01.2027 &#8211; 3. Fremdensitzung um 20.00 Uhr im [&hellip;]<\/p>\n","protected":false},"author":666667,"featured_media":0,"parent":0,"menu_order":0,"comment_status":"closed","ping_status":"closed","template":"","meta":{"ngg_post_thumbnail":0,"footnotes":""},"class_list":["post-288","page","type-page","status-publish","hentry"],"_links":{"self":[{"href":"http:\/\/www.karneval-dipperz.de\/index.php\/wp-json\/wp\/v2\/pages\/288","targetHints":{"allow":["GET"]}}],"collection":[{"href":"http:\/\/www.karneval-dipperz.de\/index.php\/wp-json\/wp\/v2\/pages"}],"about":[{"href":"http:\/\/www.karneval-dipperz.de\/index.php\/wp-json\/wp\/v2\/types\/page"}],"author":[{"embeddable":true,"href":"http:\/\/www.karneval-dipperz.de\/index.php\/wp-json\/wp\/v2\/users\/666667"}],"replies":[{"embeddable":true,"href":"http:\/\/www.karneval-dipperz.de\/index.php\/wp-json\/wp\/v2\/comments?post=288"}],"version-history":[{"count":11,"href":"http:\/\/www.karneval-dipperz.de\/index.php\/wp-json\/wp\/v2\/pages\/288\/revisions"}],"predecessor-version":[{"id":27023,"href":"http:\/\/www.karneval-dipperz.de\/index.php\/wp-json\/wp\/v2\/pages\/288\/revisions\/27023"}],"wp:attachment":[{"href":"http:\/\/www.karneval-dipperz.de\/index.php\/wp-json\/wp\/v2\/media?parent=288"}],"curies":[{"name":"wp","href":"https:\/\/api.w.org\/{rel}","templated":true}]}}