{"id":312,"date":"2014-06-11T07:40:50","date_gmt":"2014-06-11T07:40:50","guid":{"rendered":"http:\/\/www.karneval-dipperz.de\/?page_id=312"},"modified":"2025-02-08T16:05:16","modified_gmt":"2025-02-08T16:05:16","slug":"downloads","status":"publish","type":"page","link":"http:\/\/www.karneval-dipperz.de\/index.php\/downloads\/","title":{"rendered":"Downloads"},"content":{"rendered":"<p><span style=\"color: #000000;\">Werden Sie Mitglied in unserem Karnevalverein. Unsere neue (2020) Beitrittserkl\u00e4rung k\u00f6nnen Sie hier herunterladen: <a style=\"color: #000000;\" href=\"http:\/\/www.karneval-dipperz.de\/wp-content\/uploads\/2020\/05\/KVD-Beitrittserkl\u00e4rung-2020.pdf\" target=\"_blank\" rel=\"noopener noreferrer\">Beitrittserkl\u00e4rung<\/a><\/span><\/p>\n<p><span style=\"color: #000000;\">Unser Jubil\u00e4ums-Flyer 2025: <a href=\"http:\/\/www.karneval-dipperz.de\/wp-content\/uploads\/2025\/02\/KVD-60-Jahre-humorvoller-Karneval-2025.pdf\" target=\"_blank\" rel=\"noopener\">60 Jahre humorvoller Karneval<\/a><\/span><\/p>\n<p><span style=\"color: #000000;\">Unser Jubil\u00e4ums-Flyer 2020: <a style=\"color: #000000;\" href=\"http:\/\/www.karneval-dipperz.de\/wp-content\/uploads\/2020\/02\/KVD-55-Jahre-humorvoller-Karneval.pdf\" target=\"_blank\" rel=\"noopener noreferrer\">55 Jahre humorvoller Karneval<\/a><\/span><\/p>\n<p><span style=\"color: #000000;\">Unser Jubil\u00e4ums-Flyer 2015: <a style=\"color: #000000;\" title=\"50 Jahre humorvoller Karneval\" href=\"http:\/\/www.karneval-dipperz.de\/wp-content\/uploads\/2014\/06\/50-jahre-humorvoller-karneval.pdf\" target=\"_blank\" rel=\"noopener noreferrer\">50 Jahre humorvoller Karneval<\/a><\/span><\/p>\n<p><span style=\"color: #000000;\">Unser Flyer 2017: <a style=\"color: #000000;\" href=\"http:\/\/www.karneval-dipperz.de\/wp-content\/uploads\/2017\/03\/flyer-kvd-2017.pdf\" target=\"_blank\" rel=\"noopener noreferrer\">KVD Flyer 2017<\/a><\/span><\/p>\n<p><span style=\"color: #000000;\">Hier ein paar Informationen zum SEPA-Lastschriftverfahren: <a style=\"color: #000000;\" title=\"SEPA-Lastschrift\" href=\"http:\/\/www.karneval-dipperz.de\/wp-content\/uploads\/2012\/10\/Anschreiben-SEPA-Lastschrift.pdf\" target=\"_blank\" rel=\"noopener noreferrer\">SEPA-Lastschrift<\/a><\/span><\/p>\n","protected":false},"excerpt":{"rendered":"<p>Werden Sie Mitglied in unserem Karnevalverein. Unsere neue (2020) Beitrittserkl\u00e4rung k\u00f6nnen Sie hier herunterladen: Beitrittserkl\u00e4rung Unser Jubil\u00e4ums-Flyer 2025: 60 Jahre humorvoller Karneval Unser Jubil\u00e4ums-Flyer 2020: 55 Jahre humorvoller Karneval Unser Jubil\u00e4ums-Flyer 2015: 50 Jahre humorvoller Karneval Unser Flyer 2017: KVD Flyer 2017 Hier ein paar Informationen zum SEPA-Lastschriftverfahren: SEPA-Lastschrift<\/p>\n","protected":false},"author":666667,"featured_media":0,"parent":0,"menu_order":0,"comment_status":"closed","ping_status":"closed","template":"","meta":{"ngg_post_thumbnail":0,"footnotes":""},"class_list":["post-312","page","type-page","status-publish","hentry"],"_links":{"self":[{"href":"http:\/\/www.karneval-dipperz.de\/index.php\/wp-json\/wp\/v2\/pages\/312","targetHints":{"allow":["GET"]}}],"collection":[{"href":"http:\/\/www.karneval-dipperz.de\/index.php\/wp-json\/wp\/v2\/pages"}],"about":[{"href":"http:\/\/www.karneval-dipperz.de\/index.php\/wp-json\/wp\/v2\/types\/page"}],"author":[{"embeddable":true,"href":"http:\/\/www.karneval-dipperz.de\/index.php\/wp-json\/wp\/v2\/users\/666667"}],"replies":[{"embeddable":true,"href":"http:\/\/www.karneval-dipperz.de\/index.php\/wp-json\/wp\/v2\/comments?post=312"}],"version-history":[{"count":0,"href":"http:\/\/www.karneval-dipperz.de\/index.php\/wp-json\/wp\/v2\/pages\/312\/revisions"}],"wp:attachment":[{"href":"http:\/\/www.karneval-dipperz.de\/index.php\/wp-json\/wp\/v2\/media?parent=312"}],"curies":[{"name":"wp","href":"https:\/\/api.w.org\/{rel}","templated":true}]}}