{"id":411,"date":"2014-06-12T07:33:48","date_gmt":"2014-06-12T07:33:48","guid":{"rendered":"http:\/\/www.karneval-dipperz.de\/?page_id=411"},"modified":"2026-01-31T10:46:09","modified_gmt":"2026-01-31T10:46:09","slug":"tanzgruppen","status":"publish","type":"page","link":"http:\/\/www.karneval-dipperz.de\/index.php\/tanzgruppen\/","title":{"rendered":"Gruppen"},"content":{"rendered":"<p style=\"text-align: left;\"><a href=\"http:\/\/www.karneval-dipperz.de\/index.php\/praesident\/\"><span style=\"color: #000000;\">Pr\u00e4sidenten<\/span><\/a><\/p>\n<p style=\"text-align: left;\"><a href=\"http:\/\/www.karneval-dipperz.de\/index.php\/elferrat-2\/\"><span style=\"color: #000000;\">Elferrat<\/span><\/a><\/p>\n<p><a href=\"http:\/\/www.karneval-dipperz.de\/index.php\/prasidentengarde\/\"><span style=\"color: #000000;\">Pr\u00e4sidentengarde<\/span><\/a><\/p>\n<p><a href=\"http:\/\/www.karneval-dipperz.de\/index.php\/tanzmariechen\/\"><span style=\"color: #000000;\">Tanzmariechen<\/span><\/a><\/p>\n<p><a href=\"http:\/\/www.karneval-dipperz.de\/index.php\/jugend-tanzmariechen\/\"><span style=\"color: #000000;\">Jugend-Tanzmariechen<\/span><\/a><\/p>\n<p><a href=\"http:\/\/www.karneval-dipperz.de\/index.php\/teenies\/\"><span style=\"color: #000000;\">Teenies<\/span><\/a><\/p>\n<p><a href=\"http:\/\/www.karneval-dipperz.de\/index.php\/youngstars\/\"><span style=\"color: #000000;\">Youngstars<\/span><\/a><\/p>\n<p><a href=\"http:\/\/www.karneval-dipperz.de\/index.php\/minis\/\"><span style=\"color: #000000;\">Minis<\/span><\/a><\/p>\n<p><a href=\"http:\/\/www.karneval-dipperz.de\/index.php\/kueken\/\"><span style=\"color: #000000;\">K\u00fcken<\/span><\/a><\/p>\n<p><a href=\"http:\/\/www.karneval-dipperz.de\/index.php\/fraeulein-brillant\/\"><span style=\"color: #000000;\">Fr\u00e4ulein Brillant<\/span><\/a><\/p>\n<p><a href=\"http:\/\/www.karneval-dipperz.de\/index.php\/doppel-d\/\"><span style=\"color: #000000;\">Doppel-D<\/span><\/a><\/p>\n","protected":false},"excerpt":{"rendered":"<p>Pr\u00e4sidenten Elferrat Pr\u00e4sidentengarde Tanzmariechen Jugend-Tanzmariechen Teenies Youngstars Minis K\u00fcken Fr\u00e4ulein Brillant Doppel-D<\/p>\n","protected":false},"author":666667,"featured_media":0,"parent":0,"menu_order":0,"comment_status":"closed","ping_status":"closed","template":"","meta":{"ngg_post_thumbnail":0,"footnotes":""},"class_list":["post-411","page","type-page","status-publish","hentry"],"_links":{"self":[{"href":"http:\/\/www.karneval-dipperz.de\/index.php\/wp-json\/wp\/v2\/pages\/411","targetHints":{"allow":["GET"]}}],"collection":[{"href":"http:\/\/www.karneval-dipperz.de\/index.php\/wp-json\/wp\/v2\/pages"}],"about":[{"href":"http:\/\/www.karneval-dipperz.de\/index.php\/wp-json\/wp\/v2\/types\/page"}],"author":[{"embeddable":true,"href":"http:\/\/www.karneval-dipperz.de\/index.php\/wp-json\/wp\/v2\/users\/666667"}],"replies":[{"embeddable":true,"href":"http:\/\/www.karneval-dipperz.de\/index.php\/wp-json\/wp\/v2\/comments?post=411"}],"version-history":[{"count":0,"href":"http:\/\/www.karneval-dipperz.de\/index.php\/wp-json\/wp\/v2\/pages\/411\/revisions"}],"wp:attachment":[{"href":"http:\/\/www.karneval-dipperz.de\/index.php\/wp-json\/wp\/v2\/media?parent=411"}],"curies":[{"name":"wp","href":"https:\/\/api.w.org\/{rel}","templated":true}]}}