{"id":516,"date":"2014-06-24T08:06:54","date_gmt":"2014-06-24T08:06:54","guid":{"rendered":"http:\/\/www.karneval-dipperz.de\/?page_id=516"},"modified":"2026-02-03T07:43:24","modified_gmt":"2026-02-03T07:43:24","slug":"minis","status":"publish","type":"page","link":"http:\/\/www.karneval-dipperz.de\/index.php\/minis\/","title":{"rendered":"Minis"},"content":{"rendered":"<div style=\"text-align: center;\">\n<p><span style=\"color: #000000;\">Wir sind 16 M\u00e4dels im Alter von 7 \u2013 9 Jahren und trainieren seit den Sommerferien einmal in der Woche eine Stunde lang mit unseren Trainerinnen Joelin Henkel und Jasmin Brill.<\/span><\/p>\n<p><span style=\"color: #000000;\">Bei unserem Tanz \u201eAtelier de Minis\u201c w\u00fcnschen w\u00fcnschen in der Kampagne 2025\/2026 Rosa Biensack, Mila Bleuel, Laura Ebert, Jana Gr\u00e4ff, Marie Heitz, Mila Hofmann, Emilia Kammandel, Bele Mans, Debora Mehler, Karla M\u00fcglich, Amelie Naumann, Freya Necke, Klara Wachter, Chiara Weber, Lara Weber und Anni Weinmeister viel Spa\u00df!<\/span><\/p>\n<p><a href=\"http:\/\/www.karneval-dipperz.de\/wp-content\/uploads\/2026\/02\/260131_2013_048-scaled.jpg\"><img loading=\"lazy\" decoding=\"async\" class=\"size-large wp-image-26659 aligncenter\" src=\"http:\/\/www.karneval-dipperz.de\/wp-content\/uploads\/2026\/02\/260131_2013_048-1024x683.jpg\" alt=\"\" width=\"700\" height=\"467\" srcset=\"http:\/\/www.karneval-dipperz.de\/wp-content\/uploads\/2026\/02\/260131_2013_048-1024x683.jpg 1024w, http:\/\/www.karneval-dipperz.de\/wp-content\/uploads\/2026\/02\/260131_2013_048-300x200.jpg 300w, http:\/\/www.karneval-dipperz.de\/wp-content\/uploads\/2026\/02\/260131_2013_048-768x512.jpg 768w, http:\/\/www.karneval-dipperz.de\/wp-content\/uploads\/2026\/02\/260131_2013_048-1536x1024.jpg 1536w, http:\/\/www.karneval-dipperz.de\/wp-content\/uploads\/2026\/02\/260131_2013_048-2048x1365.jpg 2048w\" sizes=\"auto, (max-width: 700px) 100vw, 700px\" \/><\/a><\/p>\n<p>&nbsp;<\/p>\n<p><a href=\"http:\/\/www.karneval-dipperz.de\/wp-content\/uploads\/2025\/01\/3929-scaled.jpg\"><img loading=\"lazy\" decoding=\"async\" class=\"alignnone size-large wp-image-25480\" src=\"http:\/\/www.karneval-dipperz.de\/wp-content\/uploads\/2025\/01\/3929-1024x674.jpg\" alt=\"\" width=\"700\" height=\"461\" srcset=\"http:\/\/www.karneval-dipperz.de\/wp-content\/uploads\/2025\/01\/3929-1024x674.jpg 1024w, http:\/\/www.karneval-dipperz.de\/wp-content\/uploads\/2025\/01\/3929-300x197.jpg 300w, http:\/\/www.karneval-dipperz.de\/wp-content\/uploads\/2025\/01\/3929-768x506.jpg 768w, http:\/\/www.karneval-dipperz.de\/wp-content\/uploads\/2025\/01\/3929-1536x1011.jpg 1536w, http:\/\/www.karneval-dipperz.de\/wp-content\/uploads\/2025\/01\/3929-2048x1348.jpg 2048w\" sizes=\"auto, (max-width: 700px) 100vw, 700px\" \/><\/a><\/p>\n<p><a href=\"http:\/\/www.karneval-dipperz.de\/wp-content\/uploads\/2025\/01\/3933-scaled.jpg\"><img loading=\"lazy\" decoding=\"async\" class=\"alignnone size-large wp-image-25481\" src=\"http:\/\/www.karneval-dipperz.de\/wp-content\/uploads\/2025\/01\/3933-1024x683.jpg\" alt=\"\" width=\"700\" height=\"467\" srcset=\"http:\/\/www.karneval-dipperz.de\/wp-content\/uploads\/2025\/01\/3933-1024x683.jpg 1024w, http:\/\/www.karneval-dipperz.de\/wp-content\/uploads\/2025\/01\/3933-300x200.jpg 300w, http:\/\/www.karneval-dipperz.de\/wp-content\/uploads\/2025\/01\/3933-768x512.jpg 768w, http:\/\/www.karneval-dipperz.de\/wp-content\/uploads\/2025\/01\/3933-1536x1024.jpg 1536w, http:\/\/www.karneval-dipperz.de\/wp-content\/uploads\/2025\/01\/3933-2048x1366.jpg 2048w\" sizes=\"auto, (max-width: 700px) 100vw, 700px\" \/><\/a><\/p>\n<p><a href=\"http:\/\/www.karneval-dipperz.de\/wp-content\/uploads\/2025\/01\/3940-scaled.jpg\"><img loading=\"lazy\" decoding=\"async\" class=\"alignnone size-large wp-image-25482\" src=\"http:\/\/www.karneval-dipperz.de\/wp-content\/uploads\/2025\/01\/3940-1024x706.jpg\" alt=\"\" width=\"700\" height=\"483\" srcset=\"http:\/\/www.karneval-dipperz.de\/wp-content\/uploads\/2025\/01\/3940-1024x706.jpg 1024w, http:\/\/www.karneval-dipperz.de\/wp-content\/uploads\/2025\/01\/3940-300x207.jpg 300w, http:\/\/www.karneval-dipperz.de\/wp-content\/uploads\/2025\/01\/3940-768x529.jpg 768w, http:\/\/www.karneval-dipperz.de\/wp-content\/uploads\/2025\/01\/3940-1536x1059.jpg 1536w, http:\/\/www.karneval-dipperz.de\/wp-content\/uploads\/2025\/01\/3940-2048x1411.jpg 2048w\" sizes=\"auto, (max-width: 700px) 100vw, 700px\" \/><\/a><\/p>\n<p><a href=\"http:\/\/www.karneval-dipperz.de\/wp-content\/uploads\/2025\/01\/20250112_112441-scaled.jpg\"><img loading=\"lazy\" decoding=\"async\" class=\"size-large wp-image-24948 aligncenter\" src=\"http:\/\/www.karneval-dipperz.de\/wp-content\/uploads\/2025\/01\/20250112_112441-1024x768.jpg\" alt=\"\" width=\"700\" height=\"525\" srcset=\"http:\/\/www.karneval-dipperz.de\/wp-content\/uploads\/2025\/01\/20250112_112441-1024x768.jpg 1024w, http:\/\/www.karneval-dipperz.de\/wp-content\/uploads\/2025\/01\/20250112_112441-300x225.jpg 300w, http:\/\/www.karneval-dipperz.de\/wp-content\/uploads\/2025\/01\/20250112_112441-768x576.jpg 768w, http:\/\/www.karneval-dipperz.de\/wp-content\/uploads\/2025\/01\/20250112_112441-1536x1152.jpg 1536w, http:\/\/www.karneval-dipperz.de\/wp-content\/uploads\/2025\/01\/20250112_112441-2048x1536.jpg 2048w\" sizes=\"auto, (max-width: 700px) 100vw, 700px\" \/><\/a><\/p>\n<p>&nbsp;<\/p>\n<p><a href=\"http:\/\/www.karneval-dipperz.de\/wp-content\/uploads\/2024\/03\/2.-Minis.jpg\"><img loading=\"lazy\" decoding=\"async\" class=\"size-large wp-image-24619 aligncenter\" src=\"http:\/\/www.karneval-dipperz.de\/wp-content\/uploads\/2024\/03\/2.-Minis-1024x409.jpg\" alt=\"\" width=\"700\" height=\"280\" srcset=\"http:\/\/www.karneval-dipperz.de\/wp-content\/uploads\/2024\/03\/2.-Minis-1024x409.jpg 1024w, http:\/\/www.karneval-dipperz.de\/wp-content\/uploads\/2024\/03\/2.-Minis-300x120.jpg 300w, http:\/\/www.karneval-dipperz.de\/wp-content\/uploads\/2024\/03\/2.-Minis-768x307.jpg 768w, http:\/\/www.karneval-dipperz.de\/wp-content\/uploads\/2024\/03\/2.-Minis-1536x613.jpg 1536w, http:\/\/www.karneval-dipperz.de\/wp-content\/uploads\/2024\/03\/2.-Minis.jpg 1600w\" sizes=\"auto, (max-width: 700px) 100vw, 700px\" \/><\/a><\/p>\n<p>&nbsp;<\/p>\n<p>&nbsp;<a href=\"http:\/\/www.karneval-dipperz.de\/wp-content\/uploads\/2023\/02\/230128_2015_784-scaled.jpg\"><img loading=\"lazy\" decoding=\"async\" class=\"alignnone size-large wp-image-22564\" src=\"http:\/\/www.karneval-dipperz.de\/wp-content\/uploads\/2023\/02\/230128_2015_784-1024x576.jpg\" alt=\"\" width=\"700\" height=\"394\" srcset=\"http:\/\/www.karneval-dipperz.de\/wp-content\/uploads\/2023\/02\/230128_2015_784-1024x576.jpg 1024w, http:\/\/www.karneval-dipperz.de\/wp-content\/uploads\/2023\/02\/230128_2015_784-300x169.jpg 300w, http:\/\/www.karneval-dipperz.de\/wp-content\/uploads\/2023\/02\/230128_2015_784-768x432.jpg 768w, http:\/\/www.karneval-dipperz.de\/wp-content\/uploads\/2023\/02\/230128_2015_784-1536x864.jpg 1536w, http:\/\/www.karneval-dipperz.de\/wp-content\/uploads\/2023\/02\/230128_2015_784-2048x1152.jpg 2048w\" sizes=\"auto, (max-width: 700px) 100vw, 700px\" \/><\/a><\/p>\n<p><a href=\"http:\/\/www.karneval-dipperz.de\/wp-content\/uploads\/2023\/02\/230128_2015_786-1-scaled.jpg\"><img loading=\"lazy\" decoding=\"async\" class=\"alignnone size-large wp-image-22565\" src=\"http:\/\/www.karneval-dipperz.de\/wp-content\/uploads\/2023\/02\/230128_2015_786-1-1024x576.jpg\" alt=\"\" width=\"700\" height=\"394\" srcset=\"http:\/\/www.karneval-dipperz.de\/wp-content\/uploads\/2023\/02\/230128_2015_786-1-1024x576.jpg 1024w, http:\/\/www.karneval-dipperz.de\/wp-content\/uploads\/2023\/02\/230128_2015_786-1-300x169.jpg 300w, http:\/\/www.karneval-dipperz.de\/wp-content\/uploads\/2023\/02\/230128_2015_786-1-768x432.jpg 768w, http:\/\/www.karneval-dipperz.de\/wp-content\/uploads\/2023\/02\/230128_2015_786-1-1536x864.jpg 1536w, http:\/\/www.karneval-dipperz.de\/wp-content\/uploads\/2023\/02\/230128_2015_786-1-2048x1152.jpg 2048w\" sizes=\"auto, (max-width: 700px) 100vw, 700px\" \/><\/a><\/p>\n<p><a href=\"http:\/\/www.karneval-dipperz.de\/wp-content\/uploads\/2023\/02\/230128_2015_788-scaled.jpg\"><img loading=\"lazy\" decoding=\"async\" class=\"alignnone size-large wp-image-22566\" src=\"http:\/\/www.karneval-dipperz.de\/wp-content\/uploads\/2023\/02\/230128_2015_788-1024x576.jpg\" alt=\"\" width=\"700\" height=\"394\" srcset=\"http:\/\/www.karneval-dipperz.de\/wp-content\/uploads\/2023\/02\/230128_2015_788-1024x576.jpg 1024w, http:\/\/www.karneval-dipperz.de\/wp-content\/uploads\/2023\/02\/230128_2015_788-300x169.jpg 300w, http:\/\/www.karneval-dipperz.de\/wp-content\/uploads\/2023\/02\/230128_2015_788-768x432.jpg 768w, http:\/\/www.karneval-dipperz.de\/wp-content\/uploads\/2023\/02\/230128_2015_788-1536x864.jpg 1536w, http:\/\/www.karneval-dipperz.de\/wp-content\/uploads\/2023\/02\/230128_2015_788-2048x1152.jpg 2048w\" sizes=\"auto, (max-width: 700px) 100vw, 700px\" \/><\/a><\/p>\n<p><span style=\"color: #000000;\"><a style=\"color: #000000;\" href=\"http:\/\/www.karneval-dipperz.de\/wp-content\/uploads\/2020\/01\/Minis-7439-scaled.jpg\"><img loading=\"lazy\" decoding=\"async\" class=\"aligncenter size-large wp-image-19501\" src=\"http:\/\/www.karneval-dipperz.de\/wp-content\/uploads\/2020\/01\/Minis-7439-1024x701.jpg\" alt=\"\" width=\"700\" height=\"479\" srcset=\"http:\/\/www.karneval-dipperz.de\/wp-content\/uploads\/2020\/01\/Minis-7439-1024x701.jpg 1024w, http:\/\/www.karneval-dipperz.de\/wp-content\/uploads\/2020\/01\/Minis-7439-300x205.jpg 300w, http:\/\/www.karneval-dipperz.de\/wp-content\/uploads\/2020\/01\/Minis-7439-768x526.jpg 768w, http:\/\/www.karneval-dipperz.de\/wp-content\/uploads\/2020\/01\/Minis-7439-1536x1051.jpg 1536w, http:\/\/www.karneval-dipperz.de\/wp-content\/uploads\/2020\/01\/Minis-7439-2048x1402.jpg 2048w\" sizes=\"auto, (max-width: 700px) 100vw, 700px\" \/><\/a><\/span><\/p>\n<p><span style=\"color: #000000;\"><a style=\"color: #000000;\" href=\"http:\/\/www.karneval-dipperz.de\/wp-content\/uploads\/2020\/01\/Minis-3923-scaled.jpg\"><img loading=\"lazy\" decoding=\"async\" class=\"aligncenter size-large wp-image-18915\" src=\"http:\/\/www.karneval-dipperz.de\/wp-content\/uploads\/2020\/01\/Minis-3923-1024x676.jpg\" alt=\"\" width=\"700\" height=\"462\" srcset=\"http:\/\/www.karneval-dipperz.de\/wp-content\/uploads\/2020\/01\/Minis-3923-1024x676.jpg 1024w, http:\/\/www.karneval-dipperz.de\/wp-content\/uploads\/2020\/01\/Minis-3923-300x198.jpg 300w, http:\/\/www.karneval-dipperz.de\/wp-content\/uploads\/2020\/01\/Minis-3923-768x507.jpg 768w, http:\/\/www.karneval-dipperz.de\/wp-content\/uploads\/2020\/01\/Minis-3923-1536x1014.jpg 1536w, http:\/\/www.karneval-dipperz.de\/wp-content\/uploads\/2020\/01\/Minis-3923-2048x1352.jpg 2048w\" sizes=\"auto, (max-width: 700px) 100vw, 700px\" \/><\/a><\/span><\/p>\n<\/div>\n<div><span style=\"color: #000000;\"><a style=\"color: #000000;\" href=\"http:\/\/www.karneval-dipperz.de\/wp-content\/uploads\/2019\/03\/IMG-20190223-WA0006.jpg\"><img loading=\"lazy\" decoding=\"async\" class=\"aligncenter size-large wp-image-17976\" src=\"http:\/\/www.karneval-dipperz.de\/wp-content\/uploads\/2019\/03\/IMG-20190223-WA0006-1024x682.jpg\" alt=\"\" width=\"700\" height=\"466\" srcset=\"http:\/\/www.karneval-dipperz.de\/wp-content\/uploads\/2019\/03\/IMG-20190223-WA0006-1024x682.jpg 1024w, http:\/\/www.karneval-dipperz.de\/wp-content\/uploads\/2019\/03\/IMG-20190223-WA0006-300x200.jpg 300w, http:\/\/www.karneval-dipperz.de\/wp-content\/uploads\/2019\/03\/IMG-20190223-WA0006-768x512.jpg 768w, http:\/\/www.karneval-dipperz.de\/wp-content\/uploads\/2019\/03\/IMG-20190223-WA0006.jpg 1600w\" sizes=\"auto, (max-width: 700px) 100vw, 700px\" \/><\/a><\/span><\/div>\n<div>&nbsp;<\/div>\n<div><span style=\"color: #000000;\"><a style=\"color: #000000;\" href=\"http:\/\/www.karneval-dipperz.de\/wp-content\/uploads\/2019\/03\/IMG-20190223-WA0007.jpg\"><img loading=\"lazy\" decoding=\"async\" class=\"aligncenter size-large wp-image-17977\" src=\"http:\/\/www.karneval-dipperz.de\/wp-content\/uploads\/2019\/03\/IMG-20190223-WA0007-1024x682.jpg\" alt=\"\" width=\"700\" height=\"466\" srcset=\"http:\/\/www.karneval-dipperz.de\/wp-content\/uploads\/2019\/03\/IMG-20190223-WA0007-1024x682.jpg 1024w, http:\/\/www.karneval-dipperz.de\/wp-content\/uploads\/2019\/03\/IMG-20190223-WA0007-300x200.jpg 300w, http:\/\/www.karneval-dipperz.de\/wp-content\/uploads\/2019\/03\/IMG-20190223-WA0007-768x512.jpg 768w, http:\/\/www.karneval-dipperz.de\/wp-content\/uploads\/2019\/03\/IMG-20190223-WA0007.jpg 1600w\" sizes=\"auto, (max-width: 700px) 100vw, 700px\" \/><\/a><\/span><\/div>\n<div>&nbsp;<\/div>\n<div><span style=\"color: #000000;\"><a style=\"color: #000000;\" href=\"http:\/\/www.karneval-dipperz.de\/wp-content\/uploads\/2019\/03\/IMG-20190223-WA0008.jpg\"><img loading=\"lazy\" decoding=\"async\" class=\"aligncenter size-large wp-image-17978\" src=\"http:\/\/www.karneval-dipperz.de\/wp-content\/uploads\/2019\/03\/IMG-20190223-WA0008-1024x682.jpg\" alt=\"\" width=\"700\" height=\"466\" srcset=\"http:\/\/www.karneval-dipperz.de\/wp-content\/uploads\/2019\/03\/IMG-20190223-WA0008-1024x682.jpg 1024w, http:\/\/www.karneval-dipperz.de\/wp-content\/uploads\/2019\/03\/IMG-20190223-WA0008-300x200.jpg 300w, http:\/\/www.karneval-dipperz.de\/wp-content\/uploads\/2019\/03\/IMG-20190223-WA0008-768x512.jpg 768w, http:\/\/www.karneval-dipperz.de\/wp-content\/uploads\/2019\/03\/IMG-20190223-WA0008.jpg 1600w\" sizes=\"auto, (max-width: 700px) 100vw, 700px\" \/><\/a><\/span><\/div>\n<div>&nbsp;<\/div>\n<div><span style=\"color: #000000;\"><a style=\"color: #000000;\" href=\"http:\/\/www.karneval-dipperz.de\/wp-content\/uploads\/2019\/03\/IMG-20190223-WA0009.jpg\"><img loading=\"lazy\" decoding=\"async\" class=\"aligncenter size-large wp-image-17979\" src=\"http:\/\/www.karneval-dipperz.de\/wp-content\/uploads\/2019\/03\/IMG-20190223-WA0009-1024x682.jpg\" alt=\"\" width=\"700\" height=\"466\" srcset=\"http:\/\/www.karneval-dipperz.de\/wp-content\/uploads\/2019\/03\/IMG-20190223-WA0009-1024x682.jpg 1024w, http:\/\/www.karneval-dipperz.de\/wp-content\/uploads\/2019\/03\/IMG-20190223-WA0009-300x200.jpg 300w, http:\/\/www.karneval-dipperz.de\/wp-content\/uploads\/2019\/03\/IMG-20190223-WA0009-768x512.jpg 768w, http:\/\/www.karneval-dipperz.de\/wp-content\/uploads\/2019\/03\/IMG-20190223-WA0009.jpg 1600w\" sizes=\"auto, (max-width: 700px) 100vw, 700px\" \/><\/a><\/span><\/div>\n<div>&nbsp;<\/div>\n<div><span style=\"color: #000000;\"><a style=\"color: #000000;\" href=\"http:\/\/www.karneval-dipperz.de\/wp-content\/uploads\/2019\/03\/IMG-20190223-WA0010.jpg\"><img loading=\"lazy\" decoding=\"async\" class=\"aligncenter size-large wp-image-17980\" src=\"http:\/\/www.karneval-dipperz.de\/wp-content\/uploads\/2019\/03\/IMG-20190223-WA0010-1024x682.jpg\" alt=\"\" width=\"700\" height=\"466\" srcset=\"http:\/\/www.karneval-dipperz.de\/wp-content\/uploads\/2019\/03\/IMG-20190223-WA0010-1024x682.jpg 1024w, http:\/\/www.karneval-dipperz.de\/wp-content\/uploads\/2019\/03\/IMG-20190223-WA0010-300x200.jpg 300w, http:\/\/www.karneval-dipperz.de\/wp-content\/uploads\/2019\/03\/IMG-20190223-WA0010-768x512.jpg 768w, http:\/\/www.karneval-dipperz.de\/wp-content\/uploads\/2019\/03\/IMG-20190223-WA0010.jpg 1600w\" sizes=\"auto, (max-width: 700px) 100vw, 700px\" \/><\/a><\/span><\/div>\n<div>&nbsp;<\/div>\n<div><span style=\"color: #000000;\"><a style=\"color: #000000;\" href=\"http:\/\/www.karneval-dipperz.de\/wp-content\/uploads\/2019\/03\/IMG-20190223-WA0011.jpg\"><img loading=\"lazy\" decoding=\"async\" class=\"aligncenter size-large wp-image-17981\" src=\"http:\/\/www.karneval-dipperz.de\/wp-content\/uploads\/2019\/03\/IMG-20190223-WA0011-1024x682.jpg\" alt=\"\" width=\"700\" height=\"466\" srcset=\"http:\/\/www.karneval-dipperz.de\/wp-content\/uploads\/2019\/03\/IMG-20190223-WA0011-1024x682.jpg 1024w, http:\/\/www.karneval-dipperz.de\/wp-content\/uploads\/2019\/03\/IMG-20190223-WA0011-300x200.jpg 300w, http:\/\/www.karneval-dipperz.de\/wp-content\/uploads\/2019\/03\/IMG-20190223-WA0011-768x512.jpg 768w, http:\/\/www.karneval-dipperz.de\/wp-content\/uploads\/2019\/03\/IMG-20190223-WA0011.jpg 1600w\" sizes=\"auto, (max-width: 700px) 100vw, 700px\" \/><\/a><\/span><\/div>\n<div>&nbsp;<\/div>\n<div>&nbsp;<\/div>\n<div>&nbsp;<\/div>\n<div>&nbsp;<\/div>\n<div>&nbsp;<\/div>\n<div>&nbsp;<\/div>\n<div>&nbsp;<\/div>\n<div><span style=\"color: #000000;\">&nbsp;&nbsp;&nbsp;&nbsp;&nbsp;<\/span><\/div>\n<div>&nbsp;<\/div>\n<div>&nbsp;<\/div>\n<div>&nbsp;<\/div>\n<div>\n<div class=\"mceTemp\">&nbsp;<\/div>\n<\/div>\n<div>&nbsp;<\/div>\n<div>&nbsp;<\/div>\n<div>&nbsp;<\/div>\n<div><span style=\"color: #000000;\">&nbsp;&nbsp;&nbsp;&nbsp;&nbsp;<\/span><\/div>\n<div>&nbsp;<\/div>\n<div>&nbsp;<\/div>\n<div>&nbsp;<\/div>\n<div>\n<p>&nbsp;<\/p>\n<hr>\n<\/div>\n<div>&nbsp;<\/div>\n<div>&nbsp;<\/div>\n<div>&nbsp;<\/div>\n<div>&nbsp;<\/div>\n<div>&nbsp;<\/div>\n<div>&nbsp;<\/div>\n<div>&nbsp;<\/div>\n<div>&nbsp;<\/div>\n","protected":false},"excerpt":{"rendered":"<p>Wir sind 16 M\u00e4dels im Alter von 7 \u2013 9 Jahren und trainieren seit den Sommerferien einmal in der Woche eine Stunde lang mit unseren Trainerinnen Joelin Henkel und Jasmin Brill. Bei unserem Tanz \u201eAtelier de Minis\u201c w\u00fcnschen w\u00fcnschen in der Kampagne 2025\/2026 Rosa Biensack, Mila Bleuel, Laura Ebert, Jana Gr\u00e4ff, Marie Heitz, Mila Hofmann, [&hellip;]<\/p>\n","protected":false},"author":666667,"featured_media":0,"parent":0,"menu_order":0,"comment_status":"closed","ping_status":"closed","template":"","meta":{"ngg_post_thumbnail":0,"footnotes":""},"class_list":["post-516","page","type-page","status-publish","hentry"],"_links":{"self":[{"href":"http:\/\/www.karneval-dipperz.de\/index.php\/wp-json\/wp\/v2\/pages\/516","targetHints":{"allow":["GET"]}}],"collection":[{"href":"http:\/\/www.karneval-dipperz.de\/index.php\/wp-json\/wp\/v2\/pages"}],"about":[{"href":"http:\/\/www.karneval-dipperz.de\/index.php\/wp-json\/wp\/v2\/types\/page"}],"author":[{"embeddable":true,"href":"http:\/\/www.karneval-dipperz.de\/index.php\/wp-json\/wp\/v2\/users\/666667"}],"replies":[{"embeddable":true,"href":"http:\/\/www.karneval-dipperz.de\/index.php\/wp-json\/wp\/v2\/comments?post=516"}],"version-history":[{"count":0,"href":"http:\/\/www.karneval-dipperz.de\/index.php\/wp-json\/wp\/v2\/pages\/516\/revisions"}],"wp:attachment":[{"href":"http:\/\/www.karneval-dipperz.de\/index.php\/wp-json\/wp\/v2\/media?parent=516"}],"curies":[{"name":"wp","href":"https:\/\/api.w.org\/{rel}","templated":true}]}}