{"id":602,"date":"2014-11-12T07:33:25","date_gmt":"2014-11-12T07:33:25","guid":{"rendered":"http:\/\/www.karneval-dipperz.de\/?page_id=602"},"modified":"2023-08-08T09:20:13","modified_gmt":"2023-08-08T09:20:13","slug":"11-11-2014","status":"publish","type":"page","link":"http:\/\/www.karneval-dipperz.de\/index.php\/11-11-2014\/","title":{"rendered":"11.11.2014"},"content":{"rendered":"<p style=\"text-align: center;\">Wie jedes Jahr er\u00f6ffnete der Karnevalverein Dipperz&nbsp;die n\u00e4rrische Zeit am 11.11.14 um 11:11 Uhr am Dorfbrunnen mit elf B\u00f6llersch\u00fcssen und einem kr\u00e4ftigen \u201eDipperz Hoch!\u201c.<\/p>\n<p style=\"text-align: center;\"><a title=\"11.11.2014 \u2013 Bilder\" href=\"http:\/\/www.karneval-dipperz.de\/index.php\/11-11-2014-bilder\/\">Hier gibt es noch weitere Bilder<\/a> \u2013 allerdings passwortgesch\u00fctzt! Das Passwort kann beim Vorstand erfragt werden!<\/p>\n<p style=\"text-align: center;\"><a href=\"http:\/\/www.karneval-dipperz.de\/wp-content\/uploads\/2014\/11\/2014.jpg\"><img loading=\"lazy\" decoding=\"async\" class=\"aligncenter wp-image-9883 size-medium\" src=\"http:\/\/www.karneval-dipperz.de\/wp-content\/uploads\/2014\/11\/2014-300x200.jpg\" alt=\"2014\" width=\"300\" height=\"200\" srcset=\"http:\/\/www.karneval-dipperz.de\/wp-content\/uploads\/2014\/11\/2014-300x200.jpg 300w, http:\/\/www.karneval-dipperz.de\/wp-content\/uploads\/2014\/11\/2014-768x512.jpg 768w, http:\/\/www.karneval-dipperz.de\/wp-content\/uploads\/2014\/11\/2014-1024x683.jpg 1024w\" sizes=\"auto, (max-width: 300px) 100vw, 300px\" \/><\/a><\/p>\n<p><img loading=\"lazy\" decoding=\"async\" class=\"aligncenter wp-image-612 size-large\" src=\"http:\/\/www.karneval-dipperz.de\/wp-content\/uploads\/2014\/11\/dsc_0751-1024x682.jpg\" alt=\"DSC_0751\" width=\"700\" height=\"466\" srcset=\"http:\/\/www.karneval-dipperz.de\/wp-content\/uploads\/2014\/11\/dsc_0751-1024x682.jpg 1024w, http:\/\/www.karneval-dipperz.de\/wp-content\/uploads\/2014\/11\/dsc_0751-300x200.jpg 300w, http:\/\/www.karneval-dipperz.de\/wp-content\/uploads\/2014\/11\/dsc_0751-600x400.jpg 600w\" sizes=\"auto, (max-width: 700px) 100vw, 700px\" \/><\/p>\n<p><img loading=\"lazy\" decoding=\"async\" class=\"aligncenter wp-image-614 size-large\" src=\"http:\/\/www.karneval-dipperz.de\/wp-content\/uploads\/2014\/11\/dsc_0749-1024x682.jpg\" alt=\"DSC_0749\" width=\"700\" height=\"466\" srcset=\"http:\/\/www.karneval-dipperz.de\/wp-content\/uploads\/2014\/11\/dsc_0749-1024x682.jpg 1024w, http:\/\/www.karneval-dipperz.de\/wp-content\/uploads\/2014\/11\/dsc_0749-300x200.jpg 300w, http:\/\/www.karneval-dipperz.de\/wp-content\/uploads\/2014\/11\/dsc_0749-600x400.jpg 600w\" sizes=\"auto, (max-width: 700px) 100vw, 700px\" \/><\/p>\n<p><img loading=\"lazy\" decoding=\"async\" class=\"aligncenter wp-image-615 size-large\" src=\"http:\/\/www.karneval-dipperz.de\/wp-content\/uploads\/2014\/11\/dsc_0762-682x1024.jpg\" alt=\"DSC_0762\" width=\"682\" height=\"1024\" srcset=\"http:\/\/www.karneval-dipperz.de\/wp-content\/uploads\/2014\/11\/dsc_0762-682x1024.jpg 682w, http:\/\/www.karneval-dipperz.de\/wp-content\/uploads\/2014\/11\/dsc_0762-200x300.jpg 200w, http:\/\/www.karneval-dipperz.de\/wp-content\/uploads\/2014\/11\/dsc_0762-600x900.jpg 600w\" sizes=\"auto, (max-width: 682px) 100vw, 682px\" \/><\/p>\n<p><img loading=\"lazy\" decoding=\"async\" class=\"aligncenter wp-image-616 size-large\" src=\"http:\/\/www.karneval-dipperz.de\/wp-content\/uploads\/2014\/11\/dsc_0766-1024x682.jpg\" alt=\"DSC_0766\" width=\"700\" height=\"466\" srcset=\"http:\/\/www.karneval-dipperz.de\/wp-content\/uploads\/2014\/11\/dsc_0766-1024x682.jpg 1024w, http:\/\/www.karneval-dipperz.de\/wp-content\/uploads\/2014\/11\/dsc_0766-300x200.jpg 300w, http:\/\/www.karneval-dipperz.de\/wp-content\/uploads\/2014\/11\/dsc_0766-600x400.jpg 600w\" sizes=\"auto, (max-width: 700px) 100vw, 700px\" \/><\/p>\n<p><img loading=\"lazy\" decoding=\"async\" class=\"aligncenter wp-image-618 size-large\" src=\"http:\/\/www.karneval-dipperz.de\/wp-content\/uploads\/2014\/11\/dsc_0776-1024x682.jpg\" alt=\"DSC_0776\" width=\"700\" height=\"466\" srcset=\"http:\/\/www.karneval-dipperz.de\/wp-content\/uploads\/2014\/11\/dsc_0776-1024x682.jpg 1024w, http:\/\/www.karneval-dipperz.de\/wp-content\/uploads\/2014\/11\/dsc_0776-300x200.jpg 300w, http:\/\/www.karneval-dipperz.de\/wp-content\/uploads\/2014\/11\/dsc_0776-600x400.jpg 600w\" sizes=\"auto, (max-width: 700px) 100vw, 700px\" \/><\/p>\n<p><img loading=\"lazy\" decoding=\"async\" class=\"aligncenter wp-image-619 size-large\" src=\"http:\/\/www.karneval-dipperz.de\/wp-content\/uploads\/2014\/11\/dsc_0782-1024x682.jpg\" alt=\"DSC_0782\" width=\"700\" height=\"466\" srcset=\"http:\/\/www.karneval-dipperz.de\/wp-content\/uploads\/2014\/11\/dsc_0782-1024x682.jpg 1024w, http:\/\/www.karneval-dipperz.de\/wp-content\/uploads\/2014\/11\/dsc_0782-300x200.jpg 300w, http:\/\/www.karneval-dipperz.de\/wp-content\/uploads\/2014\/11\/dsc_0782-600x400.jpg 600w\" sizes=\"auto, (max-width: 700px) 100vw, 700px\" \/><\/p>\n","protected":false},"excerpt":{"rendered":"<p>Wie jedes Jahr er\u00f6ffnete der Karnevalverein Dipperz&nbsp;die n\u00e4rrische Zeit am 11.11.14 um 11:11 Uhr am Dorfbrunnen mit elf B\u00f6llersch\u00fcssen und einem kr\u00e4ftigen \u201eDipperz Hoch!\u201c. Hier gibt es noch weitere Bilder \u2013 allerdings passwortgesch\u00fctzt! Das Passwort kann beim Vorstand erfragt werden!<\/p>\n","protected":false},"author":666667,"featured_media":0,"parent":0,"menu_order":0,"comment_status":"closed","ping_status":"closed","template":"","meta":{"ngg_post_thumbnail":0,"footnotes":""},"class_list":["post-602","page","type-page","status-publish","hentry"],"_links":{"self":[{"href":"http:\/\/www.karneval-dipperz.de\/index.php\/wp-json\/wp\/v2\/pages\/602","targetHints":{"allow":["GET"]}}],"collection":[{"href":"http:\/\/www.karneval-dipperz.de\/index.php\/wp-json\/wp\/v2\/pages"}],"about":[{"href":"http:\/\/www.karneval-dipperz.de\/index.php\/wp-json\/wp\/v2\/types\/page"}],"author":[{"embeddable":true,"href":"http:\/\/www.karneval-dipperz.de\/index.php\/wp-json\/wp\/v2\/users\/666667"}],"replies":[{"embeddable":true,"href":"http:\/\/www.karneval-dipperz.de\/index.php\/wp-json\/wp\/v2\/comments?post=602"}],"version-history":[{"count":0,"href":"http:\/\/www.karneval-dipperz.de\/index.php\/wp-json\/wp\/v2\/pages\/602\/revisions"}],"wp:attachment":[{"href":"http:\/\/www.karneval-dipperz.de\/index.php\/wp-json\/wp\/v2\/media?parent=602"}],"curies":[{"name":"wp","href":"https:\/\/api.w.org\/{rel}","templated":true}]}}