{"id":676,"date":"2015-01-08T10:30:36","date_gmt":"2015-01-08T10:30:36","guid":{"rendered":"http:\/\/www.karneval-dipperz.de\/silvester-2014-2\/"},"modified":"2023-08-08T09:21:05","modified_gmt":"2023-08-08T09:21:05","slug":"silvester-2014-2","status":"publish","type":"page","link":"http:\/\/www.karneval-dipperz.de\/index.php\/silvester-2014-2\/","title":{"rendered":"Silvester 2014"},"content":{"rendered":"<p style=\"text-align: center;\">Mehr als 200 G\u00e4ste feierten bei toller Partyatmosph\u00e4re den Jahreswechsel im B\u00fcrgerhaus.<\/p>\n<p style=\"text-align: center;\">Das \u201eKneshecken \u2013 Buffet\u201c, leckere Cocktails, die musikalische Unterst\u00fctzung durch Harald Kirchner und nicht zu vergessen das in Dipperzer Platt umgem\u00fcnzte \u201eDinner for one\u201c mit Heike Grimme, Carsten Sch\u00fctz und Christoph Baier trugen zu einem rundum gelungenen Abend bei.<\/p>\n<p style=\"text-align: center;\">Selbstverst\u00e4ndlich wurde auch das neue Jahr mit einem Silvesterfeuerwerk und einem Gl\u00e4schen Sekt begr\u00fc\u00dft.<\/p>\n<p style=\"text-align: center;\">Bis in die fr\u00fchen Morgenstunden wurden die Tanzbeine geschwungen und kr\u00e4ftig weitergefeiert.<\/p>\n<p style=\"text-align: center;\"><a title=\"Silvester 2014 \u2013 Bilder\" href=\"http:\/\/www.karneval-dipperz.de\/index.php\/silvester-2014-bilder\/\">Hier gibt es ganz viele Bilder zur Party<\/a>&nbsp;&#8211; allerdings passwortgesch\u00fctzt! Das Passwort kann beim Vorstand erfragt werden!<\/p>\n<p style=\"text-align: center;\"><a href=\"http:\/\/www.karneval-dipperz.de\/wp-content\/uploads\/2015\/01\/dsc_0838.jpg\"><img loading=\"lazy\" decoding=\"async\" class=\"aligncenter wp-image-1013 size-large\" src=\"http:\/\/www.karneval-dipperz.de\/wp-content\/uploads\/2015\/01\/dsc_0838-1024x683.jpg\" alt=\"DSC_0838\" width=\"700\" height=\"467\" srcset=\"http:\/\/www.karneval-dipperz.de\/wp-content\/uploads\/2015\/01\/dsc_0838-1024x683.jpg 1024w, http:\/\/www.karneval-dipperz.de\/wp-content\/uploads\/2015\/01\/dsc_0838-300x200.jpg 300w, http:\/\/www.karneval-dipperz.de\/wp-content\/uploads\/2015\/01\/dsc_0838-600x400.jpg 600w\" sizes=\"auto, (max-width: 700px) 100vw, 700px\" \/><\/a><\/p>\n<p style=\"text-align: center;\"><a href=\"http:\/\/www.karneval-dipperz.de\/wp-content\/uploads\/2015\/01\/dsc_0837.jpg\"><img loading=\"lazy\" decoding=\"async\" class=\"aligncenter size-large wp-image-1047\" src=\"http:\/\/www.karneval-dipperz.de\/wp-content\/uploads\/2015\/01\/dsc_0837-1024x683.jpg\" alt=\"DSC_0837\" width=\"700\" height=\"467\" srcset=\"http:\/\/www.karneval-dipperz.de\/wp-content\/uploads\/2015\/01\/dsc_0837-1024x683.jpg 1024w, http:\/\/www.karneval-dipperz.de\/wp-content\/uploads\/2015\/01\/dsc_0837-300x200.jpg 300w, http:\/\/www.karneval-dipperz.de\/wp-content\/uploads\/2015\/01\/dsc_0837-600x400.jpg 600w\" sizes=\"auto, (max-width: 700px) 100vw, 700px\" \/><\/a><\/p>\n<p style=\"text-align: center;\"><a href=\"http:\/\/www.karneval-dipperz.de\/wp-content\/uploads\/2015\/01\/dsc_0894.jpg\"><img loading=\"lazy\" decoding=\"async\" class=\"aligncenter size-large wp-image-1052\" src=\"http:\/\/www.karneval-dipperz.de\/wp-content\/uploads\/2015\/01\/dsc_0894-1024x683.jpg\" alt=\"DSC_0894\" width=\"700\" height=\"467\" srcset=\"http:\/\/www.karneval-dipperz.de\/wp-content\/uploads\/2015\/01\/dsc_0894-1024x683.jpg 1024w, http:\/\/www.karneval-dipperz.de\/wp-content\/uploads\/2015\/01\/dsc_0894-300x200.jpg 300w, http:\/\/www.karneval-dipperz.de\/wp-content\/uploads\/2015\/01\/dsc_0894-600x400.jpg 600w\" sizes=\"auto, (max-width: 700px) 100vw, 700px\" \/><\/a><\/p>\n<p style=\"text-align: center;\"><a href=\"http:\/\/www.karneval-dipperz.de\/wp-content\/uploads\/2015\/01\/dsc_0943.jpg\"><img loading=\"lazy\" decoding=\"async\" class=\"aligncenter size-large wp-image-1053\" src=\"http:\/\/www.karneval-dipperz.de\/wp-content\/uploads\/2015\/01\/dsc_0943-1024x683.jpg\" alt=\"DSC_0943\" width=\"700\" height=\"467\" srcset=\"http:\/\/www.karneval-dipperz.de\/wp-content\/uploads\/2015\/01\/dsc_0943-1024x683.jpg 1024w, http:\/\/www.karneval-dipperz.de\/wp-content\/uploads\/2015\/01\/dsc_0943-300x200.jpg 300w, http:\/\/www.karneval-dipperz.de\/wp-content\/uploads\/2015\/01\/dsc_0943-600x400.jpg 600w\" sizes=\"auto, (max-width: 700px) 100vw, 700px\" \/><\/a><\/p>\n<p style=\"text-align: center;\"><a href=\"http:\/\/www.karneval-dipperz.de\/wp-content\/uploads\/2015\/01\/dsc_0961.jpg\"><img loading=\"lazy\" decoding=\"async\" class=\"aligncenter size-large wp-image-1054\" src=\"http:\/\/www.karneval-dipperz.de\/wp-content\/uploads\/2015\/01\/dsc_0961-1024x683.jpg\" alt=\"DSC_0961\" width=\"700\" height=\"467\" srcset=\"http:\/\/www.karneval-dipperz.de\/wp-content\/uploads\/2015\/01\/dsc_0961-1024x683.jpg 1024w, http:\/\/www.karneval-dipperz.de\/wp-content\/uploads\/2015\/01\/dsc_0961-300x200.jpg 300w, http:\/\/www.karneval-dipperz.de\/wp-content\/uploads\/2015\/01\/dsc_0961-600x400.jpg 600w\" sizes=\"auto, (max-width: 700px) 100vw, 700px\" \/><\/a><\/p>\n<p style=\"text-align: center;\"><a href=\"http:\/\/www.karneval-dipperz.de\/wp-content\/uploads\/2015\/01\/dsc_0962.jpg\"><img loading=\"lazy\" decoding=\"async\" class=\"aligncenter size-large wp-image-1055\" src=\"http:\/\/www.karneval-dipperz.de\/wp-content\/uploads\/2015\/01\/dsc_0962-1024x683.jpg\" alt=\"DSC_0962\" width=\"700\" height=\"467\" srcset=\"http:\/\/www.karneval-dipperz.de\/wp-content\/uploads\/2015\/01\/dsc_0962-1024x683.jpg 1024w, http:\/\/www.karneval-dipperz.de\/wp-content\/uploads\/2015\/01\/dsc_0962-300x200.jpg 300w, http:\/\/www.karneval-dipperz.de\/wp-content\/uploads\/2015\/01\/dsc_0962-600x400.jpg 600w\" sizes=\"auto, (max-width: 700px) 100vw, 700px\" \/><\/a><\/p>\n<p style=\"text-align: center;\">&nbsp;<\/p>\n<p style=\"text-align: center;\">&nbsp;<\/p>\n<p style=\"text-align: center;\">&nbsp;<\/p>\n<p style=\"text-align: center;\">&nbsp;<\/p>\n","protected":false},"excerpt":{"rendered":"<p>Mehr als 200 G\u00e4ste feierten bei toller Partyatmosph\u00e4re den Jahreswechsel im B\u00fcrgerhaus. Das \u201eKneshecken \u2013 Buffet\u201c, leckere Cocktails, die musikalische Unterst\u00fctzung durch Harald Kirchner und nicht zu vergessen das in Dipperzer Platt umgem\u00fcnzte \u201eDinner for one\u201c mit Heike Grimme, Carsten Sch\u00fctz und Christoph Baier trugen zu einem rundum gelungenen Abend bei. Selbstverst\u00e4ndlich wurde auch das [&hellip;]<\/p>\n","protected":false},"author":666667,"featured_media":0,"parent":0,"menu_order":0,"comment_status":"closed","ping_status":"closed","template":"","meta":{"ngg_post_thumbnail":0,"footnotes":""},"class_list":["post-676","page","type-page","status-publish","hentry"],"_links":{"self":[{"href":"http:\/\/www.karneval-dipperz.de\/index.php\/wp-json\/wp\/v2\/pages\/676","targetHints":{"allow":["GET"]}}],"collection":[{"href":"http:\/\/www.karneval-dipperz.de\/index.php\/wp-json\/wp\/v2\/pages"}],"about":[{"href":"http:\/\/www.karneval-dipperz.de\/index.php\/wp-json\/wp\/v2\/types\/page"}],"author":[{"embeddable":true,"href":"http:\/\/www.karneval-dipperz.de\/index.php\/wp-json\/wp\/v2\/users\/666667"}],"replies":[{"embeddable":true,"href":"http:\/\/www.karneval-dipperz.de\/index.php\/wp-json\/wp\/v2\/comments?post=676"}],"version-history":[{"count":0,"href":"http:\/\/www.karneval-dipperz.de\/index.php\/wp-json\/wp\/v2\/pages\/676\/revisions"}],"wp:attachment":[{"href":"http:\/\/www.karneval-dipperz.de\/index.php\/wp-json\/wp\/v2\/media?parent=676"}],"curies":[{"name":"wp","href":"https:\/\/api.w.org\/{rel}","templated":true}]}}