{"id":7077,"date":"2015-01-25T21:52:03","date_gmt":"2015-01-25T21:52:03","guid":{"rendered":"http:\/\/www.karneval-dipperz.de\/?page_id=7077"},"modified":"2023-08-08T09:15:56","modified_gmt":"2023-08-08T09:15:56","slug":"sitzung-2015","status":"publish","type":"page","link":"http:\/\/www.karneval-dipperz.de\/index.php\/sitzung-2015\/","title":{"rendered":"Sitzung 2015"},"content":{"rendered":"<p style=\"text-align: center;\"><span style=\"color: #000000;\">Der KVD kann zu seinem 50j\u00e4hrigen Vereinsjubil\u00e4um einmal mehr auf gelungene Veranstaltungen zur\u00fcckblicken.<\/span><\/p>\n<p style=\"text-align: center;\"><span style=\"color: #000000;\">Hier findet Ihr Artikel zu unserer 1. Fremdensitzung und zur Jecken-Party 2015:<\/span><\/p>\n<p style=\"text-align: center;\"><span style=\"color: #000000;\"><a style=\"color: #000000;\" href=\"http:\/\/www.osthessen-fasching.de\/detailansicht\/news\/2015\/januar\/buntes-programm-auf-dipperzer-fremdensitzung-sketche-und-taenze-fotos.html\" target=\"_blank\" rel=\"noopener\">Osthessen Fasching<\/a><\/span><span style=\"color: #000000;\">&nbsp;&#8211; <a style=\"color: #000000;\" href=\"http:\/\/osthessen-naerrisch.de\/news\/11499427\/\" target=\"_blank\" rel=\"noopener\">Osthessen n\u00e4rrisch<\/a><\/span>&nbsp;&#8211; <a href=\"http:\/\/osthessen-naerrisch.de\/news\/11500294\/super+stimmung+bei+jecken-party+bis+in+die+morgenstunden\" target=\"_blank\" rel=\"noopener\">Jecken-Party<\/a><\/p>\n<p style=\"text-align: center;\"><span style=\"color: #000000;\"><a href=\"http:\/\/www.karneval-dipperz.de\/index.php\/sitzung-2015-bilder\/\">Hier gibt es noch weitere Bilder<\/a> \u2013 allerdings passwortgesch\u00fctzt! Das Passwort kann beim Vorstand erfragt werden!<\/span><\/p>\n<p><a href=\"http:\/\/www.karneval-dipperz.de\/wp-content\/uploads\/2015\/01\/1.-einmarsch.jpg\"><img loading=\"lazy\" decoding=\"async\" class=\"aligncenter size-full wp-image-7095\" src=\"http:\/\/www.karneval-dipperz.de\/wp-content\/uploads\/2015\/01\/1.-einmarsch.jpg\" alt=\"1. Einmarsch\" width=\"946\" height=\"573\" srcset=\"http:\/\/www.karneval-dipperz.de\/wp-content\/uploads\/2015\/01\/1.-einmarsch.jpg 946w, http:\/\/www.karneval-dipperz.de\/wp-content\/uploads\/2015\/01\/1.-einmarsch-300x182.jpg 300w, http:\/\/www.karneval-dipperz.de\/wp-content\/uploads\/2015\/01\/1.-einmarsch-600x363.jpg 600w\" sizes=\"auto, (max-width: 946px) 100vw, 946px\" \/><\/a><\/p>\n<p>&nbsp;<\/p>\n<p><a href=\"http:\/\/www.karneval-dipperz.de\/wp-content\/uploads\/2012\/08\/dsc_0025.jpg\"><img loading=\"lazy\" decoding=\"async\" class=\" size-large wp-image-7222 aligncenter\" src=\"http:\/\/www.karneval-dipperz.de\/wp-content\/uploads\/2012\/08\/dsc_0025-1024x681.jpg\" alt=\"DSC_0025\" width=\"700\" height=\"466\" srcset=\"http:\/\/www.karneval-dipperz.de\/wp-content\/uploads\/2012\/08\/dsc_0025-1024x681.jpg 1024w, http:\/\/www.karneval-dipperz.de\/wp-content\/uploads\/2012\/08\/dsc_0025-300x199.jpg 300w, http:\/\/www.karneval-dipperz.de\/wp-content\/uploads\/2012\/08\/dsc_0025-600x399.jpg 600w\" sizes=\"auto, (max-width: 700px) 100vw, 700px\" \/><\/a><\/p>\n<p><a href=\"http:\/\/www.karneval-dipperz.de\/wp-content\/uploads\/2015\/01\/12.jpg\"><img loading=\"lazy\" decoding=\"async\" class=\"aligncenter size-full wp-image-7185\" src=\"http:\/\/www.karneval-dipperz.de\/wp-content\/uploads\/2015\/01\/12.jpg\" alt=\"1\" width=\"925\" height=\"593\" srcset=\"http:\/\/www.karneval-dipperz.de\/wp-content\/uploads\/2015\/01\/12.jpg 925w, http:\/\/www.karneval-dipperz.de\/wp-content\/uploads\/2015\/01\/12-300x192.jpg 300w, http:\/\/www.karneval-dipperz.de\/wp-content\/uploads\/2015\/01\/12-600x385.jpg 600w\" sizes=\"auto, (max-width: 925px) 100vw, 925px\" \/><\/a><\/p>\n<p>&nbsp;<\/p>\n<p><a href=\"http:\/\/www.karneval-dipperz.de\/wp-content\/uploads\/2015\/02\/dsc_1153.jpg\"><img loading=\"lazy\" decoding=\"async\" class=\"aligncenter size-large wp-image-7165\" src=\"http:\/\/www.karneval-dipperz.de\/wp-content\/uploads\/2015\/02\/dsc_1153-1024x683.jpg\" alt=\"DSC_1153\" width=\"700\" height=\"467\" srcset=\"http:\/\/www.karneval-dipperz.de\/wp-content\/uploads\/2015\/02\/dsc_1153-1024x683.jpg 1024w, http:\/\/www.karneval-dipperz.de\/wp-content\/uploads\/2015\/02\/dsc_1153-300x200.jpg 300w, http:\/\/www.karneval-dipperz.de\/wp-content\/uploads\/2015\/02\/dsc_1153-600x400.jpg 600w\" sizes=\"auto, (max-width: 700px) 100vw, 700px\" \/><\/a><\/p>\n<p>&nbsp;<\/p>\n<p><a href=\"http:\/\/www.karneval-dipperz.de\/wp-content\/uploads\/2015\/02\/dsc_1159.jpg\"><img loading=\"lazy\" decoding=\"async\" class=\"aligncenter size-large wp-image-7166\" src=\"http:\/\/www.karneval-dipperz.de\/wp-content\/uploads\/2015\/02\/dsc_1159-1024x683.jpg\" alt=\"DSC_1159\" width=\"700\" height=\"467\" srcset=\"http:\/\/www.karneval-dipperz.de\/wp-content\/uploads\/2015\/02\/dsc_1159-1024x683.jpg 1024w, http:\/\/www.karneval-dipperz.de\/wp-content\/uploads\/2015\/02\/dsc_1159-300x200.jpg 300w, http:\/\/www.karneval-dipperz.de\/wp-content\/uploads\/2015\/02\/dsc_1159-600x400.jpg 600w\" sizes=\"auto, (max-width: 700px) 100vw, 700px\" \/><\/a><\/p>\n<p>&nbsp;<\/p>\n<p><a href=\"http:\/\/www.karneval-dipperz.de\/wp-content\/uploads\/2012\/08\/rene.jpg\"><img loading=\"lazy\" decoding=\"async\" class=\"aligncenter size-full wp-image-7082\" src=\"http:\/\/www.karneval-dipperz.de\/wp-content\/uploads\/2012\/08\/rene.jpg\" alt=\"Rene\" width=\"698\" height=\"560\" srcset=\"http:\/\/www.karneval-dipperz.de\/wp-content\/uploads\/2012\/08\/rene.jpg 698w, http:\/\/www.karneval-dipperz.de\/wp-content\/uploads\/2012\/08\/rene-300x241.jpg 300w, http:\/\/www.karneval-dipperz.de\/wp-content\/uploads\/2012\/08\/rene-600x481.jpg 600w\" sizes=\"auto, (max-width: 698px) 100vw, 698px\" \/><\/a><br \/>\n<a href=\"http:\/\/www.karneval-dipperz.de\/wp-content\/uploads\/2015\/01\/dsc_0030.jpg\"><img loading=\"lazy\" decoding=\"async\" class=\"aligncenter size-large wp-image-7225\" src=\"http:\/\/www.karneval-dipperz.de\/wp-content\/uploads\/2015\/01\/dsc_0030-1024x681.jpg\" alt=\"DSC_0030\" width=\"700\" height=\"466\" srcset=\"http:\/\/www.karneval-dipperz.de\/wp-content\/uploads\/2015\/01\/dsc_0030-1024x681.jpg 1024w, http:\/\/www.karneval-dipperz.de\/wp-content\/uploads\/2015\/01\/dsc_0030-300x199.jpg 300w, http:\/\/www.karneval-dipperz.de\/wp-content\/uploads\/2015\/01\/dsc_0030-600x399.jpg 600w\" sizes=\"auto, (max-width: 700px) 100vw, 700px\" \/><\/a><\/p>\n<p><a href=\"http:\/\/www.karneval-dipperz.de\/wp-content\/uploads\/2015\/02\/dsc_1201.jpg\"><img loading=\"lazy\" decoding=\"async\" class=\"aligncenter size-large wp-image-7172\" src=\"http:\/\/www.karneval-dipperz.de\/wp-content\/uploads\/2015\/02\/dsc_1201-1024x683.jpg\" alt=\"DSC_1201\" width=\"700\" height=\"467\" srcset=\"http:\/\/www.karneval-dipperz.de\/wp-content\/uploads\/2015\/02\/dsc_1201-1024x683.jpg 1024w, http:\/\/www.karneval-dipperz.de\/wp-content\/uploads\/2015\/02\/dsc_1201-300x200.jpg 300w, http:\/\/www.karneval-dipperz.de\/wp-content\/uploads\/2015\/02\/dsc_1201-600x400.jpg 600w\" sizes=\"auto, (max-width: 700px) 100vw, 700px\" \/><\/a><\/p>\n<p>&nbsp;<\/p>\n<p><a href=\"http:\/\/www.karneval-dipperz.de\/wp-content\/uploads\/2012\/08\/annette-stephan.jpg\"><img loading=\"lazy\" decoding=\"async\" class=\"aligncenter size-full wp-image-7084\" src=\"http:\/\/www.karneval-dipperz.de\/wp-content\/uploads\/2012\/08\/annette-stephan.jpg\" alt=\"Annette &amp; Stephan\" width=\"890\" height=\"607\" srcset=\"http:\/\/www.karneval-dipperz.de\/wp-content\/uploads\/2012\/08\/annette-stephan.jpg 890w, http:\/\/www.karneval-dipperz.de\/wp-content\/uploads\/2012\/08\/annette-stephan-300x205.jpg 300w, http:\/\/www.karneval-dipperz.de\/wp-content\/uploads\/2012\/08\/annette-stephan-600x409.jpg 600w\" sizes=\"auto, (max-width: 890px) 100vw, 890px\" \/><\/a><\/p>\n<p>&nbsp;<\/p>\n<p><a href=\"http:\/\/www.karneval-dipperz.de\/wp-content\/uploads\/2015\/01\/teenies.jpg\"><img loading=\"lazy\" decoding=\"async\" class=\"aligncenter size-full wp-image-7105\" src=\"http:\/\/www.karneval-dipperz.de\/wp-content\/uploads\/2015\/01\/teenies.jpg\" alt=\"Teenies\" width=\"928\" height=\"501\" srcset=\"http:\/\/www.karneval-dipperz.de\/wp-content\/uploads\/2015\/01\/teenies.jpg 928w, http:\/\/www.karneval-dipperz.de\/wp-content\/uploads\/2015\/01\/teenies-300x162.jpg 300w, http:\/\/www.karneval-dipperz.de\/wp-content\/uploads\/2015\/01\/teenies-600x324.jpg 600w\" sizes=\"auto, (max-width: 928px) 100vw, 928px\" \/><\/a><\/p>\n<p>&nbsp;<\/p>\n<p><a href=\"http:\/\/www.karneval-dipperz.de\/wp-content\/uploads\/2015\/01\/mariechen.jpg\"><img loading=\"lazy\" decoding=\"async\" class=\"aligncenter size-full wp-image-7107\" src=\"http:\/\/www.karneval-dipperz.de\/wp-content\/uploads\/2015\/01\/mariechen.jpg\" alt=\"Mariechen\" width=\"641\" height=\"540\" srcset=\"http:\/\/www.karneval-dipperz.de\/wp-content\/uploads\/2015\/01\/mariechen.jpg 641w, http:\/\/www.karneval-dipperz.de\/wp-content\/uploads\/2015\/01\/mariechen-300x253.jpg 300w, http:\/\/www.karneval-dipperz.de\/wp-content\/uploads\/2015\/01\/mariechen-600x505.jpg 600w\" sizes=\"auto, (max-width: 641px) 100vw, 641px\" \/><\/a><\/p>\n<p>&nbsp;<\/p>\n<p><a href=\"http:\/\/www.karneval-dipperz.de\/wp-content\/uploads\/2015\/02\/dsc_1166.jpg\"><img loading=\"lazy\" decoding=\"async\" class=\"aligncenter size-large wp-image-7168\" src=\"http:\/\/www.karneval-dipperz.de\/wp-content\/uploads\/2015\/02\/dsc_1166-1024x683.jpg\" alt=\"DSC_1166\" width=\"700\" height=\"467\" srcset=\"http:\/\/www.karneval-dipperz.de\/wp-content\/uploads\/2015\/02\/dsc_1166-1024x683.jpg 1024w, http:\/\/www.karneval-dipperz.de\/wp-content\/uploads\/2015\/02\/dsc_1166-300x200.jpg 300w, http:\/\/www.karneval-dipperz.de\/wp-content\/uploads\/2015\/02\/dsc_1166-600x400.jpg 600w\" sizes=\"auto, (max-width: 700px) 100vw, 700px\" \/><\/a><br \/>\n<a href=\"http:\/\/www.karneval-dipperz.de\/wp-content\/uploads\/2015\/02\/dsc_1069.jpg\"><img loading=\"lazy\" decoding=\"async\" class=\"aligncenter size-large wp-image-7146\" src=\"http:\/\/www.karneval-dipperz.de\/wp-content\/uploads\/2015\/02\/dsc_1069-1024x683.jpg\" alt=\"DSC_1069\" width=\"700\" height=\"467\" srcset=\"http:\/\/www.karneval-dipperz.de\/wp-content\/uploads\/2015\/02\/dsc_1069-1024x683.jpg 1024w, http:\/\/www.karneval-dipperz.de\/wp-content\/uploads\/2015\/02\/dsc_1069-300x200.jpg 300w, http:\/\/www.karneval-dipperz.de\/wp-content\/uploads\/2015\/02\/dsc_1069-600x400.jpg 600w\" sizes=\"auto, (max-width: 700px) 100vw, 700px\" \/><\/a><\/p>\n<p>&nbsp;<\/p>\n<p><a href=\"http:\/\/www.karneval-dipperz.de\/wp-content\/uploads\/2015\/01\/taktlos-1.jpg\"><img loading=\"lazy\" decoding=\"async\" class=\"aligncenter size-full wp-image-7108\" src=\"http:\/\/www.karneval-dipperz.de\/wp-content\/uploads\/2015\/01\/taktlos-1.jpg\" alt=\"Taktlos 1\" width=\"632\" height=\"504\" srcset=\"http:\/\/www.karneval-dipperz.de\/wp-content\/uploads\/2015\/01\/taktlos-1.jpg 632w, http:\/\/www.karneval-dipperz.de\/wp-content\/uploads\/2015\/01\/taktlos-1-300x239.jpg 300w, http:\/\/www.karneval-dipperz.de\/wp-content\/uploads\/2015\/01\/taktlos-1-600x478.jpg 600w\" sizes=\"auto, (max-width: 632px) 100vw, 632px\" \/><\/a><\/p>\n<p>&nbsp;<\/p>\n<p><a href=\"http:\/\/www.karneval-dipperz.de\/wp-content\/uploads\/2015\/01\/taktlos-3.jpg\"><img loading=\"lazy\" decoding=\"async\" class=\"aligncenter size-full wp-image-7187\" src=\"http:\/\/www.karneval-dipperz.de\/wp-content\/uploads\/2015\/01\/taktlos-3.jpg\" alt=\"Taktlos 3\" width=\"896\" height=\"609\" srcset=\"http:\/\/www.karneval-dipperz.de\/wp-content\/uploads\/2015\/01\/taktlos-3.jpg 896w, http:\/\/www.karneval-dipperz.de\/wp-content\/uploads\/2015\/01\/taktlos-3-300x204.jpg 300w, http:\/\/www.karneval-dipperz.de\/wp-content\/uploads\/2015\/01\/taktlos-3-600x408.jpg 600w\" sizes=\"auto, (max-width: 896px) 100vw, 896px\" \/><\/a><br \/>\n<a href=\"http:\/\/www.karneval-dipperz.de\/wp-content\/uploads\/2015\/01\/taktlos-2.jpg\"><img loading=\"lazy\" decoding=\"async\" class=\"aligncenter size-full wp-image-7109\" src=\"http:\/\/www.karneval-dipperz.de\/wp-content\/uploads\/2015\/01\/taktlos-2.jpg\" alt=\"Taktlos 2\" width=\"998\" height=\"472\" srcset=\"http:\/\/www.karneval-dipperz.de\/wp-content\/uploads\/2015\/01\/taktlos-2.jpg 998w, http:\/\/www.karneval-dipperz.de\/wp-content\/uploads\/2015\/01\/taktlos-2-300x142.jpg 300w, http:\/\/www.karneval-dipperz.de\/wp-content\/uploads\/2015\/01\/taktlos-2-600x284.jpg 600w\" sizes=\"auto, (max-width: 998px) 100vw, 998px\" \/><\/a><br \/>\n<a href=\"http:\/\/www.karneval-dipperz.de\/wp-content\/uploads\/2015\/01\/hubi.jpg\"><img loading=\"lazy\" decoding=\"async\" class=\"aligncenter size-full wp-image-7123\" src=\"http:\/\/www.karneval-dipperz.de\/wp-content\/uploads\/2015\/01\/hubi.jpg\" alt=\"Hubi\" width=\"571\" height=\"557\" srcset=\"http:\/\/www.karneval-dipperz.de\/wp-content\/uploads\/2015\/01\/hubi.jpg 571w, http:\/\/www.karneval-dipperz.de\/wp-content\/uploads\/2015\/01\/hubi-300x293.jpg 300w\" sizes=\"auto, (max-width: 571px) 100vw, 571px\" \/><\/a><\/p>\n<p>&nbsp;<\/p>\n<p><a href=\"http:\/\/www.karneval-dipperz.de\/wp-content\/uploads\/2015\/01\/praesidentengarde.jpg\"><img loading=\"lazy\" decoding=\"async\" class=\"aligncenter size-full wp-image-7099\" src=\"http:\/\/www.karneval-dipperz.de\/wp-content\/uploads\/2015\/01\/praesidentengarde.jpg\" alt=\"Pr\u00e4sidentengarde\" width=\"963\" height=\"580\" srcset=\"http:\/\/www.karneval-dipperz.de\/wp-content\/uploads\/2015\/01\/praesidentengarde.jpg 963w, http:\/\/www.karneval-dipperz.de\/wp-content\/uploads\/2015\/01\/praesidentengarde-300x181.jpg 300w, http:\/\/www.karneval-dipperz.de\/wp-content\/uploads\/2015\/01\/praesidentengarde-600x361.jpg 600w\" sizes=\"auto, (max-width: 963px) 100vw, 963px\" \/><\/a><\/p>\n<p>&nbsp;<\/p>\n<p><a href=\"http:\/\/www.karneval-dipperz.de\/wp-content\/uploads\/2012\/08\/bleuli.jpg\"><img loading=\"lazy\" decoding=\"async\" class=\"aligncenter size-full wp-image-7088\" src=\"http:\/\/www.karneval-dipperz.de\/wp-content\/uploads\/2012\/08\/bleuli.jpg\" alt=\"Bleuli\" width=\"838\" height=\"585\" srcset=\"http:\/\/www.karneval-dipperz.de\/wp-content\/uploads\/2012\/08\/bleuli.jpg 838w, http:\/\/www.karneval-dipperz.de\/wp-content\/uploads\/2012\/08\/bleuli-300x209.jpg 300w, http:\/\/www.karneval-dipperz.de\/wp-content\/uploads\/2012\/08\/bleuli-600x419.jpg 600w\" sizes=\"auto, (max-width: 838px) 100vw, 838px\" \/><\/a><\/p>\n<p>&nbsp;<\/p>\n<p><a href=\"http:\/\/www.karneval-dipperz.de\/wp-content\/uploads\/2015\/01\/gaense1.jpg\"><img loading=\"lazy\" decoding=\"async\" class=\"aligncenter size-full wp-image-7102\" src=\"http:\/\/www.karneval-dipperz.de\/wp-content\/uploads\/2015\/01\/gaense1.jpg\" alt=\"G\u00e4nse1\" width=\"900\" height=\"593\" srcset=\"http:\/\/www.karneval-dipperz.de\/wp-content\/uploads\/2015\/01\/gaense1.jpg 900w, http:\/\/www.karneval-dipperz.de\/wp-content\/uploads\/2015\/01\/gaense1-300x198.jpg 300w, http:\/\/www.karneval-dipperz.de\/wp-content\/uploads\/2015\/01\/gaense1-600x395.jpg 600w\" sizes=\"auto, (max-width: 900px) 100vw, 900px\" \/><\/a><\/p>\n<p>&nbsp;<\/p>\n<p><a href=\"http:\/\/www.karneval-dipperz.de\/wp-content\/uploads\/2015\/01\/gaense2.jpg\"><img loading=\"lazy\" decoding=\"async\" class=\"aligncenter size-full wp-image-7111\" src=\"http:\/\/www.karneval-dipperz.de\/wp-content\/uploads\/2015\/01\/gaense2.jpg\" alt=\"G\u00e4nse2\" width=\"857\" height=\"531\" srcset=\"http:\/\/www.karneval-dipperz.de\/wp-content\/uploads\/2015\/01\/gaense2.jpg 857w, http:\/\/www.karneval-dipperz.de\/wp-content\/uploads\/2015\/01\/gaense2-300x186.jpg 300w, http:\/\/www.karneval-dipperz.de\/wp-content\/uploads\/2015\/01\/gaense2-600x372.jpg 600w\" sizes=\"auto, (max-width: 857px) 100vw, 857px\" \/><\/a><br \/>\n<a href=\"http:\/\/www.karneval-dipperz.de\/wp-content\/uploads\/2015\/01\/dsc_1089.jpg\"><img loading=\"lazy\" decoding=\"async\" class=\"aligncenter size-large wp-image-7189\" src=\"http:\/\/www.karneval-dipperz.de\/wp-content\/uploads\/2015\/01\/dsc_1089-1024x683.jpg\" alt=\"DSC_1089\" width=\"700\" height=\"467\" srcset=\"http:\/\/www.karneval-dipperz.de\/wp-content\/uploads\/2015\/01\/dsc_1089-1024x683.jpg 1024w, http:\/\/www.karneval-dipperz.de\/wp-content\/uploads\/2015\/01\/dsc_1089-300x200.jpg 300w, http:\/\/www.karneval-dipperz.de\/wp-content\/uploads\/2015\/01\/dsc_1089-600x400.jpg 600w\" sizes=\"auto, (max-width: 700px) 100vw, 700px\" \/><\/a><\/p>\n<p>&nbsp;<\/p>\n<p>&nbsp;<\/p>\n<p>&nbsp;<\/p>\n<p>&nbsp;<\/p>\n<p>&nbsp;<\/p>\n<p>&nbsp;<\/p>\n<p>&nbsp;<\/p>\n<p>&nbsp;<\/p>\n<p>&nbsp;<\/p>\n<p>&nbsp;<\/p>\n<p>&nbsp;<\/p>\n","protected":false},"excerpt":{"rendered":"<p>Der KVD kann zu seinem 50j\u00e4hrigen Vereinsjubil\u00e4um einmal mehr auf gelungene Veranstaltungen zur\u00fcckblicken. Hier findet Ihr Artikel zu unserer 1. Fremdensitzung und zur Jecken-Party 2015: Osthessen Fasching&nbsp;&#8211; Osthessen n\u00e4rrisch&nbsp;&#8211; Jecken-Party Hier gibt es noch weitere Bilder \u2013 allerdings passwortgesch\u00fctzt! Das Passwort kann beim Vorstand erfragt werden! &nbsp; &nbsp; &nbsp; &nbsp; &nbsp; &nbsp; &nbsp; &nbsp; &nbsp; [&hellip;]<\/p>\n","protected":false},"author":666667,"featured_media":0,"parent":0,"menu_order":0,"comment_status":"closed","ping_status":"closed","template":"","meta":{"ngg_post_thumbnail":0,"footnotes":""},"class_list":["post-7077","page","type-page","status-publish","hentry"],"_links":{"self":[{"href":"http:\/\/www.karneval-dipperz.de\/index.php\/wp-json\/wp\/v2\/pages\/7077","targetHints":{"allow":["GET"]}}],"collection":[{"href":"http:\/\/www.karneval-dipperz.de\/index.php\/wp-json\/wp\/v2\/pages"}],"about":[{"href":"http:\/\/www.karneval-dipperz.de\/index.php\/wp-json\/wp\/v2\/types\/page"}],"author":[{"embeddable":true,"href":"http:\/\/www.karneval-dipperz.de\/index.php\/wp-json\/wp\/v2\/users\/666667"}],"replies":[{"embeddable":true,"href":"http:\/\/www.karneval-dipperz.de\/index.php\/wp-json\/wp\/v2\/comments?post=7077"}],"version-history":[{"count":0,"href":"http:\/\/www.karneval-dipperz.de\/index.php\/wp-json\/wp\/v2\/pages\/7077\/revisions"}],"wp:attachment":[{"href":"http:\/\/www.karneval-dipperz.de\/index.php\/wp-json\/wp\/v2\/media?parent=7077"}],"curies":[{"name":"wp","href":"https:\/\/api.w.org\/{rel}","templated":true}]}}