{"id":7239,"date":"2015-05-05T11:21:14","date_gmt":"2015-05-05T11:21:14","guid":{"rendered":"http:\/\/www.karneval-dipperz.de\/?page_id=7239"},"modified":"2015-07-08T09:46:10","modified_gmt":"2015-07-08T09:46:10","slug":"festwochenende-2015","status":"publish","type":"page","link":"http:\/\/www.karneval-dipperz.de\/index.php\/festwochenende-2015\/","title":{"rendered":"Festwochenende 2015"},"content":{"rendered":"<p style=\"text-align: center;\">Zum 50j\u00e4hrigen Jubil\u00e4um des KVD wurde im Juni gefeiert:<\/p>\n<p style=\"text-align: center;\"><strong>13.06.2015<\/strong> &#8211; Sommerfest-Party mit der Band &#8222;Steinfeld&#8220; im B\u00fcrgerhaus Dipperz<\/p>\n<p><a href=\"http:\/\/www.karneval-dipperz.de\/wp-content\/uploads\/2015\/05\/wp_000760.jpg\"><img loading=\"lazy\" decoding=\"async\" class=\" size-large wp-image-8310 aligncenter\" src=\"http:\/\/www.karneval-dipperz.de\/wp-content\/uploads\/2015\/05\/wp_000760-1024x768.jpg\" alt=\"WP_000760\" width=\"700\" height=\"525\" srcset=\"http:\/\/www.karneval-dipperz.de\/wp-content\/uploads\/2015\/05\/wp_000760-1024x768.jpg 1024w, http:\/\/www.karneval-dipperz.de\/wp-content\/uploads\/2015\/05\/wp_000760-300x225.jpg 300w, http:\/\/www.karneval-dipperz.de\/wp-content\/uploads\/2015\/05\/wp_000760-600x450.jpg 600w\" sizes=\"auto, (max-width: 700px) 100vw, 700px\" \/><\/a><\/p>\n<p><a href=\"http:\/\/www.karneval-dipperz.de\/wp-content\/uploads\/2015\/05\/wp_000763.jpg\"><img loading=\"lazy\" decoding=\"async\" class=\"aligncenter size-large wp-image-8311\" src=\"http:\/\/www.karneval-dipperz.de\/wp-content\/uploads\/2015\/05\/wp_000763-1024x768.jpg\" alt=\"WP_000763\" width=\"700\" height=\"525\" srcset=\"http:\/\/www.karneval-dipperz.de\/wp-content\/uploads\/2015\/05\/wp_000763-1024x768.jpg 1024w, http:\/\/www.karneval-dipperz.de\/wp-content\/uploads\/2015\/05\/wp_000763-300x225.jpg 300w, http:\/\/www.karneval-dipperz.de\/wp-content\/uploads\/2015\/05\/wp_000763-600x450.jpg 600w\" sizes=\"auto, (max-width: 700px) 100vw, 700px\" \/><\/a><\/p>\n<p style=\"text-align: center;\"><strong>14.06.2015<\/strong> &#8211; Feier im B\u00fcrgerhaus Dipperz<\/p>\n<p><a href=\"http:\/\/www.karneval-dipperz.de\/wp-content\/uploads\/2012\/10\/plakat-festwochenende-2015_1000x1000_400kb.jpg\"><img loading=\"lazy\" decoding=\"async\" class=\"aligncenter size-full wp-image-7236\" src=\"http:\/\/www.karneval-dipperz.de\/wp-content\/uploads\/2012\/10\/plakat-festwochenende-2015_1000x1000_400kb.jpg\" alt=\"Festwochenende 2015\" width=\"695\" height=\"1000\" srcset=\"http:\/\/www.karneval-dipperz.de\/wp-content\/uploads\/2012\/10\/plakat-festwochenende-2015_1000x1000_400kb.jpg 695w, http:\/\/www.karneval-dipperz.de\/wp-content\/uploads\/2012\/10\/plakat-festwochenende-2015_1000x1000_400kb-209x300.jpg 209w, http:\/\/www.karneval-dipperz.de\/wp-content\/uploads\/2012\/10\/plakat-festwochenende-2015_1000x1000_400kb-600x863.jpg 600w\" sizes=\"auto, (max-width: 695px) 100vw, 695px\" \/><\/a><\/p>\n","protected":false},"excerpt":{"rendered":"<p>Zum 50j\u00e4hrigen Jubil\u00e4um des KVD wurde im Juni gefeiert: 13.06.2015 &#8211; Sommerfest-Party mit der Band &#8222;Steinfeld&#8220; im B\u00fcrgerhaus Dipperz 14.06.2015 &#8211; Feier im B\u00fcrgerhaus Dipperz<\/p>\n","protected":false},"author":666667,"featured_media":0,"parent":0,"menu_order":0,"comment_status":"closed","ping_status":"closed","template":"","meta":{"ngg_post_thumbnail":0,"footnotes":""},"class_list":["post-7239","page","type-page","status-publish","hentry"],"_links":{"self":[{"href":"http:\/\/www.karneval-dipperz.de\/index.php\/wp-json\/wp\/v2\/pages\/7239","targetHints":{"allow":["GET"]}}],"collection":[{"href":"http:\/\/www.karneval-dipperz.de\/index.php\/wp-json\/wp\/v2\/pages"}],"about":[{"href":"http:\/\/www.karneval-dipperz.de\/index.php\/wp-json\/wp\/v2\/types\/page"}],"author":[{"embeddable":true,"href":"http:\/\/www.karneval-dipperz.de\/index.php\/wp-json\/wp\/v2\/users\/666667"}],"replies":[{"embeddable":true,"href":"http:\/\/www.karneval-dipperz.de\/index.php\/wp-json\/wp\/v2\/comments?post=7239"}],"version-history":[{"count":0,"href":"http:\/\/www.karneval-dipperz.de\/index.php\/wp-json\/wp\/v2\/pages\/7239\/revisions"}],"wp:attachment":[{"href":"http:\/\/www.karneval-dipperz.de\/index.php\/wp-json\/wp\/v2\/media?parent=7239"}],"curies":[{"name":"wp","href":"https:\/\/api.w.org\/{rel}","templated":true}]}}