{"id":8346,"date":"2015-11-24T13:43:18","date_gmt":"2015-11-24T13:43:18","guid":{"rendered":"http:\/\/www.karneval-dipperz.de\/?page_id=8346"},"modified":"2017-11-14T18:42:29","modified_gmt":"2017-11-14T18:42:29","slug":"11-11-2015","status":"publish","type":"page","link":"http:\/\/www.karneval-dipperz.de\/index.php\/11-11-2015\/","title":{"rendered":"11.11.2015"},"content":{"rendered":"<p style=\"text-align: center;\">P\u00fcnktlich um 11.11 Uhr begr\u00fc\u00dften die Mitglieder des Dipperzer Karnevalsvereins im 50-j\u00e4hrigen Vereinsjubil\u00e4um mit elf Bollersch\u00fcssen die neue Kampagne. Ohne Gegenwehr \u00fcbergab B\u00fcrgermeister Klaus Dieter Vogler den Rathausschl\u00fcssel in die H\u00e4nde der Karnevalisten und erinnerte an das erfolgreiche Jubil\u00e4umsjahr mit der verbundenen Silvesterparty und dem Sommerfest. KVD-Pr\u00e4sident Carsten Sch\u00fctz hob in seiner Ansprache die Herausforderungen der Gemeinde, wie die Modernisierung der Musikanlage im B\u00fcrgerhaus oder die Umgestaltung des Dorfmittelpunktes hervor. Mit einem kr\u00e4ftigen Dipperz Hoch zogen die Narren in die Pizza Bar Marsala, um die traditionelle Fu\u00dfwaschung der Elferrate vorzunehmen.<\/p>\n<p><a href=\"http:\/\/www.karneval-dipperz.de\/wp-content\/uploads\/2012\/10\/p1000650.jpg\"><img loading=\"lazy\" decoding=\"async\" class=\"aligncenter size-large wp-image-8331\" src=\"http:\/\/www.karneval-dipperz.de\/wp-content\/uploads\/2012\/10\/p1000650-1024x680.jpg\" alt=\"\" height=\"465\" width=\"700\" srcset=\"http:\/\/www.karneval-dipperz.de\/wp-content\/uploads\/2012\/10\/p1000650-1024x680.jpg 1024w, http:\/\/www.karneval-dipperz.de\/wp-content\/uploads\/2012\/10\/p1000650-300x199.jpg 300w, http:\/\/www.karneval-dipperz.de\/wp-content\/uploads\/2012\/10\/p1000650-600x398.jpg 600w, http:\/\/www.karneval-dipperz.de\/wp-content\/uploads\/2012\/10\/p1000650.jpg 2048w\" sizes=\"auto, (max-width: 700px) 100vw, 700px\" \/><\/a><\/p>\n<p style=\"text-align: center;\"><strong>Ohne Gegenwehr von B\u00fcrgermeister Klaus Dieter Vogler erhielten die Dipperzer Narren den Schl\u00fcssel zur Gemeinde.<\/strong><\/p>\n<p style=\"text-align: center;\"><a href=\"http:\/\/www.karneval-dipperz.de\/wp-content\/uploads\/2015\/11\/2015.jpg\"><img loading=\"lazy\" decoding=\"async\" class=\"aligncenter wp-image-9631 size-medium\" src=\"http:\/\/www.karneval-dipperz.de\/wp-content\/uploads\/2015\/11\/2015-300x200.jpg\" alt=\"2015\" height=\"200\" width=\"300\" srcset=\"http:\/\/www.karneval-dipperz.de\/wp-content\/uploads\/2015\/11\/2015-300x200.jpg 300w, http:\/\/www.karneval-dipperz.de\/wp-content\/uploads\/2015\/11\/2015-768x512.jpg 768w, http:\/\/www.karneval-dipperz.de\/wp-content\/uploads\/2015\/11\/2015-1024x683.jpg 1024w\" sizes=\"auto, (max-width: 300px) 100vw, 300px\" \/><\/a><\/p>\n","protected":false},"excerpt":{"rendered":"<p>P\u00fcnktlich um 11.11 Uhr begr\u00fc\u00dften die Mitglieder des Dipperzer Karnevalsvereins im 50-j\u00e4hrigen Vereinsjubil\u00e4um mit elf Bollersch\u00fcssen die neue Kampagne. Ohne Gegenwehr \u00fcbergab B\u00fcrgermeister Klaus Dieter Vogler den Rathausschl\u00fcssel in die H\u00e4nde der Karnevalisten und erinnerte an das erfolgreiche Jubil\u00e4umsjahr mit der verbundenen Silvesterparty und dem Sommerfest. KVD-Pr\u00e4sident Carsten Sch\u00fctz hob in seiner Ansprache die Herausforderungen [&hellip;]<\/p>\n","protected":false},"author":666667,"featured_media":0,"parent":0,"menu_order":0,"comment_status":"closed","ping_status":"closed","template":"","meta":{"ngg_post_thumbnail":0,"footnotes":""},"class_list":["post-8346","page","type-page","status-publish","hentry"],"_links":{"self":[{"href":"http:\/\/www.karneval-dipperz.de\/index.php\/wp-json\/wp\/v2\/pages\/8346","targetHints":{"allow":["GET"]}}],"collection":[{"href":"http:\/\/www.karneval-dipperz.de\/index.php\/wp-json\/wp\/v2\/pages"}],"about":[{"href":"http:\/\/www.karneval-dipperz.de\/index.php\/wp-json\/wp\/v2\/types\/page"}],"author":[{"embeddable":true,"href":"http:\/\/www.karneval-dipperz.de\/index.php\/wp-json\/wp\/v2\/users\/666667"}],"replies":[{"embeddable":true,"href":"http:\/\/www.karneval-dipperz.de\/index.php\/wp-json\/wp\/v2\/comments?post=8346"}],"version-history":[{"count":0,"href":"http:\/\/www.karneval-dipperz.de\/index.php\/wp-json\/wp\/v2\/pages\/8346\/revisions"}],"wp:attachment":[{"href":"http:\/\/www.karneval-dipperz.de\/index.php\/wp-json\/wp\/v2\/media?parent=8346"}],"curies":[{"name":"wp","href":"https:\/\/api.w.org\/{rel}","templated":true}]}}