{"id":9304,"date":"2016-02-18T08:37:10","date_gmt":"2016-02-18T08:37:10","guid":{"rendered":"http:\/\/www.karneval-dipperz.de\/?page_id=9304"},"modified":"2026-02-03T07:48:52","modified_gmt":"2026-02-03T07:48:52","slug":"doppel-d","status":"publish","type":"page","link":"http:\/\/www.karneval-dipperz.de\/index.php\/doppel-d\/","title":{"rendered":"Doppel-D"},"content":{"rendered":"<p style=\"text-align: center;\"><span style=\"color: #000000;\">\u201eDas letzte gro\u00dfe Ding vor dem Ring!\u201c<\/span><\/p>\n<p style=\"text-align: center;\"><span style=\"color: #000000;\">Ein Junggesellenabschied, ein verweigernder Casino-T\u00fcrsteher und pl\u00f6tzlich gl\u00e4nzen die Doppel-D-Jungs in funkelnden Jacketts \u2013 genug, um das Gl\u00fcck herauszufordern. Gl\u00fcck im Spiel, Geld f\u00fcr die Liebe \u2013 und doch beginnt der wahre Spa\u00df erst, als sie mit prall gef\u00fcllten (Geld)s\u00e4cken im Aufzug landen, der sie in Stockwerke f\u00fchrt, die niemand so geplant hat.<\/span><\/p>\n<p style=\"text-align: center;\"><span style=\"color: #000000;\">T\u00e4nzer in der Kampagne 2025\/2026:<\/span><\/p>\n<p style=\"text-align: center;\"><span style=\"color: #000000;\">Oliver Br\u00f6cker, Lou-Pascal Hau, Fabian Helfrich, Lukas Hohmann, Steffen Leibold, Janis Mans, Nico M\u00fcglich, Markus Schneider, Daniel Schober und Maximilian Weber.<\/span><\/p>\n<p style=\"text-align: center;\"><span style=\"color: #000000;\">Als Statisten: Julian Mans, Benny M\u00fcller, Tobias Schleicher, Simon Sch\u00fctz<\/span><\/p>\n<p style=\"text-align: center;\"><span style=\"color: #000000;\">Trainerinnen: Louisa Jahn, Simone Leibold und Claudia Wolter.<\/span><\/p>\n<p><a href=\"http:\/\/www.karneval-dipperz.de\/wp-content\/uploads\/2026\/02\/260201_0006_619-1-scaled.jpg\"><img loading=\"lazy\" decoding=\"async\" class=\"size-large wp-image-26677 aligncenter\" src=\"http:\/\/www.karneval-dipperz.de\/wp-content\/uploads\/2026\/02\/260201_0006_619-1-1024x683.jpg\" alt=\"\" width=\"700\" height=\"467\" srcset=\"http:\/\/www.karneval-dipperz.de\/wp-content\/uploads\/2026\/02\/260201_0006_619-1-1024x683.jpg 1024w, http:\/\/www.karneval-dipperz.de\/wp-content\/uploads\/2026\/02\/260201_0006_619-1-300x200.jpg 300w, http:\/\/www.karneval-dipperz.de\/wp-content\/uploads\/2026\/02\/260201_0006_619-1-768x512.jpg 768w, http:\/\/www.karneval-dipperz.de\/wp-content\/uploads\/2026\/02\/260201_0006_619-1-1536x1024.jpg 1536w, http:\/\/www.karneval-dipperz.de\/wp-content\/uploads\/2026\/02\/260201_0006_619-1-2048x1365.jpg 2048w\" sizes=\"auto, (max-width: 700px) 100vw, 700px\" \/><\/a><\/p>\n<p>&nbsp;<\/p>\n<p style=\"text-align: center;\"><a href=\"http:\/\/www.karneval-dipperz.de\/wp-content\/uploads\/2025\/01\/4069-scaled.jpg\"><img loading=\"lazy\" decoding=\"async\" class=\"alignnone size-large wp-image-25471\" src=\"http:\/\/www.karneval-dipperz.de\/wp-content\/uploads\/2025\/01\/4069-1024x706.jpg\" alt=\"\" width=\"700\" height=\"483\" srcset=\"http:\/\/www.karneval-dipperz.de\/wp-content\/uploads\/2025\/01\/4069-1024x706.jpg 1024w, http:\/\/www.karneval-dipperz.de\/wp-content\/uploads\/2025\/01\/4069-300x207.jpg 300w, http:\/\/www.karneval-dipperz.de\/wp-content\/uploads\/2025\/01\/4069-768x529.jpg 768w, http:\/\/www.karneval-dipperz.de\/wp-content\/uploads\/2025\/01\/4069-1536x1059.jpg 1536w, http:\/\/www.karneval-dipperz.de\/wp-content\/uploads\/2025\/01\/4069-2048x1412.jpg 2048w\" sizes=\"auto, (max-width: 700px) 100vw, 700px\" \/><\/a><\/p>\n<p style=\"text-align: center;\"><a href=\"http:\/\/www.karneval-dipperz.de\/wp-content\/uploads\/2025\/01\/4072-scaled.jpg\"><img loading=\"lazy\" decoding=\"async\" class=\"alignnone size-large wp-image-25472\" src=\"http:\/\/www.karneval-dipperz.de\/wp-content\/uploads\/2025\/01\/4072-1024x770.jpg\" alt=\"\" width=\"700\" height=\"526\" srcset=\"http:\/\/www.karneval-dipperz.de\/wp-content\/uploads\/2025\/01\/4072-1024x770.jpg 1024w, http:\/\/www.karneval-dipperz.de\/wp-content\/uploads\/2025\/01\/4072-300x226.jpg 300w, http:\/\/www.karneval-dipperz.de\/wp-content\/uploads\/2025\/01\/4072-768x577.jpg 768w, http:\/\/www.karneval-dipperz.de\/wp-content\/uploads\/2025\/01\/4072-1536x1155.jpg 1536w, http:\/\/www.karneval-dipperz.de\/wp-content\/uploads\/2025\/01\/4072-2048x1540.jpg 2048w\" sizes=\"auto, (max-width: 700px) 100vw, 700px\" \/><\/a><\/p>\n<p>&nbsp;<\/p>\n<p style=\"text-align: center;\"><a href=\"http:\/\/www.karneval-dipperz.de\/wp-content\/uploads\/2024\/03\/11756008-dsc-9201-1.jpg\"><img loading=\"lazy\" decoding=\"async\" class=\"size-large wp-image-24632 aligncenter\" src=\"http:\/\/www.karneval-dipperz.de\/wp-content\/uploads\/2024\/03\/11756008-dsc-9201-1-1024x684.jpg\" alt=\"\" width=\"700\" height=\"468\" srcset=\"http:\/\/www.karneval-dipperz.de\/wp-content\/uploads\/2024\/03\/11756008-dsc-9201-1-1024x684.jpg 1024w, http:\/\/www.karneval-dipperz.de\/wp-content\/uploads\/2024\/03\/11756008-dsc-9201-1-300x200.jpg 300w, http:\/\/www.karneval-dipperz.de\/wp-content\/uploads\/2024\/03\/11756008-dsc-9201-1-768x513.jpg 768w, http:\/\/www.karneval-dipperz.de\/wp-content\/uploads\/2024\/03\/11756008-dsc-9201-1.jpg 1279w\" sizes=\"auto, (max-width: 700px) 100vw, 700px\" \/><\/a><\/p>\n<p style=\"text-align: center;\"><a href=\"http:\/\/www.karneval-dipperz.de\/wp-content\/uploads\/2024\/03\/11756008-dsc-9223.jpg\"><img loading=\"lazy\" decoding=\"async\" class=\"size-large wp-image-24630 aligncenter\" src=\"http:\/\/www.karneval-dipperz.de\/wp-content\/uploads\/2024\/03\/11756008-dsc-9223-1024x684.jpg\" alt=\"\" width=\"700\" height=\"468\" srcset=\"http:\/\/www.karneval-dipperz.de\/wp-content\/uploads\/2024\/03\/11756008-dsc-9223-1024x684.jpg 1024w, http:\/\/www.karneval-dipperz.de\/wp-content\/uploads\/2024\/03\/11756008-dsc-9223-300x200.jpg 300w, http:\/\/www.karneval-dipperz.de\/wp-content\/uploads\/2024\/03\/11756008-dsc-9223-768x513.jpg 768w, http:\/\/www.karneval-dipperz.de\/wp-content\/uploads\/2024\/03\/11756008-dsc-9223.jpg 1279w\" sizes=\"auto, (max-width: 700px) 100vw, 700px\" \/><\/a><\/p>\n<p style=\"text-align: center;\">&nbsp;<\/p>\n<p style=\"text-align: center;\">&nbsp;<\/p>\n<p style=\"text-align: center;\"><a href=\"http:\/\/www.karneval-dipperz.de\/wp-content\/uploads\/2023\/02\/230128_2350_092-scaled.jpg\"><img loading=\"lazy\" decoding=\"async\" class=\"alignnone size-large wp-image-22682\" src=\"http:\/\/www.karneval-dipperz.de\/wp-content\/uploads\/2023\/02\/230128_2350_092-1024x576.jpg\" alt=\"\" width=\"700\" height=\"394\" srcset=\"http:\/\/www.karneval-dipperz.de\/wp-content\/uploads\/2023\/02\/230128_2350_092-1024x576.jpg 1024w, http:\/\/www.karneval-dipperz.de\/wp-content\/uploads\/2023\/02\/230128_2350_092-300x169.jpg 300w, http:\/\/www.karneval-dipperz.de\/wp-content\/uploads\/2023\/02\/230128_2350_092-768x432.jpg 768w, http:\/\/www.karneval-dipperz.de\/wp-content\/uploads\/2023\/02\/230128_2350_092-1536x864.jpg 1536w, http:\/\/www.karneval-dipperz.de\/wp-content\/uploads\/2023\/02\/230128_2350_092-2048x1152.jpg 2048w\" sizes=\"auto, (max-width: 700px) 100vw, 700px\" \/><\/a><\/p>\n<p style=\"text-align: center;\"><a href=\"http:\/\/www.karneval-dipperz.de\/wp-content\/uploads\/2023\/02\/230128_2351_094-scaled.jpg\"><img loading=\"lazy\" decoding=\"async\" class=\"alignnone size-large wp-image-22683\" src=\"http:\/\/www.karneval-dipperz.de\/wp-content\/uploads\/2023\/02\/230128_2351_094-1024x576.jpg\" alt=\"\" width=\"700\" height=\"394\" srcset=\"http:\/\/www.karneval-dipperz.de\/wp-content\/uploads\/2023\/02\/230128_2351_094-1024x576.jpg 1024w, http:\/\/www.karneval-dipperz.de\/wp-content\/uploads\/2023\/02\/230128_2351_094-300x169.jpg 300w, http:\/\/www.karneval-dipperz.de\/wp-content\/uploads\/2023\/02\/230128_2351_094-768x432.jpg 768w, http:\/\/www.karneval-dipperz.de\/wp-content\/uploads\/2023\/02\/230128_2351_094-1536x864.jpg 1536w, http:\/\/www.karneval-dipperz.de\/wp-content\/uploads\/2023\/02\/230128_2351_094-2048x1152.jpg 2048w\" sizes=\"auto, (max-width: 700px) 100vw, 700px\" \/><\/a><\/p>\n<p style=\"text-align: center;\">&nbsp; <a href=\"http:\/\/www.karneval-dipperz.de\/wp-content\/uploads\/2023\/02\/230128_2351_096-scaled.jpg\"><img loading=\"lazy\" decoding=\"async\" class=\"alignnone size-large wp-image-22685\" src=\"http:\/\/www.karneval-dipperz.de\/wp-content\/uploads\/2023\/02\/230128_2351_096-1024x576.jpg\" alt=\"\" width=\"700\" height=\"394\" srcset=\"http:\/\/www.karneval-dipperz.de\/wp-content\/uploads\/2023\/02\/230128_2351_096-1024x576.jpg 1024w, http:\/\/www.karneval-dipperz.de\/wp-content\/uploads\/2023\/02\/230128_2351_096-300x169.jpg 300w, http:\/\/www.karneval-dipperz.de\/wp-content\/uploads\/2023\/02\/230128_2351_096-768x432.jpg 768w, http:\/\/www.karneval-dipperz.de\/wp-content\/uploads\/2023\/02\/230128_2351_096-1536x864.jpg 1536w, http:\/\/www.karneval-dipperz.de\/wp-content\/uploads\/2023\/02\/230128_2351_096-2048x1152.jpg 2048w\" sizes=\"auto, (max-width: 700px) 100vw, 700px\" \/><\/a><\/p>\n<p style=\"text-align: center;\"><a href=\"http:\/\/www.karneval-dipperz.de\/wp-content\/uploads\/2023\/02\/230128_2352_099-scaled.jpg\"><img loading=\"lazy\" decoding=\"async\" class=\"alignnone size-large wp-image-22686\" src=\"http:\/\/www.karneval-dipperz.de\/wp-content\/uploads\/2023\/02\/230128_2352_099-1024x576.jpg\" alt=\"\" width=\"700\" height=\"394\" srcset=\"http:\/\/www.karneval-dipperz.de\/wp-content\/uploads\/2023\/02\/230128_2352_099-1024x576.jpg 1024w, http:\/\/www.karneval-dipperz.de\/wp-content\/uploads\/2023\/02\/230128_2352_099-300x169.jpg 300w, http:\/\/www.karneval-dipperz.de\/wp-content\/uploads\/2023\/02\/230128_2352_099-768x432.jpg 768w, http:\/\/www.karneval-dipperz.de\/wp-content\/uploads\/2023\/02\/230128_2352_099-1536x864.jpg 1536w, http:\/\/www.karneval-dipperz.de\/wp-content\/uploads\/2023\/02\/230128_2352_099-2048x1152.jpg 2048w\" sizes=\"auto, (max-width: 700px) 100vw, 700px\" \/><\/a><\/p>\n<p style=\"text-align: center;\"><a href=\"http:\/\/www.karneval-dipperz.de\/wp-content\/uploads\/2023\/02\/230128_2353_103-scaled.jpg\"><img loading=\"lazy\" decoding=\"async\" class=\"alignnone size-large wp-image-22689\" src=\"http:\/\/www.karneval-dipperz.de\/wp-content\/uploads\/2023\/02\/230128_2353_103-1024x576.jpg\" alt=\"\" width=\"700\" height=\"394\" srcset=\"http:\/\/www.karneval-dipperz.de\/wp-content\/uploads\/2023\/02\/230128_2353_103-1024x576.jpg 1024w, http:\/\/www.karneval-dipperz.de\/wp-content\/uploads\/2023\/02\/230128_2353_103-300x169.jpg 300w, http:\/\/www.karneval-dipperz.de\/wp-content\/uploads\/2023\/02\/230128_2353_103-768x432.jpg 768w, http:\/\/www.karneval-dipperz.de\/wp-content\/uploads\/2023\/02\/230128_2353_103-1536x864.jpg 1536w, http:\/\/www.karneval-dipperz.de\/wp-content\/uploads\/2023\/02\/230128_2353_103-2048x1152.jpg 2048w\" sizes=\"auto, (max-width: 700px) 100vw, 700px\" \/><\/a><\/p>\n<p style=\"text-align: center;\"><a href=\"http:\/\/www.karneval-dipperz.de\/wp-content\/uploads\/2023\/02\/230128_2354_106-scaled.jpg\"><img loading=\"lazy\" decoding=\"async\" class=\"alignnone size-large wp-image-22690\" src=\"http:\/\/www.karneval-dipperz.de\/wp-content\/uploads\/2023\/02\/230128_2354_106-1024x576.jpg\" alt=\"\" width=\"700\" height=\"394\" srcset=\"http:\/\/www.karneval-dipperz.de\/wp-content\/uploads\/2023\/02\/230128_2354_106-1024x576.jpg 1024w, http:\/\/www.karneval-dipperz.de\/wp-content\/uploads\/2023\/02\/230128_2354_106-300x169.jpg 300w, http:\/\/www.karneval-dipperz.de\/wp-content\/uploads\/2023\/02\/230128_2354_106-768x432.jpg 768w, http:\/\/www.karneval-dipperz.de\/wp-content\/uploads\/2023\/02\/230128_2354_106-1536x864.jpg 1536w, http:\/\/www.karneval-dipperz.de\/wp-content\/uploads\/2023\/02\/230128_2354_106-2048x1152.jpg 2048w\" sizes=\"auto, (max-width: 700px) 100vw, 700px\" \/><\/a><\/p>\n<p style=\"text-align: center;\"><a href=\"http:\/\/www.karneval-dipperz.de\/wp-content\/uploads\/2023\/02\/230128_2355_111-scaled.jpg\"><img loading=\"lazy\" decoding=\"async\" class=\"alignnone size-large wp-image-22694\" src=\"http:\/\/www.karneval-dipperz.de\/wp-content\/uploads\/2023\/02\/230128_2355_111-1024x576.jpg\" alt=\"\" width=\"700\" height=\"394\" srcset=\"http:\/\/www.karneval-dipperz.de\/wp-content\/uploads\/2023\/02\/230128_2355_111-1024x576.jpg 1024w, http:\/\/www.karneval-dipperz.de\/wp-content\/uploads\/2023\/02\/230128_2355_111-300x169.jpg 300w, http:\/\/www.karneval-dipperz.de\/wp-content\/uploads\/2023\/02\/230128_2355_111-768x432.jpg 768w, http:\/\/www.karneval-dipperz.de\/wp-content\/uploads\/2023\/02\/230128_2355_111-1536x864.jpg 1536w, http:\/\/www.karneval-dipperz.de\/wp-content\/uploads\/2023\/02\/230128_2355_111-2048x1152.jpg 2048w\" sizes=\"auto, (max-width: 700px) 100vw, 700px\" \/><\/a><\/p>\n<p style=\"text-align: center;\"><a href=\"http:\/\/www.karneval-dipperz.de\/wp-content\/uploads\/2023\/02\/230128_2358_123-1-scaled.jpg\"><img loading=\"lazy\" decoding=\"async\" class=\"alignnone size-large wp-image-22701\" src=\"http:\/\/www.karneval-dipperz.de\/wp-content\/uploads\/2023\/02\/230128_2358_123-1-1024x576.jpg\" alt=\"\" width=\"700\" height=\"394\" srcset=\"http:\/\/www.karneval-dipperz.de\/wp-content\/uploads\/2023\/02\/230128_2358_123-1-1024x576.jpg 1024w, http:\/\/www.karneval-dipperz.de\/wp-content\/uploads\/2023\/02\/230128_2358_123-1-300x169.jpg 300w, http:\/\/www.karneval-dipperz.de\/wp-content\/uploads\/2023\/02\/230128_2358_123-1-768x432.jpg 768w, http:\/\/www.karneval-dipperz.de\/wp-content\/uploads\/2023\/02\/230128_2358_123-1-1536x864.jpg 1536w, http:\/\/www.karneval-dipperz.de\/wp-content\/uploads\/2023\/02\/230128_2358_123-1-2048x1152.jpg 2048w\" sizes=\"auto, (max-width: 700px) 100vw, 700px\" \/><\/a><\/p>\n<p style=\"text-align: center;\"><a href=\"http:\/\/www.karneval-dipperz.de\/wp-content\/uploads\/2023\/02\/230129_0001_130-scaled.jpg\"><img loading=\"lazy\" decoding=\"async\" class=\"alignnone size-large wp-image-22707\" src=\"http:\/\/www.karneval-dipperz.de\/wp-content\/uploads\/2023\/02\/230129_0001_130-1024x576.jpg\" alt=\"\" width=\"700\" height=\"394\" srcset=\"http:\/\/www.karneval-dipperz.de\/wp-content\/uploads\/2023\/02\/230129_0001_130-1024x576.jpg 1024w, http:\/\/www.karneval-dipperz.de\/wp-content\/uploads\/2023\/02\/230129_0001_130-300x169.jpg 300w, http:\/\/www.karneval-dipperz.de\/wp-content\/uploads\/2023\/02\/230129_0001_130-768x432.jpg 768w, http:\/\/www.karneval-dipperz.de\/wp-content\/uploads\/2023\/02\/230129_0001_130-1536x864.jpg 1536w, http:\/\/www.karneval-dipperz.de\/wp-content\/uploads\/2023\/02\/230129_0001_130-2048x1152.jpg 2048w\" sizes=\"auto, (max-width: 700px) 100vw, 700px\" \/><\/a><\/p>\n<p style=\"text-align: center;\">&nbsp;<\/p>\n<p style=\"text-align: center;\"><a href=\"http:\/\/www.karneval-dipperz.de\/wp-content\/uploads\/2020\/01\/UM__7516-b-scaled.jpg\"><img loading=\"lazy\" decoding=\"async\" class=\"aligncenter size-large wp-image-19444\" src=\"http:\/\/www.karneval-dipperz.de\/wp-content\/uploads\/2020\/01\/UM__7516-b-1024x735.jpg\" alt=\"\" width=\"700\" height=\"502\" srcset=\"http:\/\/www.karneval-dipperz.de\/wp-content\/uploads\/2020\/01\/UM__7516-b-1024x735.jpg 1024w, http:\/\/www.karneval-dipperz.de\/wp-content\/uploads\/2020\/01\/UM__7516-b-300x215.jpg 300w, http:\/\/www.karneval-dipperz.de\/wp-content\/uploads\/2020\/01\/UM__7516-b-768x551.jpg 768w, http:\/\/www.karneval-dipperz.de\/wp-content\/uploads\/2020\/01\/UM__7516-b-1536x1103.jpg 1536w, http:\/\/www.karneval-dipperz.de\/wp-content\/uploads\/2020\/01\/UM__7516-b-2048x1470.jpg 2048w\" sizes=\"auto, (max-width: 700px) 100vw, 700px\" \/><\/a>&nbsp; <a href=\"http:\/\/www.karneval-dipperz.de\/wp-content\/uploads\/2020\/01\/UM__7520-scaled.jpg\"><img loading=\"lazy\" decoding=\"async\" class=\"aligncenter size-large wp-image-19446\" src=\"http:\/\/www.karneval-dipperz.de\/wp-content\/uploads\/2020\/01\/UM__7520-1024x739.jpg\" alt=\"\" width=\"700\" height=\"505\" srcset=\"http:\/\/www.karneval-dipperz.de\/wp-content\/uploads\/2020\/01\/UM__7520-1024x739.jpg 1024w, http:\/\/www.karneval-dipperz.de\/wp-content\/uploads\/2020\/01\/UM__7520-300x216.jpg 300w, http:\/\/www.karneval-dipperz.de\/wp-content\/uploads\/2020\/01\/UM__7520-768x554.jpg 768w, http:\/\/www.karneval-dipperz.de\/wp-content\/uploads\/2020\/01\/UM__7520-1536x1108.jpg 1536w, http:\/\/www.karneval-dipperz.de\/wp-content\/uploads\/2020\/01\/UM__7520-2048x1477.jpg 2048w\" sizes=\"auto, (max-width: 700px) 100vw, 700px\" \/><\/a><\/p>\n<p style=\"text-align: center;\"><a href=\"http:\/\/www.karneval-dipperz.de\/wp-content\/uploads\/2020\/01\/UM__7524-b-scaled.jpg\"><img loading=\"lazy\" decoding=\"async\" class=\"aligncenter size-large wp-image-19447\" src=\"http:\/\/www.karneval-dipperz.de\/wp-content\/uploads\/2020\/01\/UM__7524-b-1024x735.jpg\" alt=\"\" width=\"700\" height=\"502\" srcset=\"http:\/\/www.karneval-dipperz.de\/wp-content\/uploads\/2020\/01\/UM__7524-b-1024x735.jpg 1024w, http:\/\/www.karneval-dipperz.de\/wp-content\/uploads\/2020\/01\/UM__7524-b-300x215.jpg 300w, http:\/\/www.karneval-dipperz.de\/wp-content\/uploads\/2020\/01\/UM__7524-b-768x551.jpg 768w, http:\/\/www.karneval-dipperz.de\/wp-content\/uploads\/2020\/01\/UM__7524-b-1536x1102.jpg 1536w, http:\/\/www.karneval-dipperz.de\/wp-content\/uploads\/2020\/01\/UM__7524-b-2048x1470.jpg 2048w\" sizes=\"auto, (max-width: 700px) 100vw, 700px\" \/><\/a><\/p>\n<p style=\"text-align: center;\"><a href=\"http:\/\/www.karneval-dipperz.de\/wp-content\/uploads\/2020\/01\/Doppel-D-3929-scaled.jpg\"><img loading=\"lazy\" decoding=\"async\" class=\"aligncenter size-large wp-image-18936\" src=\"http:\/\/www.karneval-dipperz.de\/wp-content\/uploads\/2020\/01\/Doppel-D-3929-1024x693.jpg\" alt=\"\" width=\"700\" height=\"474\" srcset=\"http:\/\/www.karneval-dipperz.de\/wp-content\/uploads\/2020\/01\/Doppel-D-3929-1024x693.jpg 1024w, http:\/\/www.karneval-dipperz.de\/wp-content\/uploads\/2020\/01\/Doppel-D-3929-300x203.jpg 300w, http:\/\/www.karneval-dipperz.de\/wp-content\/uploads\/2020\/01\/Doppel-D-3929-768x520.jpg 768w, http:\/\/www.karneval-dipperz.de\/wp-content\/uploads\/2020\/01\/Doppel-D-3929-1536x1040.jpg 1536w, http:\/\/www.karneval-dipperz.de\/wp-content\/uploads\/2020\/01\/Doppel-D-3929-2048x1386.jpg 2048w\" sizes=\"auto, (max-width: 700px) 100vw, 700px\" \/><\/a><\/p>\n<p style=\"text-align: center;\"><a href=\"http:\/\/www.karneval-dipperz.de\/wp-content\/uploads\/2019\/03\/DSC_0404.jpg\"><img loading=\"lazy\" decoding=\"async\" class=\"aligncenter size-large wp-image-18043\" src=\"http:\/\/www.karneval-dipperz.de\/wp-content\/uploads\/2019\/03\/DSC_0404-1024x681.jpg\" alt=\"\" width=\"700\" height=\"466\" srcset=\"http:\/\/www.karneval-dipperz.de\/wp-content\/uploads\/2019\/03\/DSC_0404-1024x681.jpg 1024w, http:\/\/www.karneval-dipperz.de\/wp-content\/uploads\/2019\/03\/DSC_0404-300x199.jpg 300w, http:\/\/www.karneval-dipperz.de\/wp-content\/uploads\/2019\/03\/DSC_0404-768x511.jpg 768w\" sizes=\"auto, (max-width: 700px) 100vw, 700px\" \/><\/a><\/p>\n<p style=\"text-align: center;\"><a href=\"http:\/\/www.karneval-dipperz.de\/wp-content\/uploads\/2019\/03\/DSC_0408.jpg\"><img loading=\"lazy\" decoding=\"async\" class=\"aligncenter size-large wp-image-18044\" src=\"http:\/\/www.karneval-dipperz.de\/wp-content\/uploads\/2019\/03\/DSC_0408-1024x681.jpg\" alt=\"\" width=\"700\" height=\"466\" srcset=\"http:\/\/www.karneval-dipperz.de\/wp-content\/uploads\/2019\/03\/DSC_0408-1024x681.jpg 1024w, http:\/\/www.karneval-dipperz.de\/wp-content\/uploads\/2019\/03\/DSC_0408-300x199.jpg 300w, http:\/\/www.karneval-dipperz.de\/wp-content\/uploads\/2019\/03\/DSC_0408-768x511.jpg 768w\" sizes=\"auto, (max-width: 700px) 100vw, 700px\" \/><\/a><\/p>\n<p style=\"text-align: center;\"><a href=\"http:\/\/www.karneval-dipperz.de\/wp-content\/uploads\/2019\/03\/DSC_0411.jpg\"><img loading=\"lazy\" decoding=\"async\" class=\"aligncenter size-large wp-image-18045\" src=\"http:\/\/www.karneval-dipperz.de\/wp-content\/uploads\/2019\/03\/DSC_0411-1024x681.jpg\" alt=\"\" width=\"700\" height=\"466\" srcset=\"http:\/\/www.karneval-dipperz.de\/wp-content\/uploads\/2019\/03\/DSC_0411-1024x681.jpg 1024w, http:\/\/www.karneval-dipperz.de\/wp-content\/uploads\/2019\/03\/DSC_0411-300x199.jpg 300w, http:\/\/www.karneval-dipperz.de\/wp-content\/uploads\/2019\/03\/DSC_0411-768x511.jpg 768w\" sizes=\"auto, (max-width: 700px) 100vw, 700px\" \/><\/a><\/p>\n<p style=\"text-align: center;\"><a href=\"http:\/\/www.karneval-dipperz.de\/wp-content\/uploads\/2019\/03\/DSC_0415.jpg\"><img loading=\"lazy\" decoding=\"async\" class=\"aligncenter size-large wp-image-18046\" src=\"http:\/\/www.karneval-dipperz.de\/wp-content\/uploads\/2019\/03\/DSC_0415-1024x681.jpg\" alt=\"\" width=\"700\" height=\"466\" srcset=\"http:\/\/www.karneval-dipperz.de\/wp-content\/uploads\/2019\/03\/DSC_0415-1024x681.jpg 1024w, http:\/\/www.karneval-dipperz.de\/wp-content\/uploads\/2019\/03\/DSC_0415-300x199.jpg 300w, http:\/\/www.karneval-dipperz.de\/wp-content\/uploads\/2019\/03\/DSC_0415-768x511.jpg 768w\" sizes=\"auto, (max-width: 700px) 100vw, 700px\" \/><\/a><\/p>\n<p style=\"text-align: center;\"><a href=\"http:\/\/www.karneval-dipperz.de\/wp-content\/uploads\/2019\/03\/DSC_0417.jpg\"><img loading=\"lazy\" decoding=\"async\" class=\"aligncenter size-large wp-image-18048\" src=\"http:\/\/www.karneval-dipperz.de\/wp-content\/uploads\/2019\/03\/DSC_0417-1024x681.jpg\" alt=\"\" width=\"700\" height=\"466\" srcset=\"http:\/\/www.karneval-dipperz.de\/wp-content\/uploads\/2019\/03\/DSC_0417-1024x681.jpg 1024w, http:\/\/www.karneval-dipperz.de\/wp-content\/uploads\/2019\/03\/DSC_0417-300x199.jpg 300w, http:\/\/www.karneval-dipperz.de\/wp-content\/uploads\/2019\/03\/DSC_0417-768x511.jpg 768w\" sizes=\"auto, (max-width: 700px) 100vw, 700px\" \/><\/a><\/p>\n<p style=\"text-align: center;\"><a href=\"http:\/\/www.karneval-dipperz.de\/wp-content\/uploads\/2019\/03\/DSC_0419.jpg\"><img loading=\"lazy\" decoding=\"async\" class=\"aligncenter size-large wp-image-18049\" src=\"http:\/\/www.karneval-dipperz.de\/wp-content\/uploads\/2019\/03\/DSC_0419-1024x681.jpg\" alt=\"\" width=\"700\" height=\"466\" srcset=\"http:\/\/www.karneval-dipperz.de\/wp-content\/uploads\/2019\/03\/DSC_0419-1024x681.jpg 1024w, http:\/\/www.karneval-dipperz.de\/wp-content\/uploads\/2019\/03\/DSC_0419-300x199.jpg 300w, http:\/\/www.karneval-dipperz.de\/wp-content\/uploads\/2019\/03\/DSC_0419-768x511.jpg 768w\" sizes=\"auto, (max-width: 700px) 100vw, 700px\" \/><\/a><\/p>\n<p style=\"text-align: center;\"><a href=\"http:\/\/www.karneval-dipperz.de\/wp-content\/uploads\/2019\/03\/DSC_0428.jpg\"><img loading=\"lazy\" decoding=\"async\" class=\"aligncenter size-large wp-image-18050\" src=\"http:\/\/www.karneval-dipperz.de\/wp-content\/uploads\/2019\/03\/DSC_0428-1024x681.jpg\" alt=\"\" width=\"700\" height=\"466\" srcset=\"http:\/\/www.karneval-dipperz.de\/wp-content\/uploads\/2019\/03\/DSC_0428-1024x681.jpg 1024w, http:\/\/www.karneval-dipperz.de\/wp-content\/uploads\/2019\/03\/DSC_0428-300x199.jpg 300w, http:\/\/www.karneval-dipperz.de\/wp-content\/uploads\/2019\/03\/DSC_0428-768x511.jpg 768w\" sizes=\"auto, (max-width: 700px) 100vw, 700px\" \/><\/a><\/p>\n<p style=\"text-align: center;\"><a href=\"http:\/\/www.karneval-dipperz.de\/wp-content\/uploads\/2019\/03\/DSC_0432.jpg\"><img loading=\"lazy\" decoding=\"async\" class=\"aligncenter size-large wp-image-18052\" src=\"http:\/\/www.karneval-dipperz.de\/wp-content\/uploads\/2019\/03\/DSC_0432-1024x681.jpg\" alt=\"\" width=\"700\" height=\"466\" srcset=\"http:\/\/www.karneval-dipperz.de\/wp-content\/uploads\/2019\/03\/DSC_0432-1024x681.jpg 1024w, http:\/\/www.karneval-dipperz.de\/wp-content\/uploads\/2019\/03\/DSC_0432-300x199.jpg 300w, http:\/\/www.karneval-dipperz.de\/wp-content\/uploads\/2019\/03\/DSC_0432-768x511.jpg 768w\" sizes=\"auto, (max-width: 700px) 100vw, 700px\" \/><\/a><\/p>\n<p style=\"text-align: center;\">&nbsp;<\/p>\n<p style=\"text-align: center;\">&nbsp;<\/p>\n<p style=\"text-align: center;\">&nbsp;<\/p>\n<p style=\"text-align: center;\">&nbsp;<\/p>\n<p style=\"text-align: center;\">&nbsp;<\/p>\n<p style=\"text-align: center;\">&nbsp;<\/p>\n<p style=\"text-align: center;\">&nbsp;<\/p>\n<p style=\"text-align: center;\">&nbsp;<\/p>\n<p style=\"text-align: center;\">&nbsp;<\/p>\n<p style=\"text-align: center;\">&nbsp;<\/p>\n<p style=\"text-align: center;\">&nbsp;<\/p>\n<p style=\"text-align: center;\">&nbsp;<\/p>\n<p style=\"text-align: center;\">&nbsp;&nbsp;&nbsp;&nbsp;&nbsp;&nbsp;&nbsp;&nbsp;&nbsp;&nbsp;<\/p>\n<p style=\"text-align: center;\">&nbsp;&nbsp;&nbsp;&nbsp;&nbsp;&nbsp;&nbsp;&nbsp;&nbsp;&nbsp;<\/p>\n<p style=\"text-align: center;\">&nbsp;<\/p>\n","protected":false},"excerpt":{"rendered":"<p>\u201eDas letzte gro\u00dfe Ding vor dem Ring!\u201c Ein Junggesellenabschied, ein verweigernder Casino-T\u00fcrsteher und pl\u00f6tzlich gl\u00e4nzen die Doppel-D-Jungs in funkelnden Jacketts \u2013 genug, um das Gl\u00fcck herauszufordern. Gl\u00fcck im Spiel, Geld f\u00fcr die Liebe \u2013 und doch beginnt der wahre Spa\u00df erst, als sie mit prall gef\u00fcllten (Geld)s\u00e4cken im Aufzug landen, der sie in Stockwerke f\u00fchrt, [&hellip;]<\/p>\n","protected":false},"author":666667,"featured_media":0,"parent":0,"menu_order":0,"comment_status":"closed","ping_status":"closed","template":"","meta":{"ngg_post_thumbnail":0,"footnotes":""},"class_list":["post-9304","page","type-page","status-publish","hentry"],"_links":{"self":[{"href":"http:\/\/www.karneval-dipperz.de\/index.php\/wp-json\/wp\/v2\/pages\/9304","targetHints":{"allow":["GET"]}}],"collection":[{"href":"http:\/\/www.karneval-dipperz.de\/index.php\/wp-json\/wp\/v2\/pages"}],"about":[{"href":"http:\/\/www.karneval-dipperz.de\/index.php\/wp-json\/wp\/v2\/types\/page"}],"author":[{"embeddable":true,"href":"http:\/\/www.karneval-dipperz.de\/index.php\/wp-json\/wp\/v2\/users\/666667"}],"replies":[{"embeddable":true,"href":"http:\/\/www.karneval-dipperz.de\/index.php\/wp-json\/wp\/v2\/comments?post=9304"}],"version-history":[{"count":2,"href":"http:\/\/www.karneval-dipperz.de\/index.php\/wp-json\/wp\/v2\/pages\/9304\/revisions"}],"predecessor-version":[{"id":26982,"href":"http:\/\/www.karneval-dipperz.de\/index.php\/wp-json\/wp\/v2\/pages\/9304\/revisions\/26982"}],"wp:attachment":[{"href":"http:\/\/www.karneval-dipperz.de\/index.php\/wp-json\/wp\/v2\/media?parent=9304"}],"curies":[{"name":"wp","href":"https:\/\/api.w.org\/{rel}","templated":true}]}}