{"id":9661,"date":"2016-11-08T15:49:43","date_gmt":"2016-11-08T15:49:43","guid":{"rendered":"http:\/\/www.karneval-dipperz.de\/?page_id=9661"},"modified":"2025-11-13T11:18:28","modified_gmt":"2025-11-13T11:18:28","slug":"11-11-2016","status":"publish","type":"page","link":"http:\/\/www.karneval-dipperz.de\/index.php\/11-11-2016\/","title":{"rendered":"11.11.2016"},"content":{"rendered":"<p style=\"text-align: center;\"><span style=\"color: #000000;\">Der Karnevalverein Dipperz er\u00f6ffnete&nbsp;die n\u00e4rrische Zeit am 11.11.2016 um 11:11 Uhr&nbsp;dieses&nbsp;Jahr hinter dem B\u00fcrgerhaus&nbsp;mit elf B\u00f6llersch\u00fcssen und einem kr\u00e4ftigen \u201eDipperz Hoch!\u201c.<\/span><\/p>\n<p style=\"text-align: center;\"><span style=\"color: #000000;\"><a style=\"color: #000000;\" title=\"11.11.2014 \u2013 Bilder\" href=\"http:\/\/www.karneval-dipperz.de\/index.php\/11-11-2016-bilder\/\">Hier gibt es noch weitere Bilder<\/a> \u2013 allerdings passwortgesch\u00fctzt! Das Passwort kann beim Vorstand erfragt werden!<\/span><\/p>\n<p style=\"text-align: center;\"><span style=\"color: #000000;\"><a style=\"color: #000000;\" href=\"http:\/\/www.osthessen-fasching.de\/detailansicht\/news\/2016\/november\/dipperz-startet-mit-elf-boellerschuessen-in-naerrische-zeit.html\" target=\"_blank\" rel=\"noopener\">Artikel bei &#8222;Osthessen Fasching&#8220;<\/a><\/span><\/p>\n<p style=\"text-align: center;\"><span style=\"color: #000000;\"><a style=\"color: #000000;\" href=\"http:\/\/www.karneval-dipperz.de\/wp-content\/uploads\/2016\/11\/p1010056.jpg\"><img loading=\"lazy\" decoding=\"async\" class=\"aligncenter size-large wp-image-9846\" src=\"http:\/\/www.karneval-dipperz.de\/wp-content\/uploads\/2016\/11\/p1010056-1024x768.jpg\" alt=\"p1010056\" width=\"700\" height=\"525\" srcset=\"http:\/\/www.karneval-dipperz.de\/wp-content\/uploads\/2016\/11\/p1010056-1024x768.jpg 1024w, http:\/\/www.karneval-dipperz.de\/wp-content\/uploads\/2016\/11\/p1010056-300x225.jpg 300w, http:\/\/www.karneval-dipperz.de\/wp-content\/uploads\/2016\/11\/p1010056-768x576.jpg 768w, http:\/\/www.karneval-dipperz.de\/wp-content\/uploads\/2016\/11\/p1010056.jpg 2048w\" sizes=\"auto, (max-width: 700px) 100vw, 700px\" \/><\/a><\/span><\/p>\n<p><span style=\"color: #000000;\"><a style=\"color: #000000;\" href=\"http:\/\/www.karneval-dipperz.de\/wp-content\/uploads\/2016\/11\/dsc_0012.jpg\"><img loading=\"lazy\" decoding=\"async\" class=\"aligncenter wp-image-9870 size-medium\" src=\"http:\/\/www.karneval-dipperz.de\/wp-content\/uploads\/2016\/11\/dsc_0012-300x200.jpg\" alt=\"dsc_0012\" width=\"300\" height=\"200\" srcset=\"http:\/\/www.karneval-dipperz.de\/wp-content\/uploads\/2016\/11\/dsc_0012-300x200.jpg 300w, http:\/\/www.karneval-dipperz.de\/wp-content\/uploads\/2016\/11\/dsc_0012-768x512.jpg 768w, http:\/\/www.karneval-dipperz.de\/wp-content\/uploads\/2016\/11\/dsc_0012-1024x683.jpg 1024w\" sizes=\"auto, (max-width: 300px) 100vw, 300px\" \/><\/a><\/span><\/p>\n","protected":false},"excerpt":{"rendered":"<p>Der Karnevalverein Dipperz er\u00f6ffnete&nbsp;die n\u00e4rrische Zeit am 11.11.2016 um 11:11 Uhr&nbsp;dieses&nbsp;Jahr hinter dem B\u00fcrgerhaus&nbsp;mit elf B\u00f6llersch\u00fcssen und einem kr\u00e4ftigen \u201eDipperz Hoch!\u201c. Hier gibt es noch weitere Bilder \u2013 allerdings passwortgesch\u00fctzt! Das Passwort kann beim Vorstand erfragt werden! Artikel bei &#8222;Osthessen Fasching&#8220;<\/p>\n","protected":false},"author":666667,"featured_media":0,"parent":0,"menu_order":0,"comment_status":"closed","ping_status":"closed","template":"","meta":{"ngg_post_thumbnail":0,"footnotes":""},"class_list":["post-9661","page","type-page","status-publish","hentry"],"_links":{"self":[{"href":"http:\/\/www.karneval-dipperz.de\/index.php\/wp-json\/wp\/v2\/pages\/9661","targetHints":{"allow":["GET"]}}],"collection":[{"href":"http:\/\/www.karneval-dipperz.de\/index.php\/wp-json\/wp\/v2\/pages"}],"about":[{"href":"http:\/\/www.karneval-dipperz.de\/index.php\/wp-json\/wp\/v2\/types\/page"}],"author":[{"embeddable":true,"href":"http:\/\/www.karneval-dipperz.de\/index.php\/wp-json\/wp\/v2\/users\/666667"}],"replies":[{"embeddable":true,"href":"http:\/\/www.karneval-dipperz.de\/index.php\/wp-json\/wp\/v2\/comments?post=9661"}],"version-history":[{"count":0,"href":"http:\/\/www.karneval-dipperz.de\/index.php\/wp-json\/wp\/v2\/pages\/9661\/revisions"}],"wp:attachment":[{"href":"http:\/\/www.karneval-dipperz.de\/index.php\/wp-json\/wp\/v2\/media?parent=9661"}],"curies":[{"name":"wp","href":"https:\/\/api.w.org\/{rel}","templated":true}]}}